{"id":6817,"date":"2024-02-08T11:26:06","date_gmt":"2024-02-08T11:26:06","guid":{"rendered":"https:\/\/www.marbella.gr\/hotels\/marbella-nido\/experiences\/wellness-copy\/"},"modified":"2025-12-09T14:25:19","modified_gmt":"2025-12-09T12:25:19","slug":"a-warm-pet-friendly-welcome","status":"publish","type":"page","link":"https:\/\/www.marbella.gr\/de\/hotels\/marbella-nido\/a-warm-pet-friendly-welcome\/","title":{"rendered":"Ein herzliches Willkommen f\u00fcr Haustiere\u00a0"},"content":{"rendered":"<p style=\"text-align: left;\">Nido ist das perfekte Ziel f\u00fcr haustierfreundliche Aufenthalte in Korfu. Ihre vierbeinigen Freunde werden in den haustierfreundlichen Suiten des Nido auf Korfu herzlich willkommen gehei\u00dfen, mit Betten, N\u00e4pfen und sogar einem speziellen Men\u00fc (gegen Aufpreis).<\/p>\n<p style=\"text-align: left;\">Und da wir ein hundefreundliches Hotel sind, gibt es viele tolle Orte, die Sie gemeinsam erkunden k\u00f6nnen, von unserem Privatstrand und den G\u00e4rten bis hin zu Wanderwegen und Spazierg\u00e4ngen in der Altstadt von Korfu.<\/p>\n<p style=\"text-align: left;\" class=\"translation-block\">In unserem haustierfreundlichen Hotel in Korfu sind Hunde und Katzen willkommen, aber bitte pr\u00fcfen Sie unsere <strong><a href=\"https:\/\/www.marbella.gr\/de\/app\/uploads\/2024\/02\/Pet-policy-Nido-.pdf\/\" target=\"_blank\" rel=\"noopener\"> Haustierpolitik <\/a><\/strong> bevor Sie buchen.<\/p>\n<p style=\"text-align: left;\">","protected":false},"excerpt":{"rendered":"<p>Nido is the perfect destination for pet-friendly stays in Corfu. Your four-legged friends are warmly welcomed at Nido\u2019s Corfu designated pet-friendly suites, with beds, bowls, and even a special menu (at extra charge). Plus, being a dog-friendly hotel, you\u2019ll find all sorts of great places to explore together, from our private beach and gardens to [&#8230;]<\/p>\n<p><a class=\"btn btn-secondary understrap-read-more-link\" href=\"https:\/\/www.marbella.gr\/de\/hotels\/marbella-nido\/a-warm-pet-friendly-welcome\/\">Read More&#8230;<span class=\"screen-reader-text\"> from A warm pet-friendly welcome\u00a0<\/span><\/a><\/p>\n","protected":false},"author":11,"featured_media":0,"parent":795,"menu_order":0,"comment_status":"closed","ping_status":"closed","template":"","meta":{"_acf_changed":false,"footnotes":""},"class_list":["post-6817","page","type-page","status-publish","hentry"],"acf":[],"yoast_head":"<!-- This site is optimized with the Yoast SEO plugin v27.4 - https:\/\/yoast.com\/product\/yoast-seo-wordpress\/ -->\n<title>Pet-friendly hotel in Corfu | Nido, Mar-Bella Collection<\/title>\n<meta name=\"description\" content=\"Travelling with pets? Your four-legged companions are more than welcome at Nido, an adults-only, luxury, pet-friendly hotel in Corfu.\" \/>\n<meta name=\"robots\" content=\"index, follow, max-snippet:-1, max-image-preview:large, max-video-preview:-1\" \/>\n<link rel=\"canonical\" href=\"https:\/\/www.marbella.gr\/de\/hotels\/marbella-nido\/a-warm-pet-friendly-welcome\/\" \/>\n<meta property=\"og:locale\" content=\"de_DE\" \/>\n<meta property=\"og:type\" content=\"article\" \/>\n<meta property=\"og:title\" content=\"Pet-friendly hotel in Corfu | Nido, Mar-Bella Collection\" \/>\n<meta property=\"og:description\" content=\"Travelling with pets? Your four-legged companions are more than welcome at Nido, an adults-only, luxury, pet-friendly hotel in Corfu.\" \/>\n<meta property=\"og:url\" content=\"https:\/\/www.marbella.gr\/de\/hotels\/marbella-nido\/a-warm-pet-friendly-welcome\/\" \/>\n<meta property=\"og:site_name\" content=\"Mar-Bella Collection\" \/>\n<meta property=\"article:modified_time\" content=\"2025-12-09T12:25:19+00:00\" \/>\n<meta property=\"og:image\" content=\"https:\/\/www.marbella.gr\/app\/uploads\/2024\/05\/Elix_Water-Sports-2-scaled.jpg\" \/>\n\t<meta property=\"og:image:width\" content=\"2560\" \/>\n\t<meta property=\"og:image:height\" content=\"1705\" \/>\n\t<meta property=\"og:image:type\" content=\"image\/jpeg\" \/>\n<meta name=\"twitter:card\" content=\"summary_large_image\" \/>\n<meta name=\"twitter:label1\" content=\"Gesch\u00e4tzte Lesezeit\" \/>\n\t<meta name=\"twitter:data1\" content=\"1\u00a0Minute\" \/>\n<!-- \/ Yoast SEO plugin. -->","yoast_head_json":{"title":"Haustierfreundliches Hotel in Korfu | Nido, Mar-Bella Collection","description":"Reisen Sie mit Haustieren? Ihre vierbeinigen Begleiter sind im Nido, einem haustierfreundlichen Luxushotel auf Korfu, das nur f\u00fcr Erwachsene zug\u00e4nglich ist, herzlich willkommen.","robots":{"index":"index","follow":"follow","max-snippet":"max-snippet:-1","max-image-preview":"max-image-preview:large","max-video-preview":"max-video-preview:-1"},"canonical":"https:\/\/www.marbella.gr\/de\/hotels\/marbella-nido\/a-warm-pet-friendly-welcome\/","og_locale":"de_DE","og_type":"article","og_title":"Pet-friendly hotel in Corfu | Nido, Mar-Bella Collection","og_description":"Travelling with pets? Your four-legged companions are more than welcome at Nido, an adults-only, luxury, pet-friendly hotel in Corfu.","og_url":"https:\/\/www.marbella.gr\/de\/hotels\/marbella-nido\/a-warm-pet-friendly-welcome\/","og_site_name":"Mar-Bella Collection","article_modified_time":"2025-12-09T12:25:19+00:00","og_image":[{"width":2560,"height":1705,"url":"https:\/\/www.marbella.gr\/app\/uploads\/2024\/05\/Elix_Water-Sports-2-scaled.jpg","type":"image\/jpeg"}],"twitter_card":"summary_large_image","twitter_misc":{"Gesch\u00e4tzte Lesezeit":"1\u00a0Minute"},"schema":{"@context":"https:\/\/schema.org","@graph":[{"@type":"WebPage","@id":"https:\/\/www.marbella.gr\/hotels\/marbella-nido\/a-warm-pet-friendly-welcome\/","url":"https:\/\/www.marbella.gr\/hotels\/marbella-nido\/a-warm-pet-friendly-welcome\/","name":"Haustierfreundliches Hotel in Korfu | Nido, Mar-Bella Collection","isPartOf":{"@id":"https:\/\/www.marbella.gr\/#website"},"datePublished":"2024-02-08T11:26:06+00:00","dateModified":"2025-12-09T12:25:19+00:00","description":"Reisen Sie mit Haustieren? Ihre vierbeinigen Begleiter sind im Nido, einem haustierfreundlichen Luxushotel auf Korfu, das nur f\u00fcr Erwachsene zug\u00e4nglich ist, herzlich willkommen.","breadcrumb":{"@id":"https:\/\/www.marbella.gr\/hotels\/marbella-nido\/a-warm-pet-friendly-welcome\/#breadcrumb"},"inLanguage":"de","potentialAction":[{"@type":"ReadAction","target":["https:\/\/www.marbella.gr\/hotels\/marbella-nido\/a-warm-pet-friendly-welcome\/"]}]},{"@type":"BreadcrumbList","@id":"https:\/\/www.marbella.gr\/hotels\/marbella-nido\/a-warm-pet-friendly-welcome\/#breadcrumb","itemListElement":[{"@type":"ListItem","position":1,"name":"Home","item":"https:\/\/www.marbella.gr\/"},{"@type":"ListItem","position":2,"name":"Hotels","item":"https:\/\/www.marbella.gr\/hotels\/"},{"@type":"ListItem","position":3,"name":"Nido","item":"https:\/\/www.marbella.gr\/hotels\/marbella-nido\/"},{"@type":"ListItem","position":4,"name":"A warm pet-friendly welcome\u00a0"}]},{"@type":"WebSite","@id":"https:\/\/www.marbella.gr\/#website","url":"https:\/\/www.marbella.gr\/","name":"MarBella","description":"Eine Familie von Hotels, die Sie mit dem wundersch\u00f6nen Ionischen Meer verbindet","publisher":{"@id":"https:\/\/www.marbella.gr\/#organization"},"alternateName":"MarBella","potentialAction":[{"@type":"SearchAction","target":{"@type":"EntryPoint","urlTemplate":"https:\/\/www.marbella.gr\/?s={search_term_string}"},"query-input":{"@type":"PropertyValueSpecification","valueRequired":true,"valueName":"search_term_string"}}],"inLanguage":"de"},{"@type":"Organization","@id":"https:\/\/www.marbella.gr\/#organization","name":"MarBella","url":"https:\/\/www.marbella.gr\/","logo":{"@type":"ImageObject","inLanguage":"de","@id":"https:\/\/www.marbella.gr\/#\/schema\/logo\/image\/","url":"https:\/\/www.marbella.gr\/app\/uploads\/2023\/06\/Marbella-collection.png","contentUrl":"https:\/\/www.marbella.gr\/app\/uploads\/2023\/06\/Marbella-collection.png","width":230,"height":75,"caption":"MarBella"},"image":{"@id":"https:\/\/www.marbella.gr\/#\/schema\/logo\/image\/"}}]}},"_links":{"self":[{"href":"https:\/\/www.marbella.gr\/de\/wp-json\/wp\/v2\/pages\/6817","targetHints":{"allow":["GET"]}}],"collection":[{"href":"https:\/\/www.marbella.gr\/de\/wp-json\/wp\/v2\/pages"}],"about":[{"href":"https:\/\/www.marbella.gr\/de\/wp-json\/wp\/v2\/types\/page"}],"author":[{"embeddable":true,"href":"https:\/\/www.marbella.gr\/de\/wp-json\/wp\/v2\/users\/11"}],"replies":[{"embeddable":true,"href":"https:\/\/www.marbella.gr\/de\/wp-json\/wp\/v2\/comments?post=6817"}],"version-history":[{"count":23,"href":"https:\/\/www.marbella.gr\/de\/wp-json\/wp\/v2\/pages\/6817\/revisions"}],"predecessor-version":[{"id":11683,"href":"https:\/\/www.marbella.gr\/de\/wp-json\/wp\/v2\/pages\/6817\/revisions\/11683"}],"up":[{"embeddable":true,"href":"https:\/\/www.marbella.gr\/de\/wp-json\/wp\/v2\/pages\/795"}],"wp:attachment":[{"href":"https:\/\/www.marbella.gr\/de\/wp-json\/wp\/v2\/media?parent=6817"}],"curies":[{"name":"wp","href":"https:\/\/api.w.org\/{rel}","templated":true}]}}