{"id":6889,"date":"2024-02-28T15:18:22","date_gmt":"2024-02-28T15:18:22","guid":{"rendered":"https:\/\/www.marbella.gr\/tube-copy\/"},"modified":"2025-04-14T07:32:12","modified_gmt":"2025-04-14T07:32:12","slug":"easter-in-corfu","status":"publish","type":"page","link":"https:\/\/www.marbella.gr\/de\/easter-in-corfu\/","title":{"rendered":"Entdecken Sie die faszinierenden Ostertraditionen von Korfu"},"content":{"rendered":"<p>Tauchen Sie ein in die zauberhafte Welt der orthodoxen Ostertraditionen von Korfu! Die Prozessionen beginnen mit der historischen Litanei des heiligen Spyridon am Palmsonntag, begleitet von der melodischen Symphonie von 15 philharmonischen Orchestern. Diese Litanei geht auf das Jahr 1630 zur\u00fcck und erinnert an die Befreiung Korfus von der Pest im Jahr 1629.<\/p>\n<p>Am fr\u00fchen Nachmittag des Karfreitags finden dann bis 21.30 Uhr Epitaph-Prozessionen mit Musikkapellen und Ch\u00f6ren statt. Um 22.00 Uhr am Abend ist das letzte Epitaph der Di\u00f6zese majest\u00e4tisch, mit Trauermusik und lokalen Beh\u00f6rden.<\/p>\n<p>Um 11 Uhr am Karsamstagmorgen ist es Zeit f\u00fcr die \"erste\" Auferstehung! Am Ende des Gottesdienstes in der Di\u00f6zese l\u00e4uten die Kirchenglocken und Tausende von Tont\u00f6pfen \"Botides\" werden zur Feier des Tages aus den Fenstern der korfiotischen H\u00e4user mit einem lauten Knall auf die Stra\u00dfen geworfen.<\/p>","protected":false},"excerpt":{"rendered":"<p>Step into the enchanting world of Corfu&#8217;s Orthodox Easter traditions! Processions begin with the historic Litany of St. Spyridon on Palm Sunday, accompanied by the melodic symphony of 15 Philharmonic Orchestras. This litany dates back to 1630, commemorating Corfu&#8217;s liberation from a plague in 1629. Then, join us Good Friday\u2019 s early afternoon until 9.30pm, [&#8230;]<\/p>\n<p><a class=\"btn btn-secondary understrap-read-more-link\" href=\"https:\/\/www.marbella.gr\/de\/easter-in-corfu\/\">Read More&#8230;<span class=\"screen-reader-text\"> from Explore Corfu&#8217;s captivating Easter traditions<\/span><\/a><\/p>\n","protected":false},"author":16,"featured_media":0,"parent":0,"menu_order":0,"comment_status":"closed","ping_status":"closed","template":"","meta":{"_acf_changed":false,"footnotes":""},"class_list":["post-6889","page","type-page","status-publish","hentry"],"acf":[],"yoast_head":"<!-- This site is optimized with the Yoast SEO plugin v27.5 - https:\/\/yoast.com\/product\/yoast-seo-wordpress\/ -->\n<title>Explore Corfu&#039;s captivating Easter traditions - Mar-Bella Collection<\/title>\n<meta name=\"robots\" content=\"index, follow, max-snippet:-1, max-image-preview:large, max-video-preview:-1\" \/>\n<link rel=\"canonical\" href=\"https:\/\/www.marbella.gr\/de\/easter-in-corfu\/\" \/>\n<meta property=\"og:locale\" content=\"de_DE\" \/>\n<meta property=\"og:type\" content=\"article\" \/>\n<meta property=\"og:title\" content=\"Explore Corfu&#039;s captivating Easter traditions - Mar-Bella Collection\" \/>\n<meta property=\"og:description\" content=\"Step into the enchanting world of Corfu&#8217;s Orthodox Easter traditions! Processions begin with the historic Litany of St. Spyridon on Palm Sunday, accompanied by the melodic symphony of 15 Philharmonic Orchestras. This litany dates back to 1630, commemorating Corfu&#8217;s liberation from a plague in 1629. Then, join us Good Friday\u2019 s early afternoon until 9.30pm, [...]Read More... from Explore Corfu&#8217;s captivating Easter traditions\" \/>\n<meta property=\"og:url\" content=\"https:\/\/www.marbella.gr\/de\/easter-in-corfu\/\" \/>\n<meta property=\"og:site_name\" content=\"Mar-Bella Collection\" \/>\n<meta property=\"article:modified_time\" content=\"2025-04-14T07:32:12+00:00\" \/>\n<meta property=\"og:image\" content=\"https:\/\/www.marbella.gr\/app\/uploads\/2024\/05\/Elix_Water-Sports-2-scaled.jpg\" \/>\n\t<meta property=\"og:image:width\" content=\"2560\" \/>\n\t<meta property=\"og:image:height\" content=\"1705\" \/>\n\t<meta property=\"og:image:type\" content=\"image\/jpeg\" \/>\n<meta name=\"twitter:card\" content=\"summary_large_image\" \/>\n<meta name=\"twitter:label1\" content=\"Gesch\u00e4tzte Lesezeit\" \/>\n\t<meta name=\"twitter:data1\" content=\"1\u00a0Minute\" \/>\n<!-- \/ Yoast SEO plugin. -->","yoast_head_json":{"title":"Entdecken Sie die bezaubernden Ostertraditionen von Korfu - Mar-Bella Collection","robots":{"index":"index","follow":"follow","max-snippet":"max-snippet:-1","max-image-preview":"max-image-preview:large","max-video-preview":"max-video-preview:-1"},"canonical":"https:\/\/www.marbella.gr\/de\/easter-in-corfu\/","og_locale":"de_DE","og_type":"article","og_title":"Explore Corfu's captivating Easter traditions - Mar-Bella Collection","og_description":"Step into the enchanting world of Corfu&#8217;s Orthodox Easter traditions! Processions begin with the historic Litany of St. Spyridon on Palm Sunday, accompanied by the melodic symphony of 15 Philharmonic Orchestras. This litany dates back to 1630, commemorating Corfu&#8217;s liberation from a plague in 1629. Then, join us Good Friday\u2019 s early afternoon until 9.30pm, [...]Read More... from Explore Corfu&#8217;s captivating Easter traditions","og_url":"https:\/\/www.marbella.gr\/de\/easter-in-corfu\/","og_site_name":"Mar-Bella Collection","article_modified_time":"2025-04-14T07:32:12+00:00","og_image":[{"width":2560,"height":1705,"url":"https:\/\/www.marbella.gr\/app\/uploads\/2024\/05\/Elix_Water-Sports-2-scaled.jpg","type":"image\/jpeg"}],"twitter_card":"summary_large_image","twitter_misc":{"Gesch\u00e4tzte Lesezeit":"1\u00a0Minute"},"schema":{"@context":"https:\/\/schema.org","@graph":[{"@type":"WebPage","@id":"https:\/\/www.marbella.gr\/easter-in-corfu\/","url":"https:\/\/www.marbella.gr\/easter-in-corfu\/","name":"Entdecken Sie die bezaubernden Ostertraditionen von Korfu - Mar-Bella Collection","isPartOf":{"@id":"https:\/\/www.marbella.gr\/#website"},"datePublished":"2024-02-28T15:18:22+00:00","dateModified":"2025-04-14T07:32:12+00:00","breadcrumb":{"@id":"https:\/\/www.marbella.gr\/easter-in-corfu\/#breadcrumb"},"inLanguage":"de","potentialAction":[{"@type":"ReadAction","target":["https:\/\/www.marbella.gr\/easter-in-corfu\/"]}]},{"@type":"BreadcrumbList","@id":"https:\/\/www.marbella.gr\/easter-in-corfu\/#breadcrumb","itemListElement":[{"@type":"ListItem","position":1,"name":"Home","item":"https:\/\/www.marbella.gr\/"},{"@type":"ListItem","position":2,"name":"Explore Corfu&#8217;s captivating Easter traditions"}]},{"@type":"WebSite","@id":"https:\/\/www.marbella.gr\/#website","url":"https:\/\/www.marbella.gr\/","name":"MarBella","description":"Eine Familie von Hotels, die Sie mit dem wundersch\u00f6nen Ionischen Meer verbindet","publisher":{"@id":"https:\/\/www.marbella.gr\/#organization"},"alternateName":"MarBella","potentialAction":[{"@type":"SearchAction","target":{"@type":"EntryPoint","urlTemplate":"https:\/\/www.marbella.gr\/?s={search_term_string}"},"query-input":{"@type":"PropertyValueSpecification","valueRequired":true,"valueName":"search_term_string"}}],"inLanguage":"de"},{"@type":"Organization","@id":"https:\/\/www.marbella.gr\/#organization","name":"MarBella","url":"https:\/\/www.marbella.gr\/","logo":{"@type":"ImageObject","inLanguage":"de","@id":"https:\/\/www.marbella.gr\/#\/schema\/logo\/image\/","url":"https:\/\/www.marbella.gr\/app\/uploads\/2023\/06\/Marbella-collection.png","contentUrl":"https:\/\/www.marbella.gr\/app\/uploads\/2023\/06\/Marbella-collection.png","width":230,"height":75,"caption":"MarBella"},"image":{"@id":"https:\/\/www.marbella.gr\/#\/schema\/logo\/image\/"}}]}},"_links":{"self":[{"href":"https:\/\/www.marbella.gr\/de\/wp-json\/wp\/v2\/pages\/6889","targetHints":{"allow":["GET"]}}],"collection":[{"href":"https:\/\/www.marbella.gr\/de\/wp-json\/wp\/v2\/pages"}],"about":[{"href":"https:\/\/www.marbella.gr\/de\/wp-json\/wp\/v2\/types\/page"}],"author":[{"embeddable":true,"href":"https:\/\/www.marbella.gr\/de\/wp-json\/wp\/v2\/users\/16"}],"replies":[{"embeddable":true,"href":"https:\/\/www.marbella.gr\/de\/wp-json\/wp\/v2\/comments?post=6889"}],"version-history":[{"count":41,"href":"https:\/\/www.marbella.gr\/de\/wp-json\/wp\/v2\/pages\/6889\/revisions"}],"predecessor-version":[{"id":10026,"href":"https:\/\/www.marbella.gr\/de\/wp-json\/wp\/v2\/pages\/6889\/revisions\/10026"}],"wp:attachment":[{"href":"https:\/\/www.marbella.gr\/de\/wp-json\/wp\/v2\/media?parent=6889"}],"curies":[{"name":"wp","href":"https:\/\/api.w.org\/{rel}","templated":true}]}}