{"id":7091,"date":"2024-04-08T09:46:30","date_gmt":"2024-04-08T09:46:30","guid":{"rendered":"https:\/\/www.marbella.gr\/hotels\/marbella-nido\/experiences\/pool-beach-copy\/"},"modified":"2025-03-31T11:41:34","modified_gmt":"2025-03-31T11:41:34","slug":"entertainment","status":"publish","type":"page","link":"https:\/\/www.marbella.gr\/de\/hotels\/marbella-nido\/experiences\/entertainment\/","title":{"rendered":"Unterhaltung"},"content":{"rendered":"<p><span class=\"ui-provider a b c d e f g h i j k l m n o p q r s t u v w x y z ab ac ae af ag ah ai aj ak\" dir=\"ltr\">Erleben Sie w\u00e4hrend Ihres Aufenthalts eine F\u00fclle von Aktivit\u00e4ten, von lebhaften Sonntags-Fr\u00fchst\u00fccksbuffets mit Live-Musik bis zu griechischen N\u00e4chten im Kafeneio Greek Coffee Corner. Genie\u00dfen Sie kostenlose Live-Musikabende und Outdoor-Abenteuer. Entspannen Sie sich bei Yoga-Sitzungen, Fitness-Pop-up-Events und vielem mehr.<\/span><\/p>","protected":false},"excerpt":{"rendered":"<p>Experience a wealth of activities during your stay, from lively Sunday Breakfast Buffets with live music to Greek Nights at Kafeneio Greek Coffee Corner. Enjoy complimentary live music nights, and outdoor adventures. Relax with yoga sessions and fitness pop-up events and much more. [&#8230;]<\/p>\n<p><a class=\"btn btn-secondary understrap-read-more-link\" href=\"https:\/\/www.marbella.gr\/de\/hotels\/marbella-nido\/experiences\/entertainment\/\">Read More&#8230;<span class=\"screen-reader-text\"> from Entertainment<\/span><\/a><\/p>\n","protected":false},"author":16,"featured_media":8541,"parent":2119,"menu_order":0,"comment_status":"closed","ping_status":"closed","template":"","meta":{"_acf_changed":false,"footnotes":""},"class_list":["post-7091","page","type-page","status-publish","has-post-thumbnail","hentry"],"acf":[],"yoast_head":"<!-- This site is optimized with the Yoast SEO plugin v27.4 - https:\/\/yoast.com\/product\/yoast-seo-wordpress\/ -->\n<title>Entertainment | Nido, Mar-Bella Collection<\/title>\n<meta name=\"description\" content=\"Discover diverse activities at Nido in Corfu, including Sunday Breakfast Buffets with live music and Greek Nights at Kafeneio Greek Coffee Corner. Enjoy live music, outdoor adventures, yoga sessions, and fitness events during your stay\" \/>\n<meta name=\"robots\" content=\"index, follow, max-snippet:-1, max-image-preview:large, max-video-preview:-1\" \/>\n<link rel=\"canonical\" href=\"https:\/\/www.marbella.gr\/de\/hotels\/marbella-nido\/experiences\/entertainment\/\" \/>\n<meta property=\"og:locale\" content=\"de_DE\" \/>\n<meta property=\"og:type\" content=\"article\" \/>\n<meta property=\"og:title\" content=\"Entertainment | Nido, Mar-Bella Collection\" \/>\n<meta property=\"og:description\" content=\"Discover diverse activities at Nido in Corfu, including Sunday Breakfast Buffets with live music and Greek Nights at Kafeneio Greek Coffee Corner. Enjoy live music, outdoor adventures, yoga sessions, and fitness events during your stay\" \/>\n<meta property=\"og:url\" content=\"https:\/\/www.marbella.gr\/de\/hotels\/marbella-nido\/experiences\/entertainment\/\" \/>\n<meta property=\"og:site_name\" content=\"Mar-Bella Collection\" \/>\n<meta property=\"article:modified_time\" content=\"2025-03-31T11:41:34+00:00\" \/>\n<meta property=\"og:image\" content=\"https:\/\/www.marbella.gr\/app\/uploads\/2024\/11\/Nido_Panigiri_Greek_Night-36-scaled.jpg\" \/>\n\t<meta property=\"og:image:width\" content=\"2560\" \/>\n\t<meta property=\"og:image:height\" content=\"1920\" \/>\n\t<meta property=\"og:image:type\" content=\"image\/jpeg\" \/>\n<meta name=\"twitter:card\" content=\"summary_large_image\" \/>\n<meta name=\"twitter:label1\" content=\"Gesch\u00e4tzte Lesezeit\" \/>\n\t<meta name=\"twitter:data1\" content=\"1\u00a0Minute\" \/>\n<!-- \/ Yoast SEO plugin. -->","yoast_head_json":{"title":"Unterhaltung | Nido, Mar-Bella Kollektion","description":"Entdecken Sie die vielf\u00e4ltigen Aktivit\u00e4ten im Nido auf Korfu, darunter die sonnt\u00e4glichen Fr\u00fchst\u00fccksbuffets mit Live-Musik und die griechischen N\u00e4chte im Kafeneio Greek Coffee Corner. Genie\u00dfen Sie w\u00e4hrend Ihres Aufenthalts Live-Musik, Outdoor-Abenteuer, Yoga-Sessions und Fitness-Events","robots":{"index":"index","follow":"follow","max-snippet":"max-snippet:-1","max-image-preview":"max-image-preview:large","max-video-preview":"max-video-preview:-1"},"canonical":"https:\/\/www.marbella.gr\/de\/hotels\/marbella-nido\/experiences\/entertainment\/","og_locale":"de_DE","og_type":"article","og_title":"Entertainment | Nido, Mar-Bella Collection","og_description":"Discover diverse activities at Nido in Corfu, including Sunday Breakfast Buffets with live music and Greek Nights at Kafeneio Greek Coffee Corner. Enjoy live music, outdoor adventures, yoga sessions, and fitness events during your stay","og_url":"https:\/\/www.marbella.gr\/de\/hotels\/marbella-nido\/experiences\/entertainment\/","og_site_name":"Mar-Bella Collection","article_modified_time":"2025-03-31T11:41:34+00:00","og_image":[{"width":2560,"height":1920,"url":"https:\/\/www.marbella.gr\/app\/uploads\/2024\/11\/Nido_Panigiri_Greek_Night-36-scaled.jpg","type":"image\/jpeg"}],"twitter_card":"summary_large_image","twitter_misc":{"Gesch\u00e4tzte Lesezeit":"1\u00a0Minute"},"schema":{"@context":"https:\/\/schema.org","@graph":[{"@type":"WebPage","@id":"https:\/\/www.marbella.gr\/hotels\/marbella-nido\/experiences\/entertainment\/","url":"https:\/\/www.marbella.gr\/hotels\/marbella-nido\/experiences\/entertainment\/","name":"Unterhaltung | Nido, Mar-Bella Kollektion","isPartOf":{"@id":"https:\/\/www.marbella.gr\/#website"},"primaryImageOfPage":{"@id":"https:\/\/www.marbella.gr\/hotels\/marbella-nido\/experiences\/entertainment\/#primaryimage"},"image":{"@id":"https:\/\/www.marbella.gr\/hotels\/marbella-nido\/experiences\/entertainment\/#primaryimage"},"thumbnailUrl":"https:\/\/www.marbella.gr\/app\/uploads\/2024\/11\/Nido_Panigiri_Greek_Night-36-scaled.jpg","datePublished":"2024-04-08T09:46:30+00:00","dateModified":"2025-03-31T11:41:34+00:00","description":"Entdecken Sie die vielf\u00e4ltigen Aktivit\u00e4ten im Nido auf Korfu, darunter die sonnt\u00e4glichen Fr\u00fchst\u00fccksbuffets mit Live-Musik und die griechischen N\u00e4chte im Kafeneio Greek Coffee Corner. Genie\u00dfen Sie w\u00e4hrend Ihres Aufenthalts Live-Musik, Outdoor-Abenteuer, Yoga-Sessions und Fitness-Events","breadcrumb":{"@id":"https:\/\/www.marbella.gr\/hotels\/marbella-nido\/experiences\/entertainment\/#breadcrumb"},"inLanguage":"de","potentialAction":[{"@type":"ReadAction","target":["https:\/\/www.marbella.gr\/hotels\/marbella-nido\/experiences\/entertainment\/"]}]},{"@type":"ImageObject","inLanguage":"de","@id":"https:\/\/www.marbella.gr\/hotels\/marbella-nido\/experiences\/entertainment\/#primaryimage","url":"https:\/\/www.marbella.gr\/app\/uploads\/2024\/11\/Nido_Panigiri_Greek_Night-36-scaled.jpg","contentUrl":"https:\/\/www.marbella.gr\/app\/uploads\/2024\/11\/Nido_Panigiri_Greek_Night-36-scaled.jpg","width":2560,"height":1920,"caption":"Discover Mar-Bella Collection - 5 star hotels in Corfu, Parga Greece"},{"@type":"BreadcrumbList","@id":"https:\/\/www.marbella.gr\/hotels\/marbella-nido\/experiences\/entertainment\/#breadcrumb","itemListElement":[{"@type":"ListItem","position":1,"name":"Home","item":"https:\/\/www.marbella.gr\/"},{"@type":"ListItem","position":2,"name":"Hotels","item":"https:\/\/www.marbella.gr\/hotels\/"},{"@type":"ListItem","position":3,"name":"Nido","item":"https:\/\/www.marbella.gr\/hotels\/marbella-nido\/"},{"@type":"ListItem","position":4,"name":"Experiences","item":"https:\/\/www.marbella.gr\/hotels\/marbella-nido\/experiences\/"},{"@type":"ListItem","position":5,"name":"Entertainment"}]},{"@type":"WebSite","@id":"https:\/\/www.marbella.gr\/#website","url":"https:\/\/www.marbella.gr\/","name":"MarBella","description":"Eine Familie von Hotels, die Sie mit dem wundersch\u00f6nen Ionischen Meer verbindet","publisher":{"@id":"https:\/\/www.marbella.gr\/#organization"},"alternateName":"MarBella","potentialAction":[{"@type":"SearchAction","target":{"@type":"EntryPoint","urlTemplate":"https:\/\/www.marbella.gr\/?s={search_term_string}"},"query-input":{"@type":"PropertyValueSpecification","valueRequired":true,"valueName":"search_term_string"}}],"inLanguage":"de"},{"@type":"Organization","@id":"https:\/\/www.marbella.gr\/#organization","name":"MarBella","url":"https:\/\/www.marbella.gr\/","logo":{"@type":"ImageObject","inLanguage":"de","@id":"https:\/\/www.marbella.gr\/#\/schema\/logo\/image\/","url":"https:\/\/www.marbella.gr\/app\/uploads\/2023\/06\/Marbella-collection.png","contentUrl":"https:\/\/www.marbella.gr\/app\/uploads\/2023\/06\/Marbella-collection.png","width":230,"height":75,"caption":"MarBella"},"image":{"@id":"https:\/\/www.marbella.gr\/#\/schema\/logo\/image\/"}}]}},"_links":{"self":[{"href":"https:\/\/www.marbella.gr\/de\/wp-json\/wp\/v2\/pages\/7091","targetHints":{"allow":["GET"]}}],"collection":[{"href":"https:\/\/www.marbella.gr\/de\/wp-json\/wp\/v2\/pages"}],"about":[{"href":"https:\/\/www.marbella.gr\/de\/wp-json\/wp\/v2\/types\/page"}],"author":[{"embeddable":true,"href":"https:\/\/www.marbella.gr\/de\/wp-json\/wp\/v2\/users\/16"}],"replies":[{"embeddable":true,"href":"https:\/\/www.marbella.gr\/de\/wp-json\/wp\/v2\/comments?post=7091"}],"version-history":[{"count":16,"href":"https:\/\/www.marbella.gr\/de\/wp-json\/wp\/v2\/pages\/7091\/revisions"}],"predecessor-version":[{"id":9958,"href":"https:\/\/www.marbella.gr\/de\/wp-json\/wp\/v2\/pages\/7091\/revisions\/9958"}],"up":[{"embeddable":true,"href":"https:\/\/www.marbella.gr\/de\/wp-json\/wp\/v2\/pages\/2119"}],"wp:featuredmedia":[{"embeddable":true,"href":"https:\/\/www.marbella.gr\/de\/wp-json\/wp\/v2\/media\/8541"}],"wp:attachment":[{"href":"https:\/\/www.marbella.gr\/de\/wp-json\/wp\/v2\/media?parent=7091"}],"curies":[{"name":"wp","href":"https:\/\/api.w.org\/{rel}","templated":true}]}}