{"id":7152,"date":"2024-04-11T12:24:19","date_gmt":"2024-04-11T12:24:19","guid":{"rendered":"https:\/\/www.marbella.gr\/partnerships\/refresh-your-body-and-mind-copy\/"},"modified":"2026-04-17T10:18:51","modified_gmt":"2026-04-17T07:18:51","slug":"refresh-your-body-and-mind-by-oyogo","status":"publish","type":"page","link":"https:\/\/www.marbella.gr\/de\/partnerships\/refresh-your-body-and-mind-by-oyogo\/","title":{"rendered":"Erfrischen Sie Ihren K\u00f6rper und Geist"},"content":{"rendered":"","protected":false},"excerpt":{"rendered":"<p> [&#8230;]<\/p>\n<p><a class=\"btn btn-secondary understrap-read-more-link\" href=\"https:\/\/www.marbella.gr\/de\/partnerships\/refresh-your-body-and-mind-by-oyogo\/\">Read More&#8230;<span class=\"screen-reader-text\"> from Refresh your body and mind<\/span><\/a><\/p>\n","protected":false},"author":27,"featured_media":7162,"parent":1034,"menu_order":0,"comment_status":"closed","ping_status":"closed","template":"","meta":{"_acf_changed":false,"footnotes":""},"class_list":["post-7152","page","type-page","status-publish","has-post-thumbnail","hentry"],"acf":[],"yoast_head":"<!-- This site is optimized with the Yoast SEO plugin v27.4 - https:\/\/yoast.com\/product\/yoast-seo-wordpress\/ -->\n<title>Fitness Weeks - Partnerships | Mar-Bella Collection<\/title>\n<meta name=\"description\" content=\"Partnerships at Mar-Bella Collection include internationally acclaimed fitness instructor courses to refresh both body and mind.\" \/>\n<meta name=\"robots\" content=\"index, follow, max-snippet:-1, max-image-preview:large, max-video-preview:-1\" \/>\n<link rel=\"canonical\" href=\"https:\/\/www.marbella.gr\/de\/partnerships\/refresh-your-body-and-mind-by-oyogo\/\" \/>\n<meta property=\"og:locale\" content=\"de_DE\" \/>\n<meta property=\"og:type\" content=\"article\" \/>\n<meta property=\"og:title\" content=\"Fitness Weeks - Partnerships | Mar-Bella Collection\" \/>\n<meta property=\"og:description\" content=\"Partnerships at Mar-Bella Collection include internationally acclaimed fitness instructor courses to refresh both body and mind.\" \/>\n<meta property=\"og:url\" content=\"https:\/\/www.marbella.gr\/de\/partnerships\/refresh-your-body-and-mind-by-oyogo\/\" \/>\n<meta property=\"og:site_name\" content=\"Mar-Bella Collection\" \/>\n<meta property=\"article:modified_time\" content=\"2026-04-17T07:18:51+00:00\" \/>\n<meta property=\"og:image\" content=\"https:\/\/www.marbella.gr\/app\/uploads\/2024\/04\/IMG_5684.jpg\" \/>\n\t<meta property=\"og:image:width\" content=\"1920\" \/>\n\t<meta property=\"og:image:height\" content=\"1080\" \/>\n\t<meta property=\"og:image:type\" content=\"image\/jpeg\" \/>\n<meta name=\"twitter:card\" content=\"summary_large_image\" \/>\n<meta name=\"twitter:label1\" content=\"Gesch\u00e4tzte Lesezeit\" \/>\n\t<meta name=\"twitter:data1\" content=\"1\u00a0Minute\" \/>\n<!-- \/ Yoast SEO plugin. -->","yoast_head_json":{"title":"Fitness-Wochen - Partnerschaften | Mar-Bella Collection","description":"Zu den Partnerschaften der Mar-Bella Collection geh\u00f6ren auch international anerkannte Kurse f\u00fcr Fitnesstrainer, die K\u00f6rper und Geist erfrischen.","robots":{"index":"index","follow":"follow","max-snippet":"max-snippet:-1","max-image-preview":"max-image-preview:large","max-video-preview":"max-video-preview:-1"},"canonical":"https:\/\/www.marbella.gr\/de\/partnerships\/refresh-your-body-and-mind-by-oyogo\/","og_locale":"de_DE","og_type":"article","og_title":"Fitness Weeks - Partnerships | Mar-Bella Collection","og_description":"Partnerships at Mar-Bella Collection include internationally acclaimed fitness instructor courses to refresh both body and mind.","og_url":"https:\/\/www.marbella.gr\/de\/partnerships\/refresh-your-body-and-mind-by-oyogo\/","og_site_name":"Mar-Bella Collection","article_modified_time":"2026-04-17T07:18:51+00:00","og_image":[{"width":1920,"height":1080,"url":"https:\/\/www.marbella.gr\/app\/uploads\/2024\/04\/IMG_5684.jpg","type":"image\/jpeg"}],"twitter_card":"summary_large_image","twitter_misc":{"Gesch\u00e4tzte Lesezeit":"1\u00a0Minute"},"schema":{"@context":"https:\/\/schema.org","@graph":[{"@type":"WebPage","@id":"https:\/\/www.marbella.gr\/partnerships\/refresh-your-body-and-mind-by-oyogo\/","url":"https:\/\/www.marbella.gr\/partnerships\/refresh-your-body-and-mind-by-oyogo\/","name":"Fitness-Wochen - Partnerschaften | Mar-Bella Collection","isPartOf":{"@id":"https:\/\/www.marbella.gr\/#website"},"primaryImageOfPage":{"@id":"https:\/\/www.marbella.gr\/partnerships\/refresh-your-body-and-mind-by-oyogo\/#primaryimage"},"image":{"@id":"https:\/\/www.marbella.gr\/partnerships\/refresh-your-body-and-mind-by-oyogo\/#primaryimage"},"thumbnailUrl":"https:\/\/www.marbella.gr\/app\/uploads\/2024\/04\/IMG_5684.jpg","datePublished":"2024-04-11T12:24:19+00:00","dateModified":"2026-04-17T07:18:51+00:00","description":"Zu den Partnerschaften der Mar-Bella Collection geh\u00f6ren auch international anerkannte Kurse f\u00fcr Fitnesstrainer, die K\u00f6rper und Geist erfrischen.","breadcrumb":{"@id":"https:\/\/www.marbella.gr\/partnerships\/refresh-your-body-and-mind-by-oyogo\/#breadcrumb"},"inLanguage":"de","potentialAction":[{"@type":"ReadAction","target":["https:\/\/www.marbella.gr\/partnerships\/refresh-your-body-and-mind-by-oyogo\/"]}]},{"@type":"ImageObject","inLanguage":"de","@id":"https:\/\/www.marbella.gr\/partnerships\/refresh-your-body-and-mind-by-oyogo\/#primaryimage","url":"https:\/\/www.marbella.gr\/app\/uploads\/2024\/04\/IMG_5684.jpg","contentUrl":"https:\/\/www.marbella.gr\/app\/uploads\/2024\/04\/IMG_5684.jpg","width":1920,"height":1080,"caption":"Discover Mar-Bella Collection - 5 star hotels in Corfu, Parga Greece"},{"@type":"BreadcrumbList","@id":"https:\/\/www.marbella.gr\/partnerships\/refresh-your-body-and-mind-by-oyogo\/#breadcrumb","itemListElement":[{"@type":"ListItem","position":1,"name":"Home","item":"https:\/\/www.marbella.gr\/"},{"@type":"ListItem","position":2,"name":"Partnerships","item":"https:\/\/www.marbella.gr\/partnerships\/"},{"@type":"ListItem","position":3,"name":"Refresh your body and mind"}]},{"@type":"WebSite","@id":"https:\/\/www.marbella.gr\/#website","url":"https:\/\/www.marbella.gr\/","name":"MarBella","description":"Eine Familie von Hotels, die Sie mit dem wundersch\u00f6nen Ionischen Meer verbindet","publisher":{"@id":"https:\/\/www.marbella.gr\/#organization"},"alternateName":"MarBella","potentialAction":[{"@type":"SearchAction","target":{"@type":"EntryPoint","urlTemplate":"https:\/\/www.marbella.gr\/?s={search_term_string}"},"query-input":{"@type":"PropertyValueSpecification","valueRequired":true,"valueName":"search_term_string"}}],"inLanguage":"de"},{"@type":"Organization","@id":"https:\/\/www.marbella.gr\/#organization","name":"MarBella","url":"https:\/\/www.marbella.gr\/","logo":{"@type":"ImageObject","inLanguage":"de","@id":"https:\/\/www.marbella.gr\/#\/schema\/logo\/image\/","url":"https:\/\/www.marbella.gr\/app\/uploads\/2023\/06\/Marbella-collection.png","contentUrl":"https:\/\/www.marbella.gr\/app\/uploads\/2023\/06\/Marbella-collection.png","width":230,"height":75,"caption":"MarBella"},"image":{"@id":"https:\/\/www.marbella.gr\/#\/schema\/logo\/image\/"}}]}},"_links":{"self":[{"href":"https:\/\/www.marbella.gr\/de\/wp-json\/wp\/v2\/pages\/7152","targetHints":{"allow":["GET"]}}],"collection":[{"href":"https:\/\/www.marbella.gr\/de\/wp-json\/wp\/v2\/pages"}],"about":[{"href":"https:\/\/www.marbella.gr\/de\/wp-json\/wp\/v2\/types\/page"}],"author":[{"embeddable":true,"href":"https:\/\/www.marbella.gr\/de\/wp-json\/wp\/v2\/users\/27"}],"replies":[{"embeddable":true,"href":"https:\/\/www.marbella.gr\/de\/wp-json\/wp\/v2\/comments?post=7152"}],"version-history":[{"count":16,"href":"https:\/\/www.marbella.gr\/de\/wp-json\/wp\/v2\/pages\/7152\/revisions"}],"predecessor-version":[{"id":13468,"href":"https:\/\/www.marbella.gr\/de\/wp-json\/wp\/v2\/pages\/7152\/revisions\/13468"}],"up":[{"embeddable":true,"href":"https:\/\/www.marbella.gr\/de\/wp-json\/wp\/v2\/pages\/1034"}],"wp:featuredmedia":[{"embeddable":true,"href":"https:\/\/www.marbella.gr\/de\/wp-json\/wp\/v2\/media\/7162"}],"wp:attachment":[{"href":"https:\/\/www.marbella.gr\/de\/wp-json\/wp\/v2\/media?parent=7152"}],"curies":[{"name":"wp","href":"https:\/\/api.w.org\/{rel}","templated":true}]}}