{"id":7169,"date":"2024-04-11T13:53:00","date_gmt":"2024-04-11T13:53:00","guid":{"rendered":"https:\/\/www.marbella.gr\/whats-on\/a-taste-of-five-continents-copy\/"},"modified":"2025-08-13T13:54:09","modified_gmt":"2025-08-13T13:54:09","slug":"the-culture-of-sharing","status":"publish","type":"page","link":"https:\/\/www.marbella.gr\/de\/greek-chefs-abroad\/the-culture-of-sharing\/","title":{"rendered":"Die Kultur des Teilens"},"content":{"rendered":"<p>Unsere unverzichtbare Reihe \"Griechische K\u00f6che im Ausland\" kehrt mit einer aufregenden neuen Serie f\u00fcr 2024 zur\u00fcck, die das Wesen der griechischen Gastfreundschaft feiert: die Kultur des Teilens. In Griechenland genie\u00dft man Mahlzeiten am besten im Kreise von Freunden und Familie, und das diesj\u00e4hrige Thema feiert die griechische Kultur, kulinarische Innovation und Kreativit\u00e4t. Den ganzen Sommer \u00fcber werden preisgekr\u00f6nte K\u00f6che aus drei Kontinenten im Elix und im Nido ihre kulinarische Magie entfalten und jede der Veranstaltungen mit einer Reihe von Gerichten zum Teilen beginnen. Machen Sie sich bereit f\u00fcr eine \u00dcberladung der Sinne, wenn sie Men\u00fcs pr\u00e4sentieren, die voller Einfl\u00fcsse, Aromen und Flair aus Griechenland und ihrer Wahlheimat sind. Auch in diesem Jahr arbeiten sie eng mit den besten griechischen Weing\u00fctern f\u00fcr die Weinkombinationen und mit unseren eigenen talentierten Kochteams zusammen, um Ihnen einen Sommer voller gastronomischer \u00dcberraschungen zu bieten.<\/p>\n<p>Sehen Sie die H\u00f6hepunkte von Griechische K\u00f6che im Ausland IV<strong> <a href=\"https:\/\/www.youtube.com\/watch?v=LsQ6bfXRxtw&amp;t=1s\" target=\"_blank\" rel=\"noopener\">hier.<\/a><\/strong><\/p>","protected":false},"excerpt":{"rendered":"<p>Our unmissable Greek Chefs Abroad Series returns with an exciting new series for 2024, celebrating the essence of Greek hospitality: the culture of sharing. In Greece meals are best enjoyed among friends and family and this year\u2019s theme celebrates Greek culture, culinary innovation and creativity. Throughout the summer award-winning chefs from three continents will bring [&#8230;]<\/p>\n<p><a class=\"btn btn-secondary understrap-read-more-link\" href=\"https:\/\/www.marbella.gr\/de\/greek-chefs-abroad\/the-culture-of-sharing\/\">Read More&#8230;<span class=\"screen-reader-text\"> from The culture of sharing<\/span><\/a><\/p>\n","protected":false},"author":27,"featured_media":7176,"parent":2281,"menu_order":0,"comment_status":"closed","ping_status":"closed","template":"","meta":{"_acf_changed":false,"footnotes":""},"class_list":["post-7169","page","type-page","status-publish","has-post-thumbnail","hentry"],"acf":[],"yoast_head":"<!-- This site is optimized with the Yoast SEO plugin v27.4 - https:\/\/yoast.com\/product\/yoast-seo-wordpress\/ -->\n<title>The culture of sharing Greek Chefs Abroad IV | Mar-Bella Collection<\/title>\n<meta name=\"description\" content=\"Mar-Bella Collection celebrates talent and hosts gastronomy events that feature Greek chefs who have made it abroad.\" \/>\n<meta name=\"robots\" content=\"index, follow, max-snippet:-1, max-image-preview:large, max-video-preview:-1\" \/>\n<link rel=\"canonical\" href=\"https:\/\/www.marbella.gr\/de\/greek-chefs-abroad\/the-culture-of-sharing\/\" \/>\n<meta property=\"og:locale\" content=\"de_DE\" \/>\n<meta property=\"og:type\" content=\"article\" \/>\n<meta property=\"og:title\" content=\"The culture of sharing Greek Chefs Abroad IV | Mar-Bella Collection\" \/>\n<meta property=\"og:description\" content=\"Mar-Bella Collection celebrates talent and hosts gastronomy events that feature Greek chefs who have made it abroad.\" \/>\n<meta property=\"og:url\" content=\"https:\/\/www.marbella.gr\/de\/greek-chefs-abroad\/the-culture-of-sharing\/\" \/>\n<meta property=\"og:site_name\" content=\"Mar-Bella Collection\" \/>\n<meta property=\"article:modified_time\" content=\"2025-08-13T13:54:09+00:00\" \/>\n<meta property=\"og:image\" content=\"https:\/\/www.marbella.gr\/app\/uploads\/2024\/04\/DSC07680-1-300x200-1.jpg\" \/>\n\t<meta property=\"og:image:width\" content=\"300\" \/>\n\t<meta property=\"og:image:height\" content=\"200\" \/>\n\t<meta property=\"og:image:type\" content=\"image\/jpeg\" \/>\n<meta name=\"twitter:card\" content=\"summary_large_image\" \/>\n<meta name=\"twitter:label1\" content=\"Gesch\u00e4tzte Lesezeit\" \/>\n\t<meta name=\"twitter:data1\" content=\"1\u00a0Minute\" \/>\n<!-- \/ Yoast SEO plugin. -->","yoast_head_json":{"title":"Die Kultur des Teilens Griechische K\u00f6che im Ausland IV | Mar-Bella Collection","description":"Mar-Bella Collection feiert Talente und veranstaltet gastronomische Veranstaltungen mit griechischen K\u00f6chen, die es im Ausland geschafft haben.","robots":{"index":"index","follow":"follow","max-snippet":"max-snippet:-1","max-image-preview":"max-image-preview:large","max-video-preview":"max-video-preview:-1"},"canonical":"https:\/\/www.marbella.gr\/de\/greek-chefs-abroad\/the-culture-of-sharing\/","og_locale":"de_DE","og_type":"article","og_title":"The culture of sharing Greek Chefs Abroad IV | Mar-Bella Collection","og_description":"Mar-Bella Collection celebrates talent and hosts gastronomy events that feature Greek chefs who have made it abroad.","og_url":"https:\/\/www.marbella.gr\/de\/greek-chefs-abroad\/the-culture-of-sharing\/","og_site_name":"Mar-Bella Collection","article_modified_time":"2025-08-13T13:54:09+00:00","og_image":[{"width":300,"height":200,"url":"https:\/\/www.marbella.gr\/app\/uploads\/2024\/04\/DSC07680-1-300x200-1.jpg","type":"image\/jpeg"}],"twitter_card":"summary_large_image","twitter_misc":{"Gesch\u00e4tzte Lesezeit":"1\u00a0Minute"},"schema":{"@context":"https:\/\/schema.org","@graph":[{"@type":"WebPage","@id":"https:\/\/www.marbella.gr\/greek-chefs-abroad\/the-culture-of-sharing\/","url":"https:\/\/www.marbella.gr\/greek-chefs-abroad\/the-culture-of-sharing\/","name":"Die Kultur des Teilens Griechische K\u00f6che im Ausland IV | Mar-Bella Collection","isPartOf":{"@id":"https:\/\/www.marbella.gr\/#website"},"primaryImageOfPage":{"@id":"https:\/\/www.marbella.gr\/greek-chefs-abroad\/the-culture-of-sharing\/#primaryimage"},"image":{"@id":"https:\/\/www.marbella.gr\/greek-chefs-abroad\/the-culture-of-sharing\/#primaryimage"},"thumbnailUrl":"https:\/\/www.marbella.gr\/app\/uploads\/2024\/04\/DSC07680-1-300x200-1.jpg","datePublished":"2024-04-11T13:53:00+00:00","dateModified":"2025-08-13T13:54:09+00:00","description":"Mar-Bella Collection feiert Talente und veranstaltet gastronomische Veranstaltungen mit griechischen K\u00f6chen, die es im Ausland geschafft haben.","breadcrumb":{"@id":"https:\/\/www.marbella.gr\/greek-chefs-abroad\/the-culture-of-sharing\/#breadcrumb"},"inLanguage":"de","potentialAction":[{"@type":"ReadAction","target":["https:\/\/www.marbella.gr\/greek-chefs-abroad\/the-culture-of-sharing\/"]}]},{"@type":"ImageObject","inLanguage":"de","@id":"https:\/\/www.marbella.gr\/greek-chefs-abroad\/the-culture-of-sharing\/#primaryimage","url":"https:\/\/www.marbella.gr\/app\/uploads\/2024\/04\/DSC07680-1-300x200-1.jpg","contentUrl":"https:\/\/www.marbella.gr\/app\/uploads\/2024\/04\/DSC07680-1-300x200-1.jpg","width":300,"height":200,"caption":"Discover Mar-Bella Collection - 5 star hotels in Corfu, Parga Greece"},{"@type":"BreadcrumbList","@id":"https:\/\/www.marbella.gr\/greek-chefs-abroad\/the-culture-of-sharing\/#breadcrumb","itemListElement":[{"@type":"ListItem","position":1,"name":"Home","item":"https:\/\/www.marbella.gr\/"},{"@type":"ListItem","position":2,"name":"Greek Chefs Abroad","item":"https:\/\/www.marbella.gr\/greek-chefs-abroad\/"},{"@type":"ListItem","position":3,"name":"The culture of sharing"}]},{"@type":"WebSite","@id":"https:\/\/www.marbella.gr\/#website","url":"https:\/\/www.marbella.gr\/","name":"MarBella","description":"Eine Familie von Hotels, die Sie mit dem wundersch\u00f6nen Ionischen Meer verbindet","publisher":{"@id":"https:\/\/www.marbella.gr\/#organization"},"alternateName":"MarBella","potentialAction":[{"@type":"SearchAction","target":{"@type":"EntryPoint","urlTemplate":"https:\/\/www.marbella.gr\/?s={search_term_string}"},"query-input":{"@type":"PropertyValueSpecification","valueRequired":true,"valueName":"search_term_string"}}],"inLanguage":"de"},{"@type":"Organization","@id":"https:\/\/www.marbella.gr\/#organization","name":"MarBella","url":"https:\/\/www.marbella.gr\/","logo":{"@type":"ImageObject","inLanguage":"de","@id":"https:\/\/www.marbella.gr\/#\/schema\/logo\/image\/","url":"https:\/\/www.marbella.gr\/app\/uploads\/2023\/06\/Marbella-collection.png","contentUrl":"https:\/\/www.marbella.gr\/app\/uploads\/2023\/06\/Marbella-collection.png","width":230,"height":75,"caption":"MarBella"},"image":{"@id":"https:\/\/www.marbella.gr\/#\/schema\/logo\/image\/"}}]}},"_links":{"self":[{"href":"https:\/\/www.marbella.gr\/de\/wp-json\/wp\/v2\/pages\/7169","targetHints":{"allow":["GET"]}}],"collection":[{"href":"https:\/\/www.marbella.gr\/de\/wp-json\/wp\/v2\/pages"}],"about":[{"href":"https:\/\/www.marbella.gr\/de\/wp-json\/wp\/v2\/types\/page"}],"author":[{"embeddable":true,"href":"https:\/\/www.marbella.gr\/de\/wp-json\/wp\/v2\/users\/27"}],"replies":[{"embeddable":true,"href":"https:\/\/www.marbella.gr\/de\/wp-json\/wp\/v2\/comments?post=7169"}],"version-history":[{"count":28,"href":"https:\/\/www.marbella.gr\/de\/wp-json\/wp\/v2\/pages\/7169\/revisions"}],"predecessor-version":[{"id":10134,"href":"https:\/\/www.marbella.gr\/de\/wp-json\/wp\/v2\/pages\/7169\/revisions\/10134"}],"up":[{"embeddable":true,"href":"https:\/\/www.marbella.gr\/de\/wp-json\/wp\/v2\/pages\/2281"}],"wp:featuredmedia":[{"embeddable":true,"href":"https:\/\/www.marbella.gr\/de\/wp-json\/wp\/v2\/media\/7176"}],"wp:attachment":[{"href":"https:\/\/www.marbella.gr\/de\/wp-json\/wp\/v2\/media?parent=7169"}],"curies":[{"name":"wp","href":"https:\/\/api.w.org\/{rel}","templated":true}]}}