{"id":7238,"date":"2024-04-12T13:53:21","date_gmt":"2024-04-12T13:53:21","guid":{"rendered":"https:\/\/www.marbella.gr\/hotels\/marbella-nido\/experiences\/wellness-copy\/"},"modified":"2025-01-27T09:38:12","modified_gmt":"2025-01-27T09:38:12","slug":"fitness-weeks","status":"publish","type":"page","link":"https:\/\/www.marbella.gr\/de\/hotels\/marbella-nido\/experiences\/fitness-weeks\/","title":{"rendered":"Fitness-Wochen"},"content":{"rendered":"<p style=\"text-align: left;\">Treffen Sie die Ausbilder:<\/p>\n<p style=\"text-align: left;\"><strong>Courtlyn Fazakas,<\/strong><strong> 10 - 22 Juni<\/strong><\/p>\n<p style=\"text-align: left;\">Courtlyn wuchs als kanadisches Kleinstadtm\u00e4dchen auf und entwickelte durch Tanz und Leichtathletik eine Leidenschaft f\u00fcr Bewegung. Sie glaubt fest daran, wie wichtig es ist, in die geistige Gesundheit zu investieren und die Verantwortung f\u00fcr den eigenen K\u00f6rper zu \u00fcbernehmen, um sich mental gut zu f\u00fchlen. Sie ist der \u00dcberzeugung, dass es bei Fitness um mehr geht als nur um das Aussehen - es geht darum, sich stark, stolz und selbstbewusst zu f\u00fchlen.<\/p>\n<p style=\"text-align: left;\"><strong>Stephanie Warwick,<\/strong><strong>\u00a011 - 20 Juli<\/strong><\/p>\n<p style=\"text-align: left;\">Stephanie hat einen t\u00e4nzerischen Hintergrund und teilt ihre Liebe zur Bewegung durch formorientierte, abwechslungsreiche Sitzungen, die alle Aspekte der Fitness herausfordern. Mit mehr als zehn Jahren Branchenerfahrung ermutigt sie ihre Kunden, die F\u00e4higkeiten ihres K\u00f6rpers zu sch\u00e4tzen. Beeinflusst von ihrem umfangreichen Hintergrund in Pilates, Yoga und Tanz, bieten ihre Kurse eine einzigartige Mischung von Techniken. Als leitende Trainerin f\u00fcr TRX Training in den letzten drei Jahren hat sie sich auf digitale Fitness spezialisiert und verbindet sich durch Online-Training mit Kunden auf der ganzen Welt. Unabh\u00e4ngig von ihrem Fitnesslevel sorgt Stephanie daf\u00fcr, dass ihre G\u00e4ste das Gef\u00fchl haben, etwas erreicht zu haben und gest\u00e4rkt zu sein.<\/p>\n<p style=\"text-align: left;\"><strong>Gigi Delsante,<\/strong><strong>\u00a022. bis 27. Juli<\/strong><\/p>\n<p style=\"text-align: left;\">Gigi's Programm bietet eine Vielzahl von Kursen an, darunter Vinyasa Yoga, Power Yoga und Yin Yoga, das f\u00fcr alle Niveaus geeignet ist. Die G\u00e4ste k\u00f6nnen eine dynamische Vinyasa Flow-Sitzung erwarten, in der Gigi sie durch einen rasanten, atemgeleiteten Fluss f\u00fchrt, um zu erkunden und sich wieder zu verbinden. Slow Flow Yoga bietet eine beruhigende Flucht, die Restore, Reset, Reconnect Yin Yoga-Sitzung ist eine verj\u00fcngende Praxis mit l\u00e4nger gehaltenen Posen, und f\u00fcr diejenigen, die eine starke und herausfordernde Praxis suchen, zielt Power Yoga darauf ab, W\u00e4rme und Kraft im K\u00f6rper aufzubauen und gleichzeitig Ruhe im Geist zu kultivieren.<\/p>\n<p style=\"text-align: left;\"><strong>Kayleigh Jayne,<\/strong><strong> 5 - 10 August<\/strong><\/p>\n<p style=\"text-align: left;\">Kayleigh begann ihre Reise als professionelle T\u00e4nzerin, die auf den Kreuzfahrtschiffen von P&amp;O Australian auf der ganzen Welt auftrat. Kayleigh qualifizierte sich dann als Pilates-Trainerin und gr\u00fcndete ihr eigenes Unternehmen. Kayleigh hat Kurse f\u00fcr internationale Marken wie Gymshark, BoohooMan und Gymbella Wellness gegeben. Durch eine Variation von Pilates-Kursen wird Kayleigh die G\u00e4ste dazu bringen, sich auf die Tonisierung und St\u00e4rkung des gesamten K\u00f6rpers zu konzentrieren. Einige der Kurse werden energiegeladen und schwei\u00dftreibend sein, und alle werden auf eine Reihe von F\u00e4higkeiten zugeschnitten sein, um angenehme, herausfordernde und wohltuende Kurse zu gestalten.<\/p>\n<p style=\"text-align: left;\"><strong>Alexandra Mohn,<\/strong><strong> 17. bis 28. September<\/strong><\/p>\n<p style=\"text-align: left;\">Alexandra ist eine Yoga- und Atemarbeitslehrerin aus Gro\u00dfbritannien, die sich auf Vinyasa, Gentle Flow und Yin spezialisiert hat. Alexandra ist der Meinung, dass Yoga keine Einheitsgr\u00f6\u00dfe ist und verfolgt einen ganzheitlichen Ansatz, wenn sie ihre Stunden anbietet. Jede Klasse wird Sie dazu anleiten, auf Ihren K\u00f6rper zu h\u00f6ren, den Geist zu beruhigen und sich mit Ihrem Atem zu verbinden - Sie werden sich stark, geerdet und entspannt f\u00fchlen.<\/p>\n<p style=\"text-align: left;\">Um mehr \u00fcber das detaillierte Programm der Fitness-Wochen 2024 zu erfahren, besuchen Sie den Link\u00a0<strong><a href=\"https:\/\/www.marbella.gr\/de\/partnerships\/inspire-the-body-and-mind\/\"><span style=\"text-decoration: underline;\">hier<\/span><\/a><\/strong>.<\/p>","protected":false},"excerpt":{"rendered":"<p>Meet the instructors: Courtlyn Fazakas, 10 &#8211; 22 June Growing up as a small-town Canadian girl, Courtlyn developed a passion for movement through competitive dance and track. She firmly believes in the importance of investing in mental health and taking ownership of one&#8217;s physical body as cornerstones to feeling good mentally. She holds the belief [&#8230;]<\/p>\n<p><a class=\"btn btn-secondary understrap-read-more-link\" href=\"https:\/\/www.marbella.gr\/de\/hotels\/marbella-nido\/experiences\/fitness-weeks\/\">Read More&#8230;<span class=\"screen-reader-text\"> from Fitness Weeks<\/span><\/a><\/p>\n","protected":false},"author":27,"featured_media":8436,"parent":2119,"menu_order":0,"comment_status":"closed","ping_status":"closed","template":"","meta":{"_acf_changed":false,"footnotes":""},"class_list":["post-7238","page","type-page","status-publish","has-post-thumbnail","hentry"],"acf":[],"yoast_head":"<!-- This site is optimized with the Yoast SEO plugin v27.5 - https:\/\/yoast.com\/product\/yoast-seo-wordpress\/ -->\n<title>Fitness Weeks - Recharge and rejuvenate | Nido, Mar-Bella Collection<\/title>\n<meta name=\"description\" content=\"Experience world-class fitness and wellness programs at Nido. Enjoy complimentary retreats by Oyogo&#039;s experts.\" \/>\n<meta name=\"robots\" content=\"index, follow, max-snippet:-1, max-image-preview:large, max-video-preview:-1\" \/>\n<link rel=\"canonical\" href=\"https:\/\/www.marbella.gr\/de\/hotels\/marbella-nido\/experiences\/fitness-weeks\/\" \/>\n<meta property=\"og:locale\" content=\"de_DE\" \/>\n<meta property=\"og:type\" content=\"article\" \/>\n<meta property=\"og:title\" content=\"Fitness Weeks - Recharge and rejuvenate | Nido, Mar-Bella Collection\" \/>\n<meta property=\"og:description\" content=\"Experience world-class fitness and wellness programs at Nido. Enjoy complimentary retreats by Oyogo&#039;s experts.\" \/>\n<meta property=\"og:url\" content=\"https:\/\/www.marbella.gr\/de\/hotels\/marbella-nido\/experiences\/fitness-weeks\/\" \/>\n<meta property=\"og:site_name\" content=\"Mar-Bella Collection\" \/>\n<meta property=\"article:modified_time\" content=\"2025-01-27T09:38:12+00:00\" \/>\n<meta property=\"og:image\" content=\"https:\/\/www.marbella.gr\/app\/uploads\/2024\/11\/2024_05_MARBELLA_009-Yoga_0063-scaled.jpg\" \/>\n\t<meta property=\"og:image:width\" content=\"2560\" \/>\n\t<meta property=\"og:image:height\" content=\"1920\" \/>\n\t<meta property=\"og:image:type\" content=\"image\/jpeg\" \/>\n<meta name=\"twitter:card\" content=\"summary_large_image\" \/>\n<meta name=\"twitter:label1\" content=\"Gesch\u00e4tzte Lesezeit\" \/>\n\t<meta name=\"twitter:data1\" content=\"3\u00a0Minuten\" \/>\n<!-- \/ Yoast SEO plugin. -->","yoast_head_json":{"title":"Fitness-Wochen - Aufladen und verj\u00fcngen | Nido, Mar-Bella Collection","description":"Erleben Sie im Nido Fitness- und Wellnessprogramme von Weltklasse. Genie\u00dfen Sie kostenlose Retreats von Oyogos Experten.","robots":{"index":"index","follow":"follow","max-snippet":"max-snippet:-1","max-image-preview":"max-image-preview:large","max-video-preview":"max-video-preview:-1"},"canonical":"https:\/\/www.marbella.gr\/de\/hotels\/marbella-nido\/experiences\/fitness-weeks\/","og_locale":"de_DE","og_type":"article","og_title":"Fitness Weeks - Recharge and rejuvenate | Nido, Mar-Bella Collection","og_description":"Experience world-class fitness and wellness programs at Nido. Enjoy complimentary retreats by Oyogo's experts.","og_url":"https:\/\/www.marbella.gr\/de\/hotels\/marbella-nido\/experiences\/fitness-weeks\/","og_site_name":"Mar-Bella Collection","article_modified_time":"2025-01-27T09:38:12+00:00","og_image":[{"width":2560,"height":1920,"url":"https:\/\/www.marbella.gr\/app\/uploads\/2024\/11\/2024_05_MARBELLA_009-Yoga_0063-scaled.jpg","type":"image\/jpeg"}],"twitter_card":"summary_large_image","twitter_misc":{"Gesch\u00e4tzte Lesezeit":"3\u00a0Minuten"},"schema":{"@context":"https:\/\/schema.org","@graph":[{"@type":"WebPage","@id":"https:\/\/www.marbella.gr\/hotels\/marbella-nido\/experiences\/fitness-weeks\/","url":"https:\/\/www.marbella.gr\/hotels\/marbella-nido\/experiences\/fitness-weeks\/","name":"Fitness-Wochen - Aufladen und verj\u00fcngen | Nido, Mar-Bella Collection","isPartOf":{"@id":"https:\/\/www.marbella.gr\/#website"},"primaryImageOfPage":{"@id":"https:\/\/www.marbella.gr\/hotels\/marbella-nido\/experiences\/fitness-weeks\/#primaryimage"},"image":{"@id":"https:\/\/www.marbella.gr\/hotels\/marbella-nido\/experiences\/fitness-weeks\/#primaryimage"},"thumbnailUrl":"https:\/\/www.marbella.gr\/app\/uploads\/2024\/11\/2024_05_MARBELLA_009-Yoga_0063-scaled.jpg","datePublished":"2024-04-12T13:53:21+00:00","dateModified":"2025-01-27T09:38:12+00:00","description":"Erleben Sie im Nido Fitness- und Wellnessprogramme von Weltklasse. Genie\u00dfen Sie kostenlose Retreats von Oyogos Experten.","breadcrumb":{"@id":"https:\/\/www.marbella.gr\/hotels\/marbella-nido\/experiences\/fitness-weeks\/#breadcrumb"},"inLanguage":"de","potentialAction":[{"@type":"ReadAction","target":["https:\/\/www.marbella.gr\/hotels\/marbella-nido\/experiences\/fitness-weeks\/"]}]},{"@type":"ImageObject","inLanguage":"de","@id":"https:\/\/www.marbella.gr\/hotels\/marbella-nido\/experiences\/fitness-weeks\/#primaryimage","url":"https:\/\/www.marbella.gr\/app\/uploads\/2024\/11\/2024_05_MARBELLA_009-Yoga_0063-scaled.jpg","contentUrl":"https:\/\/www.marbella.gr\/app\/uploads\/2024\/11\/2024_05_MARBELLA_009-Yoga_0063-scaled.jpg","width":2560,"height":1920,"caption":"Discover Mar-Bella Collection - 5 star hotels in Corfu, Parga Greece"},{"@type":"BreadcrumbList","@id":"https:\/\/www.marbella.gr\/hotels\/marbella-nido\/experiences\/fitness-weeks\/#breadcrumb","itemListElement":[{"@type":"ListItem","position":1,"name":"Home","item":"https:\/\/www.marbella.gr\/"},{"@type":"ListItem","position":2,"name":"Hotels","item":"https:\/\/www.marbella.gr\/hotels\/"},{"@type":"ListItem","position":3,"name":"Nido","item":"https:\/\/www.marbella.gr\/hotels\/marbella-nido\/"},{"@type":"ListItem","position":4,"name":"Experiences","item":"https:\/\/www.marbella.gr\/hotels\/marbella-nido\/experiences\/"},{"@type":"ListItem","position":5,"name":"Fitness Weeks"}]},{"@type":"WebSite","@id":"https:\/\/www.marbella.gr\/#website","url":"https:\/\/www.marbella.gr\/","name":"MarBella","description":"Eine Familie von Hotels, die Sie mit dem wundersch\u00f6nen Ionischen Meer verbindet","publisher":{"@id":"https:\/\/www.marbella.gr\/#organization"},"alternateName":"MarBella","potentialAction":[{"@type":"SearchAction","target":{"@type":"EntryPoint","urlTemplate":"https:\/\/www.marbella.gr\/?s={search_term_string}"},"query-input":{"@type":"PropertyValueSpecification","valueRequired":true,"valueName":"search_term_string"}}],"inLanguage":"de"},{"@type":"Organization","@id":"https:\/\/www.marbella.gr\/#organization","name":"MarBella","url":"https:\/\/www.marbella.gr\/","logo":{"@type":"ImageObject","inLanguage":"de","@id":"https:\/\/www.marbella.gr\/#\/schema\/logo\/image\/","url":"https:\/\/www.marbella.gr\/app\/uploads\/2023\/06\/Marbella-collection.png","contentUrl":"https:\/\/www.marbella.gr\/app\/uploads\/2023\/06\/Marbella-collection.png","width":230,"height":75,"caption":"MarBella"},"image":{"@id":"https:\/\/www.marbella.gr\/#\/schema\/logo\/image\/"}}]}},"_links":{"self":[{"href":"https:\/\/www.marbella.gr\/de\/wp-json\/wp\/v2\/pages\/7238","targetHints":{"allow":["GET"]}}],"collection":[{"href":"https:\/\/www.marbella.gr\/de\/wp-json\/wp\/v2\/pages"}],"about":[{"href":"https:\/\/www.marbella.gr\/de\/wp-json\/wp\/v2\/types\/page"}],"author":[{"embeddable":true,"href":"https:\/\/www.marbella.gr\/de\/wp-json\/wp\/v2\/users\/27"}],"replies":[{"embeddable":true,"href":"https:\/\/www.marbella.gr\/de\/wp-json\/wp\/v2\/comments?post=7238"}],"version-history":[{"count":13,"href":"https:\/\/www.marbella.gr\/de\/wp-json\/wp\/v2\/pages\/7238\/revisions"}],"predecessor-version":[{"id":9265,"href":"https:\/\/www.marbella.gr\/de\/wp-json\/wp\/v2\/pages\/7238\/revisions\/9265"}],"up":[{"embeddable":true,"href":"https:\/\/www.marbella.gr\/de\/wp-json\/wp\/v2\/pages\/2119"}],"wp:featuredmedia":[{"embeddable":true,"href":"https:\/\/www.marbella.gr\/de\/wp-json\/wp\/v2\/media\/8436"}],"wp:attachment":[{"href":"https:\/\/www.marbella.gr\/de\/wp-json\/wp\/v2\/media?parent=7238"}],"curies":[{"name":"wp","href":"https:\/\/api.w.org\/{rel}","templated":true}]}}