{"id":7467,"date":"2024-05-30T10:13:13","date_gmt":"2024-05-30T10:13:13","guid":{"rendered":"https:\/\/www.marbella.gr\/?page_id=7467"},"modified":"2024-06-05T09:24:22","modified_gmt":"2024-06-05T09:24:22","slug":"world-ocean-day","status":"publish","type":"page","link":"https:\/\/www.marbella.gr\/de\/world-ocean-day\/","title":{"rendered":"Weltozeantag"},"content":{"rendered":"<p>Bei der Mar-Bella Collection geht es nicht nur um den Strand, sondern vor allem um das Meer. Das Ionische Meer verbindet unsere Hotels, und deshalb umarmen und feiern wir es. Am Welttag des Ozeans <b><strong>8. Juni<\/strong><\/b>Unsere Kinderclub-, Krippen- und Animationsteams veranstalten im MarBella und im Elix Aktivit\u00e4ten zum Thema Meer, um zu zeigen, wie jeder das Meer wertsch\u00e4tzen und ihm helfen kann, und dabei auch noch eine Menge Spa\u00df zu haben!<\/p>\n<p>Vom Schnorcheln mit Unterwasserfotografie rund um die Posidonia-Wiesen bis hin zu verbl\u00fcffenden Experimenten und Kreationen am Meeresboden haben wir ein unterhaltsames Programm zusammengestellt, das die Kinder inspirieren und ihnen den Reichtum unseres Meeres n\u00e4herbringen soll!<\/p>","protected":false},"excerpt":{"rendered":"<p>At Mar-Bella Collection we are not just about the beach, we\u2019re all about the sea. The Ionian Sea connects our hotels, so we embrace and celebrate it. On World Ocean Day June 8th, our Kids Club, Cr\u00e8che and Animation teams will host ocean-themed activities at MarBella and Elix to share positive ways that everyone can [&#8230;]<\/p>\n<p><a class=\"btn btn-secondary understrap-read-more-link\" href=\"https:\/\/www.marbella.gr\/de\/world-ocean-day\/\">Read More&#8230;<span class=\"screen-reader-text\"> from World Ocean Day<\/span><\/a><\/p>\n","protected":false},"author":18,"featured_media":0,"parent":0,"menu_order":0,"comment_status":"closed","ping_status":"closed","template":"","meta":{"_acf_changed":false,"footnotes":""},"class_list":["post-7467","page","type-page","status-publish","hentry"],"acf":[],"yoast_head":"<!-- This site is optimized with the Yoast SEO plugin v27.5 - https:\/\/yoast.com\/product\/yoast-seo-wordpress\/ -->\n<title>MarBella Collection World Ocean Day<\/title>\n<meta name=\"description\" content=\"At MarBella Collection we are not just about the beaches, we\u2019re about the sea. It connects our hotels, so we embrace and celebrate it.\" \/>\n<meta name=\"robots\" content=\"index, follow, max-snippet:-1, max-image-preview:large, max-video-preview:-1\" \/>\n<link rel=\"canonical\" href=\"https:\/\/www.marbella.gr\/de\/world-ocean-day\/\" \/>\n<meta property=\"og:locale\" content=\"de_DE\" \/>\n<meta property=\"og:type\" content=\"article\" \/>\n<meta property=\"og:title\" content=\"MarBella Collection World Ocean Day\" \/>\n<meta property=\"og:description\" content=\"At MarBella Collection we are not just about the beaches, we\u2019re about the sea. It connects our hotels, so we embrace and celebrate it.\" \/>\n<meta property=\"og:url\" content=\"https:\/\/www.marbella.gr\/de\/world-ocean-day\/\" \/>\n<meta property=\"og:site_name\" content=\"Mar-Bella Collection\" \/>\n<meta property=\"article:modified_time\" content=\"2024-06-05T09:24:22+00:00\" \/>\n<meta property=\"og:image\" content=\"https:\/\/www.marbella.gr\/app\/uploads\/2024\/05\/Elix_Water-Sports-2-scaled.jpg\" \/>\n\t<meta property=\"og:image:width\" content=\"2560\" \/>\n\t<meta property=\"og:image:height\" content=\"1705\" \/>\n\t<meta property=\"og:image:type\" content=\"image\/jpeg\" \/>\n<meta name=\"twitter:card\" content=\"summary_large_image\" \/>\n<meta name=\"twitter:label1\" content=\"Gesch\u00e4tzte Lesezeit\" \/>\n\t<meta name=\"twitter:data1\" content=\"1\u00a0Minute\" \/>\n<!-- \/ Yoast SEO plugin. -->","yoast_head_json":{"title":"MarBella Collection Weltozeantag","description":"Bei MarBella Collection geht es nicht nur um die Str\u00e4nde, sondern um das Meer. Es verbindet unsere Hotels, deshalb umarmen und feiern wir es.","robots":{"index":"index","follow":"follow","max-snippet":"max-snippet:-1","max-image-preview":"max-image-preview:large","max-video-preview":"max-video-preview:-1"},"canonical":"https:\/\/www.marbella.gr\/de\/world-ocean-day\/","og_locale":"de_DE","og_type":"article","og_title":"MarBella Collection World Ocean Day","og_description":"At MarBella Collection we are not just about the beaches, we\u2019re about the sea. It connects our hotels, so we embrace and celebrate it.","og_url":"https:\/\/www.marbella.gr\/de\/world-ocean-day\/","og_site_name":"Mar-Bella Collection","article_modified_time":"2024-06-05T09:24:22+00:00","og_image":[{"width":2560,"height":1705,"url":"https:\/\/www.marbella.gr\/app\/uploads\/2024\/05\/Elix_Water-Sports-2-scaled.jpg","type":"image\/jpeg"}],"twitter_card":"summary_large_image","twitter_misc":{"Gesch\u00e4tzte Lesezeit":"1\u00a0Minute"},"schema":{"@context":"https:\/\/schema.org","@graph":[{"@type":"WebPage","@id":"https:\/\/www.marbella.gr\/world-ocean-day\/","url":"https:\/\/www.marbella.gr\/world-ocean-day\/","name":"MarBella Collection Weltozeantag","isPartOf":{"@id":"https:\/\/www.marbella.gr\/#website"},"datePublished":"2024-05-30T10:13:13+00:00","dateModified":"2024-06-05T09:24:22+00:00","description":"Bei MarBella Collection geht es nicht nur um die Str\u00e4nde, sondern um das Meer. Es verbindet unsere Hotels, deshalb umarmen und feiern wir es.","breadcrumb":{"@id":"https:\/\/www.marbella.gr\/world-ocean-day\/#breadcrumb"},"inLanguage":"de","potentialAction":[{"@type":"ReadAction","target":["https:\/\/www.marbella.gr\/world-ocean-day\/"]}]},{"@type":"BreadcrumbList","@id":"https:\/\/www.marbella.gr\/world-ocean-day\/#breadcrumb","itemListElement":[{"@type":"ListItem","position":1,"name":"Home","item":"https:\/\/www.marbella.gr\/"},{"@type":"ListItem","position":2,"name":"World Ocean Day"}]},{"@type":"WebSite","@id":"https:\/\/www.marbella.gr\/#website","url":"https:\/\/www.marbella.gr\/","name":"MarBella","description":"Eine Familie von Hotels, die Sie mit dem wundersch\u00f6nen Ionischen Meer verbindet","publisher":{"@id":"https:\/\/www.marbella.gr\/#organization"},"alternateName":"MarBella","potentialAction":[{"@type":"SearchAction","target":{"@type":"EntryPoint","urlTemplate":"https:\/\/www.marbella.gr\/?s={search_term_string}"},"query-input":{"@type":"PropertyValueSpecification","valueRequired":true,"valueName":"search_term_string"}}],"inLanguage":"de"},{"@type":"Organization","@id":"https:\/\/www.marbella.gr\/#organization","name":"MarBella","url":"https:\/\/www.marbella.gr\/","logo":{"@type":"ImageObject","inLanguage":"de","@id":"https:\/\/www.marbella.gr\/#\/schema\/logo\/image\/","url":"https:\/\/www.marbella.gr\/app\/uploads\/2023\/06\/Marbella-collection.png","contentUrl":"https:\/\/www.marbella.gr\/app\/uploads\/2023\/06\/Marbella-collection.png","width":230,"height":75,"caption":"MarBella"},"image":{"@id":"https:\/\/www.marbella.gr\/#\/schema\/logo\/image\/"}}]}},"_links":{"self":[{"href":"https:\/\/www.marbella.gr\/de\/wp-json\/wp\/v2\/pages\/7467","targetHints":{"allow":["GET"]}}],"collection":[{"href":"https:\/\/www.marbella.gr\/de\/wp-json\/wp\/v2\/pages"}],"about":[{"href":"https:\/\/www.marbella.gr\/de\/wp-json\/wp\/v2\/types\/page"}],"author":[{"embeddable":true,"href":"https:\/\/www.marbella.gr\/de\/wp-json\/wp\/v2\/users\/18"}],"replies":[{"embeddable":true,"href":"https:\/\/www.marbella.gr\/de\/wp-json\/wp\/v2\/comments?post=7467"}],"version-history":[{"count":15,"href":"https:\/\/www.marbella.gr\/de\/wp-json\/wp\/v2\/pages\/7467\/revisions"}],"predecessor-version":[{"id":7532,"href":"https:\/\/www.marbella.gr\/de\/wp-json\/wp\/v2\/pages\/7467\/revisions\/7532"}],"wp:attachment":[{"href":"https:\/\/www.marbella.gr\/de\/wp-json\/wp\/v2\/media?parent=7467"}],"curies":[{"name":"wp","href":"https:\/\/api.w.org\/{rel}","templated":true}]}}