{"id":7481,"date":"2024-05-30T06:28:41","date_gmt":"2024-05-30T06:28:41","guid":{"rendered":"https:\/\/www.marbella.gr\/?page_id=7481"},"modified":"2025-01-27T14:13:25","modified_gmt":"2025-01-27T14:13:25","slug":"evening-kids-programme","status":"publish","type":"page","link":"https:\/\/www.marbella.gr\/de\/evening-kids-programme\/","title":{"rendered":"Abendliches Kinderprogramm"},"content":{"rendered":"<p>Im Juli und August sowie in den Semesterferien im Mai und Oktober gibt es bei Elix ein fantastisches Abendprogramm f\u00fcr Kinder von 4 bis 12 Jahren. Sport, Filme, Tanzen, Wissenschaft und Abenteuer: Es gibt so viel zum Mitmachen. Die professionell organisierten und beaufsichtigten Aktivit\u00e4ten sind eine tolle M\u00f6glichkeit f\u00fcr unsere j\u00fcngeren G\u00e4ste, sich auszutoben und neue Freunde zu finden, w\u00e4hrend Sie die Gelegenheit haben, ein romantisches Abendessen und vielleicht den einen oder anderen Sundowner zu genie\u00dfen! Sie m\u00fcssen nicht im Voraus buchen, kommen Sie einfach vorbei und lassen Sie sie Spa\u00df haben.<\/p>\n<p><strong>Das gro\u00dfe Nachtabenteuer<\/strong><\/p>\n<p>Alles ist bereit f\u00fcr ein n\u00e4chtliches Abenteuer rund um das Hotel, bei dem kleine Teams zusammenarbeiten, um R\u00e4tsel zu l\u00f6sen und Herausforderungen zu meistern. Das f\u00f6rdert die Neugier und Kreativit\u00e4t, und unsere Mitarbeiter helfen, wo immer sie k\u00f6nnen.<\/p>\n<p><strong>Elix Champion's League<\/strong><\/p>\n<p>Kinder aller Altersgruppen und F\u00e4higkeiten werden diesen Sport- und Spieleabend lieben. Aufgeteilt in gleichstarke Teams spielen sie Fu\u00dfball, Basketball und Tischtennis - mit energiespendenden Snacks in der Halbzeitpause. Mal sehen, wer sich zum Meister der Mini-Liga kr\u00f6nen l\u00e4sst.<\/p>\n<p><strong>Stiller Boogie<\/strong><\/p>\n<p>Setzt euch die kabellosen Kopfh\u00f6rer auf und tanzt den Abend bei dieser Silent-Disco, die viel Spa\u00df f\u00fcr Kinder aller Altersgruppen verspricht. Es gibt jede Menge Spa\u00df und Spiele und sogar einen eigenen Chill-out-Bereich.<\/p>\n<p><strong>Elix-Schaufenster<\/strong><\/p>\n<p>Wenn Ihr Kind ein Talent hat, ist dies die Gelegenheit, es zu zeigen. Zum Aufw\u00e4rmen gibt es ein Improvisationstheater in der Gruppe, gefolgt von einer Talentshow f\u00fcr Einzelpersonen und Gruppen und einer Preisverleihung zum Abschluss des Abends.<\/p>\n<p><strong>Kleine Wissenschaftler<\/strong><\/p>\n<p>Eine aufregende Bildungsveranstaltung f\u00fcr neugierige K\u00f6pfe. An diesem sorgf\u00e4ltig betreuten Abend k\u00f6nnen Ihre Kinder die Welt der Wissenschaft erkunden, an lustigen Experimenten teilnehmen und Fragen in einem Quiz beantworten.<\/p>\n<p><strong>Filmpremiere<\/strong><\/p>\n<p>Schalten Sie das Licht aus, schnappen Sie sich Popcorn und machen Sie es sich gem\u00fctlich f\u00fcr einen fantastischen Filmabend. Ob im Amphitheater im Freien oder drinnen, die Kinder d\u00fcrfen dar\u00fcber abstimmen, welchen Film sie sehen m\u00f6chten (je nach Alter).<\/p>","protected":false},"excerpt":{"rendered":"<p>There\u2019s a fantastic evening activity programme for kids aged 4 to 12yrs to look forward to at Elix during July and August as well as the May and October Half term breaks. Sports, movies, dancing, science and adventure: there\u2019s so much to join in with. Professionally organised and supervised, these activities are a great way [&#8230;]<\/p>\n<p><a class=\"btn btn-secondary understrap-read-more-link\" href=\"https:\/\/www.marbella.gr\/de\/evening-kids-programme\/\">Read More&#8230;<span class=\"screen-reader-text\"> from Evening Kids Programme<\/span><\/a><\/p>\n","protected":false},"author":18,"featured_media":0,"parent":0,"menu_order":0,"comment_status":"closed","ping_status":"closed","template":"","meta":{"_acf_changed":false,"footnotes":""},"class_list":["post-7481","page","type-page","status-publish","hentry"],"acf":[],"yoast_head":"<!-- This site is optimized with the Yoast SEO plugin v27.4 - https:\/\/yoast.com\/product\/yoast-seo-wordpress\/ -->\n<title>Evening Kids Programme - Mar-Bella Collection<\/title>\n<meta name=\"description\" content=\"There\u2019s a fantastic evening activity programme for kids aged 4 to 12yrs to look forward to at Elix during July and August as well as the May and October Half term breaks.\" \/>\n<meta name=\"robots\" content=\"index, follow, max-snippet:-1, max-image-preview:large, max-video-preview:-1\" \/>\n<link rel=\"canonical\" href=\"https:\/\/www.marbella.gr\/de\/evening-kids-programme\/\" \/>\n<meta property=\"og:locale\" content=\"de_DE\" \/>\n<meta property=\"og:type\" content=\"article\" \/>\n<meta property=\"og:title\" content=\"Evening Kids Programme - Mar-Bella Collection\" \/>\n<meta property=\"og:description\" content=\"There\u2019s a fantastic evening activity programme for kids aged 4 to 12yrs to look forward to at Elix during July and August as well as the May and October Half term breaks.\" \/>\n<meta property=\"og:url\" content=\"https:\/\/www.marbella.gr\/de\/evening-kids-programme\/\" \/>\n<meta property=\"og:site_name\" content=\"Mar-Bella Collection\" \/>\n<meta property=\"article:modified_time\" content=\"2025-01-27T14:13:25+00:00\" \/>\n<meta property=\"og:image\" content=\"https:\/\/www.marbella.gr\/app\/uploads\/2024\/05\/Elix_Water-Sports-2-scaled.jpg\" \/>\n\t<meta property=\"og:image:width\" content=\"2560\" \/>\n\t<meta property=\"og:image:height\" content=\"1705\" \/>\n\t<meta property=\"og:image:type\" content=\"image\/jpeg\" \/>\n<meta name=\"twitter:card\" content=\"summary_large_image\" \/>\n<meta name=\"twitter:label1\" content=\"Gesch\u00e4tzte Lesezeit\" \/>\n\t<meta name=\"twitter:data1\" content=\"2\u00a0Minuten\" \/>\n<!-- \/ Yoast SEO plugin. -->","yoast_head_json":{"title":"Abendprogramm f\u00fcr Kinder - Mar-Bella Collection","description":"Im Juli und August sowie in den Semesterferien im Mai und Oktober bietet Elix ein fantastisches Abendprogramm f\u00fcr Kinder von 4 bis 12 Jahren an.","robots":{"index":"index","follow":"follow","max-snippet":"max-snippet:-1","max-image-preview":"max-image-preview:large","max-video-preview":"max-video-preview:-1"},"canonical":"https:\/\/www.marbella.gr\/de\/evening-kids-programme\/","og_locale":"de_DE","og_type":"article","og_title":"Evening Kids Programme - Mar-Bella Collection","og_description":"There\u2019s a fantastic evening activity programme for kids aged 4 to 12yrs to look forward to at Elix during July and August as well as the May and October Half term breaks.","og_url":"https:\/\/www.marbella.gr\/de\/evening-kids-programme\/","og_site_name":"Mar-Bella Collection","article_modified_time":"2025-01-27T14:13:25+00:00","og_image":[{"width":2560,"height":1705,"url":"https:\/\/www.marbella.gr\/app\/uploads\/2024\/05\/Elix_Water-Sports-2-scaled.jpg","type":"image\/jpeg"}],"twitter_card":"summary_large_image","twitter_misc":{"Gesch\u00e4tzte Lesezeit":"2\u00a0Minuten"},"schema":{"@context":"https:\/\/schema.org","@graph":[{"@type":"WebPage","@id":"https:\/\/www.marbella.gr\/evening-kids-programme\/","url":"https:\/\/www.marbella.gr\/evening-kids-programme\/","name":"Abendprogramm f\u00fcr Kinder - Mar-Bella Collection","isPartOf":{"@id":"https:\/\/www.marbella.gr\/#website"},"datePublished":"2024-05-30T06:28:41+00:00","dateModified":"2025-01-27T14:13:25+00:00","description":"Im Juli und August sowie in den Semesterferien im Mai und Oktober bietet Elix ein fantastisches Abendprogramm f\u00fcr Kinder von 4 bis 12 Jahren an.","breadcrumb":{"@id":"https:\/\/www.marbella.gr\/evening-kids-programme\/#breadcrumb"},"inLanguage":"de","potentialAction":[{"@type":"ReadAction","target":["https:\/\/www.marbella.gr\/evening-kids-programme\/"]}]},{"@type":"BreadcrumbList","@id":"https:\/\/www.marbella.gr\/evening-kids-programme\/#breadcrumb","itemListElement":[{"@type":"ListItem","position":1,"name":"Home","item":"https:\/\/www.marbella.gr\/"},{"@type":"ListItem","position":2,"name":"Evening Kids Programme"}]},{"@type":"WebSite","@id":"https:\/\/www.marbella.gr\/#website","url":"https:\/\/www.marbella.gr\/","name":"MarBella","description":"Eine Familie von Hotels, die Sie mit dem wundersch\u00f6nen Ionischen Meer verbindet","publisher":{"@id":"https:\/\/www.marbella.gr\/#organization"},"alternateName":"MarBella","potentialAction":[{"@type":"SearchAction","target":{"@type":"EntryPoint","urlTemplate":"https:\/\/www.marbella.gr\/?s={search_term_string}"},"query-input":{"@type":"PropertyValueSpecification","valueRequired":true,"valueName":"search_term_string"}}],"inLanguage":"de"},{"@type":"Organization","@id":"https:\/\/www.marbella.gr\/#organization","name":"MarBella","url":"https:\/\/www.marbella.gr\/","logo":{"@type":"ImageObject","inLanguage":"de","@id":"https:\/\/www.marbella.gr\/#\/schema\/logo\/image\/","url":"https:\/\/www.marbella.gr\/app\/uploads\/2023\/06\/Marbella-collection.png","contentUrl":"https:\/\/www.marbella.gr\/app\/uploads\/2023\/06\/Marbella-collection.png","width":230,"height":75,"caption":"MarBella"},"image":{"@id":"https:\/\/www.marbella.gr\/#\/schema\/logo\/image\/"}}]}},"_links":{"self":[{"href":"https:\/\/www.marbella.gr\/de\/wp-json\/wp\/v2\/pages\/7481","targetHints":{"allow":["GET"]}}],"collection":[{"href":"https:\/\/www.marbella.gr\/de\/wp-json\/wp\/v2\/pages"}],"about":[{"href":"https:\/\/www.marbella.gr\/de\/wp-json\/wp\/v2\/types\/page"}],"author":[{"embeddable":true,"href":"https:\/\/www.marbella.gr\/de\/wp-json\/wp\/v2\/users\/18"}],"replies":[{"embeddable":true,"href":"https:\/\/www.marbella.gr\/de\/wp-json\/wp\/v2\/comments?post=7481"}],"version-history":[{"count":19,"href":"https:\/\/www.marbella.gr\/de\/wp-json\/wp\/v2\/pages\/7481\/revisions"}],"predecessor-version":[{"id":9299,"href":"https:\/\/www.marbella.gr\/de\/wp-json\/wp\/v2\/pages\/7481\/revisions\/9299"}],"wp:attachment":[{"href":"https:\/\/www.marbella.gr\/de\/wp-json\/wp\/v2\/media?parent=7481"}],"curies":[{"name":"wp","href":"https:\/\/api.w.org\/{rel}","templated":true}]}}