{"id":7789,"date":"2024-06-19T09:46:32","date_gmt":"2024-06-19T09:46:32","guid":{"rendered":"https:\/\/www.marbella.gr\/?page_id=7789"},"modified":"2026-02-09T13:54:36","modified_gmt":"2026-02-09T11:54:36","slug":"faq-nido","status":"publish","type":"page","link":"https:\/\/www.marbella.gr\/de\/hotels\/marbella-nido\/faq-nido\/","title":{"rendered":"FAQs f\u00fcr Nido"},"content":{"rendered":"<p>Willkommen im Bereich der h\u00e4ufig gestellten Fragen (FAQs) f\u00fcr das Nido by Mar-\u0392ella Collection in Korfu! Hier haben wir umfassende Antworten auf Ihre h\u00e4ufigsten Fragen zusammengestellt, damit Ihr Aufenthalt in unserem Hotel nur f\u00fcr Erwachsene auf Korfu reibungslos und angenehm verl\u00e4uft. Ganz gleich, ob Sie sich f\u00fcr unsere Annehmlichkeiten, Buchungsmodalit\u00e4ten oder besondere Serviceleistungen interessieren, hier finden Sie alle Informationen, die Sie ben\u00f6tigen, um Ihren Aufenthalt im Nido zu optimieren. Im Folgenden erhalten Sie detaillierte Einblicke in unser Angebot.<\/p>\n<p>F\u00fcr weitere Informationen oder spezielle Anfragen wenden Sie sich bitte an <strong><a href=\"https:\/\/www.marbella.gr\/de\/contact\/\">Kontaktieren Sie uns<\/a><\/strong> direkt.<\/p>","protected":false},"excerpt":{"rendered":"<p>Welcome to the Frequently Asked Questions (FAQs) section for Nido by Mar-\u0392ella Collection in Corfu! Here, we&#8217;ve compiled comprehensive answers to your most common inquiries to ensure your stay at our adults-only hotel in Corfu is seamless and enjoyable. Whether you&#8217;re curious about our amenities, booking procedures, or special services, you&#8217;ll find all the information [&#8230;]<\/p>\n<p><a class=\"btn btn-secondary understrap-read-more-link\" href=\"https:\/\/www.marbella.gr\/de\/hotels\/marbella-nido\/faq-nido\/\">Read More&#8230;<span class=\"screen-reader-text\"> from FAQs for Nido<\/span><\/a><\/p>\n","protected":false},"author":15,"featured_media":0,"parent":795,"menu_order":0,"comment_status":"closed","ping_status":"closed","template":"page-templates\/faq.php","meta":{"_acf_changed":false,"footnotes":""},"class_list":["post-7789","page","type-page","status-publish","hentry"],"acf":[],"yoast_head":"<!-- This site is optimized with the Yoast SEO plugin v27.4 - https:\/\/yoast.com\/product\/yoast-seo-wordpress\/ -->\n<title>FAQs for Nido - Mar-Bella Collection<\/title>\n<meta name=\"description\" content=\"Get answers to your questions about Nido by Mar-Bella Collection. Learn about our services, amenities, policies, and activities to plan your perfect stay in Corfu.\" \/>\n<meta name=\"robots\" content=\"index, follow, max-snippet:-1, max-image-preview:large, max-video-preview:-1\" \/>\n<link rel=\"canonical\" href=\"https:\/\/www.marbella.gr\/de\/hotels\/marbella-nido\/faq-nido\/\" \/>\n<meta property=\"og:locale\" content=\"de_DE\" \/>\n<meta property=\"og:type\" content=\"article\" \/>\n<meta property=\"og:title\" content=\"FAQs for Nido - Mar-Bella Collection\" \/>\n<meta property=\"og:description\" content=\"Get answers to your questions about Nido by Mar-Bella Collection. Learn about our services, amenities, policies, and activities to plan your perfect stay in Corfu.\" \/>\n<meta property=\"og:url\" content=\"https:\/\/www.marbella.gr\/de\/hotels\/marbella-nido\/faq-nido\/\" \/>\n<meta property=\"og:site_name\" content=\"Mar-Bella Collection\" \/>\n<meta property=\"article:modified_time\" content=\"2026-02-09T11:54:36+00:00\" \/>\n<meta property=\"og:image\" content=\"https:\/\/www.marbella.gr\/app\/uploads\/2024\/05\/Elix_Water-Sports-2-scaled.jpg\" \/>\n\t<meta property=\"og:image:width\" content=\"2560\" \/>\n\t<meta property=\"og:image:height\" content=\"1705\" \/>\n\t<meta property=\"og:image:type\" content=\"image\/jpeg\" \/>\n<meta name=\"twitter:card\" content=\"summary_large_image\" \/>\n<meta name=\"twitter:label1\" content=\"Gesch\u00e4tzte Lesezeit\" \/>\n\t<meta name=\"twitter:data1\" content=\"1\u00a0Minute\" \/>\n<!-- \/ Yoast SEO plugin. -->","yoast_head_json":{"title":"FAQs f\u00fcr Nido - Mar-Bella Kollektion","description":"Erhalten Sie Antworten auf Ihre Fragen zum Nido by Mar-Bella Collection. Erfahren Sie mehr \u00fcber unsere Dienstleistungen, Annehmlichkeiten, Richtlinien und Aktivit\u00e4ten, um Ihren perfekten Aufenthalt auf Korfu zu planen.","robots":{"index":"index","follow":"follow","max-snippet":"max-snippet:-1","max-image-preview":"max-image-preview:large","max-video-preview":"max-video-preview:-1"},"canonical":"https:\/\/www.marbella.gr\/de\/hotels\/marbella-nido\/faq-nido\/","og_locale":"de_DE","og_type":"article","og_title":"FAQs for Nido - Mar-Bella Collection","og_description":"Get answers to your questions about Nido by Mar-Bella Collection. Learn about our services, amenities, policies, and activities to plan your perfect stay in Corfu.","og_url":"https:\/\/www.marbella.gr\/de\/hotels\/marbella-nido\/faq-nido\/","og_site_name":"Mar-Bella Collection","article_modified_time":"2026-02-09T11:54:36+00:00","og_image":[{"width":2560,"height":1705,"url":"https:\/\/www.marbella.gr\/app\/uploads\/2024\/05\/Elix_Water-Sports-2-scaled.jpg","type":"image\/jpeg"}],"twitter_card":"summary_large_image","twitter_misc":{"Gesch\u00e4tzte Lesezeit":"1\u00a0Minute"},"schema":{"@context":"https:\/\/schema.org","@graph":[{"@type":"WebPage","@id":"https:\/\/www.marbella.gr\/hotels\/marbella-nido\/faq-nido\/","url":"https:\/\/www.marbella.gr\/hotels\/marbella-nido\/faq-nido\/","name":"FAQs f\u00fcr Nido - Mar-Bella Kollektion","isPartOf":{"@id":"https:\/\/www.marbella.gr\/#website"},"datePublished":"2024-06-19T09:46:32+00:00","dateModified":"2026-02-09T11:54:36+00:00","description":"Erhalten Sie Antworten auf Ihre Fragen zum Nido by Mar-Bella Collection. Erfahren Sie mehr \u00fcber unsere Dienstleistungen, Annehmlichkeiten, Richtlinien und Aktivit\u00e4ten, um Ihren perfekten Aufenthalt auf Korfu zu planen.","breadcrumb":{"@id":"https:\/\/www.marbella.gr\/hotels\/marbella-nido\/faq-nido\/#breadcrumb"},"inLanguage":"de","potentialAction":[{"@type":"ReadAction","target":["https:\/\/www.marbella.gr\/hotels\/marbella-nido\/faq-nido\/"]}]},{"@type":"BreadcrumbList","@id":"https:\/\/www.marbella.gr\/hotels\/marbella-nido\/faq-nido\/#breadcrumb","itemListElement":[{"@type":"ListItem","position":1,"name":"Home","item":"https:\/\/www.marbella.gr\/"},{"@type":"ListItem","position":2,"name":"Hotels","item":"https:\/\/www.marbella.gr\/hotels\/"},{"@type":"ListItem","position":3,"name":"Nido","item":"https:\/\/www.marbella.gr\/hotels\/marbella-nido\/"},{"@type":"ListItem","position":4,"name":"FAQs for Nido"}]},{"@type":"WebSite","@id":"https:\/\/www.marbella.gr\/#website","url":"https:\/\/www.marbella.gr\/","name":"MarBella","description":"Eine Familie von Hotels, die Sie mit dem wundersch\u00f6nen Ionischen Meer verbindet","publisher":{"@id":"https:\/\/www.marbella.gr\/#organization"},"alternateName":"MarBella","potentialAction":[{"@type":"SearchAction","target":{"@type":"EntryPoint","urlTemplate":"https:\/\/www.marbella.gr\/?s={search_term_string}"},"query-input":{"@type":"PropertyValueSpecification","valueRequired":true,"valueName":"search_term_string"}}],"inLanguage":"de"},{"@type":"Organization","@id":"https:\/\/www.marbella.gr\/#organization","name":"MarBella","url":"https:\/\/www.marbella.gr\/","logo":{"@type":"ImageObject","inLanguage":"de","@id":"https:\/\/www.marbella.gr\/#\/schema\/logo\/image\/","url":"https:\/\/www.marbella.gr\/app\/uploads\/2023\/06\/Marbella-collection.png","contentUrl":"https:\/\/www.marbella.gr\/app\/uploads\/2023\/06\/Marbella-collection.png","width":230,"height":75,"caption":"MarBella"},"image":{"@id":"https:\/\/www.marbella.gr\/#\/schema\/logo\/image\/"}}]}},"_links":{"self":[{"href":"https:\/\/www.marbella.gr\/de\/wp-json\/wp\/v2\/pages\/7789","targetHints":{"allow":["GET"]}}],"collection":[{"href":"https:\/\/www.marbella.gr\/de\/wp-json\/wp\/v2\/pages"}],"about":[{"href":"https:\/\/www.marbella.gr\/de\/wp-json\/wp\/v2\/types\/page"}],"author":[{"embeddable":true,"href":"https:\/\/www.marbella.gr\/de\/wp-json\/wp\/v2\/users\/15"}],"replies":[{"embeddable":true,"href":"https:\/\/www.marbella.gr\/de\/wp-json\/wp\/v2\/comments?post=7789"}],"version-history":[{"count":20,"href":"https:\/\/www.marbella.gr\/de\/wp-json\/wp\/v2\/pages\/7789\/revisions"}],"predecessor-version":[{"id":13753,"href":"https:\/\/www.marbella.gr\/de\/wp-json\/wp\/v2\/pages\/7789\/revisions\/13753"}],"up":[{"embeddable":true,"href":"https:\/\/www.marbella.gr\/de\/wp-json\/wp\/v2\/pages\/795"}],"wp:attachment":[{"href":"https:\/\/www.marbella.gr\/de\/wp-json\/wp\/v2\/media?parent=7789"}],"curies":[{"name":"wp","href":"https:\/\/api.w.org\/{rel}","templated":true}]}}