{"id":795,"date":"2023-03-11T19:40:11","date_gmt":"2023-03-11T19:40:11","guid":{"rendered":"https:\/\/marbella.wdev\/?page_id=795"},"modified":"2026-04-02T11:57:43","modified_gmt":"2026-04-02T08:57:43","slug":"marbella-nido","status":"publish","type":"page","link":"https:\/\/www.marbella.gr\/de\/hotels\/marbella-nido\/","title":{"rendered":"Nido"},"content":{"rendered":"<p><em>Eine anspruchsvolle Flucht f\u00fcr Erwachsene - ganz auf Sie zugeschnitten.<\/em><\/p>\n<p>Ruhig gelegen an der sonnenverw\u00f6hnten ionischen K\u00fcste von Korfu,\u00a0<strong>Nido<\/strong>\u00a0ist ein Zufluchtsort nur f\u00fcr Erwachsene, der sich an diejenigen wendet, die entschleunigen, tief durchatmen und sich wieder mit sich selbst oder mit jemandem Besonderen verbinden m\u00f6chten. Als stolzes Mitglied von\u00a0<em>Kleine Luxushotels der Welt<\/em>Nido bringt Leichtigkeit und Genuss in einer einladenden, ruhigen Umgebung zusammen. Und da der Trubel von Korfu-Stadt nur eine kurze Autofahrt entfernt ist, sind Sie nie weit von einem kleinen Glitzern entfernt.<\/p>\n<p>Ganz gleich, ob Sie hier alleine entspannen, Ihre Liebe feiern oder einfach nur Zeit zu zweit genie\u00dfen m\u00f6chten, das Nido bietet Ihnen den Raum, um sich selbst zu verwirklichen. Unser Team sorgt daf\u00fcr, dass Sie den ganzen Tag \u00fcber erfrischt sind - an unserem Privatstrand, am Pool oder irgendwo dazwischen. Beginnen Sie Ihren Morgen auf dem Yoga-Deck, besuchen Sie das Spa f\u00fcr ein beruhigendes Ritual oder tanken Sie Energie im Fitnessstudio.<\/p>\n<p>Jede Suite ist eine Oase der Ruhe, mit stilvollem Design, privaten Terrassen und einladenden Pools - ideal zum Entspannen mit einem guten Buch oder einem Glas in der Hand. M\u00f6chten Sie lieber zu Hause bleiben? Lassen Sie den Zimmerservice sich um alles k\u00fcmmern. Wenn Sie fertig sind, k\u00f6nnen Sie an der entspannten Poolbar ein langes Mittagessen oder einen Cocktail bei Sonnenuntergang genie\u00dfen. Bei Einbruch der Dunkelheit werden Sie von unseren K\u00f6chen auf eine kulinarische Reise durch lokale und globale Aromen gef\u00fchrt - nat\u00fcrlich gepaart mit Weinen, bei denen Sie gerne verweilen.<\/p>\n<p><strong>Komm wie du bist.<\/strong>\u00a0Gehen Sie erfrischt, inspiriert und ganz Sie selbst.<\/p>\n<p><img loading=\"lazy\" decoding=\"async\" class=\"aligncenter wp-image-10007\" src=\"https:\/\/www.marbella.gr\/app\/uploads\/2026\/03\/Nido-awards.png\" alt=\"\" width=\"695\" height=\"278\" \/><\/p>\n<p>Das Nido-Video ansehen <span style=\"text-decoration: underline;\"><strong><a href=\"https:\/\/www.marbella.gr\/app\/uploads\/2023\/06\/nido-hero-video-1.mp4\" target=\"_blank\" rel=\"noopener\">hier<\/a><\/strong><\/span><\/p>","protected":false},"excerpt":{"rendered":"<p>A sophisticated escape for adults \u2013 designed around you. Nestled peacefully on Corfu\u2019s sun-drenched Ionian coast,\u00a0Nido\u00a0is an adults-only sanctuary made for those who want to slow down, breathe deep, and reconnect \u2013 with themselves or someone special. As a proud member of\u00a0Small Luxury Hotels of the World, Nido brings ease and indulgence together in a [&#8230;]<\/p>\n<p><a class=\"btn btn-secondary understrap-read-more-link\" href=\"https:\/\/www.marbella.gr\/de\/hotels\/marbella-nido\/\">Read More&#8230;<span class=\"screen-reader-text\"> from Nido<\/span><\/a><\/p>\n","protected":false},"author":1,"featured_media":8468,"parent":793,"menu_order":2,"comment_status":"closed","ping_status":"closed","template":"page-templates\/hotel.php","meta":{"_acf_changed":false,"footnotes":""},"class_list":["post-795","page","type-page","status-publish","has-post-thumbnail","hentry"],"acf":[],"yoast_head":"<!-- This site is optimized with the Yoast SEO plugin v27.5 - https:\/\/yoast.com\/product\/yoast-seo-wordpress\/ -->\n<title>Nido by Mar-Bella Collection: 5-Star Hotel in Corfu Adults-Only<\/title>\n<meta name=\"description\" content=\"Escape to Nido by Mar-Bella Collection, a 5-star hotel in Corfu adults-only, crafted for exclusive adult enjoyment in your dream getaway.\" \/>\n<meta name=\"robots\" content=\"index, follow, max-snippet:-1, max-image-preview:large, max-video-preview:-1\" \/>\n<link rel=\"canonical\" href=\"https:\/\/www.marbella.gr\/de\/hotels\/marbella-nido\/\" \/>\n<meta property=\"og:locale\" content=\"de_DE\" \/>\n<meta property=\"og:type\" content=\"article\" \/>\n<meta property=\"og:title\" content=\"Nido by Mar-Bella Collection: 5-Star Hotel in Corfu Adults-Only\" \/>\n<meta property=\"og:description\" content=\"Escape to Nido by Mar-Bella Collection, a 5-star hotel in Corfu adults-only, crafted for exclusive adult enjoyment in your dream getaway.\" \/>\n<meta property=\"og:url\" content=\"https:\/\/www.marbella.gr\/de\/hotels\/marbella-nido\/\" \/>\n<meta property=\"og:site_name\" content=\"Mar-Bella Collection\" \/>\n<meta property=\"article:modified_time\" content=\"2026-04-02T08:57:43+00:00\" \/>\n<meta property=\"og:image\" content=\"https:\/\/www.marbella.gr\/app\/uploads\/2024\/11\/Nido_Suite_Life-1-scaled.jpg\" \/>\n\t<meta property=\"og:image:width\" content=\"2560\" \/>\n\t<meta property=\"og:image:height\" content=\"1920\" \/>\n\t<meta property=\"og:image:type\" content=\"image\/jpeg\" \/>\n<meta name=\"twitter:card\" content=\"summary_large_image\" \/>\n<meta name=\"twitter:label1\" content=\"Gesch\u00e4tzte Lesezeit\" \/>\n\t<meta name=\"twitter:data1\" content=\"2\u00a0Minuten\" \/>\n<!-- \/ Yoast SEO plugin. -->","yoast_head_json":{"title":"Nido by Mar-Bella Kollektion: 5-Sterne-Hotel auf Korfu - nur f\u00fcr Erwachsene","description":"Entfliehen Sie dem Nido by Mar-Bella Collection, einem 5-Sterne-Hotel in Korfu nur f\u00fcr Erwachsene, das f\u00fcr den exklusiven Genuss von Erwachsenen in Ihrem Traumurlaub konzipiert wurde.","robots":{"index":"index","follow":"follow","max-snippet":"max-snippet:-1","max-image-preview":"max-image-preview:large","max-video-preview":"max-video-preview:-1"},"canonical":"https:\/\/www.marbella.gr\/de\/hotels\/marbella-nido\/","og_locale":"de_DE","og_type":"article","og_title":"Nido by Mar-Bella Collection: 5-Star Hotel in Corfu Adults-Only","og_description":"Escape to Nido by Mar-Bella Collection, a 5-star hotel in Corfu adults-only, crafted for exclusive adult enjoyment in your dream getaway.","og_url":"https:\/\/www.marbella.gr\/de\/hotels\/marbella-nido\/","og_site_name":"Mar-Bella Collection","article_modified_time":"2026-04-02T08:57:43+00:00","og_image":[{"width":2560,"height":1920,"url":"https:\/\/www.marbella.gr\/app\/uploads\/2024\/11\/Nido_Suite_Life-1-scaled.jpg","type":"image\/jpeg"}],"twitter_card":"summary_large_image","twitter_misc":{"Gesch\u00e4tzte Lesezeit":"2\u00a0Minuten"},"schema":{"@context":"https:\/\/schema.org","@graph":[{"@type":"WebPage","@id":"https:\/\/www.marbella.gr\/hotels\/marbella-nido\/","url":"https:\/\/www.marbella.gr\/hotels\/marbella-nido\/","name":"Nido by Mar-Bella Kollektion: 5-Sterne-Hotel auf Korfu - nur f\u00fcr Erwachsene","isPartOf":{"@id":"https:\/\/www.marbella.gr\/#website"},"primaryImageOfPage":{"@id":"https:\/\/www.marbella.gr\/hotels\/marbella-nido\/#primaryimage"},"image":{"@id":"https:\/\/www.marbella.gr\/hotels\/marbella-nido\/#primaryimage"},"thumbnailUrl":"https:\/\/www.marbella.gr\/app\/uploads\/2024\/11\/Nido_Suite_Life-1-scaled.jpg","datePublished":"2023-03-11T19:40:11+00:00","dateModified":"2026-04-02T08:57:43+00:00","description":"Entfliehen Sie dem Nido by Mar-Bella Collection, einem 5-Sterne-Hotel in Korfu nur f\u00fcr Erwachsene, das f\u00fcr den exklusiven Genuss von Erwachsenen in Ihrem Traumurlaub konzipiert wurde.","breadcrumb":{"@id":"https:\/\/www.marbella.gr\/hotels\/marbella-nido\/#breadcrumb"},"inLanguage":"de","potentialAction":[{"@type":"ReadAction","target":["https:\/\/www.marbella.gr\/hotels\/marbella-nido\/"]}]},{"@type":"ImageObject","inLanguage":"de","@id":"https:\/\/www.marbella.gr\/hotels\/marbella-nido\/#primaryimage","url":"https:\/\/www.marbella.gr\/app\/uploads\/2024\/11\/Nido_Suite_Life-1-scaled.jpg","contentUrl":"https:\/\/www.marbella.gr\/app\/uploads\/2024\/11\/Nido_Suite_Life-1-scaled.jpg","width":2560,"height":1920,"caption":"Discover Mar-Bella Collection - 5 star hotels in Corfu, Parga Greece"},{"@type":"BreadcrumbList","@id":"https:\/\/www.marbella.gr\/hotels\/marbella-nido\/#breadcrumb","itemListElement":[{"@type":"ListItem","position":1,"name":"Home","item":"https:\/\/www.marbella.gr\/"},{"@type":"ListItem","position":2,"name":"Hotels","item":"https:\/\/www.marbella.gr\/hotels\/"},{"@type":"ListItem","position":3,"name":"Nido"}]},{"@type":"WebSite","@id":"https:\/\/www.marbella.gr\/#website","url":"https:\/\/www.marbella.gr\/","name":"MarBella","description":"Eine Familie von Hotels, die Sie mit dem wundersch\u00f6nen Ionischen Meer verbindet","publisher":{"@id":"https:\/\/www.marbella.gr\/#organization"},"alternateName":"MarBella","potentialAction":[{"@type":"SearchAction","target":{"@type":"EntryPoint","urlTemplate":"https:\/\/www.marbella.gr\/?s={search_term_string}"},"query-input":{"@type":"PropertyValueSpecification","valueRequired":true,"valueName":"search_term_string"}}],"inLanguage":"de"},{"@type":"Organization","@id":"https:\/\/www.marbella.gr\/#organization","name":"MarBella","url":"https:\/\/www.marbella.gr\/","logo":{"@type":"ImageObject","inLanguage":"de","@id":"https:\/\/www.marbella.gr\/#\/schema\/logo\/image\/","url":"https:\/\/www.marbella.gr\/app\/uploads\/2023\/06\/Marbella-collection.png","contentUrl":"https:\/\/www.marbella.gr\/app\/uploads\/2023\/06\/Marbella-collection.png","width":230,"height":75,"caption":"MarBella"},"image":{"@id":"https:\/\/www.marbella.gr\/#\/schema\/logo\/image\/"}}]}},"_links":{"self":[{"href":"https:\/\/www.marbella.gr\/de\/wp-json\/wp\/v2\/pages\/795","targetHints":{"allow":["GET"]}}],"collection":[{"href":"https:\/\/www.marbella.gr\/de\/wp-json\/wp\/v2\/pages"}],"about":[{"href":"https:\/\/www.marbella.gr\/de\/wp-json\/wp\/v2\/types\/page"}],"author":[{"embeddable":true,"href":"https:\/\/www.marbella.gr\/de\/wp-json\/wp\/v2\/users\/1"}],"replies":[{"embeddable":true,"href":"https:\/\/www.marbella.gr\/de\/wp-json\/wp\/v2\/comments?post=795"}],"version-history":[{"count":82,"href":"https:\/\/www.marbella.gr\/de\/wp-json\/wp\/v2\/pages\/795\/revisions"}],"predecessor-version":[{"id":14335,"href":"https:\/\/www.marbella.gr\/de\/wp-json\/wp\/v2\/pages\/795\/revisions\/14335"}],"up":[{"embeddable":true,"href":"https:\/\/www.marbella.gr\/de\/wp-json\/wp\/v2\/pages\/793"}],"wp:featuredmedia":[{"embeddable":true,"href":"https:\/\/www.marbella.gr\/de\/wp-json\/wp\/v2\/media\/8468"}],"wp:attachment":[{"href":"https:\/\/www.marbella.gr\/de\/wp-json\/wp\/v2\/media?parent=795"}],"curies":[{"name":"wp","href":"https:\/\/api.w.org\/{rel}","templated":true}]}}