{"id":797,"date":"2023-03-11T19:40:28","date_gmt":"2023-03-11T19:40:28","guid":{"rendered":"https:\/\/marbella.wdev\/?page_id=797"},"modified":"2026-03-31T09:59:21","modified_gmt":"2026-03-31T06:59:21","slug":"marbella-corfu","status":"publish","type":"page","link":"https:\/\/www.marbella.gr\/de\/hotels\/marbella-corfu\/","title":{"rendered":"MarBella"},"content":{"rendered":"<p>An der sonnenverw\u00f6hnten K\u00fcste der S\u00fcdostk\u00fcste Korfus gelegen, ist MarBella voll von Liebe und Leben. Hier findet jeder F\u00fcnf-Sterne-Qualit\u00e4t und alles, was er braucht, um sich zu entspannen und Spa\u00df zu haben. Und davon jede Menge.<\/p>\n<p>Es geht um Zweisamkeit. Essen, Schwimmen, Ausruhen, Spielen, Tr\u00e4umen und Erkunden. Kostbare Momente, die f\u00fcr immer in Erinnerung bleiben. Und zu sehen, wie Ihre Lieben strahlen und Ihre Bindung zueinander w\u00e4chst.<\/p>\n<p>Jahr f\u00fcr Jahr wurde MarBella von den <strong>Cond\u00e9 Nast Traveller Reader's Choice Auszeichnungen<\/strong> als eines der <strong>Top Ten Urlaubsresorts in Griechenland gew\u00e4hlt.<\/strong>Es ist eine Welt mit vielen Dimensionen und Gen\u00fcssen. Die \u00fcppig angelegten G\u00e4rten bieten einen weiten Blick auf das smaragdgr\u00fcne Ionische Meer. Die Zimmer und Suiten sind ger\u00e4umig, stilvoll und frisch renoviert. Der Wasserpark ist ein endloser Spa\u00df. Die Speisekarten sind voll mit k\u00f6stlichen Aromen aus Griechenland, dem Mittelmeerraum und dar\u00fcber hinaus. Und die Cocktails werden auf Bestellung gemixt.<\/p>\n<p>Und weil so ziemlich alles dabei ist, kann man sich ganz entspannt zur\u00fccklehnen. Noch ein Eis? Warum nicht? Lust auf einen Snack am Pool? Schnappen Sie sich den Snack Ihrer Wahl. Sundowner vor dem Abendessen? Perfekt.<\/p>\n<p><img loading=\"lazy\" decoding=\"async\" class=\"\" src=\"https:\/\/www.marbella.gr\/app\/uploads\/2026\/03\/MarBella-Logo.png\" width=\"1130\" height=\"452\" \/><\/p>\n<p>&nbsp;<\/p>\n<p><strong><span class=\"ui-provider ee bvo bqk bvp bvq bvr bvs bvt bvu bvv bvw bvx bvy bvz bwa bwb bwc bwd bwe bwf bwg bwh bwi bwj bwk bwl bwm bwn bwo bwp bwq bwr bws bwt bwu\" dir=\"ltr\">Das MarBella-Video ansehen <span style=\"text-decoration: underline;\"><a href=\"https:\/\/www.marbella.gr\/de\/app\/uploads\/2023\/06\/corfu-hero-video.mp4\/\" target=\"_blank\" rel=\"noopener\">hier<\/a><\/span><\/span><\/strong><\/p>","protected":false},"excerpt":{"rendered":"<p>Found on the sun-soaked shoreline of Corfu&#8217;s southeast coast, MarBella is full of love and life. It gives everyone five-star quality and all they need to relax and have fun. And plenty of it. It&#8217;s about togetherness. Eating, swimming, resting, playing, dreaming, and exploring. Precious moments to remember forever. And seeing your loved ones shine [&#8230;]<\/p>\n<p><a class=\"btn btn-secondary understrap-read-more-link\" href=\"https:\/\/www.marbella.gr\/de\/hotels\/marbella-corfu\/\">Read More&#8230;<span class=\"screen-reader-text\"> from MarBella<\/span><\/a><\/p>\n","protected":false},"author":1,"featured_media":8552,"parent":793,"menu_order":1,"comment_status":"closed","ping_status":"closed","template":"page-templates\/hotel.php","meta":{"_acf_changed":false,"footnotes":""},"class_list":["post-797","page","type-page","status-publish","has-post-thumbnail","hentry"],"acf":[],"yoast_head":"<!-- This site is optimized with the Yoast SEO plugin v27.2 - https:\/\/yoast.com\/product\/yoast-seo-wordpress\/ -->\n<title>MarBella by Mar-Bella Collection: 5-Star Excellence in Corfu<\/title>\n<meta name=\"description\" content=\"Experience the ultimate luxury at MarBella, a 5-star hotel in Corfu, offering breathtaking beachfront views and surrounded by lush nature.\" \/>\n<meta name=\"robots\" content=\"index, follow, max-snippet:-1, max-image-preview:large, max-video-preview:-1\" \/>\n<link rel=\"canonical\" href=\"https:\/\/www.marbella.gr\/de\/hotels\/marbella-corfu\/\" \/>\n<meta property=\"og:locale\" content=\"de_DE\" \/>\n<meta property=\"og:type\" content=\"article\" \/>\n<meta property=\"og:title\" content=\"MarBella by Mar-Bella Collection: 5-Star Excellence in Corfu\" \/>\n<meta property=\"og:description\" content=\"Experience the ultimate luxury at MarBella, a 5-star hotel in Corfu, offering breathtaking beachfront views and surrounded by lush nature.\" \/>\n<meta property=\"og:url\" content=\"https:\/\/www.marbella.gr\/de\/hotels\/marbella-corfu\/\" \/>\n<meta property=\"og:site_name\" content=\"Mar-Bella Collection\" \/>\n<meta property=\"article:modified_time\" content=\"2026-03-31T06:59:21+00:00\" \/>\n<meta property=\"og:image\" content=\"https:\/\/www.marbella.gr\/app\/uploads\/2024\/11\/MarBella_Family_Experiences-26-scaled.jpg\" \/>\n\t<meta property=\"og:image:width\" content=\"2560\" \/>\n\t<meta property=\"og:image:height\" content=\"1924\" \/>\n\t<meta property=\"og:image:type\" content=\"image\/jpeg\" \/>\n<meta name=\"twitter:card\" content=\"summary_large_image\" \/>\n<meta name=\"twitter:label1\" content=\"Gesch\u00e4tzte Lesezeit\" \/>\n\t<meta name=\"twitter:data1\" content=\"2\u00a0Minuten\" \/>\n<!-- \/ Yoast SEO plugin. -->","yoast_head_json":{"title":"MarBella by Mar-Bella Kollektion: 5-Sterne-Exzellenz auf Korfu","description":"Erleben Sie den ultimativen Luxus im MarBella, einem 5-Sterne-Hotel auf Korfu, das einen atemberaubenden Blick auf den Strand bietet und von \u00fcppiger Natur umgeben ist.","robots":{"index":"index","follow":"follow","max-snippet":"max-snippet:-1","max-image-preview":"max-image-preview:large","max-video-preview":"max-video-preview:-1"},"canonical":"https:\/\/www.marbella.gr\/de\/hotels\/marbella-corfu\/","og_locale":"de_DE","og_type":"article","og_title":"MarBella by Mar-Bella Collection: 5-Star Excellence in Corfu","og_description":"Experience the ultimate luxury at MarBella, a 5-star hotel in Corfu, offering breathtaking beachfront views and surrounded by lush nature.","og_url":"https:\/\/www.marbella.gr\/de\/hotels\/marbella-corfu\/","og_site_name":"Mar-Bella Collection","article_modified_time":"2026-03-31T06:59:21+00:00","og_image":[{"width":2560,"height":1924,"url":"https:\/\/www.marbella.gr\/app\/uploads\/2024\/11\/MarBella_Family_Experiences-26-scaled.jpg","type":"image\/jpeg"}],"twitter_card":"summary_large_image","twitter_misc":{"Gesch\u00e4tzte Lesezeit":"2\u00a0Minuten"},"schema":{"@context":"https:\/\/schema.org","@graph":[{"@type":"WebPage","@id":"https:\/\/www.marbella.gr\/hotels\/marbella-corfu\/","url":"https:\/\/www.marbella.gr\/hotels\/marbella-corfu\/","name":"MarBella by Mar-Bella Kollektion: 5-Sterne-Exzellenz auf Korfu","isPartOf":{"@id":"https:\/\/www.marbella.gr\/#website"},"primaryImageOfPage":{"@id":"https:\/\/www.marbella.gr\/hotels\/marbella-corfu\/#primaryimage"},"image":{"@id":"https:\/\/www.marbella.gr\/hotels\/marbella-corfu\/#primaryimage"},"thumbnailUrl":"https:\/\/www.marbella.gr\/app\/uploads\/2024\/11\/MarBella_Family_Experiences-26-scaled.jpg","datePublished":"2023-03-11T19:40:28+00:00","dateModified":"2026-03-31T06:59:21+00:00","description":"Erleben Sie den ultimativen Luxus im MarBella, einem 5-Sterne-Hotel auf Korfu, das einen atemberaubenden Blick auf den Strand bietet und von \u00fcppiger Natur umgeben ist.","breadcrumb":{"@id":"https:\/\/www.marbella.gr\/hotels\/marbella-corfu\/#breadcrumb"},"inLanguage":"de","potentialAction":[{"@type":"ReadAction","target":["https:\/\/www.marbella.gr\/hotels\/marbella-corfu\/"]}]},{"@type":"ImageObject","inLanguage":"de","@id":"https:\/\/www.marbella.gr\/hotels\/marbella-corfu\/#primaryimage","url":"https:\/\/www.marbella.gr\/app\/uploads\/2024\/11\/MarBella_Family_Experiences-26-scaled.jpg","contentUrl":"https:\/\/www.marbella.gr\/app\/uploads\/2024\/11\/MarBella_Family_Experiences-26-scaled.jpg","width":2560,"height":1924,"caption":"Discover MarBella by Mar-Bella Collection - 5 star hotel in Corfu, Parga Greece"},{"@type":"BreadcrumbList","@id":"https:\/\/www.marbella.gr\/hotels\/marbella-corfu\/#breadcrumb","itemListElement":[{"@type":"ListItem","position":1,"name":"Home","item":"https:\/\/www.marbella.gr\/"},{"@type":"ListItem","position":2,"name":"Hotels","item":"https:\/\/www.marbella.gr\/hotels\/"},{"@type":"ListItem","position":3,"name":"MarBella"}]},{"@type":"WebSite","@id":"https:\/\/www.marbella.gr\/#website","url":"https:\/\/www.marbella.gr\/","name":"MarBella","description":"Eine Familie von Hotels, die Sie mit dem wundersch\u00f6nen Ionischen Meer verbindet","publisher":{"@id":"https:\/\/www.marbella.gr\/#organization"},"alternateName":"MarBella","potentialAction":[{"@type":"SearchAction","target":{"@type":"EntryPoint","urlTemplate":"https:\/\/www.marbella.gr\/?s={search_term_string}"},"query-input":{"@type":"PropertyValueSpecification","valueRequired":true,"valueName":"search_term_string"}}],"inLanguage":"de"},{"@type":"Organization","@id":"https:\/\/www.marbella.gr\/#organization","name":"MarBella","url":"https:\/\/www.marbella.gr\/","logo":{"@type":"ImageObject","inLanguage":"de","@id":"https:\/\/www.marbella.gr\/#\/schema\/logo\/image\/","url":"https:\/\/www.marbella.gr\/app\/uploads\/2023\/06\/Marbella-collection.png","contentUrl":"https:\/\/www.marbella.gr\/app\/uploads\/2023\/06\/Marbella-collection.png","width":230,"height":75,"caption":"MarBella"},"image":{"@id":"https:\/\/www.marbella.gr\/#\/schema\/logo\/image\/"}}]}},"_links":{"self":[{"href":"https:\/\/www.marbella.gr\/de\/wp-json\/wp\/v2\/pages\/797","targetHints":{"allow":["GET"]}}],"collection":[{"href":"https:\/\/www.marbella.gr\/de\/wp-json\/wp\/v2\/pages"}],"about":[{"href":"https:\/\/www.marbella.gr\/de\/wp-json\/wp\/v2\/types\/page"}],"author":[{"embeddable":true,"href":"https:\/\/www.marbella.gr\/de\/wp-json\/wp\/v2\/users\/1"}],"replies":[{"embeddable":true,"href":"https:\/\/www.marbella.gr\/de\/wp-json\/wp\/v2\/comments?post=797"}],"version-history":[{"count":88,"href":"https:\/\/www.marbella.gr\/de\/wp-json\/wp\/v2\/pages\/797\/revisions"}],"predecessor-version":[{"id":14300,"href":"https:\/\/www.marbella.gr\/de\/wp-json\/wp\/v2\/pages\/797\/revisions\/14300"}],"up":[{"embeddable":true,"href":"https:\/\/www.marbella.gr\/de\/wp-json\/wp\/v2\/pages\/793"}],"wp:featuredmedia":[{"embeddable":true,"href":"https:\/\/www.marbella.gr\/de\/wp-json\/wp\/v2\/media\/8552"}],"wp:attachment":[{"href":"https:\/\/www.marbella.gr\/de\/wp-json\/wp\/v2\/media?parent=797"}],"curies":[{"name":"wp","href":"https:\/\/api.w.org\/{rel}","templated":true}]}}