{"id":8050,"date":"2024-08-30T08:35:29","date_gmt":"2024-08-30T08:35:29","guid":{"rendered":"https:\/\/www.marbella.gr\/season-offers-copy\/"},"modified":"2026-04-17T13:03:08","modified_gmt":"2026-04-17T10:03:08","slug":"early-booking-offers","status":"publish","type":"page","link":"https:\/\/www.marbella.gr\/de\/early-booking-offers\/","title":{"rendered":"Summer Special Offers 2026"},"content":{"rendered":"<p>Machen Sie sich bereit f\u00fcr Ihren Sommerurlaub 2026 mit Mar-Bella Collection und profitieren Sie von gro\u00dfartigen Ersparnissen! Ob Sie einen Premium-All-Inclusive-Familienurlaub oder einen ruhigen R\u00fcckzugsort nur f\u00fcr Erwachsene suchen, Mar-Bella Collection bietet f\u00fcr jeden das ideale Reiseziel.<\/p>","protected":false},"excerpt":{"rendered":"<p>Get ready for your summer holidays 2026 with Mar-Bella Collection and enjoy great early booking savings! Whether you&#8217;re after a Premium All-Inclusive family getaway or a peaceful adults-only retreat, Mar-Bella Collection offers the ideal destination for everyone. [&#8230;]<\/p>\n<p><a class=\"btn btn-secondary understrap-read-more-link\" href=\"https:\/\/www.marbella.gr\/de\/early-booking-offers\/\">Read More&#8230;<span class=\"screen-reader-text\"> from Summer Special Offers 2026<\/span><\/a><\/p>\n","protected":false},"author":16,"featured_media":4828,"parent":0,"menu_order":0,"comment_status":"closed","ping_status":"closed","template":"page-templates\/offers.php","meta":{"_acf_changed":false,"footnotes":""},"class_list":["post-8050","page","type-page","status-publish","has-post-thumbnail","hentry"],"acf":[],"yoast_head":"<!-- This site is optimized with the Yoast SEO plugin v27.4 - https:\/\/yoast.com\/product\/yoast-seo-wordpress\/ -->\n<title>Corfu &amp; Parga luxury hotel value Offers | MarBella Collection<\/title>\n<meta name=\"description\" content=\"Plan your upcoming summer holidays with Mar-Bella Collection and save with our Early Booking Offers for 2026!\" \/>\n<meta name=\"robots\" content=\"index, follow, max-snippet:-1, max-image-preview:large, max-video-preview:-1\" \/>\n<link rel=\"canonical\" href=\"https:\/\/www.marbella.gr\/de\/offers\/\" \/>\n<meta property=\"og:locale\" content=\"de_DE\" \/>\n<meta property=\"og:type\" content=\"article\" \/>\n<meta property=\"og:title\" content=\"Corfu &amp; Parga luxury hotel value Offers | MarBella Collection\" \/>\n<meta property=\"og:description\" content=\"Plan your upcoming summer holidays with Mar-Bella Collection and save with our Early Booking Offers for 2026!\" \/>\n<meta property=\"og:url\" content=\"https:\/\/www.marbella.gr\/de\/offers\/\" \/>\n<meta property=\"og:site_name\" content=\"Mar-Bella Collection\" \/>\n<meta property=\"article:modified_time\" content=\"2026-04-17T10:03:08+00:00\" \/>\n<meta property=\"og:image\" content=\"https:\/\/www.marbella.gr\/app\/uploads\/2023\/05\/One-Bedroom-Bungalow-Suite-PP.jpg\" \/>\n\t<meta property=\"og:image:width\" content=\"1921\" \/>\n\t<meta property=\"og:image:height\" content=\"1281\" \/>\n\t<meta property=\"og:image:type\" content=\"image\/jpeg\" \/>\n<meta name=\"twitter:card\" content=\"summary_large_image\" \/>\n<meta name=\"twitter:label1\" content=\"Gesch\u00e4tzte Lesezeit\" \/>\n\t<meta name=\"twitter:data1\" content=\"1\u00a0Minute\" \/>\n<!-- \/ Yoast SEO plugin. -->","yoast_head_json":{"title":"Korfu &amp; Parga Luxushotel Wertangebote | MarBella Collection","description":"Planen Sie Ihren n\u00e4chsten Sommerurlaub mit Mar-Bella Collection und sparen Sie mit unseren Fr\u00fchbucherangeboten f\u00fcr 2025!","robots":{"index":"index","follow":"follow","max-snippet":"max-snippet:-1","max-image-preview":"max-image-preview:large","max-video-preview":"max-video-preview:-1"},"canonical":"https:\/\/www.marbella.gr\/de\/offers\/","og_locale":"de_DE","og_type":"article","og_title":"Corfu & Parga luxury hotel value Offers | MarBella Collection","og_description":"Plan your upcoming summer holidays with Mar-Bella Collection and save with our Early Booking Offers for 2026!","og_url":"https:\/\/www.marbella.gr\/de\/offers\/","og_site_name":"Mar-Bella Collection","article_modified_time":"2026-04-17T10:03:08+00:00","og_image":[{"width":1921,"height":1281,"url":"https:\/\/www.marbella.gr\/app\/uploads\/2023\/05\/One-Bedroom-Bungalow-Suite-PP.jpg","type":"image\/jpeg"}],"twitter_card":"summary_large_image","twitter_misc":{"Gesch\u00e4tzte Lesezeit":"1\u00a0Minute"},"schema":{"@context":"https:\/\/schema.org","@graph":[{"@type":"WebPage","@id":"https:\/\/www.marbella.gr\/early-booking-offers\/","url":"https:\/\/www.marbella.gr\/offers","name":"Korfu &amp; Parga Luxushotel Wertangebote | MarBella Collection","isPartOf":{"@id":"https:\/\/www.marbella.gr\/#website"},"primaryImageOfPage":{"@id":"https:\/\/www.marbella.gr\/offers#primaryimage"},"image":{"@id":"https:\/\/www.marbella.gr\/offers#primaryimage"},"thumbnailUrl":"https:\/\/www.marbella.gr\/app\/uploads\/2023\/05\/One-Bedroom-Bungalow-Suite-PP.jpg","datePublished":"2024-08-30T08:35:29+00:00","dateModified":"2026-04-17T10:03:08+00:00","description":"Planen Sie Ihren n\u00e4chsten Sommerurlaub mit Mar-Bella Collection und sparen Sie mit unseren Fr\u00fchbucherangeboten f\u00fcr 2025!","breadcrumb":{"@id":"https:\/\/www.marbella.gr\/offers#breadcrumb"},"inLanguage":"de","potentialAction":[{"@type":"ReadAction","target":["https:\/\/www.marbella.gr\/offers"]}]},{"@type":"ImageObject","inLanguage":"de","@id":"https:\/\/www.marbella.gr\/offers#primaryimage","url":"https:\/\/www.marbella.gr\/app\/uploads\/2023\/05\/One-Bedroom-Bungalow-Suite-PP.jpg","contentUrl":"https:\/\/www.marbella.gr\/app\/uploads\/2023\/05\/One-Bedroom-Bungalow-Suite-PP.jpg","width":1921,"height":1281,"caption":"Discover Mar-Bella Collection - 5 star hotels in Corfu, Parga Greece"},{"@type":"BreadcrumbList","@id":"https:\/\/www.marbella.gr\/offers#breadcrumb","itemListElement":[{"@type":"ListItem","position":1,"name":"Home","item":"https:\/\/www.marbella.gr\/"},{"@type":"ListItem","position":2,"name":"Summer Special Offers 2026"}]},{"@type":"WebSite","@id":"https:\/\/www.marbella.gr\/#website","url":"https:\/\/www.marbella.gr\/","name":"MarBella","description":"Eine Familie von Hotels, die Sie mit dem wundersch\u00f6nen Ionischen Meer verbindet","publisher":{"@id":"https:\/\/www.marbella.gr\/#organization"},"alternateName":"MarBella","potentialAction":[{"@type":"SearchAction","target":{"@type":"EntryPoint","urlTemplate":"https:\/\/www.marbella.gr\/?s={search_term_string}"},"query-input":{"@type":"PropertyValueSpecification","valueRequired":true,"valueName":"search_term_string"}}],"inLanguage":"de"},{"@type":"Organization","@id":"https:\/\/www.marbella.gr\/#organization","name":"MarBella","url":"https:\/\/www.marbella.gr\/","logo":{"@type":"ImageObject","inLanguage":"de","@id":"https:\/\/www.marbella.gr\/#\/schema\/logo\/image\/","url":"https:\/\/www.marbella.gr\/app\/uploads\/2023\/06\/Marbella-collection.png","contentUrl":"https:\/\/www.marbella.gr\/app\/uploads\/2023\/06\/Marbella-collection.png","width":230,"height":75,"caption":"MarBella"},"image":{"@id":"https:\/\/www.marbella.gr\/#\/schema\/logo\/image\/"}}]}},"_links":{"self":[{"href":"https:\/\/www.marbella.gr\/de\/wp-json\/wp\/v2\/pages\/8050","targetHints":{"allow":["GET"]}}],"collection":[{"href":"https:\/\/www.marbella.gr\/de\/wp-json\/wp\/v2\/pages"}],"about":[{"href":"https:\/\/www.marbella.gr\/de\/wp-json\/wp\/v2\/types\/page"}],"author":[{"embeddable":true,"href":"https:\/\/www.marbella.gr\/de\/wp-json\/wp\/v2\/users\/16"}],"replies":[{"embeddable":true,"href":"https:\/\/www.marbella.gr\/de\/wp-json\/wp\/v2\/comments?post=8050"}],"version-history":[{"count":29,"href":"https:\/\/www.marbella.gr\/de\/wp-json\/wp\/v2\/pages\/8050\/revisions"}],"predecessor-version":[{"id":14600,"href":"https:\/\/www.marbella.gr\/de\/wp-json\/wp\/v2\/pages\/8050\/revisions\/14600"}],"wp:featuredmedia":[{"embeddable":true,"href":"https:\/\/www.marbella.gr\/de\/wp-json\/wp\/v2\/media\/4828"}],"wp:attachment":[{"href":"https:\/\/www.marbella.gr\/de\/wp-json\/wp\/v2\/media?parent=8050"}],"curies":[{"name":"wp","href":"https:\/\/api.w.org\/{rel}","templated":true}]}}