{"id":8206,"date":"2024-10-02T12:58:14","date_gmt":"2024-10-02T12:58:14","guid":{"rendered":"https:\/\/www.marbella.gr\/hotels\/marbella-elix\/rooms-suites-copy\/"},"modified":"2026-01-23T15:11:47","modified_gmt":"2026-01-23T13:11:47","slug":"rooms-suites","status":"publish","type":"page","link":"https:\/\/www.marbella.gr\/de\/hotels\/avali-hotel\/rooms-suites\/","title":{"rendered":"Zimmer &amp; Suiten"},"content":{"rendered":"<p>W\u00e4hlen Sie aus 76 luxuri\u00f6sen Zimmern und Suiten, die eine berauschende Mischung aus coolem Stil, luxuri\u00f6sem Komfort und atemberaubender Aussicht bieten. Ger\u00e4umig, modern und entspannt - willkommen in den perfekten R\u00e4umen f\u00fcr G\u00e4ste, die ein entspanntes Ambiente, mit allem was sie f\u00fcr einen unvergesslichen Aufenthalt brauchen, suchen.<\/p>","protected":false},"excerpt":{"rendered":"<p>Select from 76 luxurious rooms and suites offering a heady mix of cool style, luxurious comfort and exhilarating views. Spacious, contemporary and relaxed, welcome to the perfect spaces for guests in search of a chilled ambience with everything on hand for a wholly memorable stay. [&#8230;]<\/p>\n<p><a class=\"btn btn-secondary understrap-read-more-link\" href=\"https:\/\/www.marbella.gr\/de\/hotels\/avali-hotel\/rooms-suites\/\">Read More&#8230;<span class=\"screen-reader-text\"> from Rooms &#038; Suites<\/span><\/a><\/p>\n","protected":false},"author":13,"featured_media":10779,"parent":7158,"menu_order":0,"comment_status":"closed","ping_status":"closed","template":"page-templates\/rooms.php","meta":{"_acf_changed":false,"footnotes":""},"class_list":["post-8206","page","type-page","status-publish","has-post-thumbnail","hentry"],"acf":[],"yoast_head":"<!-- This site is optimized with the Yoast SEO plugin v27.4 - https:\/\/yoast.com\/product\/yoast-seo-wordpress\/ -->\n<title>Luxury 5-Star Accommodation in Corfu | Avali<\/title>\n<meta name=\"description\" content=\"Beautiful beachfront location on a secluded bay in Corfu, ensures Avali presents you with spectacular outlooks.\" \/>\n<meta name=\"robots\" content=\"index, follow, max-snippet:-1, max-image-preview:large, max-video-preview:-1\" \/>\n<link rel=\"canonical\" href=\"https:\/\/www.marbella.gr\/de\/hotels\/avali-hotel\/rooms-suites\/\" \/>\n<meta property=\"og:locale\" content=\"de_DE\" \/>\n<meta property=\"og:type\" content=\"article\" \/>\n<meta property=\"og:title\" content=\"Luxury 5-Star Accommodation in Corfu | Avali\" \/>\n<meta property=\"og:description\" content=\"Beautiful beachfront location on a secluded bay in Corfu, ensures Avali presents you with spectacular outlooks.\" \/>\n<meta property=\"og:url\" content=\"https:\/\/www.marbella.gr\/de\/hotels\/avali-hotel\/rooms-suites\/\" \/>\n<meta property=\"og:site_name\" content=\"Mar-Bella Collection\" \/>\n<meta property=\"article:modified_time\" content=\"2026-01-23T13:11:47+00:00\" \/>\n<meta property=\"og:image\" content=\"https:\/\/www.marbella.gr\/app\/uploads\/2024\/10\/Rooftop_Junior_Suite_Front-SV-2-scaled.jpg\" \/>\n\t<meta property=\"og:image:width\" content=\"2560\" \/>\n\t<meta property=\"og:image:height\" content=\"1708\" \/>\n\t<meta property=\"og:image:type\" content=\"image\/jpeg\" \/>\n<meta name=\"twitter:card\" content=\"summary_large_image\" \/>\n<meta name=\"twitter:label1\" content=\"Gesch\u00e4tzte Lesezeit\" \/>\n\t<meta name=\"twitter:data1\" content=\"1\u00a0Minute\" \/>\n<!-- \/ Yoast SEO plugin. -->","yoast_head_json":{"title":"Luxuri\u00f6se 5-Sterne-Unterkunft in Korfu | Avali","description":"Wundersch\u00f6ne Lage direkt am Strand in einer abgelegenen Bucht auf Korfu, sorgt daf\u00fcr, dass Avali Sie mit spektakul\u00e4ren Aussichten pr\u00e4sentiert.","robots":{"index":"index","follow":"follow","max-snippet":"max-snippet:-1","max-image-preview":"max-image-preview:large","max-video-preview":"max-video-preview:-1"},"canonical":"https:\/\/www.marbella.gr\/de\/hotels\/avali-hotel\/rooms-suites\/","og_locale":"de_DE","og_type":"article","og_title":"Luxury 5-Star Accommodation in Corfu | Avali","og_description":"Beautiful beachfront location on a secluded bay in Corfu, ensures Avali presents you with spectacular outlooks.","og_url":"https:\/\/www.marbella.gr\/de\/hotels\/avali-hotel\/rooms-suites\/","og_site_name":"Mar-Bella Collection","article_modified_time":"2026-01-23T13:11:47+00:00","og_image":[{"width":2560,"height":1708,"url":"https:\/\/www.marbella.gr\/app\/uploads\/2024\/10\/Rooftop_Junior_Suite_Front-SV-2-scaled.jpg","type":"image\/jpeg"}],"twitter_card":"summary_large_image","twitter_misc":{"Gesch\u00e4tzte Lesezeit":"1\u00a0Minute"},"schema":{"@context":"https:\/\/schema.org","@graph":[{"@type":"WebPage","@id":"https:\/\/www.marbella.gr\/hotels\/avali-hotel\/rooms-suites\/","url":"https:\/\/www.marbella.gr\/hotels\/avali-hotel\/rooms-suites\/","name":"Luxuri\u00f6se 5-Sterne-Unterkunft in Korfu | Avali","isPartOf":{"@id":"https:\/\/www.marbella.gr\/#website"},"primaryImageOfPage":{"@id":"https:\/\/www.marbella.gr\/hotels\/avali-hotel\/rooms-suites\/#primaryimage"},"image":{"@id":"https:\/\/www.marbella.gr\/hotels\/avali-hotel\/rooms-suites\/#primaryimage"},"thumbnailUrl":"https:\/\/www.marbella.gr\/app\/uploads\/2024\/10\/Rooftop_Junior_Suite_Front-SV-2-scaled.jpg","datePublished":"2024-10-02T12:58:14+00:00","dateModified":"2026-01-23T13:11:47+00:00","description":"Wundersch\u00f6ne Lage direkt am Strand in einer abgelegenen Bucht auf Korfu, sorgt daf\u00fcr, dass Avali Sie mit spektakul\u00e4ren Aussichten pr\u00e4sentiert.","breadcrumb":{"@id":"https:\/\/www.marbella.gr\/hotels\/avali-hotel\/rooms-suites\/#breadcrumb"},"inLanguage":"de","potentialAction":[{"@type":"ReadAction","target":["https:\/\/www.marbella.gr\/hotels\/avali-hotel\/rooms-suites\/"]}]},{"@type":"ImageObject","inLanguage":"de","@id":"https:\/\/www.marbella.gr\/hotels\/avali-hotel\/rooms-suites\/#primaryimage","url":"https:\/\/www.marbella.gr\/app\/uploads\/2024\/10\/Rooftop_Junior_Suite_Front-SV-2-scaled.jpg","contentUrl":"https:\/\/www.marbella.gr\/app\/uploads\/2024\/10\/Rooftop_Junior_Suite_Front-SV-2-scaled.jpg","width":2560,"height":1708},{"@type":"BreadcrumbList","@id":"https:\/\/www.marbella.gr\/hotels\/avali-hotel\/rooms-suites\/#breadcrumb","itemListElement":[{"@type":"ListItem","position":1,"name":"Home","item":"https:\/\/www.marbella.gr\/"},{"@type":"ListItem","position":2,"name":"Hotels","item":"https:\/\/www.marbella.gr\/hotels\/"},{"@type":"ListItem","position":3,"name":"Avali","item":"https:\/\/www.marbella.gr\/hotels\/avali-hotel\/"},{"@type":"ListItem","position":4,"name":"Rooms &#038; Suites"}]},{"@type":"WebSite","@id":"https:\/\/www.marbella.gr\/#website","url":"https:\/\/www.marbella.gr\/","name":"MarBella","description":"Eine Familie von Hotels, die Sie mit dem wundersch\u00f6nen Ionischen Meer verbindet","publisher":{"@id":"https:\/\/www.marbella.gr\/#organization"},"alternateName":"MarBella","potentialAction":[{"@type":"SearchAction","target":{"@type":"EntryPoint","urlTemplate":"https:\/\/www.marbella.gr\/?s={search_term_string}"},"query-input":{"@type":"PropertyValueSpecification","valueRequired":true,"valueName":"search_term_string"}}],"inLanguage":"de"},{"@type":"Organization","@id":"https:\/\/www.marbella.gr\/#organization","name":"MarBella","url":"https:\/\/www.marbella.gr\/","logo":{"@type":"ImageObject","inLanguage":"de","@id":"https:\/\/www.marbella.gr\/#\/schema\/logo\/image\/","url":"https:\/\/www.marbella.gr\/app\/uploads\/2023\/06\/Marbella-collection.png","contentUrl":"https:\/\/www.marbella.gr\/app\/uploads\/2023\/06\/Marbella-collection.png","width":230,"height":75,"caption":"MarBella"},"image":{"@id":"https:\/\/www.marbella.gr\/#\/schema\/logo\/image\/"}}]}},"_links":{"self":[{"href":"https:\/\/www.marbella.gr\/de\/wp-json\/wp\/v2\/pages\/8206","targetHints":{"allow":["GET"]}}],"collection":[{"href":"https:\/\/www.marbella.gr\/de\/wp-json\/wp\/v2\/pages"}],"about":[{"href":"https:\/\/www.marbella.gr\/de\/wp-json\/wp\/v2\/types\/page"}],"author":[{"embeddable":true,"href":"https:\/\/www.marbella.gr\/de\/wp-json\/wp\/v2\/users\/13"}],"replies":[{"embeddable":true,"href":"https:\/\/www.marbella.gr\/de\/wp-json\/wp\/v2\/comments?post=8206"}],"version-history":[{"count":26,"href":"https:\/\/www.marbella.gr\/de\/wp-json\/wp\/v2\/pages\/8206\/revisions"}],"predecessor-version":[{"id":12771,"href":"https:\/\/www.marbella.gr\/de\/wp-json\/wp\/v2\/pages\/8206\/revisions\/12771"}],"up":[{"embeddable":true,"href":"https:\/\/www.marbella.gr\/de\/wp-json\/wp\/v2\/pages\/7158"}],"wp:featuredmedia":[{"embeddable":true,"href":"https:\/\/www.marbella.gr\/de\/wp-json\/wp\/v2\/media\/10779"}],"wp:attachment":[{"href":"https:\/\/www.marbella.gr\/de\/wp-json\/wp\/v2\/media?parent=8206"}],"curies":[{"name":"wp","href":"https:\/\/api.w.org\/{rel}","templated":true}]}}