{"id":8230,"date":"2024-10-03T13:45:10","date_gmt":"2024-10-03T13:45:10","guid":{"rendered":"https:\/\/www.marbella.gr\/?page_id=8230"},"modified":"2026-04-01T15:00:37","modified_gmt":"2026-04-01T12:00:37","slug":"twin-center","status":"publish","type":"page","link":"https:\/\/www.marbella.gr\/de\/twin-center\/","title":{"rendered":"Urlaub in zwei Zentren mit Mar-Bella Collection"},"content":{"rendered":"<p>Wenn Sie dachten, dass ein Urlaub nicht mehr verw\u00f6hnt werden kann als ein Aufenthalt an einem der atemberaubenden Reiseziele der Mar-Bella Collection, dann kommen Sie mit unseren Twin Centre-Ausfl\u00fcgen. Diese perfekt aufeinander abgestimmte Erfahrung kombiniert Zeit in <a href=\"https:\/\/www.marbella.gr\/de\/hotels\/marbella-corfu\/\" target=\"_blank\" rel=\"noopener\"><strong>MarBella,<\/strong><\/a>\u00a0<a href=\"https:\/\/www.marbella.gr\/de\/hotels\/marbella-nido\/\" target=\"_blank\" rel=\"noopener\"><strong>Nido<\/strong><\/a> oder <strong><a href=\"https:\/\/www.marbella.gr\/de\/hotels\/avali-hotel\/\">Avali<\/a><\/strong> auf Korfu mit einem Aufenthalt im <a href=\"https:\/\/www.marbella.gr\/de\/hotels\/marbella-elix\/\" target=\"_blank\" rel=\"noopener\"><strong>Elix<\/strong><\/a> auf der anderen Seite des Ionischen Meeres auf der Westseite des griechischen Festlandes.<\/p>\n<p>W\u00e4hlen Sie eines unserer fantastischen Hotels auf der atemberaubenden Insel Korfu, die reich an farbenfroher Geschichte und Einfl\u00fcssen ist. Dazu geh\u00f6rt auch die Altstadt der Hauptstadt, die zum UNESCO-Weltkulturerbe geh\u00f6rt und voller kultureller, k\u00fcnstlerischer und kulinarischer Sch\u00e4tze steckt. W\u00e4hlen Sie das luxuri\u00f6se MarBella, den Ort zum Entspannen und Spa\u00df haben mit Ihren Liebsten, oder checken Sie in unserem intimen, erwachsenen R\u00fcckzugsort Nido ein, f\u00fcr einen Aufenthalt voller F\u00fcnf-Sterne-Perfektion und Ruhe. <i>Avali<\/i>, the newest addition to the Mar-Bella Collection, opening in 2025, where beach life and laid-back luxury come together.<\/p>\n<p>Kombinieren Sie dies mit einem unvergesslichen Besuch in Elix an der makellosen K\u00fcste von Epirus, einem der bestgeh\u00fcteten Geheimnisse des Festlands. Dieses luxuri\u00f6se Hotel thront majest\u00e4tisch \u00fcber dem wundersch\u00f6nen Strand von Karavostasi und dem kristallklaren Wasser des Ionischen Meeres und bietet den perfekten R\u00fcckzugsort f\u00fcr Paare und erwachsene Familien. Es l\u00e4dt Sie ein, der digitalen Welt zu entfliehen und die freie Natur mit unserem Angebot an Land- und Seeaktivit\u00e4ten zu erkunden.<\/p>\n<p>Nehmen Sie sich Zeit, zwischen diesen Hotels hin und her zu wechseln und genie\u00dfen Sie die nat\u00fcrliche Sch\u00f6nheit der unber\u00fchrten Umgebung.<\/p>","protected":false},"excerpt":{"rendered":"<p>When you thought a holiday couldn\u2019t get any more indulgent than a stay at one of Mar-Bella Collection\u2019s stunning destinations, along come our Twin Centre getaways. This perfectly paired experience combines time at MarBella,\u00a0Nido or Avali on Corfu with a stay at Elix just across the Ionian Sea on the west side of mainland Greece. [&#8230;]<\/p>\n<p><a class=\"btn btn-secondary understrap-read-more-link\" href=\"https:\/\/www.marbella.gr\/de\/twin-center\/\">Read More&#8230;<span class=\"screen-reader-text\"> from Twin Centre Getaways with Mar-Bella Collection<\/span><\/a><\/p>\n","protected":false},"author":16,"featured_media":0,"parent":0,"menu_order":0,"comment_status":"closed","ping_status":"closed","template":"","meta":{"_acf_changed":false,"footnotes":""},"class_list":["post-8230","page","type-page","status-publish","hentry"],"acf":[],"yoast_head":"<!-- This site is optimized with the Yoast SEO plugin v27.5 - https:\/\/yoast.com\/product\/yoast-seo-wordpress\/ -->\n<title>Twin Centre Getaways in Corfu &amp; Epirus | Mar-Bella Collection<\/title>\n<meta name=\"description\" content=\"Experience the ultimate indulgence with Mar-Bella Collection\u2019s Twin Centre getaways, combining stays at MarBella, Nido, Avali in Corfu and Elix on Epirus\u2019 pristine coast.\" \/>\n<meta name=\"robots\" content=\"index, follow, max-snippet:-1, max-image-preview:large, max-video-preview:-1\" \/>\n<link rel=\"canonical\" href=\"https:\/\/www.marbella.gr\/de\/twin-center\/\" \/>\n<meta property=\"og:locale\" content=\"de_DE\" \/>\n<meta property=\"og:type\" content=\"article\" \/>\n<meta property=\"og:title\" content=\"Twin Centre Getaways in Corfu &amp; Epirus | Mar-Bella Collection\" \/>\n<meta property=\"og:description\" content=\"Experience the ultimate indulgence with Mar-Bella Collection\u2019s Twin Centre getaways, combining stays at MarBella, Nido, Avali in Corfu and Elix on Epirus\u2019 pristine coast.\" \/>\n<meta property=\"og:url\" content=\"https:\/\/www.marbella.gr\/de\/twin-center\/\" \/>\n<meta property=\"og:site_name\" content=\"Mar-Bella Collection\" \/>\n<meta property=\"article:modified_time\" content=\"2026-04-01T12:00:37+00:00\" \/>\n<meta property=\"og:image\" content=\"https:\/\/www.marbella.gr\/app\/uploads\/2024\/05\/Elix_Water-Sports-2-scaled.jpg\" \/>\n\t<meta property=\"og:image:width\" content=\"2560\" \/>\n\t<meta property=\"og:image:height\" content=\"1705\" \/>\n\t<meta property=\"og:image:type\" content=\"image\/jpeg\" \/>\n<meta name=\"twitter:card\" content=\"summary_large_image\" \/>\n<meta name=\"twitter:label1\" content=\"Gesch\u00e4tzte Lesezeit\" \/>\n\t<meta name=\"twitter:data1\" content=\"2\u00a0Minuten\" \/>\n<!-- \/ Yoast SEO plugin. -->","yoast_head_json":{"title":"Urlaub in zwei Zentren auf Korfu &amp; Epirus | Mar-Bella Collection","description":"Erleben Sie den ultimativen Genuss mit den Twin-Center-Reisen der Mar-Bella Collection, die Aufenthalte in MarBella, Nido, Avali auf Korfu und Elix an der unber\u00fchrten K\u00fcste von Epirus kombinieren.","robots":{"index":"index","follow":"follow","max-snippet":"max-snippet:-1","max-image-preview":"max-image-preview:large","max-video-preview":"max-video-preview:-1"},"canonical":"https:\/\/www.marbella.gr\/de\/twin-center\/","og_locale":"de_DE","og_type":"article","og_title":"Twin Centre Getaways in Corfu & Epirus | Mar-Bella Collection","og_description":"Experience the ultimate indulgence with Mar-Bella Collection\u2019s Twin Centre getaways, combining stays at MarBella, Nido, Avali in Corfu and Elix on Epirus\u2019 pristine coast.","og_url":"https:\/\/www.marbella.gr\/de\/twin-center\/","og_site_name":"Mar-Bella Collection","article_modified_time":"2026-04-01T12:00:37+00:00","og_image":[{"width":2560,"height":1705,"url":"https:\/\/www.marbella.gr\/app\/uploads\/2024\/05\/Elix_Water-Sports-2-scaled.jpg","type":"image\/jpeg"}],"twitter_card":"summary_large_image","twitter_misc":{"Gesch\u00e4tzte Lesezeit":"2\u00a0Minuten"},"schema":{"@context":"https:\/\/schema.org","@graph":[{"@type":"WebPage","@id":"https:\/\/www.marbella.gr\/twin-center\/","url":"https:\/\/www.marbella.gr\/twin-center\/","name":"Urlaub in zwei Zentren auf Korfu &amp; Epirus | Mar-Bella Collection","isPartOf":{"@id":"https:\/\/www.marbella.gr\/#website"},"datePublished":"2024-10-03T13:45:10+00:00","dateModified":"2026-04-01T12:00:37+00:00","description":"Erleben Sie den ultimativen Genuss mit den Twin-Center-Reisen der Mar-Bella Collection, die Aufenthalte in MarBella, Nido, Avali auf Korfu und Elix an der unber\u00fchrten K\u00fcste von Epirus kombinieren.","breadcrumb":{"@id":"https:\/\/www.marbella.gr\/twin-center\/#breadcrumb"},"inLanguage":"de","potentialAction":[{"@type":"ReadAction","target":["https:\/\/www.marbella.gr\/twin-center\/"]}]},{"@type":"BreadcrumbList","@id":"https:\/\/www.marbella.gr\/twin-center\/#breadcrumb","itemListElement":[{"@type":"ListItem","position":1,"name":"Home","item":"https:\/\/www.marbella.gr\/"},{"@type":"ListItem","position":2,"name":"Twin Centre Getaways with Mar-Bella Collection"}]},{"@type":"WebSite","@id":"https:\/\/www.marbella.gr\/#website","url":"https:\/\/www.marbella.gr\/","name":"MarBella","description":"Eine Familie von Hotels, die Sie mit dem wundersch\u00f6nen Ionischen Meer verbindet","publisher":{"@id":"https:\/\/www.marbella.gr\/#organization"},"alternateName":"MarBella","potentialAction":[{"@type":"SearchAction","target":{"@type":"EntryPoint","urlTemplate":"https:\/\/www.marbella.gr\/?s={search_term_string}"},"query-input":{"@type":"PropertyValueSpecification","valueRequired":true,"valueName":"search_term_string"}}],"inLanguage":"de"},{"@type":"Organization","@id":"https:\/\/www.marbella.gr\/#organization","name":"MarBella","url":"https:\/\/www.marbella.gr\/","logo":{"@type":"ImageObject","inLanguage":"de","@id":"https:\/\/www.marbella.gr\/#\/schema\/logo\/image\/","url":"https:\/\/www.marbella.gr\/app\/uploads\/2023\/06\/Marbella-collection.png","contentUrl":"https:\/\/www.marbella.gr\/app\/uploads\/2023\/06\/Marbella-collection.png","width":230,"height":75,"caption":"MarBella"},"image":{"@id":"https:\/\/www.marbella.gr\/#\/schema\/logo\/image\/"}}]}},"_links":{"self":[{"href":"https:\/\/www.marbella.gr\/de\/wp-json\/wp\/v2\/pages\/8230","targetHints":{"allow":["GET"]}}],"collection":[{"href":"https:\/\/www.marbella.gr\/de\/wp-json\/wp\/v2\/pages"}],"about":[{"href":"https:\/\/www.marbella.gr\/de\/wp-json\/wp\/v2\/types\/page"}],"author":[{"embeddable":true,"href":"https:\/\/www.marbella.gr\/de\/wp-json\/wp\/v2\/users\/16"}],"replies":[{"embeddable":true,"href":"https:\/\/www.marbella.gr\/de\/wp-json\/wp\/v2\/comments?post=8230"}],"version-history":[{"count":19,"href":"https:\/\/www.marbella.gr\/de\/wp-json\/wp\/v2\/pages\/8230\/revisions"}],"predecessor-version":[{"id":14320,"href":"https:\/\/www.marbella.gr\/de\/wp-json\/wp\/v2\/pages\/8230\/revisions\/14320"}],"wp:attachment":[{"href":"https:\/\/www.marbella.gr\/de\/wp-json\/wp\/v2\/media?parent=8230"}],"curies":[{"name":"wp","href":"https:\/\/api.w.org\/{rel}","templated":true}]}}