{"id":8298,"date":"2024-10-24T07:39:48","date_gmt":"2024-10-24T07:39:48","guid":{"rendered":"https:\/\/www.marbella.gr\/?page_id=8298"},"modified":"2025-12-11T11:28:33","modified_gmt":"2025-12-11T09:28:33","slug":"whats-included","status":"publish","type":"page","link":"https:\/\/www.marbella.gr\/de\/hotels\/avali-hotel\/whats-included\/","title":{"rendered":"Was ist inbegriffen?"},"content":{"rendered":"<p style=\"text-align: center;\">Bei Avali sind Sie eingeladen, das Leben mit Premium All-Inklusive ganz einfach zu nehmen. Von Speisen und Getr\u00e4nken bis hin zu Aktivit\u00e4ten und Unterhaltung ist alles schon vor Ihrer Ankunft geregelt, sodass Sie nur noch einen stressfreien Urlaub genie\u00dfen m\u00fcssen. Wie sch\u00f6n ist das denn?<\/p>\n<p style=\"text-align: center;\">Schauen Sie einfach mal rein...<\/p>\n<p style=\"text-align: center;\"><span data-olk-copy-source=\"MessageBody\">Ganzt\u00e4gige Mahlzeiten und \u00c0-la-carte-Gerichte mit erweiterten Men\u00fcs im Restaurant Zardini, Dine-Around-Programm, erfrischende Leckereien am Pool oder Strand zweimal t\u00e4glich, Markengetr\u00e4nke, charakteristische Cocktails und eine sorgf\u00e4ltige Auswahl an Weinen, unbegrenzt Eis, Snacks und Erfrischungen, 30-min\u00fctige kostenlose Nutzung von Kanu, Tretboot oder SUP pro Person und Tag und vieles mehr.<\/span><\/p>\n<p>&nbsp;<\/p>","protected":false},"excerpt":{"rendered":"<p>At Avali you\u2019re invited to take life nice and easy with Premium All-Inclusive. From dining and drinks to activities and entertainment, everything\u2019s sorted before you arrive, so all you have to do is enjoy a stress-free getaway. How lovely is that? Just a take a look&#8230; All Day dining and a la carte meals with [&#8230;]<\/p>\n<p><a class=\"btn btn-secondary understrap-read-more-link\" href=\"https:\/\/www.marbella.gr\/de\/hotels\/avali-hotel\/whats-included\/\">Read More&#8230;<span class=\"screen-reader-text\"> from What\u2019s Included<\/span><\/a><\/p>\n","protected":false},"author":13,"featured_media":8168,"parent":7158,"menu_order":0,"comment_status":"closed","ping_status":"closed","template":"","meta":{"_acf_changed":false,"footnotes":""},"class_list":["post-8298","page","type-page","status-publish","has-post-thumbnail","hentry"],"acf":[],"yoast_head":"<!-- This site is optimized with the Yoast SEO plugin v27.2 - https:\/\/yoast.com\/product\/yoast-seo-wordpress\/ -->\n<title>Premium All-Inclusive Experience in Corfu | Avali, Mar-Bella Collection<\/title>\n<meta name=\"description\" content=\"Experience a stress-free getaway at Avali, Corfu with Premium All-Inclusive: dining, drinks, activities, and entertainment, including Dine Around and beachside treats.\" \/>\n<meta name=\"robots\" content=\"index, follow, max-snippet:-1, max-image-preview:large, max-video-preview:-1\" \/>\n<link rel=\"canonical\" href=\"https:\/\/www.marbella.gr\/de\/hotels\/avali-hotel\/whats-included\/\" \/>\n<meta property=\"og:locale\" content=\"de_DE\" \/>\n<meta property=\"og:type\" content=\"article\" \/>\n<meta property=\"og:title\" content=\"Premium All-Inclusive Experience in Corfu | Avali, Mar-Bella Collection\" \/>\n<meta property=\"og:description\" content=\"Experience a stress-free getaway at Avali, Corfu with Premium All-Inclusive: dining, drinks, activities, and entertainment, including Dine Around and beachside treats.\" \/>\n<meta property=\"og:url\" content=\"https:\/\/www.marbella.gr\/de\/hotels\/avali-hotel\/whats-included\/\" \/>\n<meta property=\"og:site_name\" content=\"Mar-Bella Collection\" \/>\n<meta property=\"article:modified_time\" content=\"2025-12-11T09:28:33+00:00\" \/>\n<meta property=\"og:image\" content=\"https:\/\/www.marbella.gr\/app\/uploads\/2024\/10\/2024_05_MARBELLA-4_Avali-Beach_596_v3-scaled.jpg\" \/>\n\t<meta property=\"og:image:width\" content=\"2560\" \/>\n\t<meta property=\"og:image:height\" content=\"1920\" \/>\n\t<meta property=\"og:image:type\" content=\"image\/jpeg\" \/>\n<meta name=\"twitter:card\" content=\"summary_large_image\" \/>\n<meta name=\"twitter:label1\" content=\"Gesch\u00e4tzte Lesezeit\" \/>\n\t<meta name=\"twitter:data1\" content=\"1\u00a0Minute\" \/>\n<!-- \/ Yoast SEO plugin. -->","yoast_head_json":{"title":"Premium-All-Inclusive-Erlebnis auf Korfu | Avali, Mar-Bella Collection","description":"Erleben Sie einen stressfreien Urlaub im Avali, Korfu, mit Premium All-Inclusive: Speisen, Getr\u00e4nke, Aktivit\u00e4ten und Unterhaltung, einschlie\u00dflich Dine Around und Leckereien am Strand.","robots":{"index":"index","follow":"follow","max-snippet":"max-snippet:-1","max-image-preview":"max-image-preview:large","max-video-preview":"max-video-preview:-1"},"canonical":"https:\/\/www.marbella.gr\/de\/hotels\/avali-hotel\/whats-included\/","og_locale":"de_DE","og_type":"article","og_title":"Premium All-Inclusive Experience in Corfu | Avali, Mar-Bella Collection","og_description":"Experience a stress-free getaway at Avali, Corfu with Premium All-Inclusive: dining, drinks, activities, and entertainment, including Dine Around and beachside treats.","og_url":"https:\/\/www.marbella.gr\/de\/hotels\/avali-hotel\/whats-included\/","og_site_name":"Mar-Bella Collection","article_modified_time":"2025-12-11T09:28:33+00:00","og_image":[{"width":2560,"height":1920,"url":"https:\/\/www.marbella.gr\/app\/uploads\/2024\/10\/2024_05_MARBELLA-4_Avali-Beach_596_v3-scaled.jpg","type":"image\/jpeg"}],"twitter_card":"summary_large_image","twitter_misc":{"Gesch\u00e4tzte Lesezeit":"1\u00a0Minute"},"schema":{"@context":"https:\/\/schema.org","@graph":[{"@type":"WebPage","@id":"https:\/\/www.marbella.gr\/hotels\/avali-hotel\/whats-included\/","url":"https:\/\/www.marbella.gr\/hotels\/avali-hotel\/whats-included\/","name":"Premium-All-Inclusive-Erlebnis auf Korfu | Avali, Mar-Bella Collection","isPartOf":{"@id":"https:\/\/www.marbella.gr\/#website"},"primaryImageOfPage":{"@id":"https:\/\/www.marbella.gr\/hotels\/avali-hotel\/whats-included\/#primaryimage"},"image":{"@id":"https:\/\/www.marbella.gr\/hotels\/avali-hotel\/whats-included\/#primaryimage"},"thumbnailUrl":"https:\/\/www.marbella.gr\/app\/uploads\/2024\/10\/2024_05_MARBELLA-4_Avali-Beach_596_v3-scaled.jpg","datePublished":"2024-10-24T07:39:48+00:00","dateModified":"2025-12-11T09:28:33+00:00","description":"Erleben Sie einen stressfreien Urlaub im Avali, Korfu, mit Premium All-Inclusive: Speisen, Getr\u00e4nke, Aktivit\u00e4ten und Unterhaltung, einschlie\u00dflich Dine Around und Leckereien am Strand.","breadcrumb":{"@id":"https:\/\/www.marbella.gr\/hotels\/avali-hotel\/whats-included\/#breadcrumb"},"inLanguage":"de","potentialAction":[{"@type":"ReadAction","target":["https:\/\/www.marbella.gr\/hotels\/avali-hotel\/whats-included\/"]}]},{"@type":"ImageObject","inLanguage":"de","@id":"https:\/\/www.marbella.gr\/hotels\/avali-hotel\/whats-included\/#primaryimage","url":"https:\/\/www.marbella.gr\/app\/uploads\/2024\/10\/2024_05_MARBELLA-4_Avali-Beach_596_v3-scaled.jpg","contentUrl":"https:\/\/www.marbella.gr\/app\/uploads\/2024\/10\/2024_05_MARBELLA-4_Avali-Beach_596_v3-scaled.jpg","width":2560,"height":1920,"caption":"Discover Mar-Bella Collection - 5 star hotels in Corfu, Parga Greece"},{"@type":"BreadcrumbList","@id":"https:\/\/www.marbella.gr\/hotels\/avali-hotel\/whats-included\/#breadcrumb","itemListElement":[{"@type":"ListItem","position":1,"name":"Home","item":"https:\/\/www.marbella.gr\/"},{"@type":"ListItem","position":2,"name":"Hotels","item":"https:\/\/www.marbella.gr\/hotels\/"},{"@type":"ListItem","position":3,"name":"Avali","item":"https:\/\/www.marbella.gr\/hotels\/avali-hotel\/"},{"@type":"ListItem","position":4,"name":"What\u2019s Included"}]},{"@type":"WebSite","@id":"https:\/\/www.marbella.gr\/#website","url":"https:\/\/www.marbella.gr\/","name":"MarBella","description":"Eine Familie von Hotels, die Sie mit dem wundersch\u00f6nen Ionischen Meer verbindet","publisher":{"@id":"https:\/\/www.marbella.gr\/#organization"},"alternateName":"MarBella","potentialAction":[{"@type":"SearchAction","target":{"@type":"EntryPoint","urlTemplate":"https:\/\/www.marbella.gr\/?s={search_term_string}"},"query-input":{"@type":"PropertyValueSpecification","valueRequired":true,"valueName":"search_term_string"}}],"inLanguage":"de"},{"@type":"Organization","@id":"https:\/\/www.marbella.gr\/#organization","name":"MarBella","url":"https:\/\/www.marbella.gr\/","logo":{"@type":"ImageObject","inLanguage":"de","@id":"https:\/\/www.marbella.gr\/#\/schema\/logo\/image\/","url":"https:\/\/www.marbella.gr\/app\/uploads\/2023\/06\/Marbella-collection.png","contentUrl":"https:\/\/www.marbella.gr\/app\/uploads\/2023\/06\/Marbella-collection.png","width":230,"height":75,"caption":"MarBella"},"image":{"@id":"https:\/\/www.marbella.gr\/#\/schema\/logo\/image\/"}}]}},"_links":{"self":[{"href":"https:\/\/www.marbella.gr\/de\/wp-json\/wp\/v2\/pages\/8298","targetHints":{"allow":["GET"]}}],"collection":[{"href":"https:\/\/www.marbella.gr\/de\/wp-json\/wp\/v2\/pages"}],"about":[{"href":"https:\/\/www.marbella.gr\/de\/wp-json\/wp\/v2\/types\/page"}],"author":[{"embeddable":true,"href":"https:\/\/www.marbella.gr\/de\/wp-json\/wp\/v2\/users\/13"}],"replies":[{"embeddable":true,"href":"https:\/\/www.marbella.gr\/de\/wp-json\/wp\/v2\/comments?post=8298"}],"version-history":[{"count":28,"href":"https:\/\/www.marbella.gr\/de\/wp-json\/wp\/v2\/pages\/8298\/revisions"}],"predecessor-version":[{"id":11726,"href":"https:\/\/www.marbella.gr\/de\/wp-json\/wp\/v2\/pages\/8298\/revisions\/11726"}],"up":[{"embeddable":true,"href":"https:\/\/www.marbella.gr\/de\/wp-json\/wp\/v2\/pages\/7158"}],"wp:featuredmedia":[{"embeddable":true,"href":"https:\/\/www.marbella.gr\/de\/wp-json\/wp\/v2\/media\/8168"}],"wp:attachment":[{"href":"https:\/\/www.marbella.gr\/de\/wp-json\/wp\/v2\/media?parent=8298"}],"curies":[{"name":"wp","href":"https:\/\/api.w.org\/{rel}","templated":true}]}}