{"id":9038,"date":"2024-12-20T14:47:58","date_gmt":"2024-12-20T14:47:58","guid":{"rendered":"https:\/\/www.marbella.gr\/2024-news-copy\/"},"modified":"2026-02-24T15:24:24","modified_gmt":"2026-02-24T13:24:24","slug":"2026-news","status":"publish","type":"page","link":"https:\/\/www.marbella.gr\/de\/2026-news\/","title":{"rendered":"Wir haben Neuigkeiten f\u00fcr Sie"},"content":{"rendered":"<p style=\"text-align: left;\">Entdecken Sie alle spannenden Neuerungen in den Hotels der Mar-Bella Collection f\u00fcr die Saison 2026. Von aufgefrischten Speisekonzepten und verbessertem G\u00e4steservice bis hin zu aufgewerteten Freizeit- und Wellness-Erlebnissen bietet jedes Hotel etwas Neues, um den Aufenthalt Ihrer G\u00e4ste zu verbessern. Entdecken Sie die neuesten Highlights der einzelnen Hotels und bleiben Sie auf dem Laufenden \u00fcber alles, was n\u00e4chstes Jahr kommt.<\/p>","protected":false},"excerpt":{"rendered":"<p>Discover all the exciting updates across Mar-Bella Collection hotels for the 2026 season. From refreshed dining concepts and enhanced guest services to upgraded leisure and wellness experiences, each hotel brings something new to elevate your guests\u2019 stay. Explore the latest highlights by property and stay informed with everything coming next year. [&#8230;]<\/p>\n<p><a class=\"btn btn-secondary understrap-read-more-link\" href=\"https:\/\/www.marbella.gr\/de\/2026-news\/\">Read More&#8230;<span class=\"screen-reader-text\"> from We&#8217;ve got news for you<\/span><\/a><\/p>\n","protected":false},"author":16,"featured_media":9694,"parent":0,"menu_order":0,"comment_status":"closed","ping_status":"closed","template":"","meta":{"_acf_changed":false,"footnotes":""},"class_list":["post-9038","page","type-page","status-publish","has-post-thumbnail","hentry"],"acf":[],"yoast_head":"<!-- This site is optimized with the Yoast SEO plugin v27.4 - https:\/\/yoast.com\/product\/yoast-seo-wordpress\/ -->\n<title>What&#039;s New? Stay up to date with us | Mar-Bella Collection<\/title>\n<meta name=\"description\" content=\"Here is where to find all the latest News, exciting information and what&#039;s happening at Mar-Bella Collection&#039;s luxury hotels in Corfu &amp; Parga, Greece.\" \/>\n<meta name=\"robots\" content=\"index, follow, max-snippet:-1, max-image-preview:large, max-video-preview:-1\" \/>\n<link rel=\"canonical\" href=\"https:\/\/www.marbella.gr\/de\/news\/\" \/>\n<meta property=\"og:locale\" content=\"de_DE\" \/>\n<meta property=\"og:type\" content=\"article\" \/>\n<meta property=\"og:title\" content=\"What&#039;s New? Stay up to date with us | Mar-Bella Collection\" \/>\n<meta property=\"og:description\" content=\"Here is where to find all the latest News, exciting information and what&#039;s happening at Mar-Bella Collection&#039;s luxury hotels in Corfu &amp; Parga, Greece.\" \/>\n<meta property=\"og:url\" content=\"https:\/\/www.marbella.gr\/de\/news\/\" \/>\n<meta property=\"og:site_name\" content=\"Mar-Bella Collection\" \/>\n<meta property=\"article:modified_time\" content=\"2026-02-24T13:24:24+00:00\" \/>\n<meta property=\"og:image\" content=\"https:\/\/www.marbella.gr\/app\/uploads\/2025\/02\/2022_10-Marbella_Day-01-0652_v1-1024x575.jpg\" \/>\n\t<meta property=\"og:image:width\" content=\"1024\" \/>\n\t<meta property=\"og:image:height\" content=\"575\" \/>\n\t<meta property=\"og:image:type\" content=\"image\/jpeg\" \/>\n<meta name=\"twitter:card\" content=\"summary_large_image\" \/>\n<meta name=\"twitter:label1\" content=\"Gesch\u00e4tzte Lesezeit\" \/>\n\t<meta name=\"twitter:data1\" content=\"1\u00a0Minute\" \/>\n<!-- \/ Yoast SEO plugin. -->","yoast_head_json":{"title":"Was gibt's Neues? Bleiben Sie auf dem Laufenden mit uns | Mar-Bella Collection","description":"Hier finden Sie die neuesten Nachrichten, spannende Informationen und was in den Luxushotels der Mar-Bella Collection in Korfu &amp; Parga, Griechenland, passiert.","robots":{"index":"index","follow":"follow","max-snippet":"max-snippet:-1","max-image-preview":"max-image-preview:large","max-video-preview":"max-video-preview:-1"},"canonical":"https:\/\/www.marbella.gr\/de\/news\/","og_locale":"de_DE","og_type":"article","og_title":"What's New? Stay up to date with us | Mar-Bella Collection","og_description":"Here is where to find all the latest News, exciting information and what's happening at Mar-Bella Collection's luxury hotels in Corfu & Parga, Greece.","og_url":"https:\/\/www.marbella.gr\/de\/news\/","og_site_name":"Mar-Bella Collection","article_modified_time":"2026-02-24T13:24:24+00:00","og_image":[{"width":1024,"height":575,"url":"https:\/\/www.marbella.gr\/app\/uploads\/2025\/02\/2022_10-Marbella_Day-01-0652_v1-1024x575.jpg","type":"image\/jpeg"}],"twitter_card":"summary_large_image","twitter_misc":{"Gesch\u00e4tzte Lesezeit":"1\u00a0Minute"},"schema":{"@context":"https:\/\/schema.org","@graph":[{"@type":"WebPage","@id":"https:\/\/www.marbella.gr\/2026-news\/","url":"https:\/\/www.marbella.gr\/news\/","name":"Was gibt's Neues? Bleiben Sie auf dem Laufenden mit uns | Mar-Bella Collection","isPartOf":{"@id":"https:\/\/www.marbella.gr\/#website"},"primaryImageOfPage":{"@id":"https:\/\/www.marbella.gr\/news\/#primaryimage"},"image":{"@id":"https:\/\/www.marbella.gr\/news\/#primaryimage"},"thumbnailUrl":"https:\/\/www.marbella.gr\/app\/uploads\/2025\/02\/2022_10-Marbella_Day-01-0652_v1.jpg","datePublished":"2024-12-20T14:47:58+00:00","dateModified":"2026-02-24T13:24:24+00:00","description":"Hier finden Sie die neuesten Nachrichten, spannende Informationen und was in den Luxushotels der Mar-Bella Collection in Korfu &amp; Parga, Griechenland, passiert.","breadcrumb":{"@id":"https:\/\/www.marbella.gr\/news\/#breadcrumb"},"inLanguage":"de","potentialAction":[{"@type":"ReadAction","target":["https:\/\/www.marbella.gr\/news\/"]}]},{"@type":"ImageObject","inLanguage":"de","@id":"https:\/\/www.marbella.gr\/news\/#primaryimage","url":"https:\/\/www.marbella.gr\/app\/uploads\/2025\/02\/2022_10-Marbella_Day-01-0652_v1.jpg","contentUrl":"https:\/\/www.marbella.gr\/app\/uploads\/2025\/02\/2022_10-Marbella_Day-01-0652_v1.jpg","width":1920,"height":1079},{"@type":"BreadcrumbList","@id":"https:\/\/www.marbella.gr\/news\/#breadcrumb","itemListElement":[{"@type":"ListItem","position":1,"name":"Home","item":"https:\/\/www.marbella.gr\/"},{"@type":"ListItem","position":2,"name":"We&#8217;ve got news for you"}]},{"@type":"WebSite","@id":"https:\/\/www.marbella.gr\/#website","url":"https:\/\/www.marbella.gr\/","name":"MarBella","description":"Eine Familie von Hotels, die Sie mit dem wundersch\u00f6nen Ionischen Meer verbindet","publisher":{"@id":"https:\/\/www.marbella.gr\/#organization"},"alternateName":"MarBella","potentialAction":[{"@type":"SearchAction","target":{"@type":"EntryPoint","urlTemplate":"https:\/\/www.marbella.gr\/?s={search_term_string}"},"query-input":{"@type":"PropertyValueSpecification","valueRequired":true,"valueName":"search_term_string"}}],"inLanguage":"de"},{"@type":"Organization","@id":"https:\/\/www.marbella.gr\/#organization","name":"MarBella","url":"https:\/\/www.marbella.gr\/","logo":{"@type":"ImageObject","inLanguage":"de","@id":"https:\/\/www.marbella.gr\/#\/schema\/logo\/image\/","url":"https:\/\/www.marbella.gr\/app\/uploads\/2023\/06\/Marbella-collection.png","contentUrl":"https:\/\/www.marbella.gr\/app\/uploads\/2023\/06\/Marbella-collection.png","width":230,"height":75,"caption":"MarBella"},"image":{"@id":"https:\/\/www.marbella.gr\/#\/schema\/logo\/image\/"}}]}},"_links":{"self":[{"href":"https:\/\/www.marbella.gr\/de\/wp-json\/wp\/v2\/pages\/9038","targetHints":{"allow":["GET"]}}],"collection":[{"href":"https:\/\/www.marbella.gr\/de\/wp-json\/wp\/v2\/pages"}],"about":[{"href":"https:\/\/www.marbella.gr\/de\/wp-json\/wp\/v2\/types\/page"}],"author":[{"embeddable":true,"href":"https:\/\/www.marbella.gr\/de\/wp-json\/wp\/v2\/users\/16"}],"replies":[{"embeddable":true,"href":"https:\/\/www.marbella.gr\/de\/wp-json\/wp\/v2\/comments?post=9038"}],"version-history":[{"count":93,"href":"https:\/\/www.marbella.gr\/de\/wp-json\/wp\/v2\/pages\/9038\/revisions"}],"predecessor-version":[{"id":13960,"href":"https:\/\/www.marbella.gr\/de\/wp-json\/wp\/v2\/pages\/9038\/revisions\/13960"}],"wp:featuredmedia":[{"embeddable":true,"href":"https:\/\/www.marbella.gr\/de\/wp-json\/wp\/v2\/media\/9694"}],"wp:attachment":[{"href":"https:\/\/www.marbella.gr\/de\/wp-json\/wp\/v2\/media?parent=9038"}],"curies":[{"name":"wp","href":"https:\/\/api.w.org\/{rel}","templated":true}]}}