{"id":10329,"date":"2025-06-10T09:02:12","date_gmt":"2025-06-10T09:02:12","guid":{"rendered":"https:\/\/www.marbella.gr\/?page_id=10329"},"modified":"2025-06-16T10:28:32","modified_gmt":"2025-06-16T10:28:32","slug":"magazine","status":"publish","type":"page","link":"https:\/\/www.marbella.gr\/fr\/magazine\/","title":{"rendered":"Amalgame"},"content":{"rendered":"<p>Bienvenue dans le premier num\u00e9ro d'Amalgam, le magazine annuel de Mar-Bella Collection. Fid\u00e8le \u00e0 son nom, cette \u00e9dition est une fusion harmonieuse de perspectives, de lieux et d'histoires qui refl\u00e8tent l'essence de ce que nous sommes.<br \/>\nL'Amalgame capture l'esprit de nos deux destinations pr\u00e9f\u00e9r\u00e9es : Corfou, avec son charme ionien raffin\u00e9 et sa richesse culturelle, et l'\u00c9pire, o\u00f9 la nature intacte et l'authenticit\u00e9 profond\u00e9ment enracin\u00e9e d\u00e9finissent le paysage. Ensemble, elles cr\u00e9ent un contraste fascinant - une mosa\u00efque d'exp\u00e9riences et d'\u00e9motions qui est au c\u0153ur de notre collection.<\/p>\n<p>Nous partageons les valeurs, la vision et les sentiments qui fa\u00e7onnent notre approche de l'hospitalit\u00e9.<\/p>","protected":false},"excerpt":{"rendered":"<p>Welcome to the first issue of Amalgam \u2014 the annual magazine of Mar-Bella Collection. True to its name, this edition is a harmonious fusion of perspectives, places, and stories that reflect the essence of who we are. Amalgam captures the spirit of our two cherished destinations: Corfu, with its refined Ionian charm and cultural richness, [&#8230;]<\/p>\n<p><a class=\"btn btn-secondary understrap-read-more-link\" href=\"https:\/\/www.marbella.gr\/fr\/magazine\/\">Read More&#8230;<span class=\"screen-reader-text\"> from Amalgam<\/span><\/a><\/p>\n","protected":false},"author":13,"featured_media":0,"parent":0,"menu_order":0,"comment_status":"closed","ping_status":"closed","template":"page-templates\/flipbooks.php","meta":{"_acf_changed":false,"footnotes":""},"class_list":["post-10329","page","type-page","status-publish","hentry"],"acf":[],"yoast_head":"<!-- This site is optimized with the Yoast SEO plugin v27.5 - https:\/\/yoast.com\/product\/yoast-seo-wordpress\/ -->\n<title>Amalgam - Mar-Bella Collection<\/title>\n<meta name=\"robots\" content=\"index, follow, max-snippet:-1, max-image-preview:large, max-video-preview:-1\" \/>\n<link rel=\"canonical\" href=\"https:\/\/www.marbella.gr\/fr\/magazine\/\" \/>\n<meta property=\"og:locale\" content=\"fr_FR\" \/>\n<meta property=\"og:type\" content=\"article\" \/>\n<meta property=\"og:title\" content=\"Amalgam - Mar-Bella Collection\" \/>\n<meta property=\"og:description\" content=\"Welcome to the first issue of Amalgam \u2014 the annual magazine of Mar-Bella Collection. True to its name, this edition is a harmonious fusion of perspectives, places, and stories that reflect the essence of who we are. Amalgam captures the spirit of our two cherished destinations: Corfu, with its refined Ionian charm and cultural richness, [...]Read More... from Amalgam\" \/>\n<meta property=\"og:url\" content=\"https:\/\/www.marbella.gr\/fr\/magazine\/\" \/>\n<meta property=\"og:site_name\" content=\"Mar-Bella Collection\" \/>\n<meta property=\"article:modified_time\" content=\"2025-06-16T10:28:32+00:00\" \/>\n<meta property=\"og:image\" content=\"https:\/\/www.marbella.gr\/app\/uploads\/2024\/05\/Elix_Water-Sports-2-scaled.jpg\" \/>\n\t<meta property=\"og:image:width\" content=\"2560\" \/>\n\t<meta property=\"og:image:height\" content=\"1705\" \/>\n\t<meta property=\"og:image:type\" content=\"image\/jpeg\" \/>\n<meta name=\"twitter:card\" content=\"summary_large_image\" \/>\n<meta name=\"twitter:label1\" content=\"Dur\u00e9e de lecture estim\u00e9e\" \/>\n\t<meta name=\"twitter:data1\" content=\"1 minute\" \/>\n<!-- \/ Yoast SEO plugin. -->","yoast_head_json":{"title":"Amalgame - Collection Mar-Bella","robots":{"index":"index","follow":"follow","max-snippet":"max-snippet:-1","max-image-preview":"max-image-preview:large","max-video-preview":"max-video-preview:-1"},"canonical":"https:\/\/www.marbella.gr\/fr\/magazine\/","og_locale":"fr_FR","og_type":"article","og_title":"Amalgam - Mar-Bella Collection","og_description":"Welcome to the first issue of Amalgam \u2014 the annual magazine of Mar-Bella Collection. True to its name, this edition is a harmonious fusion of perspectives, places, and stories that reflect the essence of who we are. Amalgam captures the spirit of our two cherished destinations: Corfu, with its refined Ionian charm and cultural richness, [...]Read More... from Amalgam","og_url":"https:\/\/www.marbella.gr\/fr\/magazine\/","og_site_name":"Mar-Bella Collection","article_modified_time":"2025-06-16T10:28:32+00:00","og_image":[{"width":2560,"height":1705,"url":"https:\/\/www.marbella.gr\/app\/uploads\/2024\/05\/Elix_Water-Sports-2-scaled.jpg","type":"image\/jpeg"}],"twitter_card":"summary_large_image","twitter_misc":{"Dur\u00e9e de lecture estim\u00e9e":"1 minute"},"schema":{"@context":"https:\/\/schema.org","@graph":[{"@type":"WebPage","@id":"https:\/\/www.marbella.gr\/magazine\/","url":"https:\/\/www.marbella.gr\/magazine\/","name":"Amalgame - Collection Mar-Bella","isPartOf":{"@id":"https:\/\/www.marbella.gr\/#website"},"datePublished":"2025-06-10T09:02:12+00:00","dateModified":"2025-06-16T10:28:32+00:00","breadcrumb":{"@id":"https:\/\/www.marbella.gr\/magazine\/#breadcrumb"},"inLanguage":"fr-FR","potentialAction":[{"@type":"ReadAction","target":["https:\/\/www.marbella.gr\/magazine\/"]}]},{"@type":"BreadcrumbList","@id":"https:\/\/www.marbella.gr\/magazine\/#breadcrumb","itemListElement":[{"@type":"ListItem","position":1,"name":"Home","item":"https:\/\/www.marbella.gr\/"},{"@type":"ListItem","position":2,"name":"Amalgam"}]},{"@type":"WebSite","@id":"https:\/\/www.marbella.gr\/#website","url":"https:\/\/www.marbella.gr\/","name":"MarBella","description":"Une famille d'h\u00f4tels vous reliant \u00e0 la magnifique mer Ionienne","publisher":{"@id":"https:\/\/www.marbella.gr\/#organization"},"alternateName":"MarBella","potentialAction":[{"@type":"SearchAction","target":{"@type":"EntryPoint","urlTemplate":"https:\/\/www.marbella.gr\/?s={search_term_string}"},"query-input":{"@type":"PropertyValueSpecification","valueRequired":true,"valueName":"search_term_string"}}],"inLanguage":"fr-FR"},{"@type":"Organization","@id":"https:\/\/www.marbella.gr\/#organization","name":"MarBella","url":"https:\/\/www.marbella.gr\/","logo":{"@type":"ImageObject","inLanguage":"fr-FR","@id":"https:\/\/www.marbella.gr\/#\/schema\/logo\/image\/","url":"https:\/\/www.marbella.gr\/app\/uploads\/2023\/06\/Marbella-collection.png","contentUrl":"https:\/\/www.marbella.gr\/app\/uploads\/2023\/06\/Marbella-collection.png","width":230,"height":75,"caption":"MarBella"},"image":{"@id":"https:\/\/www.marbella.gr\/#\/schema\/logo\/image\/"}}]}},"_links":{"self":[{"href":"https:\/\/www.marbella.gr\/fr\/wp-json\/wp\/v2\/pages\/10329","targetHints":{"allow":["GET"]}}],"collection":[{"href":"https:\/\/www.marbella.gr\/fr\/wp-json\/wp\/v2\/pages"}],"about":[{"href":"https:\/\/www.marbella.gr\/fr\/wp-json\/wp\/v2\/types\/page"}],"author":[{"embeddable":true,"href":"https:\/\/www.marbella.gr\/fr\/wp-json\/wp\/v2\/users\/13"}],"replies":[{"embeddable":true,"href":"https:\/\/www.marbella.gr\/fr\/wp-json\/wp\/v2\/comments?post=10329"}],"version-history":[{"count":7,"href":"https:\/\/www.marbella.gr\/fr\/wp-json\/wp\/v2\/pages\/10329\/revisions"}],"predecessor-version":[{"id":10338,"href":"https:\/\/www.marbella.gr\/fr\/wp-json\/wp\/v2\/pages\/10329\/revisions\/10338"}],"wp:attachment":[{"href":"https:\/\/www.marbella.gr\/fr\/wp-json\/wp\/v2\/media?parent=10329"}],"curies":[{"name":"wp","href":"https:\/\/api.w.org\/{rel}","templated":true}]}}