{"id":1034,"date":"2023-03-17T10:01:32","date_gmt":"2023-03-17T10:01:32","guid":{"rendered":"https:\/\/www.marbella.gr\/?page_id=1034"},"modified":"2025-07-20T09:40:27","modified_gmt":"2025-07-20T09:40:27","slug":"partnerships","status":"publish","type":"page","link":"https:\/\/www.marbella.gr\/fr\/partnerships\/","title":{"rendered":"Partenariats"},"content":{"rendered":"","protected":false},"excerpt":{"rendered":"<p> [&#8230;]<\/p>\n<p><a class=\"btn btn-secondary understrap-read-more-link\" href=\"https:\/\/www.marbella.gr\/fr\/partnerships\/\">Read More&#8230;<span class=\"screen-reader-text\"> from Partnerships<\/span><\/a><\/p>\n","protected":false},"author":1,"featured_media":0,"parent":0,"menu_order":0,"comment_status":"closed","ping_status":"closed","template":"","meta":{"_acf_changed":false,"footnotes":""},"class_list":["post-1034","page","type-page","status-publish","hentry"],"acf":[],"yoast_head":"<!-- This site is optimized with the Yoast SEO plugin v27.5 - https:\/\/yoast.com\/product\/yoast-seo-wordpress\/ -->\n<title>Partnerships for added thrills &amp; indulgence | Mar-Bella Collection<\/title>\n<meta name=\"description\" content=\"At Mar-Bella Collection, we seek to bring our guests the very best in every field. Here proudly presenting our Partnerships that further elevate moments.\" \/>\n<meta name=\"robots\" content=\"index, follow, max-snippet:-1, max-image-preview:large, max-video-preview:-1\" \/>\n<link rel=\"canonical\" href=\"https:\/\/www.marbella.gr\/fr\/partnerships\/\" \/>\n<meta property=\"og:locale\" content=\"fr_FR\" \/>\n<meta property=\"og:type\" content=\"article\" \/>\n<meta property=\"og:title\" content=\"Partnerships for added thrills &amp; indulgence | Mar-Bella Collection\" \/>\n<meta property=\"og:description\" content=\"At Mar-Bella Collection, we seek to bring our guests the very best in every field. Here proudly presenting our Partnerships that further elevate moments.\" \/>\n<meta property=\"og:url\" content=\"https:\/\/www.marbella.gr\/fr\/partnerships\/\" \/>\n<meta property=\"og:site_name\" content=\"Mar-Bella Collection\" \/>\n<meta property=\"article:modified_time\" content=\"2025-07-20T09:40:27+00:00\" \/>\n<meta property=\"og:image\" content=\"https:\/\/www.marbella.gr\/app\/uploads\/2024\/05\/Elix_Water-Sports-2-scaled.jpg\" \/>\n\t<meta property=\"og:image:width\" content=\"2560\" \/>\n\t<meta property=\"og:image:height\" content=\"1705\" \/>\n\t<meta property=\"og:image:type\" content=\"image\/jpeg\" \/>\n<meta name=\"twitter:card\" content=\"summary_large_image\" \/>\n<!-- \/ Yoast SEO plugin. -->","yoast_head_json":{"title":"Partenariats pour plus de sensations et de plaisir | Mar-Bella Collection","description":"\u00c0 Mar-Bella Collection, nous cherchons \u00e0 offrir \u00e0 nos h\u00f4tes ce qu'il y a de mieux dans tous les domaines. Nous pr\u00e9sentons ici avec fiert\u00e9 nos partenariats qui permettent d'\u00e9lever les moments.","robots":{"index":"index","follow":"follow","max-snippet":"max-snippet:-1","max-image-preview":"max-image-preview:large","max-video-preview":"max-video-preview:-1"},"canonical":"https:\/\/www.marbella.gr\/fr\/partnerships\/","og_locale":"fr_FR","og_type":"article","og_title":"Partnerships for added thrills & indulgence | Mar-Bella Collection","og_description":"At Mar-Bella Collection, we seek to bring our guests the very best in every field. Here proudly presenting our Partnerships that further elevate moments.","og_url":"https:\/\/www.marbella.gr\/fr\/partnerships\/","og_site_name":"Mar-Bella Collection","article_modified_time":"2025-07-20T09:40:27+00:00","og_image":[{"width":2560,"height":1705,"url":"https:\/\/www.marbella.gr\/app\/uploads\/2024\/05\/Elix_Water-Sports-2-scaled.jpg","type":"image\/jpeg"}],"twitter_card":"summary_large_image","schema":{"@context":"https:\/\/schema.org","@graph":[{"@type":"WebPage","@id":"https:\/\/www.marbella.gr\/partnerships\/","url":"https:\/\/www.marbella.gr\/partnerships\/","name":"Partenariats pour plus de sensations et de plaisir | Mar-Bella Collection","isPartOf":{"@id":"https:\/\/www.marbella.gr\/#website"},"datePublished":"2023-03-17T10:01:32+00:00","dateModified":"2025-07-20T09:40:27+00:00","description":"\u00c0 Mar-Bella Collection, nous cherchons \u00e0 offrir \u00e0 nos h\u00f4tes ce qu'il y a de mieux dans tous les domaines. Nous pr\u00e9sentons ici avec fiert\u00e9 nos partenariats qui permettent d'\u00e9lever les moments.","breadcrumb":{"@id":"https:\/\/www.marbella.gr\/partnerships\/#breadcrumb"},"inLanguage":"fr-FR","potentialAction":[{"@type":"ReadAction","target":["https:\/\/www.marbella.gr\/partnerships\/"]}]},{"@type":"BreadcrumbList","@id":"https:\/\/www.marbella.gr\/partnerships\/#breadcrumb","itemListElement":[{"@type":"ListItem","position":1,"name":"Home","item":"https:\/\/www.marbella.gr\/"},{"@type":"ListItem","position":2,"name":"Partnerships"}]},{"@type":"WebSite","@id":"https:\/\/www.marbella.gr\/#website","url":"https:\/\/www.marbella.gr\/","name":"MarBella","description":"Une famille d'h\u00f4tels vous reliant \u00e0 la magnifique mer Ionienne","publisher":{"@id":"https:\/\/www.marbella.gr\/#organization"},"alternateName":"MarBella","potentialAction":[{"@type":"SearchAction","target":{"@type":"EntryPoint","urlTemplate":"https:\/\/www.marbella.gr\/?s={search_term_string}"},"query-input":{"@type":"PropertyValueSpecification","valueRequired":true,"valueName":"search_term_string"}}],"inLanguage":"fr-FR"},{"@type":"Organization","@id":"https:\/\/www.marbella.gr\/#organization","name":"MarBella","url":"https:\/\/www.marbella.gr\/","logo":{"@type":"ImageObject","inLanguage":"fr-FR","@id":"https:\/\/www.marbella.gr\/#\/schema\/logo\/image\/","url":"https:\/\/www.marbella.gr\/app\/uploads\/2023\/06\/Marbella-collection.png","contentUrl":"https:\/\/www.marbella.gr\/app\/uploads\/2023\/06\/Marbella-collection.png","width":230,"height":75,"caption":"MarBella"},"image":{"@id":"https:\/\/www.marbella.gr\/#\/schema\/logo\/image\/"}}]}},"_links":{"self":[{"href":"https:\/\/www.marbella.gr\/fr\/wp-json\/wp\/v2\/pages\/1034","targetHints":{"allow":["GET"]}}],"collection":[{"href":"https:\/\/www.marbella.gr\/fr\/wp-json\/wp\/v2\/pages"}],"about":[{"href":"https:\/\/www.marbella.gr\/fr\/wp-json\/wp\/v2\/types\/page"}],"author":[{"embeddable":true,"href":"https:\/\/www.marbella.gr\/fr\/wp-json\/wp\/v2\/users\/1"}],"replies":[{"embeddable":true,"href":"https:\/\/www.marbella.gr\/fr\/wp-json\/wp\/v2\/comments?post=1034"}],"version-history":[{"count":25,"href":"https:\/\/www.marbella.gr\/fr\/wp-json\/wp\/v2\/pages\/1034\/revisions"}],"predecessor-version":[{"id":10510,"href":"https:\/\/www.marbella.gr\/fr\/wp-json\/wp\/v2\/pages\/1034\/revisions\/10510"}],"wp:attachment":[{"href":"https:\/\/www.marbella.gr\/fr\/wp-json\/wp\/v2\/media?parent=1034"}],"curies":[{"name":"wp","href":"https:\/\/api.w.org\/{rel}","templated":true}]}}