{"id":1038,"date":"2023-03-17T10:02:04","date_gmt":"2023-03-17T10:02:04","guid":{"rendered":"https:\/\/www.marbella.gr\/?page_id=1038"},"modified":"2025-01-27T08:41:19","modified_gmt":"2025-01-27T08:41:19","slug":"privacy-policy","status":"publish","type":"page","link":"https:\/\/www.marbella.gr\/fr\/privacy-policy\/","title":{"rendered":"Politique de confidentialit\u00e9"},"content":{"rendered":"<p><strong>La soci\u00e9t\u00e9 S.A. avec la d\u00e9nomination sociale \"MARBELLA Hotel and Tourist Enterprises S.A.\".\u00a0<\/strong>et le titre distinctif\u00a0<strong>\"MARBELLA S.A.\"<\/strong>\u00a0<strong>(ci-apr\u00e8s d\u00e9nomm\u00e9e \"l'entreprise\"),<\/strong>\u00a0qui a son si\u00e8ge \u00e0 Agios Ioannis Peristeron Corfu, est propri\u00e9taire et exploite\u00a0<strong>l'H\u00f4tel \"MARBELLA CORFU\" (ci-apr\u00e8s l'H\u00f4tel)<\/strong>reconna\u00eet la gravit\u00e9 de la question de la protection des donn\u00e9es \u00e0 caract\u00e8re personnel et vous informe que le traitement de vos donn\u00e9es \u00e0 caract\u00e8re personnel, qui sont collect\u00e9es par le biais du site web\u00a0<strong>www.marbella.gr\" (ci-apr\u00e8s d\u00e9nomm\u00e9 \"le site web\")<\/strong>\u00a0ou d'autres sources lorsque vous visitez l'H\u00f4tel, est r\u00e9alis\u00e9e conform\u00e9ment \u00e0 la l\u00e9gislation en vigueur sur la protection des donn\u00e9es (R\u00e8glement (UE) 2016\/679) - ci-apr\u00e8s le \" R\u00e8glement GDPR \") et aux pr\u00e9sentes.\u00a0<strong>Politique de confidentialit\u00e9<\/strong>.<\/p>\n<p>Les\u00a0<strong>Politique de confidentialit\u00e9<\/strong>\u00a0vous fournit des informations sur le traitement de vos donn\u00e9es personnelles, qui sont collect\u00e9es par l'entreprise, soit par le biais du site Web \" www.marbella.gr \", soit \u00e0 partir d'autres sources, lorsque vous visitez l'h\u00f4tel, et constitue un avis informatif aux personnes concern\u00e9es, conform\u00e9ment aux dispositions du r\u00e8glement GDPR. Des avis informatifs sp\u00e9ciaux concernant le traitement de vos donn\u00e9es personnelles peuvent \u00e9galement \u00eatre contenus dans les formulaires que vous \u00eates invit\u00e9 \u00e0 signer pour participer aux activit\u00e9s de l'H\u00f4tel ou pour b\u00e9n\u00e9ficier des services offerts dans l'H\u00f4tel.<\/p>\n<p>&nbsp;<\/p>","protected":false},"excerpt":{"rendered":"<p>The S.A. company with the corporate name \u201cMARBELLA Hotel and Tourist Enterprises S.A.\u201d\u00a0and the distinctive title\u00a0\u201cMARBELLA S.A.\u201d\u00a0(hereinafter the Company),\u00a0which is seated in Agios Ioannis Peristeron Corfu, is the owner of and is operating\u00a0the Hotel \u201cMARBELLA CORFU\u201d (hereinafter the Hotel)acknowledges the severity of the issue of ensuring the protection of personal data and informs you that [&#8230;]<\/p>\n<p><a class=\"btn btn-secondary understrap-read-more-link\" href=\"https:\/\/www.marbella.gr\/fr\/privacy-policy\/\">Read More&#8230;<span class=\"screen-reader-text\"> from Privacy Policy<\/span><\/a><\/p>\n","protected":false},"author":1,"featured_media":0,"parent":0,"menu_order":0,"comment_status":"closed","ping_status":"closed","template":"","meta":{"_acf_changed":false,"footnotes":""},"class_list":["post-1038","page","type-page","status-publish","hentry"],"acf":[],"yoast_head":"<!-- This site is optimized with the Yoast SEO plugin v27.5 - https:\/\/yoast.com\/product\/yoast-seo-wordpress\/ -->\n<title>Privacy Policy | Mar-Bella Collection<\/title>\n<meta name=\"description\" content=\"At Mar-Bella Collection, we value and respect the time you spend on our websites. Read all about our Privacy Policy and how your personal data is protected.\" \/>\n<meta name=\"robots\" content=\"index, follow, max-snippet:-1, max-image-preview:large, max-video-preview:-1\" \/>\n<link rel=\"canonical\" href=\"https:\/\/www.marbella.gr\/fr\/privacy-policy\/\" \/>\n<meta property=\"og:locale\" content=\"fr_FR\" \/>\n<meta property=\"og:type\" content=\"article\" \/>\n<meta property=\"og:title\" content=\"Privacy Policy | Mar-Bella Collection\" \/>\n<meta property=\"og:description\" content=\"At Mar-Bella Collection, we value and respect the time you spend on our websites. Read all about our Privacy Policy and how your personal data is protected.\" \/>\n<meta property=\"og:url\" content=\"https:\/\/www.marbella.gr\/fr\/privacy-policy\/\" \/>\n<meta property=\"og:site_name\" content=\"Mar-Bella Collection\" \/>\n<meta property=\"article:modified_time\" content=\"2025-01-27T08:41:19+00:00\" \/>\n<meta property=\"og:image\" content=\"https:\/\/www.marbella.gr\/app\/uploads\/2024\/05\/Elix_Water-Sports-2-scaled.jpg\" \/>\n\t<meta property=\"og:image:width\" content=\"2560\" \/>\n\t<meta property=\"og:image:height\" content=\"1705\" \/>\n\t<meta property=\"og:image:type\" content=\"image\/jpeg\" \/>\n<meta name=\"twitter:card\" content=\"summary_large_image\" \/>\n<meta name=\"twitter:label1\" content=\"Dur\u00e9e de lecture estim\u00e9e\" \/>\n\t<meta name=\"twitter:data1\" content=\"1 minute\" \/>\n<!-- \/ Yoast SEO plugin. -->","yoast_head_json":{"title":"Politique de confidentialit\u00e9 | Mar-Bella Collection","description":"Chez Mar-Bella Collection, nous appr\u00e9cions et respectons le temps que vous passez sur nos sites web. D\u00e9couvrez notre politique de confidentialit\u00e9 et la fa\u00e7on dont vos donn\u00e9es personnelles sont prot\u00e9g\u00e9es.","robots":{"index":"index","follow":"follow","max-snippet":"max-snippet:-1","max-image-preview":"max-image-preview:large","max-video-preview":"max-video-preview:-1"},"canonical":"https:\/\/www.marbella.gr\/fr\/privacy-policy\/","og_locale":"fr_FR","og_type":"article","og_title":"Privacy Policy | Mar-Bella Collection","og_description":"At Mar-Bella Collection, we value and respect the time you spend on our websites. Read all about our Privacy Policy and how your personal data is protected.","og_url":"https:\/\/www.marbella.gr\/fr\/privacy-policy\/","og_site_name":"Mar-Bella Collection","article_modified_time":"2025-01-27T08:41:19+00:00","og_image":[{"width":2560,"height":1705,"url":"https:\/\/www.marbella.gr\/app\/uploads\/2024\/05\/Elix_Water-Sports-2-scaled.jpg","type":"image\/jpeg"}],"twitter_card":"summary_large_image","twitter_misc":{"Dur\u00e9e de lecture estim\u00e9e":"1 minute"},"schema":{"@context":"https:\/\/schema.org","@graph":[{"@type":"WebPage","@id":"https:\/\/www.marbella.gr\/privacy-policy\/","url":"https:\/\/www.marbella.gr\/privacy-policy","name":"Politique de confidentialit\u00e9 | Mar-Bella Collection","isPartOf":{"@id":"https:\/\/www.marbella.gr\/#website"},"datePublished":"2023-03-17T10:02:04+00:00","dateModified":"2025-01-27T08:41:19+00:00","description":"Chez Mar-Bella Collection, nous appr\u00e9cions et respectons le temps que vous passez sur nos sites web. D\u00e9couvrez notre politique de confidentialit\u00e9 et la fa\u00e7on dont vos donn\u00e9es personnelles sont prot\u00e9g\u00e9es.","breadcrumb":{"@id":"https:\/\/www.marbella.gr\/privacy-policy#breadcrumb"},"inLanguage":"fr-FR","potentialAction":[{"@type":"ReadAction","target":["https:\/\/www.marbella.gr\/privacy-policy"]}]},{"@type":"BreadcrumbList","@id":"https:\/\/www.marbella.gr\/privacy-policy#breadcrumb","itemListElement":[{"@type":"ListItem","position":1,"name":"Home","item":"https:\/\/www.marbella.gr\/"},{"@type":"ListItem","position":2,"name":"Privacy Policy"}]},{"@type":"WebSite","@id":"https:\/\/www.marbella.gr\/#website","url":"https:\/\/www.marbella.gr\/","name":"MarBella","description":"Une famille d'h\u00f4tels vous reliant \u00e0 la magnifique mer Ionienne","publisher":{"@id":"https:\/\/www.marbella.gr\/#organization"},"alternateName":"MarBella","potentialAction":[{"@type":"SearchAction","target":{"@type":"EntryPoint","urlTemplate":"https:\/\/www.marbella.gr\/?s={search_term_string}"},"query-input":{"@type":"PropertyValueSpecification","valueRequired":true,"valueName":"search_term_string"}}],"inLanguage":"fr-FR"},{"@type":"Organization","@id":"https:\/\/www.marbella.gr\/#organization","name":"MarBella","url":"https:\/\/www.marbella.gr\/","logo":{"@type":"ImageObject","inLanguage":"fr-FR","@id":"https:\/\/www.marbella.gr\/#\/schema\/logo\/image\/","url":"https:\/\/www.marbella.gr\/app\/uploads\/2023\/06\/Marbella-collection.png","contentUrl":"https:\/\/www.marbella.gr\/app\/uploads\/2023\/06\/Marbella-collection.png","width":230,"height":75,"caption":"MarBella"},"image":{"@id":"https:\/\/www.marbella.gr\/#\/schema\/logo\/image\/"}}]}},"_links":{"self":[{"href":"https:\/\/www.marbella.gr\/fr\/wp-json\/wp\/v2\/pages\/1038","targetHints":{"allow":["GET"]}}],"collection":[{"href":"https:\/\/www.marbella.gr\/fr\/wp-json\/wp\/v2\/pages"}],"about":[{"href":"https:\/\/www.marbella.gr\/fr\/wp-json\/wp\/v2\/types\/page"}],"author":[{"embeddable":true,"href":"https:\/\/www.marbella.gr\/fr\/wp-json\/wp\/v2\/users\/1"}],"replies":[{"embeddable":true,"href":"https:\/\/www.marbella.gr\/fr\/wp-json\/wp\/v2\/comments?post=1038"}],"version-history":[{"count":21,"href":"https:\/\/www.marbella.gr\/fr\/wp-json\/wp\/v2\/pages\/1038\/revisions"}],"predecessor-version":[{"id":9234,"href":"https:\/\/www.marbella.gr\/fr\/wp-json\/wp\/v2\/pages\/1038\/revisions\/9234"}],"wp:attachment":[{"href":"https:\/\/www.marbella.gr\/fr\/wp-json\/wp\/v2\/media?parent=1038"}],"curies":[{"name":"wp","href":"https:\/\/api.w.org\/{rel}","templated":true}]}}