{"id":1040,"date":"2023-03-17T10:02:19","date_gmt":"2023-03-17T10:02:19","guid":{"rendered":"https:\/\/www.marbella.gr\/?page_id=1040"},"modified":"2025-02-11T09:06:03","modified_gmt":"2025-02-11T09:06:03","slug":"career","status":"publish","type":"page","link":"https:\/\/www.marbella.gr\/fr\/career\/","title":{"rendered":"Opportunit\u00e9s de carri\u00e8re"},"content":{"rendered":"<p><span data-contrast=\"auto\">Nous sommes un groupe de quatre h\u00f4tels de luxe cinq \u00e9toiles prim\u00e9s, r\u00e9partis autour de la mer Ionienne en Gr\u00e8ce et con\u00e7us pour r\u00e9pondre aux besoins en constante \u00e9volution des clients \u00e0 diff\u00e9rents stades de leur vie.\u00a0<\/span><span data-ccp-props=\"{}\">\u00a0<\/span><\/p>\n<p class=\"translation-block\">&lt;Nous sommes fiers de notre h\u00e9ritage familial qui s&#039;\u00e9tend sur plus de 50 ans et qui <\/span><span>fonde un fort sentiment d'appartenance et d'engagement. En m\u00eame temps, la structure claire de notre entreprise favorise un environnement efficace et collaboratif \u00e0 forte croissance pour que chacun puisse contribuer et r\u00e9ussir.<\/p>\n<p><span data-contrast=\"auto\">Faites d\u00e9filer la page pour d\u00e9couvrir nos derni\u00e8res offres d'emploi ou n'h\u00e9sitez pas \u00e0 contacter notre \u00e9quipe des ressources humaines : <\/span><a href=\"mailto:hr@marbella.gr\"><span data-contrast=\"none\">hr@marbella.gr<\/span><\/a><span data-contrast=\"auto\"> | T\u00e9l. : +30 26610 71126<\/span><span data-ccp-props=\"{}\">\u00a0<\/span><\/p>","protected":false},"excerpt":{"rendered":"<p>We\u2019re a group of four award winning five-star luxury hotels, dotted around the Ionian Sea in Greece and curated to suit the ever-changing needs of guests across different stages of their life.\u00a0\u00a0 We take pride in our family-owned heritage that spans over 50 years and fosters a strong sense of belonging and commitment. At the [&#8230;]<\/p>\n<p><a class=\"btn btn-secondary understrap-read-more-link\" href=\"https:\/\/www.marbella.gr\/fr\/career\/\">Read More&#8230;<span class=\"screen-reader-text\"> from Career\u00a0opportunities<\/span><\/a><\/p>\n","protected":false},"author":1,"featured_media":0,"parent":0,"menu_order":0,"comment_status":"closed","ping_status":"closed","template":"page-templates\/jobs.php","meta":{"_acf_changed":false,"footnotes":""},"class_list":["post-1040","page","type-page","status-publish","hentry"],"acf":[],"yoast_head":"<!-- This site is optimized with the Yoast SEO plugin v27.5 - https:\/\/yoast.com\/product\/yoast-seo-wordpress\/ -->\n<title>MarBella Collection&#039;s Career Opportunities | MarBella Collection<\/title>\n<meta name=\"description\" content=\"MarBella Collection, a certified Great Place To Work, is always on the look out for experienced &amp; qualified hospitality professionals to join the team.\" \/>\n<meta name=\"robots\" content=\"index, follow, max-snippet:-1, max-image-preview:large, max-video-preview:-1\" \/>\n<link rel=\"canonical\" href=\"https:\/\/www.marbella.gr\/fr\/career\/\" \/>\n<meta property=\"og:locale\" content=\"fr_FR\" \/>\n<meta property=\"og:type\" content=\"article\" \/>\n<meta property=\"og:title\" content=\"MarBella Collection&#039;s Career Opportunities | MarBella Collection\" \/>\n<meta property=\"og:description\" content=\"MarBella Collection, a certified Great Place To Work, is always on the look out for experienced &amp; qualified hospitality professionals to join the team.\" \/>\n<meta property=\"og:url\" content=\"https:\/\/www.marbella.gr\/fr\/career\/\" \/>\n<meta property=\"og:site_name\" content=\"Mar-Bella Collection\" \/>\n<meta property=\"article:modified_time\" content=\"2025-02-11T09:06:03+00:00\" \/>\n<meta property=\"og:image\" content=\"https:\/\/www.marbella.gr\/app\/uploads\/2024\/05\/Elix_Water-Sports-2-scaled.jpg\" \/>\n\t<meta property=\"og:image:width\" content=\"2560\" \/>\n\t<meta property=\"og:image:height\" content=\"1705\" \/>\n\t<meta property=\"og:image:type\" content=\"image\/jpeg\" \/>\n<meta name=\"twitter:card\" content=\"summary_large_image\" \/>\n<meta name=\"twitter:label1\" content=\"Dur\u00e9e de lecture estim\u00e9e\" \/>\n\t<meta name=\"twitter:data1\" content=\"1 minute\" \/>\n<!-- \/ Yoast SEO plugin. -->","yoast_head_json":{"title":"Opportunit\u00e9s de carri\u00e8re chez MarBella Collection | MarBella Collection","description":"MarBella Collection, certifi\u00e9 Great Place To Work, est toujours \u00e0 la recherche de professionnels de l'h\u00f4tellerie et de la restauration exp\u00e9riment\u00e9s et qualifi\u00e9s pour rejoindre son \u00e9quipe.","robots":{"index":"index","follow":"follow","max-snippet":"max-snippet:-1","max-image-preview":"max-image-preview:large","max-video-preview":"max-video-preview:-1"},"canonical":"https:\/\/www.marbella.gr\/fr\/career\/","og_locale":"fr_FR","og_type":"article","og_title":"MarBella Collection's Career Opportunities | MarBella Collection","og_description":"MarBella Collection, a certified Great Place To Work, is always on the look out for experienced & qualified hospitality professionals to join the team.","og_url":"https:\/\/www.marbella.gr\/fr\/career\/","og_site_name":"Mar-Bella Collection","article_modified_time":"2025-02-11T09:06:03+00:00","og_image":[{"width":2560,"height":1705,"url":"https:\/\/www.marbella.gr\/app\/uploads\/2024\/05\/Elix_Water-Sports-2-scaled.jpg","type":"image\/jpeg"}],"twitter_card":"summary_large_image","twitter_misc":{"Dur\u00e9e de lecture estim\u00e9e":"1 minute"},"schema":{"@context":"https:\/\/schema.org","@graph":[{"@type":"WebPage","@id":"https:\/\/www.marbella.gr\/career\/","url":"https:\/\/www.marbella.gr\/career\/","name":"Opportunit\u00e9s de carri\u00e8re chez MarBella Collection | MarBella Collection","isPartOf":{"@id":"https:\/\/www.marbella.gr\/#website"},"datePublished":"2023-03-17T10:02:19+00:00","dateModified":"2025-02-11T09:06:03+00:00","description":"MarBella Collection, certifi\u00e9 Great Place To Work, est toujours \u00e0 la recherche de professionnels de l'h\u00f4tellerie et de la restauration exp\u00e9riment\u00e9s et qualifi\u00e9s pour rejoindre son \u00e9quipe.","breadcrumb":{"@id":"https:\/\/www.marbella.gr\/career\/#breadcrumb"},"inLanguage":"fr-FR","potentialAction":[{"@type":"ReadAction","target":["https:\/\/www.marbella.gr\/career\/"]}]},{"@type":"BreadcrumbList","@id":"https:\/\/www.marbella.gr\/career\/#breadcrumb","itemListElement":[{"@type":"ListItem","position":1,"name":"Home","item":"https:\/\/www.marbella.gr\/"},{"@type":"ListItem","position":2,"name":"Career\u00a0opportunities"}]},{"@type":"WebSite","@id":"https:\/\/www.marbella.gr\/#website","url":"https:\/\/www.marbella.gr\/","name":"MarBella","description":"Une famille d'h\u00f4tels vous reliant \u00e0 la magnifique mer Ionienne","publisher":{"@id":"https:\/\/www.marbella.gr\/#organization"},"alternateName":"MarBella","potentialAction":[{"@type":"SearchAction","target":{"@type":"EntryPoint","urlTemplate":"https:\/\/www.marbella.gr\/?s={search_term_string}"},"query-input":{"@type":"PropertyValueSpecification","valueRequired":true,"valueName":"search_term_string"}}],"inLanguage":"fr-FR"},{"@type":"Organization","@id":"https:\/\/www.marbella.gr\/#organization","name":"MarBella","url":"https:\/\/www.marbella.gr\/","logo":{"@type":"ImageObject","inLanguage":"fr-FR","@id":"https:\/\/www.marbella.gr\/#\/schema\/logo\/image\/","url":"https:\/\/www.marbella.gr\/app\/uploads\/2023\/06\/Marbella-collection.png","contentUrl":"https:\/\/www.marbella.gr\/app\/uploads\/2023\/06\/Marbella-collection.png","width":230,"height":75,"caption":"MarBella"},"image":{"@id":"https:\/\/www.marbella.gr\/#\/schema\/logo\/image\/"}}]}},"_links":{"self":[{"href":"https:\/\/www.marbella.gr\/fr\/wp-json\/wp\/v2\/pages\/1040","targetHints":{"allow":["GET"]}}],"collection":[{"href":"https:\/\/www.marbella.gr\/fr\/wp-json\/wp\/v2\/pages"}],"about":[{"href":"https:\/\/www.marbella.gr\/fr\/wp-json\/wp\/v2\/types\/page"}],"author":[{"embeddable":true,"href":"https:\/\/www.marbella.gr\/fr\/wp-json\/wp\/v2\/users\/1"}],"replies":[{"embeddable":true,"href":"https:\/\/www.marbella.gr\/fr\/wp-json\/wp\/v2\/comments?post=1040"}],"version-history":[{"count":62,"href":"https:\/\/www.marbella.gr\/fr\/wp-json\/wp\/v2\/pages\/1040\/revisions"}],"predecessor-version":[{"id":9566,"href":"https:\/\/www.marbella.gr\/fr\/wp-json\/wp\/v2\/pages\/1040\/revisions\/9566"}],"wp:attachment":[{"href":"https:\/\/www.marbella.gr\/fr\/wp-json\/wp\/v2\/media?parent=1040"}],"curies":[{"name":"wp","href":"https:\/\/api.w.org\/{rel}","templated":true}]}}