{"id":10474,"date":"2025-07-17T12:24:59","date_gmt":"2025-07-17T12:24:59","guid":{"rendered":"https:\/\/www.marbella.gr\/?page_id=10474"},"modified":"2025-09-18T12:18:54","modified_gmt":"2025-09-18T09:18:54","slug":"ionian-environment-foundation","status":"publish","type":"page","link":"https:\/\/www.marbella.gr\/fr\/ionian-environment-foundation\/","title":{"rendered":"Fondation ionienne pour l'environnement"},"content":{"rendered":"<p>\u00c0 Mar-Bella Collection, notre histoire commence et se poursuit avec la mer. L'\u00e9blouissante mer Ionienne n'est pas seulement une magnifique toile de fond pour nos h\u00f4tels. Elle fait partie de notre identit\u00e9. Elle nous relie et nous inspire.<\/p>\n<p>C'est pourquoi nous sommes si fiers de soutenir le programme <strong>Fondation ionienne pour l'environnement (IEF)<\/strong> pour aider \u00e0 prot\u00e9ger l'incroyable vie marine de la r\u00e9gion. Dans le cadre de notre engagement, nous avons fait un don initial \u00e0 l'association<strong> Projet sur les dauphins de la mer Ionienne.<\/strong><\/p>\n<p>Depuis 1991, l'Ionian Dolphin Project s'efforce d'assurer la viabilit\u00e9 \u00e0 long terme des mammif\u00e8res marins vivant dans les eaux c\u00f4ti\u00e8res de l'est de la mer Ionienne. Ces eaux abritent des dauphins et le phoque moine de M\u00e9diterran\u00e9e, une esp\u00e8ce menac\u00e9e par l'augmentation de l'activit\u00e9 humaine et la perte d'habitat. Notre contribution servira \u00e0 l'achat d'un objectif photographique de haute qualit\u00e9, un outil essentiel qui am\u00e9liorera la capacit\u00e9 \u00e0 r\u00e9aliser une photo-identification d\u00e9taill\u00e9e des dauphins et autres mammif\u00e8res marins lors des enqu\u00eates sur le terrain, non seulement dans le cadre des efforts actuels du projet, mais aussi dans le cadre des recherches en cours pour les ann\u00e9es \u00e0 venir.<\/p>\n<p>Fond\u00e9 en 2019, IEF se consacre \u00e0 la protection et \u00e0 la pr\u00e9servation de la beaut\u00e9 naturelle de la r\u00e9gion ionienne. En soutenant les initiatives locales, IEF les aide \u00e0 se d\u00e9velopper, \u00e0 r\u00e9ussir et \u00e0 cr\u00e9er un impact durable, en concentrant ses efforts sur les projets de conservation les plus efficaces et les plus significatifs.<\/p>","protected":false},"excerpt":{"rendered":"<p>At Mar-Bella Collection, our story begins and flows with the sea. The dazzling Ionian Sea isn\u2019t just a beautiful backdrop to our hotels. It\u2019s part of who we are. It connects us and inspires us. That\u2019s why we\u2019re so proud to be supporters of the Ionian Environment Foundation (IEF) to help protect the amazing marine [&#8230;]<\/p>\n<p><a class=\"btn btn-secondary understrap-read-more-link\" href=\"https:\/\/www.marbella.gr\/fr\/ionian-environment-foundation\/\">Read More&#8230;<span class=\"screen-reader-text\"> from Ionian Environment Foundation<\/span><\/a><\/p>\n","protected":false},"author":16,"featured_media":0,"parent":0,"menu_order":0,"comment_status":"closed","ping_status":"closed","template":"","meta":{"_acf_changed":false,"footnotes":""},"class_list":["post-10474","page","type-page","status-publish","hentry"],"acf":[],"yoast_head":"<!-- This site is optimized with the Yoast SEO plugin v27.4 - https:\/\/yoast.com\/product\/yoast-seo-wordpress\/ -->\n<title>Ionian Environment Foundation - Mar-Bella Collection<\/title>\n<meta name=\"robots\" content=\"index, follow, max-snippet:-1, max-image-preview:large, max-video-preview:-1\" \/>\n<link rel=\"canonical\" href=\"https:\/\/www.marbella.gr\/fr\/ionian-environment-foundation\/\" \/>\n<meta property=\"og:locale\" content=\"fr_FR\" \/>\n<meta property=\"og:type\" content=\"article\" \/>\n<meta property=\"og:title\" content=\"Ionian Environment Foundation - Mar-Bella Collection\" \/>\n<meta property=\"og:description\" content=\"At Mar-Bella Collection, our story begins and flows with the sea. The dazzling Ionian Sea isn\u2019t just a beautiful backdrop to our hotels. It\u2019s part of who we are. It connects us and inspires us. That\u2019s why we\u2019re so proud to be supporters of the Ionian Environment Foundation (IEF) to help protect the amazing marine [...]Read More... from Ionian Environment Foundation\" \/>\n<meta property=\"og:url\" content=\"https:\/\/www.marbella.gr\/fr\/ionian-environment-foundation\/\" \/>\n<meta property=\"og:site_name\" content=\"Mar-Bella Collection\" \/>\n<meta property=\"article:modified_time\" content=\"2025-09-18T09:18:54+00:00\" \/>\n<meta property=\"og:image\" content=\"https:\/\/www.marbella.gr\/app\/uploads\/2024\/05\/Elix_Water-Sports-2-scaled.jpg\" \/>\n\t<meta property=\"og:image:width\" content=\"2560\" \/>\n\t<meta property=\"og:image:height\" content=\"1705\" \/>\n\t<meta property=\"og:image:type\" content=\"image\/jpeg\" \/>\n<meta name=\"twitter:card\" content=\"summary_large_image\" \/>\n<meta name=\"twitter:label1\" content=\"Dur\u00e9e de lecture estim\u00e9e\" \/>\n\t<meta name=\"twitter:data1\" content=\"1 minute\" \/>\n<!-- \/ Yoast SEO plugin. -->","yoast_head_json":{"title":"Ionian Environment Foundation - Collection Mar-Bella","robots":{"index":"index","follow":"follow","max-snippet":"max-snippet:-1","max-image-preview":"max-image-preview:large","max-video-preview":"max-video-preview:-1"},"canonical":"https:\/\/www.marbella.gr\/fr\/ionian-environment-foundation\/","og_locale":"fr_FR","og_type":"article","og_title":"Ionian Environment Foundation - Mar-Bella Collection","og_description":"At Mar-Bella Collection, our story begins and flows with the sea. The dazzling Ionian Sea isn\u2019t just a beautiful backdrop to our hotels. It\u2019s part of who we are. It connects us and inspires us. That\u2019s why we\u2019re so proud to be supporters of the Ionian Environment Foundation (IEF) to help protect the amazing marine [...]Read More... from Ionian Environment Foundation","og_url":"https:\/\/www.marbella.gr\/fr\/ionian-environment-foundation\/","og_site_name":"Mar-Bella Collection","article_modified_time":"2025-09-18T09:18:54+00:00","og_image":[{"width":2560,"height":1705,"url":"https:\/\/www.marbella.gr\/app\/uploads\/2024\/05\/Elix_Water-Sports-2-scaled.jpg","type":"image\/jpeg"}],"twitter_card":"summary_large_image","twitter_misc":{"Dur\u00e9e de lecture estim\u00e9e":"1 minute"},"schema":{"@context":"https:\/\/schema.org","@graph":[{"@type":"WebPage","@id":"https:\/\/www.marbella.gr\/ionian-environment-foundation\/","url":"https:\/\/www.marbella.gr\/ionian-environment-foundation\/","name":"Ionian Environment Foundation - Collection Mar-Bella","isPartOf":{"@id":"https:\/\/www.marbella.gr\/#website"},"datePublished":"2025-07-17T12:24:59+00:00","dateModified":"2025-09-18T09:18:54+00:00","breadcrumb":{"@id":"https:\/\/www.marbella.gr\/ionian-environment-foundation\/#breadcrumb"},"inLanguage":"fr-FR","potentialAction":[{"@type":"ReadAction","target":["https:\/\/www.marbella.gr\/ionian-environment-foundation\/"]}]},{"@type":"BreadcrumbList","@id":"https:\/\/www.marbella.gr\/ionian-environment-foundation\/#breadcrumb","itemListElement":[{"@type":"ListItem","position":1,"name":"Home","item":"https:\/\/www.marbella.gr\/"},{"@type":"ListItem","position":2,"name":"Ionian Environment Foundation"}]},{"@type":"WebSite","@id":"https:\/\/www.marbella.gr\/#website","url":"https:\/\/www.marbella.gr\/","name":"MarBella","description":"Une famille d'h\u00f4tels vous reliant \u00e0 la magnifique mer Ionienne","publisher":{"@id":"https:\/\/www.marbella.gr\/#organization"},"alternateName":"MarBella","potentialAction":[{"@type":"SearchAction","target":{"@type":"EntryPoint","urlTemplate":"https:\/\/www.marbella.gr\/?s={search_term_string}"},"query-input":{"@type":"PropertyValueSpecification","valueRequired":true,"valueName":"search_term_string"}}],"inLanguage":"fr-FR"},{"@type":"Organization","@id":"https:\/\/www.marbella.gr\/#organization","name":"MarBella","url":"https:\/\/www.marbella.gr\/","logo":{"@type":"ImageObject","inLanguage":"fr-FR","@id":"https:\/\/www.marbella.gr\/#\/schema\/logo\/image\/","url":"https:\/\/www.marbella.gr\/app\/uploads\/2023\/06\/Marbella-collection.png","contentUrl":"https:\/\/www.marbella.gr\/app\/uploads\/2023\/06\/Marbella-collection.png","width":230,"height":75,"caption":"MarBella"},"image":{"@id":"https:\/\/www.marbella.gr\/#\/schema\/logo\/image\/"}}]}},"_links":{"self":[{"href":"https:\/\/www.marbella.gr\/fr\/wp-json\/wp\/v2\/pages\/10474","targetHints":{"allow":["GET"]}}],"collection":[{"href":"https:\/\/www.marbella.gr\/fr\/wp-json\/wp\/v2\/pages"}],"about":[{"href":"https:\/\/www.marbella.gr\/fr\/wp-json\/wp\/v2\/types\/page"}],"author":[{"embeddable":true,"href":"https:\/\/www.marbella.gr\/fr\/wp-json\/wp\/v2\/users\/16"}],"replies":[{"embeddable":true,"href":"https:\/\/www.marbella.gr\/fr\/wp-json\/wp\/v2\/comments?post=10474"}],"version-history":[{"count":23,"href":"https:\/\/www.marbella.gr\/fr\/wp-json\/wp\/v2\/pages\/10474\/revisions"}],"predecessor-version":[{"id":10964,"href":"https:\/\/www.marbella.gr\/fr\/wp-json\/wp\/v2\/pages\/10474\/revisions\/10964"}],"wp:attachment":[{"href":"https:\/\/www.marbella.gr\/fr\/wp-json\/wp\/v2\/media?parent=10474"}],"curies":[{"name":"wp","href":"https:\/\/api.w.org\/{rel}","templated":true}]}}