{"id":10591,"date":"2025-08-04T09:01:30","date_gmt":"2025-08-04T09:01:30","guid":{"rendered":"https:\/\/www.marbella.gr\/?page_id=10591"},"modified":"2025-08-13T10:18:24","modified_gmt":"2025-08-13T10:18:24","slug":"10591-2","status":"publish","type":"page","link":"https:\/\/www.marbella.gr\/fr\/sustainability\/10591-2\/","title":{"rendered":"LA BELLE MER IONIENNE"},"content":{"rendered":"<p>Nous entretenons une histoire d'amour avec les eaux ioniennes qui relient et d\u00e9finissent chacun de nos h\u00f4tels. Nous voulons embrasser l'eau qui relie les h\u00f4tels, la d\u00e9fendre pour son b\u00e9n\u00e9fice et la prot\u00e9ger. La mer Ionienne est le fil conducteur qui relie et d\u00e9finit chacun de nos h\u00f4tels. Plus qu'un d\u00e9cor, elle fait partie de notre identit\u00e9. Nous embrassons la mer qui nous relie et assumons la responsabilit\u00e9 de sa protection. En minimisant notre impact et en soutenant les efforts de conservation marine, nous nous engageons \u00e0 sauvegarder ce pr\u00e9cieux \u00e9cosyst\u00e8me.<\/p>\n<p>&nbsp;<\/p>\n<p>&nbsp;<\/p>\n<p>&nbsp;<\/p>","protected":false},"excerpt":{"rendered":"<p>We have an ongoing love affair with the Ionian waters, which link and define each of our hotels. We want to embrace the water that connects the hotels, champion it for its benefit and protect it. The Ionian Sea is the shimmering thread that links and defines each of our hotels. It\u2019s more than a [&#8230;]<\/p>\n<p><a class=\"btn btn-secondary understrap-read-more-link\" href=\"https:\/\/www.marbella.gr\/fr\/sustainability\/10591-2\/\">Read More&#8230;<span class=\"screen-reader-text\"> from THE BEAUTIFUL IONIAN SEA<\/span><\/a><\/p>\n","protected":false},"author":16,"featured_media":0,"parent":1036,"menu_order":0,"comment_status":"closed","ping_status":"closed","template":"","meta":{"_acf_changed":false,"footnotes":""},"class_list":["post-10591","page","type-page","status-publish","hentry"],"acf":[],"yoast_head":"<!-- This site is optimized with the Yoast SEO plugin v27.4 - https:\/\/yoast.com\/product\/yoast-seo-wordpress\/ -->\n<title>THE BEAUTIFUL IONIAN SEA - Mar-Bella Collection<\/title>\n<meta name=\"robots\" content=\"index, follow, max-snippet:-1, max-image-preview:large, max-video-preview:-1\" \/>\n<link rel=\"canonical\" href=\"https:\/\/www.marbella.gr\/fr\/sustainability\/10591-2\/\" \/>\n<meta property=\"og:locale\" content=\"fr_FR\" \/>\n<meta property=\"og:type\" content=\"article\" \/>\n<meta property=\"og:title\" content=\"THE BEAUTIFUL IONIAN SEA - Mar-Bella Collection\" \/>\n<meta property=\"og:description\" content=\"We have an ongoing love affair with the Ionian waters, which link and define each of our hotels. We want to embrace the water that connects the hotels, champion it for its benefit and protect it. The Ionian Sea is the shimmering thread that links and defines each of our hotels. It\u2019s more than a [...]Read More... from THE BEAUTIFUL IONIAN SEA\" \/>\n<meta property=\"og:url\" content=\"https:\/\/www.marbella.gr\/fr\/sustainability\/10591-2\/\" \/>\n<meta property=\"og:site_name\" content=\"Mar-Bella Collection\" \/>\n<meta property=\"article:modified_time\" content=\"2025-08-13T10:18:24+00:00\" \/>\n<meta property=\"og:image\" content=\"https:\/\/www.marbella.gr\/app\/uploads\/2024\/05\/Elix_Water-Sports-2-scaled.jpg\" \/>\n\t<meta property=\"og:image:width\" content=\"2560\" \/>\n\t<meta property=\"og:image:height\" content=\"1705\" \/>\n\t<meta property=\"og:image:type\" content=\"image\/jpeg\" \/>\n<meta name=\"twitter:card\" content=\"summary_large_image\" \/>\n<meta name=\"twitter:label1\" content=\"Dur\u00e9e de lecture estim\u00e9e\" \/>\n\t<meta name=\"twitter:data1\" content=\"1 minute\" \/>\n<!-- \/ Yoast SEO plugin. -->","yoast_head_json":{"title":"LA BELLE MER IONIENNE - Collection Mar-Bella","robots":{"index":"index","follow":"follow","max-snippet":"max-snippet:-1","max-image-preview":"max-image-preview:large","max-video-preview":"max-video-preview:-1"},"canonical":"https:\/\/www.marbella.gr\/fr\/sustainability\/10591-2\/","og_locale":"fr_FR","og_type":"article","og_title":"THE BEAUTIFUL IONIAN SEA - Mar-Bella Collection","og_description":"We have an ongoing love affair with the Ionian waters, which link and define each of our hotels. We want to embrace the water that connects the hotels, champion it for its benefit and protect it. The Ionian Sea is the shimmering thread that links and defines each of our hotels. It\u2019s more than a [...]Read More... from THE BEAUTIFUL IONIAN SEA","og_url":"https:\/\/www.marbella.gr\/fr\/sustainability\/10591-2\/","og_site_name":"Mar-Bella Collection","article_modified_time":"2025-08-13T10:18:24+00:00","og_image":[{"width":2560,"height":1705,"url":"https:\/\/www.marbella.gr\/app\/uploads\/2024\/05\/Elix_Water-Sports-2-scaled.jpg","type":"image\/jpeg"}],"twitter_card":"summary_large_image","twitter_misc":{"Dur\u00e9e de lecture estim\u00e9e":"1 minute"},"schema":{"@context":"https:\/\/schema.org","@graph":[{"@type":"WebPage","@id":"https:\/\/www.marbella.gr\/sustainability\/10591-2\/","url":"https:\/\/www.marbella.gr\/sustainability\/10591-2\/","name":"LA BELLE MER IONIENNE - Collection Mar-Bella","isPartOf":{"@id":"https:\/\/www.marbella.gr\/#website"},"datePublished":"2025-08-04T09:01:30+00:00","dateModified":"2025-08-13T10:18:24+00:00","breadcrumb":{"@id":"https:\/\/www.marbella.gr\/sustainability\/10591-2\/#breadcrumb"},"inLanguage":"fr-FR","potentialAction":[{"@type":"ReadAction","target":["https:\/\/www.marbella.gr\/sustainability\/10591-2\/"]}]},{"@type":"BreadcrumbList","@id":"https:\/\/www.marbella.gr\/sustainability\/10591-2\/#breadcrumb","itemListElement":[{"@type":"ListItem","position":1,"name":"Home","item":"https:\/\/www.marbella.gr\/"},{"@type":"ListItem","position":2,"name":"Environmental &#038; Social Responsibility","item":"https:\/\/www.marbella.gr\/sustainability\/"},{"@type":"ListItem","position":3,"name":"THE BEAUTIFUL IONIAN SEA"}]},{"@type":"WebSite","@id":"https:\/\/www.marbella.gr\/#website","url":"https:\/\/www.marbella.gr\/","name":"MarBella","description":"Une famille d'h\u00f4tels vous reliant \u00e0 la magnifique mer Ionienne","publisher":{"@id":"https:\/\/www.marbella.gr\/#organization"},"alternateName":"MarBella","potentialAction":[{"@type":"SearchAction","target":{"@type":"EntryPoint","urlTemplate":"https:\/\/www.marbella.gr\/?s={search_term_string}"},"query-input":{"@type":"PropertyValueSpecification","valueRequired":true,"valueName":"search_term_string"}}],"inLanguage":"fr-FR"},{"@type":"Organization","@id":"https:\/\/www.marbella.gr\/#organization","name":"MarBella","url":"https:\/\/www.marbella.gr\/","logo":{"@type":"ImageObject","inLanguage":"fr-FR","@id":"https:\/\/www.marbella.gr\/#\/schema\/logo\/image\/","url":"https:\/\/www.marbella.gr\/app\/uploads\/2023\/06\/Marbella-collection.png","contentUrl":"https:\/\/www.marbella.gr\/app\/uploads\/2023\/06\/Marbella-collection.png","width":230,"height":75,"caption":"MarBella"},"image":{"@id":"https:\/\/www.marbella.gr\/#\/schema\/logo\/image\/"}}]}},"_links":{"self":[{"href":"https:\/\/www.marbella.gr\/fr\/wp-json\/wp\/v2\/pages\/10591","targetHints":{"allow":["GET"]}}],"collection":[{"href":"https:\/\/www.marbella.gr\/fr\/wp-json\/wp\/v2\/pages"}],"about":[{"href":"https:\/\/www.marbella.gr\/fr\/wp-json\/wp\/v2\/types\/page"}],"author":[{"embeddable":true,"href":"https:\/\/www.marbella.gr\/fr\/wp-json\/wp\/v2\/users\/16"}],"replies":[{"embeddable":true,"href":"https:\/\/www.marbella.gr\/fr\/wp-json\/wp\/v2\/comments?post=10591"}],"version-history":[{"count":9,"href":"https:\/\/www.marbella.gr\/fr\/wp-json\/wp\/v2\/pages\/10591\/revisions"}],"predecessor-version":[{"id":10797,"href":"https:\/\/www.marbella.gr\/fr\/wp-json\/wp\/v2\/pages\/10591\/revisions\/10797"}],"up":[{"embeddable":true,"href":"https:\/\/www.marbella.gr\/fr\/wp-json\/wp\/v2\/pages\/1036"}],"wp:attachment":[{"href":"https:\/\/www.marbella.gr\/fr\/wp-json\/wp\/v2\/media?parent=10591"}],"curies":[{"name":"wp","href":"https:\/\/api.w.org\/{rel}","templated":true}]}}