{"id":10622,"date":"2025-08-04T14:11:14","date_gmt":"2025-08-04T14:11:14","guid":{"rendered":"https:\/\/www.marbella.gr\/?page_id=10622"},"modified":"2025-08-13T11:06:28","modified_gmt":"2025-08-13T11:06:28","slug":"respecting-our-environment","status":"publish","type":"page","link":"https:\/\/www.marbella.gr\/fr\/sustainability\/respecting-our-environment\/","title":{"rendered":"Respecter notre environnement"},"content":{"rendered":"<p>Le respect de l'environnement est \u00e0 la base de tout ce que nous faisons, qu'il s'agisse d'adopter des pratiques op\u00e9rationnelles responsables ou d'assurer une utilisation efficace des ressources. Il ne s'agit pas seulement de r\u00e9duire l'impact, mais de cr\u00e9er un avenir plus durable pour nos h\u00f4tes, nos communaut\u00e9s et le monde naturel dont nous avons le privil\u00e8ge de faire partie.<\/p>","protected":false},"excerpt":{"rendered":"<p>Respect for our environment underpins everything we do, from adopting responsible operational practices to ensuring the efficient use of resources.It is not just about reducing impact\u2014it\u2019s about creating a more sustainable futur for our guests, our communities, and the natural world we\u2019re privileged to be part of. [&#8230;]<\/p>\n<p><a class=\"btn btn-secondary understrap-read-more-link\" href=\"https:\/\/www.marbella.gr\/fr\/sustainability\/respecting-our-environment\/\">Read More&#8230;<span class=\"screen-reader-text\"> from Respecting our environment<\/span><\/a><\/p>\n","protected":false},"author":16,"featured_media":0,"parent":1036,"menu_order":0,"comment_status":"closed","ping_status":"closed","template":"","meta":{"_acf_changed":false,"footnotes":""},"class_list":["post-10622","page","type-page","status-publish","hentry"],"acf":[],"yoast_head":"<!-- This site is optimized with the Yoast SEO plugin v27.4 - https:\/\/yoast.com\/product\/yoast-seo-wordpress\/ -->\n<title>Respecting our environment - Mar-Bella Collection<\/title>\n<meta name=\"robots\" content=\"index, follow, max-snippet:-1, max-image-preview:large, max-video-preview:-1\" \/>\n<link rel=\"canonical\" href=\"https:\/\/www.marbella.gr\/fr\/sustainability\/respecting-our-environment\/\" \/>\n<meta property=\"og:locale\" content=\"fr_FR\" \/>\n<meta property=\"og:type\" content=\"article\" \/>\n<meta property=\"og:title\" content=\"Respecting our environment - Mar-Bella Collection\" \/>\n<meta property=\"og:description\" content=\"Respect for our environment underpins everything we do, from adopting responsible operational practices to ensuring the efficient use of resources.It is not just about reducing impact\u2014it\u2019s about creating a more sustainable futur for our guests, our communities, and the natural world we\u2019re privileged to be part of. [...]Read More... from Respecting our environment\" \/>\n<meta property=\"og:url\" content=\"https:\/\/www.marbella.gr\/fr\/sustainability\/respecting-our-environment\/\" \/>\n<meta property=\"og:site_name\" content=\"Mar-Bella Collection\" \/>\n<meta property=\"article:modified_time\" content=\"2025-08-13T11:06:28+00:00\" \/>\n<meta property=\"og:image\" content=\"https:\/\/www.marbella.gr\/app\/uploads\/2024\/05\/Elix_Water-Sports-2-scaled.jpg\" \/>\n\t<meta property=\"og:image:width\" content=\"2560\" \/>\n\t<meta property=\"og:image:height\" content=\"1705\" \/>\n\t<meta property=\"og:image:type\" content=\"image\/jpeg\" \/>\n<meta name=\"twitter:card\" content=\"summary_large_image\" \/>\n<meta name=\"twitter:label1\" content=\"Dur\u00e9e de lecture estim\u00e9e\" \/>\n\t<meta name=\"twitter:data1\" content=\"1 minute\" \/>\n<!-- \/ Yoast SEO plugin. -->","yoast_head_json":{"title":"Respecter notre environnement - Mar-Bella Collection","robots":{"index":"index","follow":"follow","max-snippet":"max-snippet:-1","max-image-preview":"max-image-preview:large","max-video-preview":"max-video-preview:-1"},"canonical":"https:\/\/www.marbella.gr\/fr\/sustainability\/respecting-our-environment\/","og_locale":"fr_FR","og_type":"article","og_title":"Respecting our environment - Mar-Bella Collection","og_description":"Respect for our environment underpins everything we do, from adopting responsible operational practices to ensuring the efficient use of resources.It is not just about reducing impact\u2014it\u2019s about creating a more sustainable futur for our guests, our communities, and the natural world we\u2019re privileged to be part of. [...]Read More... from Respecting our environment","og_url":"https:\/\/www.marbella.gr\/fr\/sustainability\/respecting-our-environment\/","og_site_name":"Mar-Bella Collection","article_modified_time":"2025-08-13T11:06:28+00:00","og_image":[{"width":2560,"height":1705,"url":"https:\/\/www.marbella.gr\/app\/uploads\/2024\/05\/Elix_Water-Sports-2-scaled.jpg","type":"image\/jpeg"}],"twitter_card":"summary_large_image","twitter_misc":{"Dur\u00e9e de lecture estim\u00e9e":"1 minute"},"schema":{"@context":"https:\/\/schema.org","@graph":[{"@type":"WebPage","@id":"https:\/\/www.marbella.gr\/sustainability\/respecting-our-environment\/","url":"https:\/\/www.marbella.gr\/sustainability\/respecting-our-environment\/","name":"Respecter notre environnement - Mar-Bella Collection","isPartOf":{"@id":"https:\/\/www.marbella.gr\/#website"},"datePublished":"2025-08-04T14:11:14+00:00","dateModified":"2025-08-13T11:06:28+00:00","breadcrumb":{"@id":"https:\/\/www.marbella.gr\/sustainability\/respecting-our-environment\/#breadcrumb"},"inLanguage":"fr-FR","potentialAction":[{"@type":"ReadAction","target":["https:\/\/www.marbella.gr\/sustainability\/respecting-our-environment\/"]}]},{"@type":"BreadcrumbList","@id":"https:\/\/www.marbella.gr\/sustainability\/respecting-our-environment\/#breadcrumb","itemListElement":[{"@type":"ListItem","position":1,"name":"Home","item":"https:\/\/www.marbella.gr\/"},{"@type":"ListItem","position":2,"name":"Environmental &#038; Social Responsibility","item":"https:\/\/www.marbella.gr\/sustainability\/"},{"@type":"ListItem","position":3,"name":"Respecting our environment"}]},{"@type":"WebSite","@id":"https:\/\/www.marbella.gr\/#website","url":"https:\/\/www.marbella.gr\/","name":"MarBella","description":"Une famille d'h\u00f4tels vous reliant \u00e0 la magnifique mer Ionienne","publisher":{"@id":"https:\/\/www.marbella.gr\/#organization"},"alternateName":"MarBella","potentialAction":[{"@type":"SearchAction","target":{"@type":"EntryPoint","urlTemplate":"https:\/\/www.marbella.gr\/?s={search_term_string}"},"query-input":{"@type":"PropertyValueSpecification","valueRequired":true,"valueName":"search_term_string"}}],"inLanguage":"fr-FR"},{"@type":"Organization","@id":"https:\/\/www.marbella.gr\/#organization","name":"MarBella","url":"https:\/\/www.marbella.gr\/","logo":{"@type":"ImageObject","inLanguage":"fr-FR","@id":"https:\/\/www.marbella.gr\/#\/schema\/logo\/image\/","url":"https:\/\/www.marbella.gr\/app\/uploads\/2023\/06\/Marbella-collection.png","contentUrl":"https:\/\/www.marbella.gr\/app\/uploads\/2023\/06\/Marbella-collection.png","width":230,"height":75,"caption":"MarBella"},"image":{"@id":"https:\/\/www.marbella.gr\/#\/schema\/logo\/image\/"}}]}},"_links":{"self":[{"href":"https:\/\/www.marbella.gr\/fr\/wp-json\/wp\/v2\/pages\/10622","targetHints":{"allow":["GET"]}}],"collection":[{"href":"https:\/\/www.marbella.gr\/fr\/wp-json\/wp\/v2\/pages"}],"about":[{"href":"https:\/\/www.marbella.gr\/fr\/wp-json\/wp\/v2\/types\/page"}],"author":[{"embeddable":true,"href":"https:\/\/www.marbella.gr\/fr\/wp-json\/wp\/v2\/users\/16"}],"replies":[{"embeddable":true,"href":"https:\/\/www.marbella.gr\/fr\/wp-json\/wp\/v2\/comments?post=10622"}],"version-history":[{"count":8,"href":"https:\/\/www.marbella.gr\/fr\/wp-json\/wp\/v2\/pages\/10622\/revisions"}],"predecessor-version":[{"id":10823,"href":"https:\/\/www.marbella.gr\/fr\/wp-json\/wp\/v2\/pages\/10622\/revisions\/10823"}],"up":[{"embeddable":true,"href":"https:\/\/www.marbella.gr\/fr\/wp-json\/wp\/v2\/pages\/1036"}],"wp:attachment":[{"href":"https:\/\/www.marbella.gr\/fr\/wp-json\/wp\/v2\/media?parent=10622"}],"curies":[{"name":"wp","href":"https:\/\/api.w.org\/{rel}","templated":true}]}}