{"id":14452,"date":"2026-04-10T11:45:36","date_gmt":"2026-04-10T08:45:36","guid":{"rendered":"https:\/\/www.marbella.gr\/?page_id=14452"},"modified":"2026-04-21T12:43:49","modified_gmt":"2026-04-21T09:43:49","slug":"whatson","status":"publish","type":"page","link":"https:\/\/www.marbella.gr\/fr\/whatson\/","title":{"rendered":"What&#8217;s on"},"content":{"rendered":"<p><span class=\"TextRun SCXW6180326 BCX0\" lang=\"EN-US\" xml:lang=\"EN-US\" data-contrast=\"auto\"><span class=\"NormalTextRun SCXW6180326 BCX0\" data-ccp-parastyle=\"No Spacing\">Introducing this year\u2019s series<\/span><span class=\"NormalTextRun CommentHighlightPipeRest SCXW6180326 BCX0\" data-ccp-parastyle=\"No Spacing\">\u00a0de\u00a0<\/span><span class=\"NormalTextRun SCXW6180326 BCX0\" data-ccp-parastyle=\"No Spacing\">exciting\u00a0<\/span><span class=\"NormalTextRun SCXW6180326 BCX0\" data-ccp-parastyle=\"No Spacing\">even<\/span><span class=\"NormalTextRun SCXW6180326 BCX0\" data-ccp-parastyle=\"No Spacing\">ts and experiences<\/span><span class=\"NormalTextRun SCXW6180326 BCX0\" data-ccp-parastyle=\"No Spacing\">\u00a0created especially for\u00a0<\/span><span class=\"NormalTextRun SCXW6180326 BCX0\" data-ccp-parastyle=\"No Spacing\">the new season<\/span><span class=\"NormalTextRun SCXW6180326 BCX0\" data-ccp-parastyle=\"No Spacing\">.\u00a0<\/span><span class=\"NormalTextRun SCXW6180326 BCX0\" data-ccp-parastyle=\"No Spacing\">F<\/span><span class=\"NormalTextRun SCXW6180326 BCX0\" data-ccp-parastyle=\"No Spacing\">rom culinary\u00a0<\/span><span class=\"NormalTextRun SCXW6180326 BCX0\" data-ccp-parastyle=\"No Spacing\">food<\/span><span class=\"NormalTextRun SCXW6180326 BCX0\" data-ccp-parastyle=\"No Spacing\">\u00a0and artistic magic to\u00a0<\/span><span class=\"NormalTextRun SCXW6180326 BCX0\" data-ccp-parastyle=\"No Spacing\">wellbeing and eco activities,\u00a0<\/span><span class=\"NormalTextRun SCXW6180326 BCX0\" data-ccp-parastyle=\"No Spacing\">il y a<\/span><span class=\"NormalTextRun SCXW6180326 BCX0\" data-ccp-parastyle=\"No Spacing\">\u00a0some<\/span><span class=\"NormalTextRun SCXW6180326 BCX0\" data-ccp-parastyle=\"No Spacing\">thing f<\/span><span class=\"NormalTextRun SCXW6180326 BCX0\" data-ccp-parastyle=\"No Spacing\">or everyone.<\/span><span class=\"NormalTextRun SCXW6180326 BCX0\" data-ccp-parastyle=\"No Spacing\">\u00a0<\/span><\/span><\/p>","protected":false},"excerpt":{"rendered":"<p>Introducing this year\u2019s series\u00a0of\u00a0exciting\u00a0events and experiences\u00a0created especially for\u00a0the new season.\u00a0From culinary\u00a0food\u00a0and artistic magic to\u00a0wellbeing and eco activities,\u00a0there\u2019s\u00a0something for everyone.\u00a0 [&#8230;]<\/p>\n<p><a class=\"btn btn-secondary understrap-read-more-link\" href=\"https:\/\/www.marbella.gr\/fr\/whatson\/\">Read More&#8230;<span class=\"screen-reader-text\"> from What&#8217;s on<\/span><\/a><\/p>\n","protected":false},"author":27,"featured_media":0,"parent":0,"menu_order":0,"comment_status":"closed","ping_status":"closed","template":"","meta":{"_acf_changed":false,"footnotes":""},"class_list":["post-14452","page","type-page","status-publish","hentry"],"acf":[],"yoast_head":"<!-- This site is optimized with the Yoast SEO plugin v27.4 - https:\/\/yoast.com\/product\/yoast-seo-wordpress\/ -->\n<title>Seasonal Experiences 2026<\/title>\n<meta name=\"description\" content=\"Here is where to find all the latest News, exciting information and what&#039;s happening at Mar-Bella Collection&#039;s luxury hotels in Corfu &amp; Parga, Greece.\" \/>\n<meta name=\"robots\" content=\"index, follow, max-snippet:-1, max-image-preview:large, max-video-preview:-1\" \/>\n<link rel=\"canonical\" href=\"https:\/\/www.marbella.gr\/fr\/news\/\" \/>\n<meta property=\"og:locale\" content=\"fr_FR\" \/>\n<meta property=\"og:type\" content=\"article\" \/>\n<meta property=\"og:title\" content=\"Seasonal Experiences 2026\" \/>\n<meta property=\"og:description\" content=\"Here is where to find all the latest News, exciting information and what&#039;s happening at Mar-Bella Collection&#039;s luxury hotels in Corfu &amp; Parga, Greece.\" \/>\n<meta property=\"og:url\" content=\"https:\/\/www.marbella.gr\/fr\/news\/\" \/>\n<meta property=\"og:site_name\" content=\"Mar-Bella Collection\" \/>\n<meta property=\"article:modified_time\" content=\"2026-04-21T09:43:49+00:00\" \/>\n<meta property=\"og:image\" content=\"https:\/\/www.marbella.gr\/app\/uploads\/2024\/05\/Elix_Water-Sports-2-scaled.jpg\" \/>\n\t<meta property=\"og:image:width\" content=\"2560\" \/>\n\t<meta property=\"og:image:height\" content=\"1705\" \/>\n\t<meta property=\"og:image:type\" content=\"image\/jpeg\" \/>\n<meta name=\"twitter:card\" content=\"summary_large_image\" \/>\n<meta name=\"twitter:label1\" content=\"Dur\u00e9e de lecture estim\u00e9e\" \/>\n\t<meta name=\"twitter:data1\" content=\"1 minute\" \/>\n<!-- \/ Yoast SEO plugin. -->","yoast_head_json":{"title":"Seasonal Experiences 2026","description":"Voici o\u00f9 trouver toutes les derni\u00e8res nouvelles, des informations passionnantes et ce qui se passe dans les h\u00f4tels de luxe de Mar-Bella Collection \u00e0 Corfou et Parga, en Gr\u00e8ce.","robots":{"index":"index","follow":"follow","max-snippet":"max-snippet:-1","max-image-preview":"max-image-preview:large","max-video-preview":"max-video-preview:-1"},"canonical":"https:\/\/www.marbella.gr\/fr\/news\/","og_locale":"fr_FR","og_type":"article","og_title":"Seasonal Experiences 2026","og_description":"Here is where to find all the latest News, exciting information and what's happening at Mar-Bella Collection's luxury hotels in Corfu & Parga, Greece.","og_url":"https:\/\/www.marbella.gr\/fr\/news\/","og_site_name":"Mar-Bella Collection","article_modified_time":"2026-04-21T09:43:49+00:00","og_image":[{"width":2560,"height":1705,"url":"https:\/\/www.marbella.gr\/app\/uploads\/2024\/05\/Elix_Water-Sports-2-scaled.jpg","type":"image\/jpeg"}],"twitter_card":"summary_large_image","twitter_misc":{"Dur\u00e9e de lecture estim\u00e9e":"1 minute"},"schema":{"@context":"https:\/\/schema.org","@graph":[{"@type":"WebPage","@id":"https:\/\/www.marbella.gr\/whatson\/","url":"https:\/\/www.marbella.gr\/news\/","name":"Seasonal Experiences 2026","isPartOf":{"@id":"https:\/\/www.marbella.gr\/#website"},"datePublished":"2026-04-10T08:45:36+00:00","dateModified":"2026-04-21T09:43:49+00:00","description":"Voici o\u00f9 trouver toutes les derni\u00e8res nouvelles, des informations passionnantes et ce qui se passe dans les h\u00f4tels de luxe de Mar-Bella Collection \u00e0 Corfou et Parga, en Gr\u00e8ce.","breadcrumb":{"@id":"https:\/\/www.marbella.gr\/news\/#breadcrumb"},"inLanguage":"fr-FR","potentialAction":[{"@type":"ReadAction","target":["https:\/\/www.marbella.gr\/news\/"]}]},{"@type":"BreadcrumbList","@id":"https:\/\/www.marbella.gr\/news\/#breadcrumb","itemListElement":[{"@type":"ListItem","position":1,"name":"Home","item":"https:\/\/www.marbella.gr\/"},{"@type":"ListItem","position":2,"name":"What&#8217;s on"}]},{"@type":"WebSite","@id":"https:\/\/www.marbella.gr\/#website","url":"https:\/\/www.marbella.gr\/","name":"MarBella","description":"Une famille d'h\u00f4tels vous reliant \u00e0 la magnifique mer Ionienne","publisher":{"@id":"https:\/\/www.marbella.gr\/#organization"},"alternateName":"MarBella","potentialAction":[{"@type":"SearchAction","target":{"@type":"EntryPoint","urlTemplate":"https:\/\/www.marbella.gr\/?s={search_term_string}"},"query-input":{"@type":"PropertyValueSpecification","valueRequired":true,"valueName":"search_term_string"}}],"inLanguage":"fr-FR"},{"@type":"Organization","@id":"https:\/\/www.marbella.gr\/#organization","name":"MarBella","url":"https:\/\/www.marbella.gr\/","logo":{"@type":"ImageObject","inLanguage":"fr-FR","@id":"https:\/\/www.marbella.gr\/#\/schema\/logo\/image\/","url":"https:\/\/www.marbella.gr\/app\/uploads\/2023\/06\/Marbella-collection.png","contentUrl":"https:\/\/www.marbella.gr\/app\/uploads\/2023\/06\/Marbella-collection.png","width":230,"height":75,"caption":"MarBella"},"image":{"@id":"https:\/\/www.marbella.gr\/#\/schema\/logo\/image\/"}}]}},"_links":{"self":[{"href":"https:\/\/www.marbella.gr\/fr\/wp-json\/wp\/v2\/pages\/14452","targetHints":{"allow":["GET"]}}],"collection":[{"href":"https:\/\/www.marbella.gr\/fr\/wp-json\/wp\/v2\/pages"}],"about":[{"href":"https:\/\/www.marbella.gr\/fr\/wp-json\/wp\/v2\/types\/page"}],"author":[{"embeddable":true,"href":"https:\/\/www.marbella.gr\/fr\/wp-json\/wp\/v2\/users\/27"}],"replies":[{"embeddable":true,"href":"https:\/\/www.marbella.gr\/fr\/wp-json\/wp\/v2\/comments?post=14452"}],"version-history":[{"count":54,"href":"https:\/\/www.marbella.gr\/fr\/wp-json\/wp\/v2\/pages\/14452\/revisions"}],"predecessor-version":[{"id":14670,"href":"https:\/\/www.marbella.gr\/fr\/wp-json\/wp\/v2\/pages\/14452\/revisions\/14670"}],"wp:attachment":[{"href":"https:\/\/www.marbella.gr\/fr\/wp-json\/wp\/v2\/media?parent=14452"}],"curies":[{"name":"wp","href":"https:\/\/api.w.org\/{rel}","templated":true}]}}