{"id":14574,"date":"2026-04-16T16:10:52","date_gmt":"2026-04-16T13:10:52","guid":{"rendered":"https:\/\/www.marbella.gr\/?page_id=14574"},"modified":"2026-04-17T17:25:50","modified_gmt":"2026-04-17T14:25:50","slug":"greek-chefs-abroad-volunme-vi","status":"publish","type":"page","link":"https:\/\/www.marbella.gr\/fr\/greek-chefs-abroad\/greek-chefs-abroad-volunme-vi\/","title":{"rendered":"C\u00e9l\u00e9bration d'un anniversaire marquant"},"content":{"rendered":"<p><span data-contrast=\"auto\">Get set for\u00a0another exciting\u00a0feast\u00a0of\u00a0Greek Chefs Abroad. Celebrating the richness of Greek cuisine,\u00a0our\u00a0showcase\u00a0of\u00a0Greek\u00a0talent\u00a0from across the world\u00a0is now in its sixth year.\u00a0This year\u2019s\u00a0farm-to-table dining\u00a0theme\u00a0promises\u00a0a summer of gastronomic magic\u00a0and\u00a0immersive\u00a0experiences\u00a0featuring\u00a0the\u00a0very best\u00a0regional produce\u00a0from across the country.\u00a0<\/span><span data-ccp-props=\"{&quot;201341983&quot;:0,&quot;335559739&quot;:0,&quot;335559740&quot;:240}\">\u00a0<\/span><\/p>\n<p><span data-contrast=\"auto\">This year\u00a0Nido\u00a0welcomes\u00a0<\/span><b><span data-contrast=\"none\">Katerina Nikolaou<\/span><\/b><span data-contrast=\"none\">\u00a0de\u00a0<\/span><span data-contrast=\"auto\">Evi Evane\u00a0<\/span><span data-contrast=\"auto\">in Paris,\u00a0<\/span><b><span data-contrast=\"auto\">Kostas Papathanasiou<\/span><\/b><span data-contrast=\"auto\">\u00a0from three-Michelin-star\u00a0Frantz\u00e9n\u00a0in Stockholm\u00a0and\u00a0two-Michelin starred\u00a0<\/span><b><span data-contrast=\"auto\">Nikos Roussos,<\/span><\/b><span data-contrast=\"auto\">\u00a0with Elix hosting\u00a0<\/span><b><span data-contrast=\"auto\">Panagiotis\u00a0Lenakis<\/span><\/b><span data-contrast=\"auto\">\u00a0founder of\u00a0No\u00eama\u00a0&amp;\u00a0Daglig\u00a0Deilig\u00a0Gresk\u00a0private dining in Norway.\u00a0<\/span><span data-ccp-props=\"{&quot;201341983&quot;:0,&quot;335559739&quot;:0,&quot;335559740&quot;:240}\">\u00a0<\/span><\/p>\n<p><span data-ccp-props=\"{&quot;201341983&quot;:0,&quot;335559739&quot;:0,&quot;335559740&quot;:240}\">\u00a0<\/span><\/p>\n<p>View the highlights of last year <a href=\"https:\/\/www.youtube.com\/watch?v=ZTJcbg8PhZs\">ici\u00a0<\/a><\/p>","protected":false},"excerpt":{"rendered":"<p>Get set for\u00a0another exciting\u00a0feast\u00a0of\u00a0Greek Chefs Abroad. Celebrating the richness of Greek cuisine,\u00a0our\u00a0showcase\u00a0of\u00a0Greek\u00a0talent\u00a0from across the world\u00a0is now in its sixth year.\u00a0This year\u2019s\u00a0farm-to-table dining\u00a0theme\u00a0promises\u00a0a summer of gastronomic magic\u00a0and\u00a0immersive\u00a0experiences\u00a0featuring\u00a0the\u00a0very best\u00a0regional produce\u00a0from across the country.\u00a0\u00a0 This year\u00a0Nido\u00a0welcomes\u00a0Katerina Nikolaou\u00a0from\u00a0Evi Evane\u00a0in Paris,\u00a0Kostas Papathanasiou\u00a0from three-Michelin-star\u00a0Frantz\u00e9n\u00a0in Stockholm\u00a0and\u00a0two-Michelin starred\u00a0Nikos Roussos,\u00a0with Elix hosting\u00a0Panagiotis\u00a0Lenakis\u00a0founder of\u00a0No\u00eama\u00a0&amp;\u00a0Daglig\u00a0Deilig\u00a0Gresk\u00a0private dining in Norway.\u00a0\u00a0 \u00a0 View the highlights of last year here\u00a0 [&#8230;]<\/p>\n<p><a class=\"btn btn-secondary understrap-read-more-link\" href=\"https:\/\/www.marbella.gr\/fr\/greek-chefs-abroad\/greek-chefs-abroad-volunme-vi\/\">Read More&#8230;<span class=\"screen-reader-text\"> from Celebrating a landmark anniversary<\/span><\/a><\/p>\n","protected":false},"author":27,"featured_media":9534,"parent":2281,"menu_order":0,"comment_status":"closed","ping_status":"closed","template":"","meta":{"_acf_changed":false,"footnotes":""},"class_list":["post-14574","page","type-page","status-publish","has-post-thumbnail","hentry"],"acf":[],"yoast_head":"<!-- This site is optimized with the Yoast SEO plugin v27.4 - https:\/\/yoast.com\/product\/yoast-seo-wordpress\/ -->\n<title>The culture of sharing Greek Chefs Abroad IV | Mar-Bella Collection<\/title>\n<meta name=\"description\" content=\"Enjoy exclusive menus, fine wines, and sensory experiences by top Greek chefs and local producers, at our annual festival of Greek gastronomy\" \/>\n<meta name=\"robots\" content=\"index, follow, max-snippet:-1, max-image-preview:large, max-video-preview:-1\" \/>\n<link rel=\"canonical\" href=\"https:\/\/www.marbella.gr\/fr\/greek-chefs-abroad\/greek-chefs-abroad-volunme-vi\/\" \/>\n<meta property=\"og:locale\" content=\"fr_FR\" \/>\n<meta property=\"og:type\" content=\"article\" \/>\n<meta property=\"og:title\" content=\"The culture of sharing Greek Chefs Abroad IV | Mar-Bella Collection\" \/>\n<meta property=\"og:description\" content=\"Enjoy exclusive menus, fine wines, and sensory experiences by top Greek chefs and local producers, at our annual festival of Greek gastronomy\" \/>\n<meta property=\"og:url\" content=\"https:\/\/www.marbella.gr\/fr\/greek-chefs-abroad\/greek-chefs-abroad-volunme-vi\/\" \/>\n<meta property=\"og:site_name\" content=\"Mar-Bella Collection\" \/>\n<meta property=\"article:modified_time\" content=\"2026-04-17T14:25:50+00:00\" \/>\n<meta property=\"og:image\" content=\"https:\/\/www.marbella.gr\/app\/uploads\/2025\/02\/Dine-Around-scaled.jpg\" \/>\n\t<meta property=\"og:image:width\" content=\"2560\" \/>\n\t<meta property=\"og:image:height\" content=\"1920\" \/>\n\t<meta property=\"og:image:type\" content=\"image\/jpeg\" \/>\n<meta name=\"twitter:card\" content=\"summary_large_image\" \/>\n<meta name=\"twitter:label1\" content=\"Dur\u00e9e de lecture estim\u00e9e\" \/>\n\t<meta name=\"twitter:data1\" content=\"1 minute\" \/>\n<!-- \/ Yoast SEO plugin. -->","yoast_head_json":{"title":"La culture du partage Chefs grecs \u00e0 l'\u00e9tranger IV | Mar-Bella Collection","description":"Profitez de menus exclusifs, de vins fins et d'exp\u00e9riences sensorielles propos\u00e9s par de grands chefs grecs et des producteurs locaux, lors de notre festival annuel de la gastronomie grecque.","robots":{"index":"index","follow":"follow","max-snippet":"max-snippet:-1","max-image-preview":"max-image-preview:large","max-video-preview":"max-video-preview:-1"},"canonical":"https:\/\/www.marbella.gr\/fr\/greek-chefs-abroad\/greek-chefs-abroad-volunme-vi\/","og_locale":"fr_FR","og_type":"article","og_title":"The culture of sharing Greek Chefs Abroad IV | Mar-Bella Collection","og_description":"Enjoy exclusive menus, fine wines, and sensory experiences by top Greek chefs and local producers, at our annual festival of Greek gastronomy","og_url":"https:\/\/www.marbella.gr\/fr\/greek-chefs-abroad\/greek-chefs-abroad-volunme-vi\/","og_site_name":"Mar-Bella Collection","article_modified_time":"2026-04-17T14:25:50+00:00","og_image":[{"width":2560,"height":1920,"url":"https:\/\/www.marbella.gr\/app\/uploads\/2025\/02\/Dine-Around-scaled.jpg","type":"image\/jpeg"}],"twitter_card":"summary_large_image","twitter_misc":{"Dur\u00e9e de lecture estim\u00e9e":"1 minute"},"schema":{"@context":"https:\/\/schema.org","@graph":[{"@type":"WebPage","@id":"https:\/\/www.marbella.gr\/greek-chefs-abroad\/greek-chefs-abroad-volunme-vi\/","url":"https:\/\/www.marbella.gr\/greek-chefs-abroad\/greek-chefs-abroad-volunme-vi\/","name":"La culture du partage Chefs grecs \u00e0 l'\u00e9tranger IV | Mar-Bella Collection","isPartOf":{"@id":"https:\/\/www.marbella.gr\/#website"},"primaryImageOfPage":{"@id":"https:\/\/www.marbella.gr\/greek-chefs-abroad\/greek-chefs-abroad-volunme-vi\/#primaryimage"},"image":{"@id":"https:\/\/www.marbella.gr\/greek-chefs-abroad\/greek-chefs-abroad-volunme-vi\/#primaryimage"},"thumbnailUrl":"https:\/\/www.marbella.gr\/app\/uploads\/2025\/02\/Dine-Around-scaled.jpg","datePublished":"2026-04-16T13:10:52+00:00","dateModified":"2026-04-17T14:25:50+00:00","description":"Profitez de menus exclusifs, de vins fins et d'exp\u00e9riences sensorielles propos\u00e9s par de grands chefs grecs et des producteurs locaux, lors de notre festival annuel de la gastronomie grecque.","breadcrumb":{"@id":"https:\/\/www.marbella.gr\/greek-chefs-abroad\/greek-chefs-abroad-volunme-vi\/#breadcrumb"},"inLanguage":"fr-FR","potentialAction":[{"@type":"ReadAction","target":["https:\/\/www.marbella.gr\/greek-chefs-abroad\/greek-chefs-abroad-volunme-vi\/"]}]},{"@type":"ImageObject","inLanguage":"fr-FR","@id":"https:\/\/www.marbella.gr\/greek-chefs-abroad\/greek-chefs-abroad-volunme-vi\/#primaryimage","url":"https:\/\/www.marbella.gr\/app\/uploads\/2025\/02\/Dine-Around-scaled.jpg","contentUrl":"https:\/\/www.marbella.gr\/app\/uploads\/2025\/02\/Dine-Around-scaled.jpg","width":2560,"height":1920},{"@type":"BreadcrumbList","@id":"https:\/\/www.marbella.gr\/greek-chefs-abroad\/greek-chefs-abroad-volunme-vi\/#breadcrumb","itemListElement":[{"@type":"ListItem","position":1,"name":"Home","item":"https:\/\/www.marbella.gr\/"},{"@type":"ListItem","position":2,"name":"Greek Chefs Abroad","item":"https:\/\/www.marbella.gr\/greek-chefs-abroad\/"},{"@type":"ListItem","position":3,"name":"Celebrating a landmark anniversary"}]},{"@type":"WebSite","@id":"https:\/\/www.marbella.gr\/#website","url":"https:\/\/www.marbella.gr\/","name":"MarBella","description":"Une famille d'h\u00f4tels vous reliant \u00e0 la magnifique mer Ionienne","publisher":{"@id":"https:\/\/www.marbella.gr\/#organization"},"alternateName":"MarBella","potentialAction":[{"@type":"SearchAction","target":{"@type":"EntryPoint","urlTemplate":"https:\/\/www.marbella.gr\/?s={search_term_string}"},"query-input":{"@type":"PropertyValueSpecification","valueRequired":true,"valueName":"search_term_string"}}],"inLanguage":"fr-FR"},{"@type":"Organization","@id":"https:\/\/www.marbella.gr\/#organization","name":"MarBella","url":"https:\/\/www.marbella.gr\/","logo":{"@type":"ImageObject","inLanguage":"fr-FR","@id":"https:\/\/www.marbella.gr\/#\/schema\/logo\/image\/","url":"https:\/\/www.marbella.gr\/app\/uploads\/2023\/06\/Marbella-collection.png","contentUrl":"https:\/\/www.marbella.gr\/app\/uploads\/2023\/06\/Marbella-collection.png","width":230,"height":75,"caption":"MarBella"},"image":{"@id":"https:\/\/www.marbella.gr\/#\/schema\/logo\/image\/"}}]}},"_links":{"self":[{"href":"https:\/\/www.marbella.gr\/fr\/wp-json\/wp\/v2\/pages\/14574","targetHints":{"allow":["GET"]}}],"collection":[{"href":"https:\/\/www.marbella.gr\/fr\/wp-json\/wp\/v2\/pages"}],"about":[{"href":"https:\/\/www.marbella.gr\/fr\/wp-json\/wp\/v2\/types\/page"}],"author":[{"embeddable":true,"href":"https:\/\/www.marbella.gr\/fr\/wp-json\/wp\/v2\/users\/27"}],"replies":[{"embeddable":true,"href":"https:\/\/www.marbella.gr\/fr\/wp-json\/wp\/v2\/comments?post=14574"}],"version-history":[{"count":9,"href":"https:\/\/www.marbella.gr\/fr\/wp-json\/wp\/v2\/pages\/14574\/revisions"}],"predecessor-version":[{"id":14614,"href":"https:\/\/www.marbella.gr\/fr\/wp-json\/wp\/v2\/pages\/14574\/revisions\/14614"}],"up":[{"embeddable":true,"href":"https:\/\/www.marbella.gr\/fr\/wp-json\/wp\/v2\/pages\/2281"}],"wp:featuredmedia":[{"embeddable":true,"href":"https:\/\/www.marbella.gr\/fr\/wp-json\/wp\/v2\/media\/9534"}],"wp:attachment":[{"href":"https:\/\/www.marbella.gr\/fr\/wp-json\/wp\/v2\/media?parent=14574"}],"curies":[{"name":"wp","href":"https:\/\/api.w.org\/{rel}","templated":true}]}}