{"id":14671,"date":"2026-04-21T13:56:07","date_gmt":"2026-04-21T10:56:07","guid":{"rendered":"https:\/\/www.marbella.gr\/?page_id=14671"},"modified":"2026-04-27T10:37:35","modified_gmt":"2026-04-27T07:37:35","slug":"inspire-the-body-and-mind-2026","status":"publish","type":"page","link":"https:\/\/www.marbella.gr\/fr\/partnerships\/inspire-the-body-and-mind-2026\/","title":{"rendered":"Inspire the body and mind 2026"},"content":{"rendered":"<p>Que vous soyez un adepte chevronn\u00e9 du bien-\u00eatre ou que vous d\u00e9couvriez le fitness en vacances, nos s\u00e9ances gratuites sont con\u00e7ues pour vous aider \u00e0 bouger et \u00e0 vous ressourcer pendant votre s\u00e9jour.<\/p>\n<p>Cette saison, Oyogo revient \u00e0 Elix et \u00e0 Nido \u00e0 partir du mois de mai avec une s\u00e9rie de r\u00e9sidences d'entra\u00eeneurs de fitness et de bien-\u00eatre pendant les semaines phares de la saison estivale. Oyogo sera \u00e9galement en r\u00e9sidence \u00e0 Avali plus tard dans l'\u00e9t\u00e9 avec deux r\u00e9sidences de formateurs.<\/p>\n<p>Au Nido, vous pouvez vous d\u00e9tendre avec des s\u00e9ances de yoga et de pilates sur la nouvelle terrasse qui offre une vue imprenable sur la mer Ionienne. \u00c0 l'Elix, vous pourrez faire le plein d'\u00e9nergie gr\u00e2ce \u00e0 des s\u00e9ances de fitness, de yoga, de pilates et d'\u00e9tirements r\u00e9parateurs, anim\u00e9es par un m\u00e9lange d'instructeurs anciens et nouveaux.<\/p>\n<p>Toutes les s\u00e9ances sont gratuites pour les clients de l'h\u00f4tel. Vous pouvez vous inscrire aux s\u00e9ances \u00e0 la r\u00e9ception de votre h\u00f4tel ou via l'application mobile Mar-Bella Collection.<\/p>","protected":false},"excerpt":{"rendered":"<p>Whether you&#8217;re a seasoned wellness enthusiast or exploring fitness on holiday, our complimentary sessions are designed to help you move and reset while away. This season, Oyogo returns to Elix and Nido from May with a curated lineup of fitness and wellness trainer residencies throughout highlight weeks of the summer season. Oyogo will also take [&#8230;]<\/p>\n<p><a class=\"btn btn-secondary understrap-read-more-link\" href=\"https:\/\/www.marbella.gr\/fr\/partnerships\/inspire-the-body-and-mind-2026\/\">Read More&#8230;<span class=\"screen-reader-text\"> from Inspire the body and mind 2026<\/span><\/a><\/p>\n","protected":false},"author":27,"featured_media":8436,"parent":1034,"menu_order":0,"comment_status":"closed","ping_status":"closed","template":"","meta":{"_acf_changed":false,"footnotes":""},"class_list":["post-14671","page","type-page","status-publish","has-post-thumbnail","hentry"],"acf":[],"yoast_head":"<!-- This site is optimized with the Yoast SEO plugin v27.5 - https:\/\/yoast.com\/product\/yoast-seo-wordpress\/ -->\n<title>Elevate Body and Mind - Partnerships | Mar-Bella Collection<\/title>\n<meta name=\"description\" content=\"Help youself to move and reset, while away, with our complimentary wellness sessions, suitable for all levels.\" \/>\n<meta name=\"robots\" content=\"index, follow, max-snippet:-1, max-image-preview:large, max-video-preview:-1\" \/>\n<link rel=\"canonical\" href=\"https:\/\/www.marbella.gr\/fr\/partnerships\/inspire-the-body-and-mind-2026\/\" \/>\n<meta property=\"og:locale\" content=\"fr_FR\" \/>\n<meta property=\"og:type\" content=\"article\" \/>\n<meta property=\"og:title\" content=\"Elevate Body and Mind - Partnerships | Mar-Bella Collection\" \/>\n<meta property=\"og:description\" content=\"Help youself to move and reset, while away, with our complimentary wellness sessions, suitable for all levels.\" \/>\n<meta property=\"og:url\" content=\"https:\/\/www.marbella.gr\/fr\/partnerships\/inspire-the-body-and-mind-2026\/\" \/>\n<meta property=\"og:site_name\" content=\"Mar-Bella Collection\" \/>\n<meta property=\"article:modified_time\" content=\"2026-04-27T07:37:35+00:00\" \/>\n<meta property=\"og:image\" content=\"https:\/\/www.marbella.gr\/app\/uploads\/2024\/11\/2024_05_MARBELLA_009-Yoga_0063-scaled.jpg\" \/>\n\t<meta property=\"og:image:width\" content=\"2560\" \/>\n\t<meta property=\"og:image:height\" content=\"1920\" \/>\n\t<meta property=\"og:image:type\" content=\"image\/jpeg\" \/>\n<meta name=\"twitter:card\" content=\"summary_large_image\" \/>\n<meta name=\"twitter:label1\" content=\"Dur\u00e9e de lecture estim\u00e9e\" \/>\n\t<meta name=\"twitter:data1\" content=\"1 minute\" \/>\n<!-- \/ Yoast SEO plugin. -->","yoast_head_json":{"title":"Elevate Body and Mind - Partenariats | Mar-Bella Collection","description":"Aidez-vous \u00e0 bouger et \u00e0 vous ressourcer pendant votre s\u00e9jour gr\u00e2ce \u00e0 nos s\u00e9ances de bien-\u00eatre gratuites, adapt\u00e9es \u00e0 tous les niveaux.","robots":{"index":"index","follow":"follow","max-snippet":"max-snippet:-1","max-image-preview":"max-image-preview:large","max-video-preview":"max-video-preview:-1"},"canonical":"https:\/\/www.marbella.gr\/fr\/partnerships\/inspire-the-body-and-mind-2026\/","og_locale":"fr_FR","og_type":"article","og_title":"Elevate Body and Mind - Partnerships | Mar-Bella Collection","og_description":"Help youself to move and reset, while away, with our complimentary wellness sessions, suitable for all levels.","og_url":"https:\/\/www.marbella.gr\/fr\/partnerships\/inspire-the-body-and-mind-2026\/","og_site_name":"Mar-Bella Collection","article_modified_time":"2026-04-27T07:37:35+00:00","og_image":[{"width":2560,"height":1920,"url":"https:\/\/www.marbella.gr\/app\/uploads\/2024\/11\/2024_05_MARBELLA_009-Yoga_0063-scaled.jpg","type":"image\/jpeg"}],"twitter_card":"summary_large_image","twitter_misc":{"Dur\u00e9e de lecture estim\u00e9e":"1 minute"},"schema":{"@context":"https:\/\/schema.org","@graph":[{"@type":"WebPage","@id":"https:\/\/www.marbella.gr\/partnerships\/inspire-the-body-and-mind-2026\/","url":"https:\/\/www.marbella.gr\/partnerships\/inspire-the-body-and-mind-2026\/","name":"Elevate Body and Mind - Partenariats | Mar-Bella Collection","isPartOf":{"@id":"https:\/\/www.marbella.gr\/#website"},"primaryImageOfPage":{"@id":"https:\/\/www.marbella.gr\/partnerships\/inspire-the-body-and-mind-2026\/#primaryimage"},"image":{"@id":"https:\/\/www.marbella.gr\/partnerships\/inspire-the-body-and-mind-2026\/#primaryimage"},"thumbnailUrl":"https:\/\/www.marbella.gr\/app\/uploads\/2024\/11\/2024_05_MARBELLA_009-Yoga_0063-scaled.jpg","datePublished":"2026-04-21T10:56:07+00:00","dateModified":"2026-04-27T07:37:35+00:00","description":"Aidez-vous \u00e0 bouger et \u00e0 vous ressourcer pendant votre s\u00e9jour gr\u00e2ce \u00e0 nos s\u00e9ances de bien-\u00eatre gratuites, adapt\u00e9es \u00e0 tous les niveaux.","breadcrumb":{"@id":"https:\/\/www.marbella.gr\/partnerships\/inspire-the-body-and-mind-2026\/#breadcrumb"},"inLanguage":"fr-FR","potentialAction":[{"@type":"ReadAction","target":["https:\/\/www.marbella.gr\/partnerships\/inspire-the-body-and-mind-2026\/"]}]},{"@type":"ImageObject","inLanguage":"fr-FR","@id":"https:\/\/www.marbella.gr\/partnerships\/inspire-the-body-and-mind-2026\/#primaryimage","url":"https:\/\/www.marbella.gr\/app\/uploads\/2024\/11\/2024_05_MARBELLA_009-Yoga_0063-scaled.jpg","contentUrl":"https:\/\/www.marbella.gr\/app\/uploads\/2024\/11\/2024_05_MARBELLA_009-Yoga_0063-scaled.jpg","width":2560,"height":1920,"caption":"Discover Mar-Bella Collection - 5 star hotels in Corfu, Parga Greece"},{"@type":"BreadcrumbList","@id":"https:\/\/www.marbella.gr\/partnerships\/inspire-the-body-and-mind-2026\/#breadcrumb","itemListElement":[{"@type":"ListItem","position":1,"name":"Home","item":"https:\/\/www.marbella.gr\/"},{"@type":"ListItem","position":2,"name":"Partnerships","item":"https:\/\/www.marbella.gr\/partnerships\/"},{"@type":"ListItem","position":3,"name":"Inspire the body and mind 2026"}]},{"@type":"WebSite","@id":"https:\/\/www.marbella.gr\/#website","url":"https:\/\/www.marbella.gr\/","name":"MarBella","description":"Une famille d'h\u00f4tels vous reliant \u00e0 la magnifique mer Ionienne","publisher":{"@id":"https:\/\/www.marbella.gr\/#organization"},"alternateName":"MarBella","potentialAction":[{"@type":"SearchAction","target":{"@type":"EntryPoint","urlTemplate":"https:\/\/www.marbella.gr\/?s={search_term_string}"},"query-input":{"@type":"PropertyValueSpecification","valueRequired":true,"valueName":"search_term_string"}}],"inLanguage":"fr-FR"},{"@type":"Organization","@id":"https:\/\/www.marbella.gr\/#organization","name":"MarBella","url":"https:\/\/www.marbella.gr\/","logo":{"@type":"ImageObject","inLanguage":"fr-FR","@id":"https:\/\/www.marbella.gr\/#\/schema\/logo\/image\/","url":"https:\/\/www.marbella.gr\/app\/uploads\/2023\/06\/Marbella-collection.png","contentUrl":"https:\/\/www.marbella.gr\/app\/uploads\/2023\/06\/Marbella-collection.png","width":230,"height":75,"caption":"MarBella"},"image":{"@id":"https:\/\/www.marbella.gr\/#\/schema\/logo\/image\/"}}]}},"_links":{"self":[{"href":"https:\/\/www.marbella.gr\/fr\/wp-json\/wp\/v2\/pages\/14671","targetHints":{"allow":["GET"]}}],"collection":[{"href":"https:\/\/www.marbella.gr\/fr\/wp-json\/wp\/v2\/pages"}],"about":[{"href":"https:\/\/www.marbella.gr\/fr\/wp-json\/wp\/v2\/types\/page"}],"author":[{"embeddable":true,"href":"https:\/\/www.marbella.gr\/fr\/wp-json\/wp\/v2\/users\/27"}],"replies":[{"embeddable":true,"href":"https:\/\/www.marbella.gr\/fr\/wp-json\/wp\/v2\/comments?post=14671"}],"version-history":[{"count":6,"href":"https:\/\/www.marbella.gr\/fr\/wp-json\/wp\/v2\/pages\/14671\/revisions"}],"predecessor-version":[{"id":14756,"href":"https:\/\/www.marbella.gr\/fr\/wp-json\/wp\/v2\/pages\/14671\/revisions\/14756"}],"up":[{"embeddable":true,"href":"https:\/\/www.marbella.gr\/fr\/wp-json\/wp\/v2\/pages\/1034"}],"wp:featuredmedia":[{"embeddable":true,"href":"https:\/\/www.marbella.gr\/fr\/wp-json\/wp\/v2\/media\/8436"}],"wp:attachment":[{"href":"https:\/\/www.marbella.gr\/fr\/wp-json\/wp\/v2\/media?parent=14671"}],"curies":[{"name":"wp","href":"https:\/\/api.w.org\/{rel}","templated":true}]}}