{"id":1479,"date":"2023-05-17T11:18:10","date_gmt":"2023-05-17T11:18:10","guid":{"rendered":"https:\/\/www.marbella.gr\/?page_id=1479"},"modified":"2026-01-23T15:10:15","modified_gmt":"2026-01-23T13:10:15","slug":"rooms-and-suites","status":"publish","type":"page","link":"https:\/\/www.marbella.gr\/fr\/hotels\/marbella-corfu\/rooms-and-suites\/","title":{"rendered":"Chambres et suites"},"content":{"rendered":"<p>Toutes les chambres et suites du MarBella offrent des vues spectaculaires sur la mer Ionienne, les montagnes ou les jardins paysagers du complexe depuis une terrasse ou un balcon priv\u00e9. Les chambres, spacieuses et contemporaines, sont am\u00e9nag\u00e9es avec soin pour vous garantir un s\u00e9jour confortable et relaxant.<\/p>","protected":false},"excerpt":{"rendered":"<p>All MarBella rooms and suites command spectacular views of the Ionian Sea, the mountains or the resort\u2019s landscaped gardens from a private terrace or balcony. Beautifully-styled, spacious and contemporary everything is caringly appointed to ensure a comfortable and relaxing stay. [&#8230;]<\/p>\n<p><a class=\"btn btn-secondary understrap-read-more-link\" href=\"https:\/\/www.marbella.gr\/fr\/hotels\/marbella-corfu\/rooms-and-suites\/\">Read More&#8230;<span class=\"screen-reader-text\"> from Rooms &#038; Suites<\/span><\/a><\/p>\n","protected":false},"author":5,"featured_media":0,"parent":797,"menu_order":0,"comment_status":"closed","ping_status":"closed","template":"page-templates\/rooms.php","meta":{"_acf_changed":false,"footnotes":""},"class_list":["post-1479","page","type-page","status-publish","hentry"],"acf":[],"yoast_head":"<!-- This site is optimized with the Yoast SEO plugin v27.2 - https:\/\/yoast.com\/product\/yoast-seo-wordpress\/ -->\n<title>Luxury 5-Star Accommodation in Corfu | MarBella<\/title>\n<meta name=\"description\" content=\"Discover MarBella&#039;s exceptional 5-star accommodation in Corfu, offering beautifully appointed rooms and suites at a seaside location.\" \/>\n<meta name=\"robots\" content=\"index, follow, max-snippet:-1, max-image-preview:large, max-video-preview:-1\" \/>\n<link rel=\"canonical\" href=\"https:\/\/www.marbella.gr\/fr\/hotels\/marbella-corfu\/rooms-and-suites\/\" \/>\n<meta property=\"og:locale\" content=\"fr_FR\" \/>\n<meta property=\"og:type\" content=\"article\" \/>\n<meta property=\"og:title\" content=\"Luxury 5-Star Accommodation in Corfu | MarBella\" \/>\n<meta property=\"og:description\" content=\"Discover MarBella&#039;s exceptional 5-star accommodation in Corfu, offering beautifully appointed rooms and suites at a seaside location.\" \/>\n<meta property=\"og:url\" content=\"https:\/\/www.marbella.gr\/fr\/hotels\/marbella-corfu\/rooms-and-suites\/\" \/>\n<meta property=\"og:site_name\" content=\"Mar-Bella Collection\" \/>\n<meta property=\"article:modified_time\" content=\"2026-01-23T13:10:15+00:00\" \/>\n<meta property=\"og:image\" content=\"https:\/\/www.marbella.gr\/app\/uploads\/2024\/05\/Elix_Water-Sports-2-scaled.jpg\" \/>\n\t<meta property=\"og:image:width\" content=\"2560\" \/>\n\t<meta property=\"og:image:height\" content=\"1705\" \/>\n\t<meta property=\"og:image:type\" content=\"image\/jpeg\" \/>\n<meta name=\"twitter:card\" content=\"summary_large_image\" \/>\n<meta name=\"twitter:label1\" content=\"Dur\u00e9e de lecture estim\u00e9e\" \/>\n\t<meta name=\"twitter:data1\" content=\"1 minute\" \/>\n<!-- \/ Yoast SEO plugin. -->","yoast_head_json":{"title":"H\u00e9bergement de luxe 5 \u00e9toiles \u00e0 Corfou | MarBella","description":"D\u00e9couvrez l'h\u00e9bergement 5 \u00e9toiles exceptionnel de MarBella \u00e0 Corfou, qui propose des chambres et des suites magnifiquement am\u00e9nag\u00e9es en bord de mer.","robots":{"index":"index","follow":"follow","max-snippet":"max-snippet:-1","max-image-preview":"max-image-preview:large","max-video-preview":"max-video-preview:-1"},"canonical":"https:\/\/www.marbella.gr\/fr\/hotels\/marbella-corfu\/rooms-and-suites\/","og_locale":"fr_FR","og_type":"article","og_title":"Luxury 5-Star Accommodation in Corfu | MarBella","og_description":"Discover MarBella's exceptional 5-star accommodation in Corfu, offering beautifully appointed rooms and suites at a seaside location.","og_url":"https:\/\/www.marbella.gr\/fr\/hotels\/marbella-corfu\/rooms-and-suites\/","og_site_name":"Mar-Bella Collection","article_modified_time":"2026-01-23T13:10:15+00:00","og_image":[{"width":2560,"height":1705,"url":"https:\/\/www.marbella.gr\/app\/uploads\/2024\/05\/Elix_Water-Sports-2-scaled.jpg","type":"image\/jpeg"}],"twitter_card":"summary_large_image","twitter_misc":{"Dur\u00e9e de lecture estim\u00e9e":"1 minute"},"schema":{"@context":"https:\/\/schema.org","@graph":[{"@type":"WebPage","@id":"https:\/\/www.marbella.gr\/hotels\/marbella-corfu\/rooms-and-suites\/","url":"https:\/\/www.marbella.gr\/hotels\/marbella-corfu\/rooms-and-suites\/","name":"H\u00e9bergement de luxe 5 \u00e9toiles \u00e0 Corfou | MarBella","isPartOf":{"@id":"https:\/\/www.marbella.gr\/#website"},"datePublished":"2023-05-17T11:18:10+00:00","dateModified":"2026-01-23T13:10:15+00:00","description":"D\u00e9couvrez l'h\u00e9bergement 5 \u00e9toiles exceptionnel de MarBella \u00e0 Corfou, qui propose des chambres et des suites magnifiquement am\u00e9nag\u00e9es en bord de mer.","breadcrumb":{"@id":"https:\/\/www.marbella.gr\/hotels\/marbella-corfu\/rooms-and-suites\/#breadcrumb"},"inLanguage":"fr-FR","potentialAction":[{"@type":"ReadAction","target":["https:\/\/www.marbella.gr\/hotels\/marbella-corfu\/rooms-and-suites\/"]}]},{"@type":"BreadcrumbList","@id":"https:\/\/www.marbella.gr\/hotels\/marbella-corfu\/rooms-and-suites\/#breadcrumb","itemListElement":[{"@type":"ListItem","position":1,"name":"Home","item":"https:\/\/www.marbella.gr\/"},{"@type":"ListItem","position":2,"name":"Hotels","item":"https:\/\/www.marbella.gr\/hotels\/"},{"@type":"ListItem","position":3,"name":"MarBella","item":"https:\/\/www.marbella.gr\/hotels\/marbella-corfu\/"},{"@type":"ListItem","position":4,"name":"Rooms &#038; Suites"}]},{"@type":"WebSite","@id":"https:\/\/www.marbella.gr\/#website","url":"https:\/\/www.marbella.gr\/","name":"MarBella","description":"Une famille d'h\u00f4tels vous reliant \u00e0 la magnifique mer Ionienne","publisher":{"@id":"https:\/\/www.marbella.gr\/#organization"},"alternateName":"MarBella","potentialAction":[{"@type":"SearchAction","target":{"@type":"EntryPoint","urlTemplate":"https:\/\/www.marbella.gr\/?s={search_term_string}"},"query-input":{"@type":"PropertyValueSpecification","valueRequired":true,"valueName":"search_term_string"}}],"inLanguage":"fr-FR"},{"@type":"Organization","@id":"https:\/\/www.marbella.gr\/#organization","name":"MarBella","url":"https:\/\/www.marbella.gr\/","logo":{"@type":"ImageObject","inLanguage":"fr-FR","@id":"https:\/\/www.marbella.gr\/#\/schema\/logo\/image\/","url":"https:\/\/www.marbella.gr\/app\/uploads\/2023\/06\/Marbella-collection.png","contentUrl":"https:\/\/www.marbella.gr\/app\/uploads\/2023\/06\/Marbella-collection.png","width":230,"height":75,"caption":"MarBella"},"image":{"@id":"https:\/\/www.marbella.gr\/#\/schema\/logo\/image\/"}}]}},"_links":{"self":[{"href":"https:\/\/www.marbella.gr\/fr\/wp-json\/wp\/v2\/pages\/1479","targetHints":{"allow":["GET"]}}],"collection":[{"href":"https:\/\/www.marbella.gr\/fr\/wp-json\/wp\/v2\/pages"}],"about":[{"href":"https:\/\/www.marbella.gr\/fr\/wp-json\/wp\/v2\/types\/page"}],"author":[{"embeddable":true,"href":"https:\/\/www.marbella.gr\/fr\/wp-json\/wp\/v2\/users\/5"}],"replies":[{"embeddable":true,"href":"https:\/\/www.marbella.gr\/fr\/wp-json\/wp\/v2\/comments?post=1479"}],"version-history":[{"count":35,"href":"https:\/\/www.marbella.gr\/fr\/wp-json\/wp\/v2\/pages\/1479\/revisions"}],"predecessor-version":[{"id":12770,"href":"https:\/\/www.marbella.gr\/fr\/wp-json\/wp\/v2\/pages\/1479\/revisions\/12770"}],"up":[{"embeddable":true,"href":"https:\/\/www.marbella.gr\/fr\/wp-json\/wp\/v2\/pages\/797"}],"wp:attachment":[{"href":"https:\/\/www.marbella.gr\/fr\/wp-json\/wp\/v2\/media?parent=1479"}],"curies":[{"name":"wp","href":"https:\/\/api.w.org\/{rel}","templated":true}]}}