{"id":1483,"date":"2023-05-17T11:20:25","date_gmt":"2023-05-17T11:20:25","guid":{"rendered":"https:\/\/www.marbella.gr\/?page_id=1483"},"modified":"2026-01-23T15:11:18","modified_gmt":"2026-01-23T13:11:18","slug":"suites","status":"publish","type":"page","link":"https:\/\/www.marbella.gr\/fr\/hotels\/marbella-nido\/suites\/","title":{"rendered":"Suites"},"content":{"rendered":"<p>Id\u00e9ales pour ceux qui recherchent un h\u00e9bergement en suites pour adultes \u00e0 Corfou, les suites de l'h\u00f4tel Nido, membre des Small Luxury Hotels of the World, sont toutes d'un style exquis. Contemporaines et spacieuses, nos suites sont con\u00e7ues pour \u00e9voquer un sentiment de s\u00e9r\u00e9nit\u00e9, garantissant des moments pr\u00e9cieux de d\u00e9tente compl\u00e8te pour tous les clients. R\u00e9veillez-vous et admirez la vue panoramique sur la mer depuis votre v\u00e9randa magnifiquement am\u00e9nag\u00e9e avant de vous d\u00e9tendre dans votre piscine priv\u00e9e ou votre bain \u00e0 remous et d'\u00e9vacuer tous vos soucis.<\/p>","protected":false},"excerpt":{"rendered":"<p>Simply ideal for those who seek Corfu adults-only suites accommodation, at Nido, member of Small Luxury Hotels of the World, each one of our suites is exquisitely styled. Contemporary and spacious, our suites are designed to evoke a sense of serenity, ensuring precious moments of complete relaxation for all guests. Wake up and take in [&#8230;]<\/p>\n<p><a class=\"btn btn-secondary understrap-read-more-link\" href=\"https:\/\/www.marbella.gr\/fr\/hotels\/marbella-nido\/suites\/\">Read More&#8230;<span class=\"screen-reader-text\"> from Suites<\/span><\/a><\/p>\n","protected":false},"author":5,"featured_media":0,"parent":795,"menu_order":0,"comment_status":"closed","ping_status":"closed","template":"page-templates\/rooms.php","meta":{"_acf_changed":false,"footnotes":""},"class_list":["post-1483","page","type-page","status-publish","hentry"],"acf":[],"yoast_head":"<!-- This site is optimized with the Yoast SEO plugin v27.5 - https:\/\/yoast.com\/product\/yoast-seo-wordpress\/ -->\n<title>Corfu Adults Only Suites at Nido, Mar-Bella Collection<\/title>\n<meta name=\"description\" content=\"Embrace romantic bliss on your adults-only Corfu getaway with our exquisite suites designed for couples. Indulge in luxury at its finest.\" \/>\n<meta name=\"robots\" content=\"index, follow, max-snippet:-1, max-image-preview:large, max-video-preview:-1\" \/>\n<link rel=\"canonical\" href=\"https:\/\/www.marbella.gr\/fr\/hotels\/marbella-nido\/suites\/\" \/>\n<meta property=\"og:locale\" content=\"fr_FR\" \/>\n<meta property=\"og:type\" content=\"article\" \/>\n<meta property=\"og:title\" content=\"Corfu Adults Only Suites at Nido, Mar-Bella Collection\" \/>\n<meta property=\"og:description\" content=\"Embrace romantic bliss on your adults-only Corfu getaway with our exquisite suites designed for couples. Indulge in luxury at its finest.\" \/>\n<meta property=\"og:url\" content=\"https:\/\/www.marbella.gr\/fr\/hotels\/marbella-nido\/suites\/\" \/>\n<meta property=\"og:site_name\" content=\"Mar-Bella Collection\" \/>\n<meta property=\"article:modified_time\" content=\"2026-01-23T13:11:18+00:00\" \/>\n<meta property=\"og:image\" content=\"https:\/\/www.marbella.gr\/app\/uploads\/2024\/05\/Elix_Water-Sports-2-scaled.jpg\" \/>\n\t<meta property=\"og:image:width\" content=\"2560\" \/>\n\t<meta property=\"og:image:height\" content=\"1705\" \/>\n\t<meta property=\"og:image:type\" content=\"image\/jpeg\" \/>\n<meta name=\"twitter:card\" content=\"summary_large_image\" \/>\n<meta name=\"twitter:label1\" content=\"Dur\u00e9e de lecture estim\u00e9e\" \/>\n\t<meta name=\"twitter:data1\" content=\"1 minute\" \/>\n<!-- \/ Yoast SEO plugin. -->","yoast_head_json":{"title":"Corfu Adults Only Suites at Nido, Mar-Bella Collection","description":"Profitez d'une escapade romantique \u00e0 Corfou avec nos suites exquises con\u00e7ues pour les couples. Laissez-vous s\u00e9duire par le luxe dans toute sa splendeur.","robots":{"index":"index","follow":"follow","max-snippet":"max-snippet:-1","max-image-preview":"max-image-preview:large","max-video-preview":"max-video-preview:-1"},"canonical":"https:\/\/www.marbella.gr\/fr\/hotels\/marbella-nido\/suites\/","og_locale":"fr_FR","og_type":"article","og_title":"Corfu Adults Only Suites at Nido, Mar-Bella Collection","og_description":"Embrace romantic bliss on your adults-only Corfu getaway with our exquisite suites designed for couples. Indulge in luxury at its finest.","og_url":"https:\/\/www.marbella.gr\/fr\/hotels\/marbella-nido\/suites\/","og_site_name":"Mar-Bella Collection","article_modified_time":"2026-01-23T13:11:18+00:00","og_image":[{"width":2560,"height":1705,"url":"https:\/\/www.marbella.gr\/app\/uploads\/2024\/05\/Elix_Water-Sports-2-scaled.jpg","type":"image\/jpeg"}],"twitter_card":"summary_large_image","twitter_misc":{"Dur\u00e9e de lecture estim\u00e9e":"1 minute"},"schema":{"@context":"https:\/\/schema.org","@graph":[{"@type":"WebPage","@id":"https:\/\/www.marbella.gr\/hotels\/marbella-nido\/suites\/","url":"https:\/\/www.marbella.gr\/hotels\/marbella-nido\/suites\/","name":"Corfu Adults Only Suites at Nido, Mar-Bella Collection","isPartOf":{"@id":"https:\/\/www.marbella.gr\/#website"},"datePublished":"2023-05-17T11:20:25+00:00","dateModified":"2026-01-23T13:11:18+00:00","description":"Profitez d'une escapade romantique \u00e0 Corfou avec nos suites exquises con\u00e7ues pour les couples. Laissez-vous s\u00e9duire par le luxe dans toute sa splendeur.","breadcrumb":{"@id":"https:\/\/www.marbella.gr\/hotels\/marbella-nido\/suites\/#breadcrumb"},"inLanguage":"fr-FR","potentialAction":[{"@type":"ReadAction","target":["https:\/\/www.marbella.gr\/hotels\/marbella-nido\/suites\/"]}]},{"@type":"BreadcrumbList","@id":"https:\/\/www.marbella.gr\/hotels\/marbella-nido\/suites\/#breadcrumb","itemListElement":[{"@type":"ListItem","position":1,"name":"Home","item":"https:\/\/www.marbella.gr\/"},{"@type":"ListItem","position":2,"name":"Hotels","item":"https:\/\/www.marbella.gr\/hotels\/"},{"@type":"ListItem","position":3,"name":"Nido","item":"https:\/\/www.marbella.gr\/hotels\/marbella-nido\/"},{"@type":"ListItem","position":4,"name":"Suites"}]},{"@type":"WebSite","@id":"https:\/\/www.marbella.gr\/#website","url":"https:\/\/www.marbella.gr\/","name":"MarBella","description":"Une famille d'h\u00f4tels vous reliant \u00e0 la magnifique mer Ionienne","publisher":{"@id":"https:\/\/www.marbella.gr\/#organization"},"alternateName":"MarBella","potentialAction":[{"@type":"SearchAction","target":{"@type":"EntryPoint","urlTemplate":"https:\/\/www.marbella.gr\/?s={search_term_string}"},"query-input":{"@type":"PropertyValueSpecification","valueRequired":true,"valueName":"search_term_string"}}],"inLanguage":"fr-FR"},{"@type":"Organization","@id":"https:\/\/www.marbella.gr\/#organization","name":"MarBella","url":"https:\/\/www.marbella.gr\/","logo":{"@type":"ImageObject","inLanguage":"fr-FR","@id":"https:\/\/www.marbella.gr\/#\/schema\/logo\/image\/","url":"https:\/\/www.marbella.gr\/app\/uploads\/2023\/06\/Marbella-collection.png","contentUrl":"https:\/\/www.marbella.gr\/app\/uploads\/2023\/06\/Marbella-collection.png","width":230,"height":75,"caption":"MarBella"},"image":{"@id":"https:\/\/www.marbella.gr\/#\/schema\/logo\/image\/"}}]}},"_links":{"self":[{"href":"https:\/\/www.marbella.gr\/fr\/wp-json\/wp\/v2\/pages\/1483","targetHints":{"allow":["GET"]}}],"collection":[{"href":"https:\/\/www.marbella.gr\/fr\/wp-json\/wp\/v2\/pages"}],"about":[{"href":"https:\/\/www.marbella.gr\/fr\/wp-json\/wp\/v2\/types\/page"}],"author":[{"embeddable":true,"href":"https:\/\/www.marbella.gr\/fr\/wp-json\/wp\/v2\/users\/5"}],"replies":[{"embeddable":true,"href":"https:\/\/www.marbella.gr\/fr\/wp-json\/wp\/v2\/comments?post=1483"}],"version-history":[{"count":23,"href":"https:\/\/www.marbella.gr\/fr\/wp-json\/wp\/v2\/pages\/1483\/revisions"}],"predecessor-version":[{"id":11370,"href":"https:\/\/www.marbella.gr\/fr\/wp-json\/wp\/v2\/pages\/1483\/revisions\/11370"}],"up":[{"embeddable":true,"href":"https:\/\/www.marbella.gr\/fr\/wp-json\/wp\/v2\/pages\/795"}],"wp:attachment":[{"href":"https:\/\/www.marbella.gr\/fr\/wp-json\/wp\/v2\/media?parent=1483"}],"curies":[{"name":"wp","href":"https:\/\/api.w.org\/{rel}","templated":true}]}}