{"id":2038,"date":"2023-05-23T06:53:43","date_gmt":"2023-05-23T06:53:43","guid":{"rendered":"https:\/\/www.marbella.gr\/hotels\/marbella-corfu\/rooms-and-suites-copy\/"},"modified":"2025-12-02T15:12:18","modified_gmt":"2025-12-02T13:12:18","slug":"whats-included","status":"publish","type":"page","link":"https:\/\/www.marbella.gr\/fr\/hotels\/marbella-corfu\/whats-included\/","title":{"rendered":"Ce qui est inclus"},"content":{"rendered":"<p>Bienvenue dans des vacances sans tracas, o\u00f9 tout est inclus et adapt\u00e9 \u00e0 vos besoins. Vous n'aurez plus \u00e0 vous soucier de la facture finale avant m\u00eame d'avoir quitt\u00e9 votre domicile. Premium All Inclusive \u00e0 MarBella vous offre une escapade sans souci. Vous vous d\u00e9tendez pendant que nous vous g\u00e2tons. Voici ce qui vous attend avec notre Premium All Inclusive.<\/p>","protected":false},"excerpt":{"rendered":"<p>Welcome to a hassle-free holiday where everything is included and tailored to your needs. Where you stop worrying about the final bill, before you even leave home. Premium All Inclusive at MarBella offers a \u2018no worries\u2019 getaway. You simply relax while we spoil you. Here\u2019s what you can look forward to with our Premium All [&#8230;]<\/p>\n<p><a class=\"btn btn-secondary understrap-read-more-link\" href=\"https:\/\/www.marbella.gr\/fr\/hotels\/marbella-corfu\/whats-included\/\">Read More&#8230;<span class=\"screen-reader-text\"> from What&#8217;s Included<\/span><\/a><\/p>\n","protected":false},"author":11,"featured_media":8952,"parent":797,"menu_order":0,"comment_status":"closed","ping_status":"closed","template":"","meta":{"_acf_changed":false,"footnotes":""},"class_list":["post-2038","page","type-page","status-publish","has-post-thumbnail","hentry"],"acf":[],"yoast_head":"<!-- This site is optimized with the Yoast SEO plugin v27.5 - https:\/\/yoast.com\/product\/yoast-seo-wordpress\/ -->\n<title>Corfu 5 Star All Inclusive - Premium All Inclusive | MarBella<\/title>\n<meta name=\"description\" content=\"Experience worry-free family holidays at MarBella in Corfu. Our Premium All-Inclusive board covers dining, wellness, kids&#039; activities, and more.\" \/>\n<meta name=\"robots\" content=\"index, follow, max-snippet:-1, max-image-preview:large, max-video-preview:-1\" \/>\n<link rel=\"canonical\" href=\"https:\/\/www.marbella.gr\/fr\/hotels\/marbella-corfu\/whats-included\/\" \/>\n<meta property=\"og:locale\" content=\"fr_FR\" \/>\n<meta property=\"og:type\" content=\"article\" \/>\n<meta property=\"og:title\" content=\"Corfu 5 Star All Inclusive - Premium All Inclusive | MarBella\" \/>\n<meta property=\"og:description\" content=\"Experience worry-free family holidays at MarBella in Corfu. Our Premium All-Inclusive board covers dining, wellness, kids&#039; activities, and more.\" \/>\n<meta property=\"og:url\" content=\"https:\/\/www.marbella.gr\/fr\/hotels\/marbella-corfu\/whats-included\/\" \/>\n<meta property=\"og:site_name\" content=\"Mar-Bella Collection\" \/>\n<meta property=\"article:modified_time\" content=\"2025-12-02T13:12:18+00:00\" \/>\n<meta property=\"og:image\" content=\"https:\/\/www.marbella.gr\/app\/uploads\/2024\/11\/MarBella_Suite_Life-28-scaled.jpg\" \/>\n\t<meta property=\"og:image:width\" content=\"2560\" \/>\n\t<meta property=\"og:image:height\" content=\"1920\" \/>\n\t<meta property=\"og:image:type\" content=\"image\/jpeg\" \/>\n<meta name=\"twitter:card\" content=\"summary_large_image\" \/>\n<meta name=\"twitter:label1\" content=\"Dur\u00e9e de lecture estim\u00e9e\" \/>\n\t<meta name=\"twitter:data1\" content=\"1 minute\" \/>\n<!-- \/ Yoast SEO plugin. -->","yoast_head_json":{"title":"Corfou 5 \u00e9toiles tout compris - Premium All Inclusive | MarBella","description":"Vivez des vacances en famille sans souci au MarBella \u00e0 Corfou. Notre formule Premium All-Inclusive couvre les repas, le bien-\u00eatre, les activit\u00e9s pour enfants et bien plus encore.","robots":{"index":"index","follow":"follow","max-snippet":"max-snippet:-1","max-image-preview":"max-image-preview:large","max-video-preview":"max-video-preview:-1"},"canonical":"https:\/\/www.marbella.gr\/fr\/hotels\/marbella-corfu\/whats-included\/","og_locale":"fr_FR","og_type":"article","og_title":"Corfu 5 Star All Inclusive - Premium All Inclusive | MarBella","og_description":"Experience worry-free family holidays at MarBella in Corfu. Our Premium All-Inclusive board covers dining, wellness, kids' activities, and more.","og_url":"https:\/\/www.marbella.gr\/fr\/hotels\/marbella-corfu\/whats-included\/","og_site_name":"Mar-Bella Collection","article_modified_time":"2025-12-02T13:12:18+00:00","og_image":[{"width":2560,"height":1920,"url":"https:\/\/www.marbella.gr\/app\/uploads\/2024\/11\/MarBella_Suite_Life-28-scaled.jpg","type":"image\/jpeg"}],"twitter_card":"summary_large_image","twitter_misc":{"Dur\u00e9e de lecture estim\u00e9e":"1 minute"},"schema":{"@context":"https:\/\/schema.org","@graph":[{"@type":"WebPage","@id":"https:\/\/www.marbella.gr\/hotels\/marbella-corfu\/whats-included\/","url":"https:\/\/www.marbella.gr\/hotels\/marbella-corfu\/whats-included\/","name":"Corfou 5 \u00e9toiles tout compris - Premium All Inclusive | MarBella","isPartOf":{"@id":"https:\/\/www.marbella.gr\/#website"},"primaryImageOfPage":{"@id":"https:\/\/www.marbella.gr\/hotels\/marbella-corfu\/whats-included\/#primaryimage"},"image":{"@id":"https:\/\/www.marbella.gr\/hotels\/marbella-corfu\/whats-included\/#primaryimage"},"thumbnailUrl":"https:\/\/www.marbella.gr\/app\/uploads\/2024\/11\/MarBella_Suite_Life-28-scaled.jpg","datePublished":"2023-05-23T06:53:43+00:00","dateModified":"2025-12-02T13:12:18+00:00","description":"Vivez des vacances en famille sans souci au MarBella \u00e0 Corfou. Notre formule Premium All-Inclusive couvre les repas, le bien-\u00eatre, les activit\u00e9s pour enfants et bien plus encore.","breadcrumb":{"@id":"https:\/\/www.marbella.gr\/hotels\/marbella-corfu\/whats-included\/#breadcrumb"},"inLanguage":"fr-FR","potentialAction":[{"@type":"ReadAction","target":["https:\/\/www.marbella.gr\/hotels\/marbella-corfu\/whats-included\/"]}]},{"@type":"ImageObject","inLanguage":"fr-FR","@id":"https:\/\/www.marbella.gr\/hotels\/marbella-corfu\/whats-included\/#primaryimage","url":"https:\/\/www.marbella.gr\/app\/uploads\/2024\/11\/MarBella_Suite_Life-28-scaled.jpg","contentUrl":"https:\/\/www.marbella.gr\/app\/uploads\/2024\/11\/MarBella_Suite_Life-28-scaled.jpg","width":2560,"height":1920,"caption":"Discover Mar-Bella Collection - 5 star hotels in Corfu, Parga Greece"},{"@type":"BreadcrumbList","@id":"https:\/\/www.marbella.gr\/hotels\/marbella-corfu\/whats-included\/#breadcrumb","itemListElement":[{"@type":"ListItem","position":1,"name":"Home","item":"https:\/\/www.marbella.gr\/"},{"@type":"ListItem","position":2,"name":"Hotels","item":"https:\/\/www.marbella.gr\/hotels\/"},{"@type":"ListItem","position":3,"name":"MarBella","item":"https:\/\/www.marbella.gr\/hotels\/marbella-corfu\/"},{"@type":"ListItem","position":4,"name":"What&#8217;s Included"}]},{"@type":"WebSite","@id":"https:\/\/www.marbella.gr\/#website","url":"https:\/\/www.marbella.gr\/","name":"MarBella","description":"Une famille d'h\u00f4tels vous reliant \u00e0 la magnifique mer Ionienne","publisher":{"@id":"https:\/\/www.marbella.gr\/#organization"},"alternateName":"MarBella","potentialAction":[{"@type":"SearchAction","target":{"@type":"EntryPoint","urlTemplate":"https:\/\/www.marbella.gr\/?s={search_term_string}"},"query-input":{"@type":"PropertyValueSpecification","valueRequired":true,"valueName":"search_term_string"}}],"inLanguage":"fr-FR"},{"@type":"Organization","@id":"https:\/\/www.marbella.gr\/#organization","name":"MarBella","url":"https:\/\/www.marbella.gr\/","logo":{"@type":"ImageObject","inLanguage":"fr-FR","@id":"https:\/\/www.marbella.gr\/#\/schema\/logo\/image\/","url":"https:\/\/www.marbella.gr\/app\/uploads\/2023\/06\/Marbella-collection.png","contentUrl":"https:\/\/www.marbella.gr\/app\/uploads\/2023\/06\/Marbella-collection.png","width":230,"height":75,"caption":"MarBella"},"image":{"@id":"https:\/\/www.marbella.gr\/#\/schema\/logo\/image\/"}}]}},"_links":{"self":[{"href":"https:\/\/www.marbella.gr\/fr\/wp-json\/wp\/v2\/pages\/2038","targetHints":{"allow":["GET"]}}],"collection":[{"href":"https:\/\/www.marbella.gr\/fr\/wp-json\/wp\/v2\/pages"}],"about":[{"href":"https:\/\/www.marbella.gr\/fr\/wp-json\/wp\/v2\/types\/page"}],"author":[{"embeddable":true,"href":"https:\/\/www.marbella.gr\/fr\/wp-json\/wp\/v2\/users\/11"}],"replies":[{"embeddable":true,"href":"https:\/\/www.marbella.gr\/fr\/wp-json\/wp\/v2\/comments?post=2038"}],"version-history":[{"count":65,"href":"https:\/\/www.marbella.gr\/fr\/wp-json\/wp\/v2\/pages\/2038\/revisions"}],"predecessor-version":[{"id":11604,"href":"https:\/\/www.marbella.gr\/fr\/wp-json\/wp\/v2\/pages\/2038\/revisions\/11604"}],"up":[{"embeddable":true,"href":"https:\/\/www.marbella.gr\/fr\/wp-json\/wp\/v2\/pages\/797"}],"wp:featuredmedia":[{"embeddable":true,"href":"https:\/\/www.marbella.gr\/fr\/wp-json\/wp\/v2\/media\/8952"}],"wp:attachment":[{"href":"https:\/\/www.marbella.gr\/fr\/wp-json\/wp\/v2\/media?parent=2038"}],"curies":[{"name":"wp","href":"https:\/\/api.w.org\/{rel}","templated":true}]}}