{"id":2042,"date":"2023-05-23T06:55:13","date_gmt":"2023-05-23T06:55:13","guid":{"rendered":"https:\/\/www.marbella.gr\/hotels\/marbella-corfu\/signature-suites-copy\/"},"modified":"2026-01-29T13:22:11","modified_gmt":"2026-01-29T11:22:11","slug":"experiences","status":"publish","type":"page","link":"https:\/\/www.marbella.gr\/fr\/hotels\/marbella-corfu\/experiences\/","title":{"rendered":"Exp\u00e9riences"},"content":{"rendered":"<p>MarBella est amoureux de la vie. C'est une invitation \u00e0 se r\u00e9jouir des plaisirs familiaux et de la convivialit\u00e9. Et \u00e0 la vitalit\u00e9 authentique des saveurs grecques et m\u00e9diterran\u00e9ennes. Pour certains, les activit\u00e9s sont en or. Pour d'autres, c'est la d\u00e9tente \u00e0 l'\u00e9tat pur. Pour tous, il est magique d'\u00eatre ici, au bord de la mer Ionienne, qui n'en finit pas de nous enchanter.<\/p>","protected":false},"excerpt":{"rendered":"<p>MarBella is in love with life. It is an invitation to take pleasure in family fun and togetherness. And the authentic vitality of Greek and Mediterranean flavours. Activities are the gold for some. For others, it is pure relaxation. For all, it is magical to be here on the edge of the endlessly enchanting Ionian [&#8230;]<\/p>\n<p><a class=\"btn btn-secondary understrap-read-more-link\" href=\"https:\/\/www.marbella.gr\/fr\/hotels\/marbella-corfu\/experiences\/\">Read More&#8230;<span class=\"screen-reader-text\"> from Experiences<\/span><\/a><\/p>\n","protected":false},"author":11,"featured_media":0,"parent":797,"menu_order":0,"comment_status":"closed","ping_status":"closed","template":"","meta":{"_acf_changed":false,"footnotes":""},"class_list":["post-2042","page","type-page","status-publish","hentry"],"acf":[],"yoast_head":"<!-- This site is optimized with the Yoast SEO plugin v27.5 - https:\/\/yoast.com\/product\/yoast-seo-wordpress\/ -->\n<title>Family Fun, Mediterranean Flavors, and Seaside Magic | MarBella<\/title>\n<meta name=\"description\" content=\"Discover a world of experiences and relaxation. Embrace life, family, and mediterranean magic by the Ionian Sea at MarBella.\" \/>\n<meta name=\"robots\" content=\"index, follow, max-snippet:-1, max-image-preview:large, max-video-preview:-1\" \/>\n<link rel=\"canonical\" href=\"https:\/\/www.marbella.gr\/fr\/hotels\/marbella-corfu\/experiences\/\" \/>\n<meta property=\"og:locale\" content=\"fr_FR\" \/>\n<meta property=\"og:type\" content=\"article\" \/>\n<meta property=\"og:title\" content=\"Family Fun, Mediterranean Flavors, and Seaside Magic | MarBella\" \/>\n<meta property=\"og:description\" content=\"Discover a world of experiences and relaxation. Embrace life, family, and mediterranean magic by the Ionian Sea at MarBella.\" \/>\n<meta property=\"og:url\" content=\"https:\/\/www.marbella.gr\/fr\/hotels\/marbella-corfu\/experiences\/\" \/>\n<meta property=\"og:site_name\" content=\"Mar-Bella Collection\" \/>\n<meta property=\"article:modified_time\" content=\"2026-01-29T11:22:11+00:00\" \/>\n<meta property=\"og:image\" content=\"https:\/\/www.marbella.gr\/app\/uploads\/2024\/05\/Elix_Water-Sports-2-scaled.jpg\" \/>\n\t<meta property=\"og:image:width\" content=\"2560\" \/>\n\t<meta property=\"og:image:height\" content=\"1705\" \/>\n\t<meta property=\"og:image:type\" content=\"image\/jpeg\" \/>\n<meta name=\"twitter:card\" content=\"summary_large_image\" \/>\n<meta name=\"twitter:label1\" content=\"Dur\u00e9e de lecture estim\u00e9e\" \/>\n\t<meta name=\"twitter:data1\" content=\"1 minute\" \/>\n<!-- \/ Yoast SEO plugin. -->","yoast_head_json":{"title":"Plaisir en famille, saveurs m\u00e9diterran\u00e9ennes et magie du bord de mer | MarBella","description":"D\u00e9couvrez un monde d'exp\u00e9riences et de d\u00e9tente. Embrassez la vie, la famille et la magie m\u00e9diterran\u00e9enne au bord de la mer Ionienne \u00e0 MarBella.","robots":{"index":"index","follow":"follow","max-snippet":"max-snippet:-1","max-image-preview":"max-image-preview:large","max-video-preview":"max-video-preview:-1"},"canonical":"https:\/\/www.marbella.gr\/fr\/hotels\/marbella-corfu\/experiences\/","og_locale":"fr_FR","og_type":"article","og_title":"Family Fun, Mediterranean Flavors, and Seaside Magic | MarBella","og_description":"Discover a world of experiences and relaxation. Embrace life, family, and mediterranean magic by the Ionian Sea at MarBella.","og_url":"https:\/\/www.marbella.gr\/fr\/hotels\/marbella-corfu\/experiences\/","og_site_name":"Mar-Bella Collection","article_modified_time":"2026-01-29T11:22:11+00:00","og_image":[{"width":2560,"height":1705,"url":"https:\/\/www.marbella.gr\/app\/uploads\/2024\/05\/Elix_Water-Sports-2-scaled.jpg","type":"image\/jpeg"}],"twitter_card":"summary_large_image","twitter_misc":{"Dur\u00e9e de lecture estim\u00e9e":"1 minute"},"schema":{"@context":"https:\/\/schema.org","@graph":[{"@type":"WebPage","@id":"https:\/\/www.marbella.gr\/hotels\/marbella-corfu\/experiences\/","url":"https:\/\/www.marbella.gr\/hotels\/marbella-corfu\/experiences\/","name":"Plaisir en famille, saveurs m\u00e9diterran\u00e9ennes et magie du bord de mer | MarBella","isPartOf":{"@id":"https:\/\/www.marbella.gr\/#website"},"datePublished":"2023-05-23T06:55:13+00:00","dateModified":"2026-01-29T11:22:11+00:00","description":"D\u00e9couvrez un monde d'exp\u00e9riences et de d\u00e9tente. Embrassez la vie, la famille et la magie m\u00e9diterran\u00e9enne au bord de la mer Ionienne \u00e0 MarBella.","breadcrumb":{"@id":"https:\/\/www.marbella.gr\/hotels\/marbella-corfu\/experiences\/#breadcrumb"},"inLanguage":"fr-FR","potentialAction":[{"@type":"ReadAction","target":["https:\/\/www.marbella.gr\/hotels\/marbella-corfu\/experiences\/"]}]},{"@type":"BreadcrumbList","@id":"https:\/\/www.marbella.gr\/hotels\/marbella-corfu\/experiences\/#breadcrumb","itemListElement":[{"@type":"ListItem","position":1,"name":"Home","item":"https:\/\/www.marbella.gr\/"},{"@type":"ListItem","position":2,"name":"Hotels","item":"https:\/\/www.marbella.gr\/hotels\/"},{"@type":"ListItem","position":3,"name":"MarBella","item":"https:\/\/www.marbella.gr\/hotels\/marbella-corfu\/"},{"@type":"ListItem","position":4,"name":"Experiences"}]},{"@type":"WebSite","@id":"https:\/\/www.marbella.gr\/#website","url":"https:\/\/www.marbella.gr\/","name":"MarBella","description":"Une famille d'h\u00f4tels vous reliant \u00e0 la magnifique mer Ionienne","publisher":{"@id":"https:\/\/www.marbella.gr\/#organization"},"alternateName":"MarBella","potentialAction":[{"@type":"SearchAction","target":{"@type":"EntryPoint","urlTemplate":"https:\/\/www.marbella.gr\/?s={search_term_string}"},"query-input":{"@type":"PropertyValueSpecification","valueRequired":true,"valueName":"search_term_string"}}],"inLanguage":"fr-FR"},{"@type":"Organization","@id":"https:\/\/www.marbella.gr\/#organization","name":"MarBella","url":"https:\/\/www.marbella.gr\/","logo":{"@type":"ImageObject","inLanguage":"fr-FR","@id":"https:\/\/www.marbella.gr\/#\/schema\/logo\/image\/","url":"https:\/\/www.marbella.gr\/app\/uploads\/2023\/06\/Marbella-collection.png","contentUrl":"https:\/\/www.marbella.gr\/app\/uploads\/2023\/06\/Marbella-collection.png","width":230,"height":75,"caption":"MarBella"},"image":{"@id":"https:\/\/www.marbella.gr\/#\/schema\/logo\/image\/"}}]}},"_links":{"self":[{"href":"https:\/\/www.marbella.gr\/fr\/wp-json\/wp\/v2\/pages\/2042","targetHints":{"allow":["GET"]}}],"collection":[{"href":"https:\/\/www.marbella.gr\/fr\/wp-json\/wp\/v2\/pages"}],"about":[{"href":"https:\/\/www.marbella.gr\/fr\/wp-json\/wp\/v2\/types\/page"}],"author":[{"embeddable":true,"href":"https:\/\/www.marbella.gr\/fr\/wp-json\/wp\/v2\/users\/11"}],"replies":[{"embeddable":true,"href":"https:\/\/www.marbella.gr\/fr\/wp-json\/wp\/v2\/comments?post=2042"}],"version-history":[{"count":53,"href":"https:\/\/www.marbella.gr\/fr\/wp-json\/wp\/v2\/pages\/2042\/revisions"}],"predecessor-version":[{"id":13319,"href":"https:\/\/www.marbella.gr\/fr\/wp-json\/wp\/v2\/pages\/2042\/revisions\/13319"}],"up":[{"embeddable":true,"href":"https:\/\/www.marbella.gr\/fr\/wp-json\/wp\/v2\/pages\/797"}],"wp:attachment":[{"href":"https:\/\/www.marbella.gr\/fr\/wp-json\/wp\/v2\/media?parent=2042"}],"curies":[{"name":"wp","href":"https:\/\/api.w.org\/{rel}","templated":true}]}}