{"id":2048,"date":"2023-05-23T07:01:14","date_gmt":"2023-05-23T07:01:14","guid":{"rendered":"https:\/\/www.marbella.gr\/hotels\/marbella-corfu\/experiences\/your-stay-copy\/"},"modified":"2024-08-28T15:57:57","modified_gmt":"2024-08-28T15:57:57","slug":"pools-beach","status":"publish","type":"page","link":"https:\/\/www.marbella.gr\/fr\/hotels\/marbella-corfu\/experiences\/pools-beach\/","title":{"rendered":"Piscines et plage"},"content":{"rendered":"<p style=\"text-align: left;\"><strong>Piscines<\/strong><\/p>\n<p style=\"text-align: left;\">Profitez du soleil avant de vous rafra\u00eechir dans l'une de nos magnifiques piscines. Notre piscine principale est une piscine d'eau douce et il y a aussi une piscine d'eau sal\u00e9e avec une terrasse sur le toit qui offre une vue incroyable sur la mer. Vous y trouverez tout ce dont vous avez besoin pour vous d\u00e9tendre, y compris des chaises longues, des parasols, des serviettes et un grand choix de rafra\u00eechissements disponibles dans les bars et restaurants de la piscine.<\/p>\n<p style=\"text-align: left;\"><strong>Parc aquatique Anemelia<\/strong><\/p>\n<p style=\"text-align: left;\">Les enfants de tous \u00e2ges peuvent d\u00e9valer les huit (oui, huit) toboggans. Quant \u00e0 vous, vous adorerez la vue qu'offre la nouvelle piscine \u00e0 d\u00e9bordement et le bain \u00e0 remous ext\u00e9rieur, ou vous pourrez simplement vous d\u00e9tendre sur un transat au bord de la piscine. Et tout le monde peut se ravitailler \u00e0 l'ombre avec une savoureuse gamme de rafra\u00eechissements et des glaces \u00e0 volont\u00e9 au bar de la piscine Anemelia.<\/p>\n<p style=\"text-align: left;\"><strong>Plages<\/strong><\/p>\n<p style=\"text-align: left;\">Cet h\u00f4tel luxueux situ\u00e9 en bord de mer vous propose de superbes plages baign\u00e9es par les eaux cristallines de la mer Ionienne, parfaitement compl\u00e9t\u00e9es par un service de plage disponible toute la journ\u00e9e, qui vous apporte des collations et des boissons pendant que vous vous d\u00e9tendez au bord de l'eau. Facilement accessibles par une passerelle ou \u00e0 travers les jardins luxuriants de l'h\u00f4tel, nos deux plages sont \u00e9quip\u00e9es de chaises longues, de parasols, de serviettes et de douches. De plus, vous pouvez profiter d'un choix fantastique de sports nautiques, notamment la plong\u00e9e avec tuba, le kayak de mer et le paddleboard.<\/p>\n<p style=\"text-align: left;\"><strong>Plage familiale<\/strong><\/p>\n<p style=\"text-align: left;\">Avec ses eaux peu profondes, cette plage est parfaite pour les familles avec de jeunes enfants. Elle est proche de notre zone de sports nautiques non motoris\u00e9s et dispose \u00e9galement d'un pont d'o\u00f9 l'on vient chercher les clients pour les excursions en bateau.<\/p>\n<p style=\"text-align: left;\"><strong>Plage de pont avec sable<\/strong><\/p>\n<p style=\"text-align: left;\">Marchez \u00e0 travers les jardins luxuriants pour atteindre cette plage relaxante o\u00f9 l'on peut se baigner en toute s\u00e9curit\u00e9 dans des eaux magnifiques et o\u00f9 l'on peut pratiquer des sports nautiques non motoris\u00e9s.<\/p>\n<p style=\"text-align: left;\"><strong>Un monde sous-marin \u00e0 d\u00e9couvrir<\/strong><\/p>\n<p class=\"lead\" style=\"text-align: left;\">Plongez avec nous dans le monde fascinant des herbiers de posidonies pour vous \u00e9merveiller de la richesse de la vie sous-marine qui s'\u00e9tend sur cette partie unique du littoral corfiote, aux portes de MarBella et de Nido. En savoir plus <strong><a href=\"https:\/\/www.marbella.gr\/fr\/experiences\/posidonia\/\" target=\"_blank\" rel=\"noopener\"><span style=\"text-decoration: underline;\">ici.<\/span><\/a><\/strong><\/p>\n<p>&nbsp;<\/p>","protected":false},"excerpt":{"rendered":"<p>Pools Soak up the sun before cooling down in one of our beautiful pools. Our main pool is freshwater and there is also a saltwater pool complete with a roof terrace offering incredible sea views. There\u2019s everything you need to totally chill-out, including sunloungers, umbrellas, towels and a wonderful selection of refreshments available from our [&#8230;]<\/p>\n<p><a class=\"btn btn-secondary understrap-read-more-link\" href=\"https:\/\/www.marbella.gr\/fr\/hotels\/marbella-corfu\/experiences\/pools-beach\/\">Read More&#8230;<span class=\"screen-reader-text\"> from Pools &#038; Beach<\/span><\/a><\/p>\n","protected":false},"author":11,"featured_media":7863,"parent":2042,"menu_order":0,"comment_status":"closed","ping_status":"closed","template":"","meta":{"_acf_changed":false,"footnotes":""},"class_list":["post-2048","page","type-page","status-publish","has-post-thumbnail","hentry"],"acf":[],"yoast_head":"<!-- This site is optimized with the Yoast SEO plugin v27.5 - https:\/\/yoast.com\/product\/yoast-seo-wordpress\/ -->\n<title>Corfu Beach Resort with Private Beach, Pools &amp; Waterpark | MarBella<\/title>\n<meta name=\"description\" content=\"In our splendid seaside Corfu Beach Resort, you can relax by one of our pools or dive into the invigorating waters of a private beach.\" \/>\n<meta name=\"robots\" content=\"index, follow, max-snippet:-1, max-image-preview:large, max-video-preview:-1\" \/>\n<link rel=\"canonical\" href=\"https:\/\/www.marbella.gr\/fr\/hotels\/marbella-corfu\/experiences\/pools-beach\/\" \/>\n<meta property=\"og:locale\" content=\"fr_FR\" \/>\n<meta property=\"og:type\" content=\"article\" \/>\n<meta property=\"og:title\" content=\"Corfu Beach Resort with Private Beach, Pools &amp; Waterpark | MarBella\" \/>\n<meta property=\"og:description\" content=\"In our splendid seaside Corfu Beach Resort, you can relax by one of our pools or dive into the invigorating waters of a private beach.\" \/>\n<meta property=\"og:url\" content=\"https:\/\/www.marbella.gr\/fr\/hotels\/marbella-corfu\/experiences\/pools-beach\/\" \/>\n<meta property=\"og:site_name\" content=\"Mar-Bella Collection\" \/>\n<meta property=\"article:modified_time\" content=\"2024-08-28T15:57:57+00:00\" \/>\n<meta property=\"og:image\" content=\"https:\/\/www.marbella.gr\/app\/uploads\/2024\/08\/MarBella_Beach-1-scaled.jpg\" \/>\n\t<meta property=\"og:image:width\" content=\"2560\" \/>\n\t<meta property=\"og:image:height\" content=\"1917\" \/>\n\t<meta property=\"og:image:type\" content=\"image\/jpeg\" \/>\n<meta name=\"twitter:card\" content=\"summary_large_image\" \/>\n<meta name=\"twitter:label1\" content=\"Dur\u00e9e de lecture estim\u00e9e\" \/>\n\t<meta name=\"twitter:data1\" content=\"2 minutes\" \/>\n<!-- \/ Yoast SEO plugin. -->","yoast_head_json":{"title":"Corfu Beach Resort avec plage priv\u00e9e, piscines et parc aquatique | MarBella","description":"Dans ce splendide complexe h\u00f4telier situ\u00e9 en bord de mer, vous pourrez vous d\u00e9tendre au bord de l'une de nos piscines ou plonger dans les eaux revigorantes d'une plage priv\u00e9e.","robots":{"index":"index","follow":"follow","max-snippet":"max-snippet:-1","max-image-preview":"max-image-preview:large","max-video-preview":"max-video-preview:-1"},"canonical":"https:\/\/www.marbella.gr\/fr\/hotels\/marbella-corfu\/experiences\/pools-beach\/","og_locale":"fr_FR","og_type":"article","og_title":"Corfu Beach Resort with Private Beach, Pools & Waterpark | MarBella","og_description":"In our splendid seaside Corfu Beach Resort, you can relax by one of our pools or dive into the invigorating waters of a private beach.","og_url":"https:\/\/www.marbella.gr\/fr\/hotels\/marbella-corfu\/experiences\/pools-beach\/","og_site_name":"Mar-Bella Collection","article_modified_time":"2024-08-28T15:57:57+00:00","og_image":[{"width":2560,"height":1917,"url":"https:\/\/www.marbella.gr\/app\/uploads\/2024\/08\/MarBella_Beach-1-scaled.jpg","type":"image\/jpeg"}],"twitter_card":"summary_large_image","twitter_misc":{"Dur\u00e9e de lecture estim\u00e9e":"2 minutes"},"schema":{"@context":"https:\/\/schema.org","@graph":[{"@type":"WebPage","@id":"https:\/\/www.marbella.gr\/hotels\/marbella-corfu\/experiences\/pools-beach\/","url":"https:\/\/www.marbella.gr\/hotels\/marbella-corfu\/experiences\/pools-beach\/","name":"Corfu Beach Resort avec plage priv\u00e9e, piscines et parc aquatique | MarBella","isPartOf":{"@id":"https:\/\/www.marbella.gr\/#website"},"primaryImageOfPage":{"@id":"https:\/\/www.marbella.gr\/hotels\/marbella-corfu\/experiences\/pools-beach\/#primaryimage"},"image":{"@id":"https:\/\/www.marbella.gr\/hotels\/marbella-corfu\/experiences\/pools-beach\/#primaryimage"},"thumbnailUrl":"https:\/\/www.marbella.gr\/app\/uploads\/2024\/08\/MarBella_Beach-1-scaled.jpg","datePublished":"2023-05-23T07:01:14+00:00","dateModified":"2024-08-28T15:57:57+00:00","description":"Dans ce splendide complexe h\u00f4telier situ\u00e9 en bord de mer, vous pourrez vous d\u00e9tendre au bord de l'une de nos piscines ou plonger dans les eaux revigorantes d'une plage priv\u00e9e.","breadcrumb":{"@id":"https:\/\/www.marbella.gr\/hotels\/marbella-corfu\/experiences\/pools-beach\/#breadcrumb"},"inLanguage":"fr-FR","potentialAction":[{"@type":"ReadAction","target":["https:\/\/www.marbella.gr\/hotels\/marbella-corfu\/experiences\/pools-beach\/"]}]},{"@type":"ImageObject","inLanguage":"fr-FR","@id":"https:\/\/www.marbella.gr\/hotels\/marbella-corfu\/experiences\/pools-beach\/#primaryimage","url":"https:\/\/www.marbella.gr\/app\/uploads\/2024\/08\/MarBella_Beach-1-scaled.jpg","contentUrl":"https:\/\/www.marbella.gr\/app\/uploads\/2024\/08\/MarBella_Beach-1-scaled.jpg","width":2560,"height":1917,"caption":"Heinz Troll photoshooting May 2021"},{"@type":"BreadcrumbList","@id":"https:\/\/www.marbella.gr\/hotels\/marbella-corfu\/experiences\/pools-beach\/#breadcrumb","itemListElement":[{"@type":"ListItem","position":1,"name":"Home","item":"https:\/\/www.marbella.gr\/"},{"@type":"ListItem","position":2,"name":"Hotels","item":"https:\/\/www.marbella.gr\/hotels\/"},{"@type":"ListItem","position":3,"name":"MarBella","item":"https:\/\/www.marbella.gr\/hotels\/marbella-corfu\/"},{"@type":"ListItem","position":4,"name":"Experiences","item":"https:\/\/www.marbella.gr\/hotels\/marbella-corfu\/experiences\/"},{"@type":"ListItem","position":5,"name":"Pools &#038; Beach"}]},{"@type":"WebSite","@id":"https:\/\/www.marbella.gr\/#website","url":"https:\/\/www.marbella.gr\/","name":"MarBella","description":"Une famille d'h\u00f4tels vous reliant \u00e0 la magnifique mer Ionienne","publisher":{"@id":"https:\/\/www.marbella.gr\/#organization"},"alternateName":"MarBella","potentialAction":[{"@type":"SearchAction","target":{"@type":"EntryPoint","urlTemplate":"https:\/\/www.marbella.gr\/?s={search_term_string}"},"query-input":{"@type":"PropertyValueSpecification","valueRequired":true,"valueName":"search_term_string"}}],"inLanguage":"fr-FR"},{"@type":"Organization","@id":"https:\/\/www.marbella.gr\/#organization","name":"MarBella","url":"https:\/\/www.marbella.gr\/","logo":{"@type":"ImageObject","inLanguage":"fr-FR","@id":"https:\/\/www.marbella.gr\/#\/schema\/logo\/image\/","url":"https:\/\/www.marbella.gr\/app\/uploads\/2023\/06\/Marbella-collection.png","contentUrl":"https:\/\/www.marbella.gr\/app\/uploads\/2023\/06\/Marbella-collection.png","width":230,"height":75,"caption":"MarBella"},"image":{"@id":"https:\/\/www.marbella.gr\/#\/schema\/logo\/image\/"}}]}},"_links":{"self":[{"href":"https:\/\/www.marbella.gr\/fr\/wp-json\/wp\/v2\/pages\/2048","targetHints":{"allow":["GET"]}}],"collection":[{"href":"https:\/\/www.marbella.gr\/fr\/wp-json\/wp\/v2\/pages"}],"about":[{"href":"https:\/\/www.marbella.gr\/fr\/wp-json\/wp\/v2\/types\/page"}],"author":[{"embeddable":true,"href":"https:\/\/www.marbella.gr\/fr\/wp-json\/wp\/v2\/users\/11"}],"replies":[{"embeddable":true,"href":"https:\/\/www.marbella.gr\/fr\/wp-json\/wp\/v2\/comments?post=2048"}],"version-history":[{"count":32,"href":"https:\/\/www.marbella.gr\/fr\/wp-json\/wp\/v2\/pages\/2048\/revisions"}],"predecessor-version":[{"id":8012,"href":"https:\/\/www.marbella.gr\/fr\/wp-json\/wp\/v2\/pages\/2048\/revisions\/8012"}],"up":[{"embeddable":true,"href":"https:\/\/www.marbella.gr\/fr\/wp-json\/wp\/v2\/pages\/2042"}],"wp:featuredmedia":[{"embeddable":true,"href":"https:\/\/www.marbella.gr\/fr\/wp-json\/wp\/v2\/media\/7863"}],"wp:attachment":[{"href":"https:\/\/www.marbella.gr\/fr\/wp-json\/wp\/v2\/media?parent=2048"}],"curies":[{"name":"wp","href":"https:\/\/api.w.org\/{rel}","templated":true}]}}