{"id":2050,"date":"2023-05-23T07:01:24","date_gmt":"2023-05-23T07:01:24","guid":{"rendered":"https:\/\/www.marbella.gr\/hotels\/marbella-corfu\/experiences\/your-stay-copy-copy-copy\/"},"modified":"2025-04-04T14:25:02","modified_gmt":"2025-04-04T14:25:02","slug":"wellness","status":"publish","type":"page","link":"https:\/\/www.marbella.gr\/fr\/hotels\/marbella-corfu\/experiences\/wellness\/","title":{"rendered":"Bien-\u00eatre"},"content":{"rendered":"<p style=\"text-align: center;\">Des soins du visage aux traitements complets du corps, offrez-vous l'un de nos massages et l'une de nos th\u00e9rapies de beaut\u00e9 naturelle con\u00e7us pour vous faire sentir et para\u00eetre plus jeune. Des moments de tranquillit\u00e9 vous attendent dans notre spa. C'est l'endroit o\u00f9 vous pouvez laisser derri\u00e8re vous le stress et la monotonie de la vie quotidienne et faire l'exp\u00e9rience de la tranquillit\u00e9, de l'harmonie et de la paix int\u00e9rieure.<\/p>\n<p style=\"text-align: center;\">Revitalisez votre corps, votre esprit et votre \u00e2me en choisissant parmi une large gamme de traitements propos\u00e9s par nos th\u00e9rapeutes sp\u00e9cialement form\u00e9s. D\u00e9tendez-vous gr\u00e2ce aux th\u00e9rapies uniques pour le visage et le corps utilisant les produits SOTHYS inspir\u00e9s par la nature, qui associent une technologie cosm\u00e9tique innovante \u00e0 une exp\u00e9rience \u00e9tonnante pour les cinq sens.<\/p>","protected":false},"excerpt":{"rendered":"<p>From facials to full body treatments, treat yourself to one of our pampering massages and natural beauty therapies designed to make you feel and look younger. Tranquil moments at our spa await. This is the place where you can leave stress and the monotony of daily life behind and have an experience of tranquility, harmony [&#8230;]<\/p>\n<p><a class=\"btn btn-secondary understrap-read-more-link\" href=\"https:\/\/www.marbella.gr\/fr\/hotels\/marbella-corfu\/experiences\/wellness\/\">Read More&#8230;<span class=\"screen-reader-text\"> from Wellness<\/span><\/a><\/p>\n","protected":false},"author":11,"featured_media":2878,"parent":2042,"menu_order":0,"comment_status":"closed","ping_status":"closed","template":"","meta":{"_acf_changed":false,"footnotes":""},"class_list":["post-2050","page","type-page","status-publish","has-post-thumbnail","hentry"],"acf":[],"yoast_head":"<!-- This site is optimized with the Yoast SEO plugin v27.2 - https:\/\/yoast.com\/product\/yoast-seo-wordpress\/ -->\n<title>Luxury at Corfu&#039;s 5-Star Spa Hotel: Escape to Tranquility | MarBella Corfu<\/title>\n<meta name=\"description\" content=\"Discover unparalleled relaxation at a 5-star spa hotel in Corfu. We offer a thorough list of luxury spa treatments to soothe your body and mind.\" \/>\n<meta name=\"robots\" content=\"index, follow, max-snippet:-1, max-image-preview:large, max-video-preview:-1\" \/>\n<link rel=\"canonical\" href=\"https:\/\/www.marbella.gr\/fr\/hotels\/marbella-corfu\/experiences\/wellness\/\" \/>\n<meta property=\"og:locale\" content=\"fr_FR\" \/>\n<meta property=\"og:type\" content=\"article\" \/>\n<meta property=\"og:title\" content=\"Luxury at Corfu&#039;s 5-Star Spa Hotel: Escape to Tranquility | MarBella Corfu\" \/>\n<meta property=\"og:description\" content=\"Discover unparalleled relaxation at a 5-star spa hotel in Corfu. We offer a thorough list of luxury spa treatments to soothe your body and mind.\" \/>\n<meta property=\"og:url\" content=\"https:\/\/www.marbella.gr\/fr\/hotels\/marbella-corfu\/experiences\/wellness\/\" \/>\n<meta property=\"og:site_name\" content=\"Mar-Bella Collection\" \/>\n<meta property=\"article:modified_time\" content=\"2025-04-04T14:25:02+00:00\" \/>\n<meta property=\"og:image\" content=\"https:\/\/www.marbella.gr\/app\/uploads\/2023\/05\/spa-room_resized-1300x700-1.jpg\" \/>\n\t<meta property=\"og:image:width\" content=\"1300\" \/>\n\t<meta property=\"og:image:height\" content=\"700\" \/>\n\t<meta property=\"og:image:type\" content=\"image\/jpeg\" \/>\n<meta name=\"twitter:card\" content=\"summary_large_image\" \/>\n<meta name=\"twitter:label1\" content=\"Dur\u00e9e de lecture estim\u00e9e\" \/>\n\t<meta name=\"twitter:data1\" content=\"1 minute\" \/>\n<!-- \/ Yoast SEO plugin. -->","yoast_head_json":{"title":"Luxe \u00e0 l'h\u00f4tel spa 5 \u00e9toiles de Corfou : Le MarBella Corfu, un h\u00f4tel spa 5 \u00e9toiles \u00e0 Corfou","description":"D\u00e9couvrez une relaxation in\u00e9gal\u00e9e dans un h\u00f4tel spa 5 \u00e9toiles \u00e0 Corfou. Nous proposons une liste compl\u00e8te de soins de luxe pour apaiser votre corps et votre esprit.","robots":{"index":"index","follow":"follow","max-snippet":"max-snippet:-1","max-image-preview":"max-image-preview:large","max-video-preview":"max-video-preview:-1"},"canonical":"https:\/\/www.marbella.gr\/fr\/hotels\/marbella-corfu\/experiences\/wellness\/","og_locale":"fr_FR","og_type":"article","og_title":"Luxury at Corfu's 5-Star Spa Hotel: Escape to Tranquility | MarBella Corfu","og_description":"Discover unparalleled relaxation at a 5-star spa hotel in Corfu. We offer a thorough list of luxury spa treatments to soothe your body and mind.","og_url":"https:\/\/www.marbella.gr\/fr\/hotels\/marbella-corfu\/experiences\/wellness\/","og_site_name":"Mar-Bella Collection","article_modified_time":"2025-04-04T14:25:02+00:00","og_image":[{"width":1300,"height":700,"url":"https:\/\/www.marbella.gr\/app\/uploads\/2023\/05\/spa-room_resized-1300x700-1.jpg","type":"image\/jpeg"}],"twitter_card":"summary_large_image","twitter_misc":{"Dur\u00e9e de lecture estim\u00e9e":"1 minute"},"schema":{"@context":"https:\/\/schema.org","@graph":[{"@type":"WebPage","@id":"https:\/\/www.marbella.gr\/hotels\/marbella-corfu\/experiences\/wellness\/","url":"https:\/\/www.marbella.gr\/hotels\/marbella-corfu\/experiences\/wellness\/","name":"Luxe \u00e0 l'h\u00f4tel spa 5 \u00e9toiles de Corfou : Le MarBella Corfu, un h\u00f4tel spa 5 \u00e9toiles \u00e0 Corfou","isPartOf":{"@id":"https:\/\/www.marbella.gr\/#website"},"primaryImageOfPage":{"@id":"https:\/\/www.marbella.gr\/hotels\/marbella-corfu\/experiences\/wellness\/#primaryimage"},"image":{"@id":"https:\/\/www.marbella.gr\/hotels\/marbella-corfu\/experiences\/wellness\/#primaryimage"},"thumbnailUrl":"https:\/\/www.marbella.gr\/app\/uploads\/2023\/05\/spa-room_resized-1300x700-1.jpg","datePublished":"2023-05-23T07:01:24+00:00","dateModified":"2025-04-04T14:25:02+00:00","description":"D\u00e9couvrez une relaxation in\u00e9gal\u00e9e dans un h\u00f4tel spa 5 \u00e9toiles \u00e0 Corfou. Nous proposons une liste compl\u00e8te de soins de luxe pour apaiser votre corps et votre esprit.","breadcrumb":{"@id":"https:\/\/www.marbella.gr\/hotels\/marbella-corfu\/experiences\/wellness\/#breadcrumb"},"inLanguage":"fr-FR","potentialAction":[{"@type":"ReadAction","target":["https:\/\/www.marbella.gr\/hotels\/marbella-corfu\/experiences\/wellness\/"]}]},{"@type":"ImageObject","inLanguage":"fr-FR","@id":"https:\/\/www.marbella.gr\/hotels\/marbella-corfu\/experiences\/wellness\/#primaryimage","url":"https:\/\/www.marbella.gr\/app\/uploads\/2023\/05\/spa-room_resized-1300x700-1.jpg","contentUrl":"https:\/\/www.marbella.gr\/app\/uploads\/2023\/05\/spa-room_resized-1300x700-1.jpg","width":1300,"height":700,"caption":"Photo of the Interior of Our 5-Star Spa at the Corfu Spa Hotel"},{"@type":"BreadcrumbList","@id":"https:\/\/www.marbella.gr\/hotels\/marbella-corfu\/experiences\/wellness\/#breadcrumb","itemListElement":[{"@type":"ListItem","position":1,"name":"Home","item":"https:\/\/www.marbella.gr\/"},{"@type":"ListItem","position":2,"name":"Hotels","item":"https:\/\/www.marbella.gr\/hotels\/"},{"@type":"ListItem","position":3,"name":"MarBella","item":"https:\/\/www.marbella.gr\/hotels\/marbella-corfu\/"},{"@type":"ListItem","position":4,"name":"Experiences","item":"https:\/\/www.marbella.gr\/hotels\/marbella-corfu\/experiences\/"},{"@type":"ListItem","position":5,"name":"Wellness"}]},{"@type":"WebSite","@id":"https:\/\/www.marbella.gr\/#website","url":"https:\/\/www.marbella.gr\/","name":"MarBella","description":"Une famille d'h\u00f4tels vous reliant \u00e0 la magnifique mer Ionienne","publisher":{"@id":"https:\/\/www.marbella.gr\/#organization"},"alternateName":"MarBella","potentialAction":[{"@type":"SearchAction","target":{"@type":"EntryPoint","urlTemplate":"https:\/\/www.marbella.gr\/?s={search_term_string}"},"query-input":{"@type":"PropertyValueSpecification","valueRequired":true,"valueName":"search_term_string"}}],"inLanguage":"fr-FR"},{"@type":"Organization","@id":"https:\/\/www.marbella.gr\/#organization","name":"MarBella","url":"https:\/\/www.marbella.gr\/","logo":{"@type":"ImageObject","inLanguage":"fr-FR","@id":"https:\/\/www.marbella.gr\/#\/schema\/logo\/image\/","url":"https:\/\/www.marbella.gr\/app\/uploads\/2023\/06\/Marbella-collection.png","contentUrl":"https:\/\/www.marbella.gr\/app\/uploads\/2023\/06\/Marbella-collection.png","width":230,"height":75,"caption":"MarBella"},"image":{"@id":"https:\/\/www.marbella.gr\/#\/schema\/logo\/image\/"}}]}},"_links":{"self":[{"href":"https:\/\/www.marbella.gr\/fr\/wp-json\/wp\/v2\/pages\/2050","targetHints":{"allow":["GET"]}}],"collection":[{"href":"https:\/\/www.marbella.gr\/fr\/wp-json\/wp\/v2\/pages"}],"about":[{"href":"https:\/\/www.marbella.gr\/fr\/wp-json\/wp\/v2\/types\/page"}],"author":[{"embeddable":true,"href":"https:\/\/www.marbella.gr\/fr\/wp-json\/wp\/v2\/users\/11"}],"replies":[{"embeddable":true,"href":"https:\/\/www.marbella.gr\/fr\/wp-json\/wp\/v2\/comments?post=2050"}],"version-history":[{"count":11,"href":"https:\/\/www.marbella.gr\/fr\/wp-json\/wp\/v2\/pages\/2050\/revisions"}],"predecessor-version":[{"id":10000,"href":"https:\/\/www.marbella.gr\/fr\/wp-json\/wp\/v2\/pages\/2050\/revisions\/10000"}],"up":[{"embeddable":true,"href":"https:\/\/www.marbella.gr\/fr\/wp-json\/wp\/v2\/pages\/2042"}],"wp:featuredmedia":[{"embeddable":true,"href":"https:\/\/www.marbella.gr\/fr\/wp-json\/wp\/v2\/media\/2878"}],"wp:attachment":[{"href":"https:\/\/www.marbella.gr\/fr\/wp-json\/wp\/v2\/media?parent=2050"}],"curies":[{"name":"wp","href":"https:\/\/api.w.org\/{rel}","templated":true}]}}