{"id":2051,"date":"2023-05-23T07:01:28","date_gmt":"2023-05-23T07:01:28","guid":{"rendered":"https:\/\/www.marbella.gr\/hotels\/marbella-corfu\/experiences\/your-stay-copy-copy-copy-copy\/"},"modified":"2025-01-14T14:22:09","modified_gmt":"2025-01-14T14:22:09","slug":"exclusive-services","status":"publish","type":"page","link":"https:\/\/www.marbella.gr\/fr\/exclusive-services\/","title":{"rendered":"Services exclusifs"},"content":{"rendered":"<p>Choisissez parmi des exp\u00e9riences sp\u00e9cialement con\u00e7ues ou demandez \u00e0 notre \u00e9quipe ce que vous aimeriez voir et faire. Ils se mettront en quatre pour r\u00e9aliser votre projet.<\/p>","protected":false},"excerpt":{"rendered":"<p>Choose from specially crafted experiences or talk to our team about what you\u2019d like to see and do. They\u2019ll go the extra mile to make it happen. [&#8230;]<\/p>\n<p><a class=\"btn btn-secondary understrap-read-more-link\" href=\"https:\/\/www.marbella.gr\/fr\/exclusive-services\/\">Read More&#8230;<span class=\"screen-reader-text\"> from Exclusive services<\/span><\/a><\/p>\n","protected":false},"author":11,"featured_media":8534,"parent":0,"menu_order":0,"comment_status":"closed","ping_status":"closed","template":"","meta":{"_acf_changed":false,"footnotes":""},"class_list":["post-2051","page","type-page","status-publish","has-post-thumbnail","hentry"],"acf":[],"yoast_head":"<!-- This site is optimized with the Yoast SEO plugin v27.4 - https:\/\/yoast.com\/product\/yoast-seo-wordpress\/ -->\n<title>MarBella Collection&#039;s Exclusive Services | MarBella Collection<\/title>\n<meta name=\"description\" content=\"MarBella Collection offers specially crafted experiences and exclusive services that elevate your stay such as cruises, excursions, sea transfers &amp; more.\" \/>\n<meta name=\"robots\" content=\"index, follow, max-snippet:-1, max-image-preview:large, max-video-preview:-1\" \/>\n<link rel=\"canonical\" href=\"https:\/\/www.marbella.gr\/fr\/exclusive-services\/\" \/>\n<meta property=\"og:locale\" content=\"fr_FR\" \/>\n<meta property=\"og:type\" content=\"article\" \/>\n<meta property=\"og:title\" content=\"MarBella Collection&#039;s Exclusive Services | MarBella Collection\" \/>\n<meta property=\"og:description\" content=\"MarBella Collection offers specially crafted experiences and exclusive services that elevate your stay such as cruises, excursions, sea transfers &amp; more.\" \/>\n<meta property=\"og:url\" content=\"https:\/\/www.marbella.gr\/fr\/exclusive-services\/\" \/>\n<meta property=\"og:site_name\" content=\"Mar-Bella Collection\" \/>\n<meta property=\"article:modified_time\" content=\"2025-01-14T14:22:09+00:00\" \/>\n<meta property=\"og:image\" content=\"https:\/\/www.marbella.gr\/app\/uploads\/2024\/11\/Nido_Exclusive_Servises_Boat_Trip-15-scaled.jpg\" \/>\n\t<meta property=\"og:image:width\" content=\"2560\" \/>\n\t<meta property=\"og:image:height\" content=\"1920\" \/>\n\t<meta property=\"og:image:type\" content=\"image\/jpeg\" \/>\n<meta name=\"twitter:card\" content=\"summary_large_image\" \/>\n<meta name=\"twitter:label1\" content=\"Dur\u00e9e de lecture estim\u00e9e\" \/>\n\t<meta name=\"twitter:data1\" content=\"1 minute\" \/>\n<!-- \/ Yoast SEO plugin. -->","yoast_head_json":{"title":"Services exclusifs de MarBella Collection | MarBella Collection","description":"La MarBella Collection propose des exp\u00e9riences sp\u00e9cialement con\u00e7ues et des services exclusifs qui rehaussent votre s\u00e9jour, tels que des croisi\u00e8res, des excursions, des transferts maritimes et bien plus encore.","robots":{"index":"index","follow":"follow","max-snippet":"max-snippet:-1","max-image-preview":"max-image-preview:large","max-video-preview":"max-video-preview:-1"},"canonical":"https:\/\/www.marbella.gr\/fr\/exclusive-services\/","og_locale":"fr_FR","og_type":"article","og_title":"MarBella Collection's Exclusive Services | MarBella Collection","og_description":"MarBella Collection offers specially crafted experiences and exclusive services that elevate your stay such as cruises, excursions, sea transfers & more.","og_url":"https:\/\/www.marbella.gr\/fr\/exclusive-services\/","og_site_name":"Mar-Bella Collection","article_modified_time":"2025-01-14T14:22:09+00:00","og_image":[{"width":2560,"height":1920,"url":"https:\/\/www.marbella.gr\/app\/uploads\/2024\/11\/Nido_Exclusive_Servises_Boat_Trip-15-scaled.jpg","type":"image\/jpeg"}],"twitter_card":"summary_large_image","twitter_misc":{"Dur\u00e9e de lecture estim\u00e9e":"1 minute"},"schema":{"@context":"https:\/\/schema.org","@graph":[{"@type":"WebPage","@id":"https:\/\/www.marbella.gr\/exclusive-services\/","url":"https:\/\/www.marbella.gr\/exclusive-services\/","name":"Services exclusifs de MarBella Collection | MarBella Collection","isPartOf":{"@id":"https:\/\/www.marbella.gr\/#website"},"primaryImageOfPage":{"@id":"https:\/\/www.marbella.gr\/exclusive-services\/#primaryimage"},"image":{"@id":"https:\/\/www.marbella.gr\/exclusive-services\/#primaryimage"},"thumbnailUrl":"https:\/\/www.marbella.gr\/app\/uploads\/2024\/11\/Nido_Exclusive_Servises_Boat_Trip-15-scaled.jpg","datePublished":"2023-05-23T07:01:28+00:00","dateModified":"2025-01-14T14:22:09+00:00","description":"La MarBella Collection propose des exp\u00e9riences sp\u00e9cialement con\u00e7ues et des services exclusifs qui rehaussent votre s\u00e9jour, tels que des croisi\u00e8res, des excursions, des transferts maritimes et bien plus encore.","breadcrumb":{"@id":"https:\/\/www.marbella.gr\/exclusive-services\/#breadcrumb"},"inLanguage":"fr-FR","potentialAction":[{"@type":"ReadAction","target":["https:\/\/www.marbella.gr\/exclusive-services\/"]}]},{"@type":"ImageObject","inLanguage":"fr-FR","@id":"https:\/\/www.marbella.gr\/exclusive-services\/#primaryimage","url":"https:\/\/www.marbella.gr\/app\/uploads\/2024\/11\/Nido_Exclusive_Servises_Boat_Trip-15-scaled.jpg","contentUrl":"https:\/\/www.marbella.gr\/app\/uploads\/2024\/11\/Nido_Exclusive_Servises_Boat_Trip-15-scaled.jpg","width":2560,"height":1920,"caption":"Discover Mar-Bella Collection - 5 star hotels in Corfu, Parga Greece"},{"@type":"BreadcrumbList","@id":"https:\/\/www.marbella.gr\/exclusive-services\/#breadcrumb","itemListElement":[{"@type":"ListItem","position":1,"name":"Home","item":"https:\/\/www.marbella.gr\/"},{"@type":"ListItem","position":2,"name":"Exclusive services"}]},{"@type":"WebSite","@id":"https:\/\/www.marbella.gr\/#website","url":"https:\/\/www.marbella.gr\/","name":"MarBella","description":"Une famille d'h\u00f4tels vous reliant \u00e0 la magnifique mer Ionienne","publisher":{"@id":"https:\/\/www.marbella.gr\/#organization"},"alternateName":"MarBella","potentialAction":[{"@type":"SearchAction","target":{"@type":"EntryPoint","urlTemplate":"https:\/\/www.marbella.gr\/?s={search_term_string}"},"query-input":{"@type":"PropertyValueSpecification","valueRequired":true,"valueName":"search_term_string"}}],"inLanguage":"fr-FR"},{"@type":"Organization","@id":"https:\/\/www.marbella.gr\/#organization","name":"MarBella","url":"https:\/\/www.marbella.gr\/","logo":{"@type":"ImageObject","inLanguage":"fr-FR","@id":"https:\/\/www.marbella.gr\/#\/schema\/logo\/image\/","url":"https:\/\/www.marbella.gr\/app\/uploads\/2023\/06\/Marbella-collection.png","contentUrl":"https:\/\/www.marbella.gr\/app\/uploads\/2023\/06\/Marbella-collection.png","width":230,"height":75,"caption":"MarBella"},"image":{"@id":"https:\/\/www.marbella.gr\/#\/schema\/logo\/image\/"}}]}},"_links":{"self":[{"href":"https:\/\/www.marbella.gr\/fr\/wp-json\/wp\/v2\/pages\/2051","targetHints":{"allow":["GET"]}}],"collection":[{"href":"https:\/\/www.marbella.gr\/fr\/wp-json\/wp\/v2\/pages"}],"about":[{"href":"https:\/\/www.marbella.gr\/fr\/wp-json\/wp\/v2\/types\/page"}],"author":[{"embeddable":true,"href":"https:\/\/www.marbella.gr\/fr\/wp-json\/wp\/v2\/users\/11"}],"replies":[{"embeddable":true,"href":"https:\/\/www.marbella.gr\/fr\/wp-json\/wp\/v2\/comments?post=2051"}],"version-history":[{"count":37,"href":"https:\/\/www.marbella.gr\/fr\/wp-json\/wp\/v2\/pages\/2051\/revisions"}],"predecessor-version":[{"id":9149,"href":"https:\/\/www.marbella.gr\/fr\/wp-json\/wp\/v2\/pages\/2051\/revisions\/9149"}],"wp:featuredmedia":[{"embeddable":true,"href":"https:\/\/www.marbella.gr\/fr\/wp-json\/wp\/v2\/media\/8534"}],"wp:attachment":[{"href":"https:\/\/www.marbella.gr\/fr\/wp-json\/wp\/v2\/media?parent=2051"}],"curies":[{"name":"wp","href":"https:\/\/api.w.org\/{rel}","templated":true}]}}