{"id":2056,"date":"2023-05-23T07:03:48","date_gmt":"2023-05-23T07:03:48","guid":{"rendered":"https:\/\/www.marbella.gr\/hotels\/marbella-corfu\/gallery-copy\/"},"modified":"2026-05-05T16:09:58","modified_gmt":"2026-05-05T13:09:58","slug":"kids","status":"publish","type":"page","link":"https:\/\/www.marbella.gr\/fr\/hotels\/marbella-corfu\/kids\/","title":{"rendered":"Enfants"},"content":{"rendered":"<p>Pour des vacances en famille pleines de plaisir et de sensations fortes pour vos enfants, plongez \u00e0 MarBella. Il y a tant \u00e0 faire, des activit\u00e9s organis\u00e9es aux plaisirs insouciants avec de nouveaux amis.<\/p>\n<p>Qu'ils soient enfants ou adolescents, ils adoreront nos clubs pour enfants. Il y a du football, du tennis, de la robotique, de la poterie et toutes sortes de jeux amusants. De l'art et de l'artisanat. Et toutes sortes d'aventures. Dans l'eau et hors de l'eau. Nous avons tout pr\u00e9vu pour eux. Tous les jours de la semaine. Et ils seront entre de bonnes mains avec Worldwide Kids.<\/p>\n<p>Il s'agit d'activit\u00e9s individuelles agr\u00e9ables qui sont propos\u00e9es en m\u00eame temps que d'autres options passionnantes, ce qui permet de r\u00e9pondre \u00e0 tous les int\u00e9r\u00eats. Veuillez noter que le football et le tennis font partie d'un ensemble d'activit\u00e9s et ne sont pas des camps autonomes.<\/p>\n<p>Et quand il s'agit de s'\u00e9clater dans l'eau. Il suffit de jeter un coup d'\u0153il. La mer cristalline est parfaite pour nager, faire du paddleboard ou simplement s'amuser. Il y a des piscines de toutes les formes et de toutes les tailles. Et puis il y a le parc aquatique Anemelia, notre monde d'\u00e9claboussures color\u00e9 et amusant. Rempli de toboggans, de tubes et de tunnels, vos petits s'amuseront toute la journ\u00e9e. Et vous serez tr\u00e8s tent\u00e9 de les rejoindre.<\/p>","protected":false},"excerpt":{"rendered":"<p>For a fun-fuelled family holiday, packed full of thrills for your kids, dive into MarBella. There\u2019s so much going on, from organised activities to carefree fun with new-found friends. From tots or teens, they\u2019ll love our kids clubs. There\u2019s football, tennis, robotics, pottery and all sorts of fun games. Arts and crafts. And all kinds [&#8230;]<\/p>\n<p><a class=\"btn btn-secondary understrap-read-more-link\" href=\"https:\/\/www.marbella.gr\/fr\/hotels\/marbella-corfu\/kids\/\">Read More&#8230;<span class=\"screen-reader-text\"> from Kids<\/span><\/a><\/p>\n","protected":false},"author":11,"featured_media":4955,"parent":797,"menu_order":0,"comment_status":"closed","ping_status":"closed","template":"","meta":{"_acf_changed":false,"footnotes":""},"class_list":["post-2056","page","type-page","status-publish","has-post-thumbnail","hentry"],"acf":[],"yoast_head":"<!-- This site is optimized with the Yoast SEO plugin v27.5 - https:\/\/yoast.com\/product\/yoast-seo-wordpress\/ -->\n<title>A Perfect Corfu Family Hotel - Kids Activities | MarBella<\/title>\n<meta name=\"description\" content=\"MarBella: A Corfu family hotel, where adults unwind as kids enjoy inspiring activities. A perfect holiday for all with relaxation and fun!\" \/>\n<meta name=\"robots\" content=\"index, follow, max-snippet:-1, max-image-preview:large, max-video-preview:-1\" \/>\n<link rel=\"canonical\" href=\"https:\/\/www.marbella.gr\/fr\/hotels\/marbella-corfu\/kids\/\" \/>\n<meta property=\"og:locale\" content=\"fr_FR\" \/>\n<meta property=\"og:type\" content=\"article\" \/>\n<meta property=\"og:title\" content=\"A Perfect Corfu Family Hotel - Kids Activities | MarBella\" \/>\n<meta property=\"og:description\" content=\"MarBella: A Corfu family hotel, where adults unwind as kids enjoy inspiring activities. A perfect holiday for all with relaxation and fun!\" \/>\n<meta property=\"og:url\" content=\"https:\/\/www.marbella.gr\/fr\/hotels\/marbella-corfu\/kids\/\" \/>\n<meta property=\"og:site_name\" content=\"Mar-Bella Collection\" \/>\n<meta property=\"article:modified_time\" content=\"2026-05-05T13:09:58+00:00\" \/>\n<meta property=\"og:image\" content=\"https:\/\/www.marbella.gr\/app\/uploads\/2023\/06\/2022_10_MarBellaNido_Day-5_1774_v1-1.jpg\" \/>\n\t<meta property=\"og:image:width\" content=\"1920\" \/>\n\t<meta property=\"og:image:height\" content=\"1281\" \/>\n\t<meta property=\"og:image:type\" content=\"image\/jpeg\" \/>\n<meta name=\"twitter:card\" content=\"summary_large_image\" \/>\n<meta name=\"twitter:label1\" content=\"Dur\u00e9e de lecture estim\u00e9e\" \/>\n\t<meta name=\"twitter:data1\" content=\"2 minutes\" \/>\n<!-- \/ Yoast SEO plugin. -->","yoast_head_json":{"title":"Un h\u00f4tel familial parfait \u00e0 Corfou - Activit\u00e9s pour enfants | MarBella","description":"MarBella : Un h\u00f4tel familial \u00e0 Corfou, o\u00f9 les adultes se d\u00e9tendent tandis que les enfants profitent d'activit\u00e9s stimulantes. Des vacances parfaites pour tous, avec de la d\u00e9tente et du plaisir !","robots":{"index":"index","follow":"follow","max-snippet":"max-snippet:-1","max-image-preview":"max-image-preview:large","max-video-preview":"max-video-preview:-1"},"canonical":"https:\/\/www.marbella.gr\/fr\/hotels\/marbella-corfu\/kids\/","og_locale":"fr_FR","og_type":"article","og_title":"A Perfect Corfu Family Hotel - Kids Activities | MarBella","og_description":"MarBella: A Corfu family hotel, where adults unwind as kids enjoy inspiring activities. A perfect holiday for all with relaxation and fun!","og_url":"https:\/\/www.marbella.gr\/fr\/hotels\/marbella-corfu\/kids\/","og_site_name":"Mar-Bella Collection","article_modified_time":"2026-05-05T13:09:58+00:00","og_image":[{"width":1920,"height":1281,"url":"https:\/\/www.marbella.gr\/app\/uploads\/2023\/06\/2022_10_MarBellaNido_Day-5_1774_v1-1.jpg","type":"image\/jpeg"}],"twitter_card":"summary_large_image","twitter_misc":{"Dur\u00e9e de lecture estim\u00e9e":"2 minutes"},"schema":{"@context":"https:\/\/schema.org","@graph":[{"@type":"WebPage","@id":"https:\/\/www.marbella.gr\/hotels\/marbella-corfu\/kids\/","url":"https:\/\/www.marbella.gr\/hotels\/marbella-corfu\/kids\/","name":"Un h\u00f4tel familial parfait \u00e0 Corfou - Activit\u00e9s pour enfants | MarBella","isPartOf":{"@id":"https:\/\/www.marbella.gr\/#website"},"primaryImageOfPage":{"@id":"https:\/\/www.marbella.gr\/hotels\/marbella-corfu\/kids\/#primaryimage"},"image":{"@id":"https:\/\/www.marbella.gr\/hotels\/marbella-corfu\/kids\/#primaryimage"},"thumbnailUrl":"https:\/\/www.marbella.gr\/app\/uploads\/2023\/06\/2022_10_MarBellaNido_Day-5_1774_v1-1.jpg","datePublished":"2023-05-23T07:03:48+00:00","dateModified":"2026-05-05T13:09:58+00:00","description":"MarBella : Un h\u00f4tel familial \u00e0 Corfou, o\u00f9 les adultes se d\u00e9tendent tandis que les enfants profitent d'activit\u00e9s stimulantes. Des vacances parfaites pour tous, avec de la d\u00e9tente et du plaisir !","breadcrumb":{"@id":"https:\/\/www.marbella.gr\/hotels\/marbella-corfu\/kids\/#breadcrumb"},"inLanguage":"fr-FR","potentialAction":[{"@type":"ReadAction","target":["https:\/\/www.marbella.gr\/hotels\/marbella-corfu\/kids\/"]}]},{"@type":"ImageObject","inLanguage":"fr-FR","@id":"https:\/\/www.marbella.gr\/hotels\/marbella-corfu\/kids\/#primaryimage","url":"https:\/\/www.marbella.gr\/app\/uploads\/2023\/06\/2022_10_MarBellaNido_Day-5_1774_v1-1.jpg","contentUrl":"https:\/\/www.marbella.gr\/app\/uploads\/2023\/06\/2022_10_MarBellaNido_Day-5_1774_v1-1.jpg","width":1920,"height":1281,"caption":"Children with their water toys waking on the beach in Corfu"},{"@type":"BreadcrumbList","@id":"https:\/\/www.marbella.gr\/hotels\/marbella-corfu\/kids\/#breadcrumb","itemListElement":[{"@type":"ListItem","position":1,"name":"Home","item":"https:\/\/www.marbella.gr\/"},{"@type":"ListItem","position":2,"name":"Hotels","item":"https:\/\/www.marbella.gr\/hotels\/"},{"@type":"ListItem","position":3,"name":"MarBella","item":"https:\/\/www.marbella.gr\/hotels\/marbella-corfu\/"},{"@type":"ListItem","position":4,"name":"Kids"}]},{"@type":"WebSite","@id":"https:\/\/www.marbella.gr\/#website","url":"https:\/\/www.marbella.gr\/","name":"MarBella","description":"Une famille d'h\u00f4tels vous reliant \u00e0 la magnifique mer Ionienne","publisher":{"@id":"https:\/\/www.marbella.gr\/#organization"},"alternateName":"MarBella","potentialAction":[{"@type":"SearchAction","target":{"@type":"EntryPoint","urlTemplate":"https:\/\/www.marbella.gr\/?s={search_term_string}"},"query-input":{"@type":"PropertyValueSpecification","valueRequired":true,"valueName":"search_term_string"}}],"inLanguage":"fr-FR"},{"@type":"Organization","@id":"https:\/\/www.marbella.gr\/#organization","name":"MarBella","url":"https:\/\/www.marbella.gr\/","logo":{"@type":"ImageObject","inLanguage":"fr-FR","@id":"https:\/\/www.marbella.gr\/#\/schema\/logo\/image\/","url":"https:\/\/www.marbella.gr\/app\/uploads\/2023\/06\/Marbella-collection.png","contentUrl":"https:\/\/www.marbella.gr\/app\/uploads\/2023\/06\/Marbella-collection.png","width":230,"height":75,"caption":"MarBella"},"image":{"@id":"https:\/\/www.marbella.gr\/#\/schema\/logo\/image\/"}}]}},"_links":{"self":[{"href":"https:\/\/www.marbella.gr\/fr\/wp-json\/wp\/v2\/pages\/2056","targetHints":{"allow":["GET"]}}],"collection":[{"href":"https:\/\/www.marbella.gr\/fr\/wp-json\/wp\/v2\/pages"}],"about":[{"href":"https:\/\/www.marbella.gr\/fr\/wp-json\/wp\/v2\/types\/page"}],"author":[{"embeddable":true,"href":"https:\/\/www.marbella.gr\/fr\/wp-json\/wp\/v2\/users\/11"}],"replies":[{"embeddable":true,"href":"https:\/\/www.marbella.gr\/fr\/wp-json\/wp\/v2\/comments?post=2056"}],"version-history":[{"count":39,"href":"https:\/\/www.marbella.gr\/fr\/wp-json\/wp\/v2\/pages\/2056\/revisions"}],"predecessor-version":[{"id":14796,"href":"https:\/\/www.marbella.gr\/fr\/wp-json\/wp\/v2\/pages\/2056\/revisions\/14796"}],"up":[{"embeddable":true,"href":"https:\/\/www.marbella.gr\/fr\/wp-json\/wp\/v2\/pages\/797"}],"wp:featuredmedia":[{"embeddable":true,"href":"https:\/\/www.marbella.gr\/fr\/wp-json\/wp\/v2\/media\/4955"}],"wp:attachment":[{"href":"https:\/\/www.marbella.gr\/fr\/wp-json\/wp\/v2\/media?parent=2056"}],"curies":[{"name":"wp","href":"https:\/\/api.w.org\/{rel}","templated":true}]}}