{"id":2058,"date":"2023-05-23T07:20:55","date_gmt":"2023-05-23T07:20:55","guid":{"rendered":"https:\/\/www.marbella.gr\/hotels\/marbella-corfu\/kids-copy\/"},"modified":"2024-11-15T15:19:29","modified_gmt":"2024-11-15T15:19:29","slug":"waterpark","status":"publish","type":"page","link":"https:\/\/www.marbella.gr\/fr\/hotels\/marbella-corfu\/kids\/waterpark\/","title":{"rendered":"Parc aquatique"},"content":{"rendered":"<p style=\"text-align: left;\"><strong>H\u00f4tel familial de luxe \u00e0 Corfou avec toboggans - Anemelia Waterpark<\/strong><\/p>\n<p style=\"text-align: left;\">Vous avez toujours r\u00eav\u00e9 de passer des vacances dans un parc aquatique de luxe ? Votre recherche d'h\u00f4tels \u00e0 Corfou avec toboggans aquatiques vous m\u00e8nera au MarBella et plus particuli\u00e8rement \u00e0 notre parc aquatique Anemelia, la destination familiale par excellence. Vibrant, palpitant et tr\u00e8s amusant, il s'agit du tout premier parc aquatique dans un h\u00f4tel cinq \u00e9toiles avec toboggans \u00e0 Corfou, ce qui fait de nous un h\u00f4tel exceptionnel \u00e0 Corfou avec des attractions de parc aquatique.<\/p>\n<p style=\"text-align: left;\"><strong>Le parc<\/strong><\/p>\n<p style=\"text-align: left;\">Nich\u00e9 dans un endroit isol\u00e9, ce parc aquatique impressionnant est un choix parfait pour les familles qui cherchent \u00e0 passer des vacances dans des h\u00f4tels de Corfou avec toboggans aquatiques, y compris un h\u00f4tel de Corfou avec parc aquatique. Il propose un m\u00e9lange de toboggans et de tunnels pour les enfants de tous \u00e2ges qui aiment s'amuser dans l'eau. D\u00e9valez le gigantesque toboggan \u00e0 deux voies et plongez dans la fra\u00eecheur de la piscine en contrebas ou profitez d'une descente plus d\u00e9tendue sur le toboggan compact avant de faire monter votre taux d'adr\u00e9naline dans l'Aquatube !<\/p>\n<p style=\"text-align: left;\">Les adultes et les enfants sont les bienvenus dans cet h\u00f4tel familial de luxe avec toboggans \u00e0 Corfou, o\u00f9 ils peuvent s'amuser toute la journ\u00e9e. Attendez-vous \u00e0 des moments de convivialit\u00e9 en famille et \u00e0 des moments d'\u00e9change entre l'excitation et la d\u00e9tente pour tous. N'est-ce pas le meilleur des deux mondes ?<\/p>\n<p style=\"text-align: left;\"><strong>La piscine<\/strong><\/p>\n<p style=\"text-align: left;\">Pendant que les enfants s'amusent dans le parc aquatique de luxe, choisissez votre place pr\u00e9f\u00e9r\u00e9e au bord de l'immense piscine \u00e0 d\u00e9bordement. Profitez des vues spectaculaires sur la mer Ionienne, avec les enfants jouant en toute s\u00e9curit\u00e9 \u00e0 proximit\u00e9, tout en sirotant une boisson rafra\u00eechissante au bar de la piscine. Visant \u00e0 devenir une mini oasis pour les parents, notre service au bord de la piscine garantit votre plaisir, tout en respectant votre d\u00e9sir de vous amuser et de vous d\u00e9tendre. Quant aux vrais l\u00e8ve-t\u00f4t, nous vous confions un petit secret : la piscine est l'endroit id\u00e9al pour admirer le lever du soleil !<\/p>\n<p style=\"text-align: left;\"><strong>Le bar<\/strong><\/p>\n<p style=\"text-align: left;\">Notre fabuleux bar au bord de la piscine est l\u00e0 pour faire de votre exp\u00e9rience dans le parc aquatique de luxe la meilleure qui soit, en proposant des plats \u00e0 la carte ou des boissons gratuites. Pour toute la famille, nous proposons une fantastique s\u00e9lection de jus de fruits rafra\u00eechissants, de mocktails, de boissons non alcoolis\u00e9es et de glaces \u00e0 volont\u00e9 pour les plus jeunes, tandis que les parents peuvent d\u00e9guster une bi\u00e8re fra\u00eeche ou un cocktail. Sirotez un Mojito, une Margarita ou l'un de nos autres cocktails classiques pendant que les enfants s'amusent dans l'eau.<\/p>\n<p style=\"text-align: left;\">Et si l'action du parc aquatique vous a ouvert l'app\u00e9tit, savourez un plat de notre d\u00e9licieux menu. Vous avez l'embarras du choix, des clubs sandwichs aux pizzas en passant par les cr\u00eapes sal\u00e9es et les salades.<\/p>","protected":false},"excerpt":{"rendered":"<p>Luxury family Corfu hotel with slides &#8211; Anemelia Waterpark Have you always dreamt of a luxury waterpark holiday? Your search for Corfu hotels with water slides will lead you to MarBella and more specifically, our Anemelia Waterpark \u2013 the perfect family destination. Vibrant, thrilling and a whole world of fun, it is the very first [&#8230;]<\/p>\n<p><a class=\"btn btn-secondary understrap-read-more-link\" href=\"https:\/\/www.marbella.gr\/fr\/hotels\/marbella-corfu\/kids\/waterpark\/\">Read More&#8230;<span class=\"screen-reader-text\"> from Waterpark<\/span><\/a><\/p>\n","protected":false},"author":11,"featured_media":7035,"parent":2056,"menu_order":0,"comment_status":"closed","ping_status":"closed","template":"","meta":{"_acf_changed":false,"footnotes":""},"class_list":["post-2058","page","type-page","status-publish","has-post-thumbnail","hentry"],"acf":[],"yoast_head":"<!-- This site is optimized with the Yoast SEO plugin v27.4 - https:\/\/yoast.com\/product\/yoast-seo-wordpress\/ -->\n<title>Corfu Hotel with Water Slides: Family Fun at MarBella Waterpark<\/title>\n<meta name=\"description\" content=\"Seeking for Corfu hotels with water slides? Discover &#039;Anemelia Waterpark&#039;, at MarBella, a family hotel in Corfu with a waterpark for all ages.\" \/>\n<meta name=\"robots\" content=\"index, follow, max-snippet:-1, max-image-preview:large, max-video-preview:-1\" \/>\n<link rel=\"canonical\" href=\"https:\/\/www.marbella.gr\/fr\/hotels\/marbella-corfu\/kids\/waterpark\/\" \/>\n<meta property=\"og:locale\" content=\"fr_FR\" \/>\n<meta property=\"og:type\" content=\"article\" \/>\n<meta property=\"og:title\" content=\"Corfu Hotel with Water Slides: Family Fun at MarBella Waterpark\" \/>\n<meta property=\"og:description\" content=\"Seeking for Corfu hotels with water slides? Discover &#039;Anemelia Waterpark&#039;, at MarBella, a family hotel in Corfu with a waterpark for all ages.\" \/>\n<meta property=\"og:url\" content=\"https:\/\/www.marbella.gr\/fr\/hotels\/marbella-corfu\/kids\/waterpark\/\" \/>\n<meta property=\"og:site_name\" content=\"Mar-Bella Collection\" \/>\n<meta property=\"article:modified_time\" content=\"2024-11-15T15:19:29+00:00\" \/>\n<meta property=\"og:image\" content=\"https:\/\/www.marbella.gr\/app\/uploads\/2023\/05\/MarBella-Anemelia-Aqua-Park-1-1-1.jpg\" \/>\n\t<meta property=\"og:image:width\" content=\"1920\" \/>\n\t<meta property=\"og:image:height\" content=\"800\" \/>\n\t<meta property=\"og:image:type\" content=\"image\/jpeg\" \/>\n<meta name=\"twitter:card\" content=\"summary_large_image\" \/>\n<meta name=\"twitter:label1\" content=\"Dur\u00e9e de lecture estim\u00e9e\" \/>\n\t<meta name=\"twitter:data1\" content=\"3 minutes\" \/>\n<!-- \/ Yoast SEO plugin. -->","yoast_head_json":{"title":"H\u00f4tel Corfou avec toboggans aquatiques : Plaisir en famille au parc aquatique MarBella","description":"Vous cherchez un h\u00f4tel \u00e0 Corfou avec des toboggans aquatiques ? D\u00e9couvrez le parc aquatique Anemelia au MarBella, un h\u00f4tel familial \u00e0 Corfou avec un parc aquatique pour tous les \u00e2ges.","robots":{"index":"index","follow":"follow","max-snippet":"max-snippet:-1","max-image-preview":"max-image-preview:large","max-video-preview":"max-video-preview:-1"},"canonical":"https:\/\/www.marbella.gr\/fr\/hotels\/marbella-corfu\/kids\/waterpark\/","og_locale":"fr_FR","og_type":"article","og_title":"Corfu Hotel with Water Slides: Family Fun at MarBella Waterpark","og_description":"Seeking for Corfu hotels with water slides? Discover 'Anemelia Waterpark', at MarBella, a family hotel in Corfu with a waterpark for all ages.","og_url":"https:\/\/www.marbella.gr\/fr\/hotels\/marbella-corfu\/kids\/waterpark\/","og_site_name":"Mar-Bella Collection","article_modified_time":"2024-11-15T15:19:29+00:00","og_image":[{"width":1920,"height":800,"url":"https:\/\/www.marbella.gr\/app\/uploads\/2023\/05\/MarBella-Anemelia-Aqua-Park-1-1-1.jpg","type":"image\/jpeg"}],"twitter_card":"summary_large_image","twitter_misc":{"Dur\u00e9e de lecture estim\u00e9e":"3 minutes"},"schema":{"@context":"https:\/\/schema.org","@graph":[{"@type":"WebPage","@id":"https:\/\/www.marbella.gr\/hotels\/marbella-corfu\/kids\/waterpark\/","url":"https:\/\/www.marbella.gr\/hotels\/marbella-corfu\/kids\/waterpark\/","name":"H\u00f4tel Corfou avec toboggans aquatiques : Plaisir en famille au parc aquatique MarBella","isPartOf":{"@id":"https:\/\/www.marbella.gr\/#website"},"primaryImageOfPage":{"@id":"https:\/\/www.marbella.gr\/hotels\/marbella-corfu\/kids\/waterpark\/#primaryimage"},"image":{"@id":"https:\/\/www.marbella.gr\/hotels\/marbella-corfu\/kids\/waterpark\/#primaryimage"},"thumbnailUrl":"https:\/\/www.marbella.gr\/app\/uploads\/2023\/05\/MarBella-Anemelia-Aqua-Park-1-1-1.jpg","datePublished":"2023-05-23T07:20:55+00:00","dateModified":"2024-11-15T15:19:29+00:00","description":"Vous cherchez un h\u00f4tel \u00e0 Corfou avec des toboggans aquatiques ? D\u00e9couvrez le parc aquatique Anemelia au MarBella, un h\u00f4tel familial \u00e0 Corfou avec un parc aquatique pour tous les \u00e2ges.","breadcrumb":{"@id":"https:\/\/www.marbella.gr\/hotels\/marbella-corfu\/kids\/waterpark\/#breadcrumb"},"inLanguage":"fr-FR","potentialAction":[{"@type":"ReadAction","target":["https:\/\/www.marbella.gr\/hotels\/marbella-corfu\/kids\/waterpark\/"]}]},{"@type":"ImageObject","inLanguage":"fr-FR","@id":"https:\/\/www.marbella.gr\/hotels\/marbella-corfu\/kids\/waterpark\/#primaryimage","url":"https:\/\/www.marbella.gr\/app\/uploads\/2023\/05\/MarBella-Anemelia-Aqua-Park-1-1-1.jpg","contentUrl":"https:\/\/www.marbella.gr\/app\/uploads\/2023\/05\/MarBella-Anemelia-Aqua-Park-1-1-1.jpg","width":1920,"height":800,"caption":"MarBella Anemelia Aqua Park"},{"@type":"BreadcrumbList","@id":"https:\/\/www.marbella.gr\/hotels\/marbella-corfu\/kids\/waterpark\/#breadcrumb","itemListElement":[{"@type":"ListItem","position":1,"name":"Home","item":"https:\/\/www.marbella.gr\/"},{"@type":"ListItem","position":2,"name":"Hotels","item":"https:\/\/www.marbella.gr\/hotels\/"},{"@type":"ListItem","position":3,"name":"MarBella","item":"https:\/\/www.marbella.gr\/hotels\/marbella-corfu\/"},{"@type":"ListItem","position":4,"name":"Kids","item":"https:\/\/www.marbella.gr\/hotels\/marbella-corfu\/kids\/"},{"@type":"ListItem","position":5,"name":"Waterpark"}]},{"@type":"WebSite","@id":"https:\/\/www.marbella.gr\/#website","url":"https:\/\/www.marbella.gr\/","name":"MarBella","description":"Une famille d'h\u00f4tels vous reliant \u00e0 la magnifique mer Ionienne","publisher":{"@id":"https:\/\/www.marbella.gr\/#organization"},"alternateName":"MarBella","potentialAction":[{"@type":"SearchAction","target":{"@type":"EntryPoint","urlTemplate":"https:\/\/www.marbella.gr\/?s={search_term_string}"},"query-input":{"@type":"PropertyValueSpecification","valueRequired":true,"valueName":"search_term_string"}}],"inLanguage":"fr-FR"},{"@type":"Organization","@id":"https:\/\/www.marbella.gr\/#organization","name":"MarBella","url":"https:\/\/www.marbella.gr\/","logo":{"@type":"ImageObject","inLanguage":"fr-FR","@id":"https:\/\/www.marbella.gr\/#\/schema\/logo\/image\/","url":"https:\/\/www.marbella.gr\/app\/uploads\/2023\/06\/Marbella-collection.png","contentUrl":"https:\/\/www.marbella.gr\/app\/uploads\/2023\/06\/Marbella-collection.png","width":230,"height":75,"caption":"MarBella"},"image":{"@id":"https:\/\/www.marbella.gr\/#\/schema\/logo\/image\/"}}]}},"_links":{"self":[{"href":"https:\/\/www.marbella.gr\/fr\/wp-json\/wp\/v2\/pages\/2058","targetHints":{"allow":["GET"]}}],"collection":[{"href":"https:\/\/www.marbella.gr\/fr\/wp-json\/wp\/v2\/pages"}],"about":[{"href":"https:\/\/www.marbella.gr\/fr\/wp-json\/wp\/v2\/types\/page"}],"author":[{"embeddable":true,"href":"https:\/\/www.marbella.gr\/fr\/wp-json\/wp\/v2\/users\/11"}],"replies":[{"embeddable":true,"href":"https:\/\/www.marbella.gr\/fr\/wp-json\/wp\/v2\/comments?post=2058"}],"version-history":[{"count":22,"href":"https:\/\/www.marbella.gr\/fr\/wp-json\/wp\/v2\/pages\/2058\/revisions"}],"predecessor-version":[{"id":8588,"href":"https:\/\/www.marbella.gr\/fr\/wp-json\/wp\/v2\/pages\/2058\/revisions\/8588"}],"up":[{"embeddable":true,"href":"https:\/\/www.marbella.gr\/fr\/wp-json\/wp\/v2\/pages\/2056"}],"wp:featuredmedia":[{"embeddable":true,"href":"https:\/\/www.marbella.gr\/fr\/wp-json\/wp\/v2\/media\/7035"}],"wp:attachment":[{"href":"https:\/\/www.marbella.gr\/fr\/wp-json\/wp\/v2\/media?parent=2058"}],"curies":[{"name":"wp","href":"https:\/\/api.w.org\/{rel}","templated":true}]}}