{"id":2071,"date":"2023-05-23T07:35:08","date_gmt":"2023-05-23T07:35:08","guid":{"rendered":"https:\/\/www.marbella.gr\/hotels\/marbella-elix\/gastronomy-copy-copy\/"},"modified":"2023-06-19T20:33:19","modified_gmt":"2023-06-19T20:33:19","slug":"whats-included","status":"publish","type":"page","link":"https:\/\/www.marbella.gr\/fr\/hotels\/marbella-elix\/gastronomy\/whats-included\/","title":{"rendered":"Premium All Inclusive - Ce qui est inclus"},"content":{"rendered":"<p style=\"text-align: left;\">Pour les meilleures vacances tout compris \u00e0 Parga, en Gr\u00e8ce, rendez-vous \u00e0 Elix pour des vacances tout compris des plus relaxantes gr\u00e2ce \u00e0 notre offre Premium All Inclusive. Faites passer vos vacances \u00e0 un tout autre niveau, o\u00f9 pratiquement tout - des repas et des boissons \u00e0 un large \u00e9ventail d'activit\u00e9s quotidiennes pour tous les \u00e2ges - est couvert par le co\u00fbt initial de vos vacances.<\/p>\n<ul style=\"text-align: left;\">\n<li>Tout ce que vous avez \u00e0 faire, c'est de vous d\u00e9tendre et de vous amuser. Voici donc un avant-go\u00fbt de ce qui vous attend sans frais suppl\u00e9mentaires lors de vos vacances Premium tout compris \u00e0 Parga, en Gr\u00e8ce, chez Elix.<\/li>\n<li>Offre de bienvenue dans la chambre avec des fruits et du vin<\/li>\n<li>Mini bar de bienvenue - r\u00e9approvisionn\u00e9 gratuitement une fois par semaine**<\/li>\n<li>Restauration et boissons toute la journ\u00e9e<\/li>\n<li>D\u00eener \u00e0 l'ext\u00e9rieur* pour d\u00e9couvrir la cuisine locale dans le village voisin<\/li>\n<li>Options de restauration \u00e9tendues<\/li>\n<li>Boissons de marque, y compris les cocktails, pendant les heures d'ouverture des bars<\/li>\n<li>Gamme \u00e9largie d'\u00e9tiquettes de vins grecs et internationaux dans les diff\u00e9rents restaurants<\/li>\n<li>Utilisation illimit\u00e9e du bar \u00e0 glaces<\/li>\n<li>Un grand choix d'activit\u00e9s int\u00e9rieures et ext\u00e9rieures<\/li>\n<li>1 x 30 minutes d'utilisation gratuite de cano\u00ebs ou de p\u00e9dalos selon disponibilit\u00e9 par chambre, par jour<\/li>\n<li>Serviettes de plage, chaises longues et parasols gratuits \u00e0 la plage et \u00e0 la piscine.<\/li>\n<li>Programme de remise en forme et utilisation de la salle de sport, du sauna et du hammam<\/li>\n<li>Utilisation des courts de tennis<\/li>\n<li>Activit\u00e9s Aire de jeux<\/li>\n<li>Garde d'enfants \u00e2g\u00e9s de 4 \u00e0 12 ans<\/li>\n<li>Programme nocturne avec musique en direct<\/li>\n<\/ul>\n<p style=\"text-align: left;\">* Valable pour un s\u00e9jour minimum de 7 nuits<\/p>","protected":false},"excerpt":{"rendered":"<p>For the best all-inclusive holidays in Parga, Greece check in to Elix for a most relaxing all-round holiday with our Premium All Inclusive offering. Take your vacation experience to a totally new level, where virtually everything \u2013 from meals and drinks to a wide range of daily activities for all ages \u2013 is covered in [&#8230;]<\/p>\n<p><a class=\"btn btn-secondary understrap-read-more-link\" href=\"https:\/\/www.marbella.gr\/fr\/hotels\/marbella-elix\/gastronomy\/whats-included\/\">Read More&#8230;<span class=\"screen-reader-text\"> from Premium All Inclusive &#8211; What&#8217;s Included<\/span><\/a><\/p>\n","protected":false},"author":11,"featured_media":0,"parent":2068,"menu_order":0,"comment_status":"closed","ping_status":"closed","template":"","meta":{"_acf_changed":false,"footnotes":""},"class_list":["post-2071","page","type-page","status-publish","hentry"],"acf":[],"yoast_head":"<!-- This site is optimized with the Yoast SEO plugin v27.4 - https:\/\/yoast.com\/product\/yoast-seo-wordpress\/ -->\n<title>Premium All Inclusive - What&#039;s Included - Mar-Bella Collection<\/title>\n<meta name=\"robots\" content=\"index, follow, max-snippet:-1, max-image-preview:large, max-video-preview:-1\" \/>\n<link rel=\"canonical\" href=\"https:\/\/www.marbella.gr\/fr\/hotels\/marbella-elix\/gastronomy\/whats-included\/\" \/>\n<meta property=\"og:locale\" content=\"fr_FR\" \/>\n<meta property=\"og:type\" content=\"article\" \/>\n<meta property=\"og:title\" content=\"Premium All Inclusive - What&#039;s Included - Mar-Bella Collection\" \/>\n<meta property=\"og:description\" content=\"For the best all-inclusive holidays in Parga, Greece check in to Elix for a most relaxing all-round holiday with our Premium All Inclusive offering. Take your vacation experience to a totally new level, where virtually everything \u2013 from meals and drinks to a wide range of daily activities for all ages \u2013 is covered in [...]Read More... from Premium All Inclusive &#8211; What&#8217;s Included\" \/>\n<meta property=\"og:url\" content=\"https:\/\/www.marbella.gr\/fr\/hotels\/marbella-elix\/gastronomy\/whats-included\/\" \/>\n<meta property=\"og:site_name\" content=\"Mar-Bella Collection\" \/>\n<meta property=\"article:modified_time\" content=\"2023-06-19T20:33:19+00:00\" \/>\n<meta property=\"og:image\" content=\"https:\/\/www.marbella.gr\/app\/uploads\/2024\/05\/Elix_Water-Sports-2-scaled.jpg\" \/>\n\t<meta property=\"og:image:width\" content=\"2560\" \/>\n\t<meta property=\"og:image:height\" content=\"1705\" \/>\n\t<meta property=\"og:image:type\" content=\"image\/jpeg\" \/>\n<meta name=\"twitter:card\" content=\"summary_large_image\" \/>\n<meta name=\"twitter:label1\" content=\"Dur\u00e9e de lecture estim\u00e9e\" \/>\n\t<meta name=\"twitter:data1\" content=\"1 minute\" \/>\n<!-- \/ Yoast SEO plugin. -->","yoast_head_json":{"title":"Premium All Inclusive - Ce qui est inclus - Mar-Bella Collection","robots":{"index":"index","follow":"follow","max-snippet":"max-snippet:-1","max-image-preview":"max-image-preview:large","max-video-preview":"max-video-preview:-1"},"canonical":"https:\/\/www.marbella.gr\/fr\/hotels\/marbella-elix\/gastronomy\/whats-included\/","og_locale":"fr_FR","og_type":"article","og_title":"Premium All Inclusive - What's Included - Mar-Bella Collection","og_description":"For the best all-inclusive holidays in Parga, Greece check in to Elix for a most relaxing all-round holiday with our Premium All Inclusive offering. Take your vacation experience to a totally new level, where virtually everything \u2013 from meals and drinks to a wide range of daily activities for all ages \u2013 is covered in [...]Read More... from Premium All Inclusive &#8211; What&#8217;s Included","og_url":"https:\/\/www.marbella.gr\/fr\/hotels\/marbella-elix\/gastronomy\/whats-included\/","og_site_name":"Mar-Bella Collection","article_modified_time":"2023-06-19T20:33:19+00:00","og_image":[{"width":2560,"height":1705,"url":"https:\/\/www.marbella.gr\/app\/uploads\/2024\/05\/Elix_Water-Sports-2-scaled.jpg","type":"image\/jpeg"}],"twitter_card":"summary_large_image","twitter_misc":{"Dur\u00e9e de lecture estim\u00e9e":"1 minute"},"schema":{"@context":"https:\/\/schema.org","@graph":[{"@type":"WebPage","@id":"https:\/\/www.marbella.gr\/hotels\/marbella-elix\/gastronomy\/whats-included\/","url":"https:\/\/www.marbella.gr\/hotels\/marbella-elix\/gastronomy\/whats-included\/","name":"Premium All Inclusive - Ce qui est inclus - Mar-Bella Collection","isPartOf":{"@id":"https:\/\/www.marbella.gr\/#website"},"datePublished":"2023-05-23T07:35:08+00:00","dateModified":"2023-06-19T20:33:19+00:00","breadcrumb":{"@id":"https:\/\/www.marbella.gr\/hotels\/marbella-elix\/gastronomy\/whats-included\/#breadcrumb"},"inLanguage":"fr-FR","potentialAction":[{"@type":"ReadAction","target":["https:\/\/www.marbella.gr\/hotels\/marbella-elix\/gastronomy\/whats-included\/"]}]},{"@type":"BreadcrumbList","@id":"https:\/\/www.marbella.gr\/hotels\/marbella-elix\/gastronomy\/whats-included\/#breadcrumb","itemListElement":[{"@type":"ListItem","position":1,"name":"Home","item":"https:\/\/www.marbella.gr\/"},{"@type":"ListItem","position":2,"name":"Hotels","item":"https:\/\/www.marbella.gr\/hotels\/"},{"@type":"ListItem","position":3,"name":"Elix","item":"https:\/\/www.marbella.gr\/hotels\/marbella-elix\/"},{"@type":"ListItem","position":4,"name":"Dine &#038; Drink","item":"https:\/\/www.marbella.gr\/hotels\/marbella-elix\/gastronomy\/"},{"@type":"ListItem","position":5,"name":"Premium All Inclusive &#8211; What&#8217;s Included"}]},{"@type":"WebSite","@id":"https:\/\/www.marbella.gr\/#website","url":"https:\/\/www.marbella.gr\/","name":"MarBella","description":"Une famille d'h\u00f4tels vous reliant \u00e0 la magnifique mer Ionienne","publisher":{"@id":"https:\/\/www.marbella.gr\/#organization"},"alternateName":"MarBella","potentialAction":[{"@type":"SearchAction","target":{"@type":"EntryPoint","urlTemplate":"https:\/\/www.marbella.gr\/?s={search_term_string}"},"query-input":{"@type":"PropertyValueSpecification","valueRequired":true,"valueName":"search_term_string"}}],"inLanguage":"fr-FR"},{"@type":"Organization","@id":"https:\/\/www.marbella.gr\/#organization","name":"MarBella","url":"https:\/\/www.marbella.gr\/","logo":{"@type":"ImageObject","inLanguage":"fr-FR","@id":"https:\/\/www.marbella.gr\/#\/schema\/logo\/image\/","url":"https:\/\/www.marbella.gr\/app\/uploads\/2023\/06\/Marbella-collection.png","contentUrl":"https:\/\/www.marbella.gr\/app\/uploads\/2023\/06\/Marbella-collection.png","width":230,"height":75,"caption":"MarBella"},"image":{"@id":"https:\/\/www.marbella.gr\/#\/schema\/logo\/image\/"}}]}},"_links":{"self":[{"href":"https:\/\/www.marbella.gr\/fr\/wp-json\/wp\/v2\/pages\/2071","targetHints":{"allow":["GET"]}}],"collection":[{"href":"https:\/\/www.marbella.gr\/fr\/wp-json\/wp\/v2\/pages"}],"about":[{"href":"https:\/\/www.marbella.gr\/fr\/wp-json\/wp\/v2\/types\/page"}],"author":[{"embeddable":true,"href":"https:\/\/www.marbella.gr\/fr\/wp-json\/wp\/v2\/users\/11"}],"replies":[{"embeddable":true,"href":"https:\/\/www.marbella.gr\/fr\/wp-json\/wp\/v2\/comments?post=2071"}],"version-history":[{"count":6,"href":"https:\/\/www.marbella.gr\/fr\/wp-json\/wp\/v2\/pages\/2071\/revisions"}],"predecessor-version":[{"id":4055,"href":"https:\/\/www.marbella.gr\/fr\/wp-json\/wp\/v2\/pages\/2071\/revisions\/4055"}],"up":[{"embeddable":true,"href":"https:\/\/www.marbella.gr\/fr\/wp-json\/wp\/v2\/pages\/2068"}],"wp:attachment":[{"href":"https:\/\/www.marbella.gr\/fr\/wp-json\/wp\/v2\/media?parent=2071"}],"curies":[{"name":"wp","href":"https:\/\/api.w.org\/{rel}","templated":true}]}}