{"id":2090,"date":"2023-05-23T07:39:10","date_gmt":"2023-05-23T07:39:10","guid":{"rendered":"https:\/\/www.marbella.gr\/hotels\/marbella-corfu\/experiences\/pools-beach-copy\/"},"modified":"2025-01-27T13:00:45","modified_gmt":"2025-01-27T13:00:45","slug":"pool-beach","status":"publish","type":"page","link":"https:\/\/www.marbella.gr\/fr\/hotels\/marbella-elix\/experiences\/pool-beach\/","title":{"rendered":"Piscine et plage"},"content":{"rendered":"<p style=\"text-align: left;\">La beaut\u00e9 naturelle est omnipr\u00e9sente \u00e0 Elix, la mer Ionienne baignant doucement les c\u00f4tes occidentales de la Gr\u00e8ce continentale.<\/p>\n<p style=\"text-align: left;\"><strong>Plage<\/strong><\/p>\n<p style=\"text-align: left;\">Le sable blanc de la plage de Karavostasi et les eaux cristallines de la mer Ionienne se trouvent en contrebas de l'h\u00f4tel Elix et sont accessibles par une courte promenade le long d'un sentier bord\u00e9 de pins ou par le funiculaire de l'h\u00f4tel, qui vous conduit directement \u00e0 la plage.<\/p>\n<p style=\"text-align: left;\">D\u00e9tendez-vous sur les confortables chaises longues et profitez du service attentif du bar de la plage. Profitez de tout ce dont vous avez besoin pour vous d\u00e9tendre : parasols et serviettes de plage, cabines de change, ma\u00eetre-nageur et douches.<\/p>\n<p style=\"text-align: left;\"><strong>Piscine<\/strong><\/p>\n<p style=\"text-align: left;\">Rafra\u00eechissez-vous dans notre grande piscine d'eau douce \u00e0 d\u00e9bordement qui offre des vues spectaculaires sur la mer Ionienne. Vous trouverez \u00e9galement un jacuzzi ext\u00e9rieur, des chaises longues, des parasols et des serviettes, tandis que les plus petits pourront profiter de leur propre espace dans la piscine couverte peu profonde. L'\u00e9quipe du bar de la piscine veillera \u00e0 ce que tout le monde se rafra\u00eechisse avec des collations et des boissons tout au long de la journ\u00e9e.<\/p>","protected":false},"excerpt":{"rendered":"<p>Natural beauty abounds at Elix with the Ionian Sea gently lapping the western shores of mainland Greece. Beach The white sands of Karavostasi beach and the crystal-clear waters of the Ionian sea lie temptingly below Elix and are reached by a short walk down a pine-tree lined path or via our very own funicular railway [&#8230;]<\/p>\n<p><a class=\"btn btn-secondary understrap-read-more-link\" href=\"https:\/\/www.marbella.gr\/fr\/hotels\/marbella-elix\/experiences\/pool-beach\/\">Read More&#8230;<span class=\"screen-reader-text\"> from Pool &#038; beach<\/span><\/a><\/p>\n","protected":false},"author":11,"featured_media":2813,"parent":2089,"menu_order":0,"comment_status":"closed","ping_status":"closed","template":"","meta":{"_acf_changed":false,"footnotes":""},"class_list":["post-2090","page","type-page","status-publish","has-post-thumbnail","hentry"],"acf":[],"yoast_head":"<!-- This site is optimized with the Yoast SEO plugin v27.4 - https:\/\/yoast.com\/product\/yoast-seo-wordpress\/ -->\n<title>Beach Bliss at Elix: Discover the Ultimate Parga Hotel on the Beach<\/title>\n<meta name=\"description\" content=\"Elix is the answer to your search for amazing Parga hotels on the beach. Plunge into crystal clear waters that will reinvigorate your senses.\" \/>\n<meta name=\"robots\" content=\"index, follow, max-snippet:-1, max-image-preview:large, max-video-preview:-1\" \/>\n<link rel=\"canonical\" href=\"https:\/\/www.marbella.gr\/fr\/hotels\/marbella-elix\/experiences\/pool-beach\/\" \/>\n<meta property=\"og:locale\" content=\"fr_FR\" \/>\n<meta property=\"og:type\" content=\"article\" \/>\n<meta property=\"og:title\" content=\"Beach Bliss at Elix: Discover the Ultimate Parga Hotel on the Beach\" \/>\n<meta property=\"og:description\" content=\"Elix is the answer to your search for amazing Parga hotels on the beach. Plunge into crystal clear waters that will reinvigorate your senses.\" \/>\n<meta property=\"og:url\" content=\"https:\/\/www.marbella.gr\/fr\/hotels\/marbella-elix\/experiences\/pool-beach\/\" \/>\n<meta property=\"og:site_name\" content=\"Mar-Bella Collection\" \/>\n<meta property=\"article:modified_time\" content=\"2025-01-27T13:00:45+00:00\" \/>\n<meta property=\"og:image\" content=\"https:\/\/www.marbella.gr\/app\/uploads\/2023\/05\/marbellaelix20-1421-1300x700-1.jpg\" \/>\n\t<meta property=\"og:image:width\" content=\"1300\" \/>\n\t<meta property=\"og:image:height\" content=\"700\" \/>\n\t<meta property=\"og:image:type\" content=\"image\/jpeg\" \/>\n<meta name=\"twitter:card\" content=\"summary_large_image\" \/>\n<meta name=\"twitter:label1\" content=\"Dur\u00e9e de lecture estim\u00e9e\" \/>\n\t<meta name=\"twitter:data1\" content=\"1 minute\" \/>\n<!-- \/ Yoast SEO plugin. -->","yoast_head_json":{"title":"Le bonheur de la plage \u00e0 Elix : D\u00e9couvrez le meilleur h\u00f4tel de Parga sur la plage","description":"L'h\u00f4tel Elix est la r\u00e9ponse \u00e0 votre recherche de superbes h\u00f4tels de Parga sur la plage. Plongez dans des eaux cristallines qui revigoreront vos sens.","robots":{"index":"index","follow":"follow","max-snippet":"max-snippet:-1","max-image-preview":"max-image-preview:large","max-video-preview":"max-video-preview:-1"},"canonical":"https:\/\/www.marbella.gr\/fr\/hotels\/marbella-elix\/experiences\/pool-beach\/","og_locale":"fr_FR","og_type":"article","og_title":"Beach Bliss at Elix: Discover the Ultimate Parga Hotel on the Beach","og_description":"Elix is the answer to your search for amazing Parga hotels on the beach. Plunge into crystal clear waters that will reinvigorate your senses.","og_url":"https:\/\/www.marbella.gr\/fr\/hotels\/marbella-elix\/experiences\/pool-beach\/","og_site_name":"Mar-Bella Collection","article_modified_time":"2025-01-27T13:00:45+00:00","og_image":[{"width":1300,"height":700,"url":"https:\/\/www.marbella.gr\/app\/uploads\/2023\/05\/marbellaelix20-1421-1300x700-1.jpg","type":"image\/jpeg"}],"twitter_card":"summary_large_image","twitter_misc":{"Dur\u00e9e de lecture estim\u00e9e":"1 minute"},"schema":{"@context":"https:\/\/schema.org","@graph":[{"@type":"WebPage","@id":"https:\/\/www.marbella.gr\/hotels\/marbella-elix\/experiences\/pool-beach\/","url":"https:\/\/www.marbella.gr\/hotels\/marbella-elix\/experiences\/pool-beach\/","name":"Le bonheur de la plage \u00e0 Elix : D\u00e9couvrez le meilleur h\u00f4tel de Parga sur la plage","isPartOf":{"@id":"https:\/\/www.marbella.gr\/#website"},"primaryImageOfPage":{"@id":"https:\/\/www.marbella.gr\/hotels\/marbella-elix\/experiences\/pool-beach\/#primaryimage"},"image":{"@id":"https:\/\/www.marbella.gr\/hotels\/marbella-elix\/experiences\/pool-beach\/#primaryimage"},"thumbnailUrl":"https:\/\/www.marbella.gr\/app\/uploads\/2023\/05\/marbellaelix20-1421-1300x700-1.jpg","datePublished":"2023-05-23T07:39:10+00:00","dateModified":"2025-01-27T13:00:45+00:00","description":"L'h\u00f4tel Elix est la r\u00e9ponse \u00e0 votre recherche de superbes h\u00f4tels de Parga sur la plage. Plongez dans des eaux cristallines qui revigoreront vos sens.","breadcrumb":{"@id":"https:\/\/www.marbella.gr\/hotels\/marbella-elix\/experiences\/pool-beach\/#breadcrumb"},"inLanguage":"fr-FR","potentialAction":[{"@type":"ReadAction","target":["https:\/\/www.marbella.gr\/hotels\/marbella-elix\/experiences\/pool-beach\/"]}]},{"@type":"ImageObject","inLanguage":"fr-FR","@id":"https:\/\/www.marbella.gr\/hotels\/marbella-elix\/experiences\/pool-beach\/#primaryimage","url":"https:\/\/www.marbella.gr\/app\/uploads\/2023\/05\/marbellaelix20-1421-1300x700-1.jpg","contentUrl":"https:\/\/www.marbella.gr\/app\/uploads\/2023\/05\/marbellaelix20-1421-1300x700-1.jpg","width":1300,"height":700,"caption":"Discover Mar-Bella Collection - 5 star hotels in Corfu, Parga Greece"},{"@type":"BreadcrumbList","@id":"https:\/\/www.marbella.gr\/hotels\/marbella-elix\/experiences\/pool-beach\/#breadcrumb","itemListElement":[{"@type":"ListItem","position":1,"name":"Home","item":"https:\/\/www.marbella.gr\/"},{"@type":"ListItem","position":2,"name":"Hotels","item":"https:\/\/www.marbella.gr\/hotels\/"},{"@type":"ListItem","position":3,"name":"Elix","item":"https:\/\/www.marbella.gr\/hotels\/marbella-elix\/"},{"@type":"ListItem","position":4,"name":"Experiences","item":"https:\/\/www.marbella.gr\/hotels\/marbella-elix\/experiences\/"},{"@type":"ListItem","position":5,"name":"Pool &#038; beach"}]},{"@type":"WebSite","@id":"https:\/\/www.marbella.gr\/#website","url":"https:\/\/www.marbella.gr\/","name":"MarBella","description":"Une famille d'h\u00f4tels vous reliant \u00e0 la magnifique mer Ionienne","publisher":{"@id":"https:\/\/www.marbella.gr\/#organization"},"alternateName":"MarBella","potentialAction":[{"@type":"SearchAction","target":{"@type":"EntryPoint","urlTemplate":"https:\/\/www.marbella.gr\/?s={search_term_string}"},"query-input":{"@type":"PropertyValueSpecification","valueRequired":true,"valueName":"search_term_string"}}],"inLanguage":"fr-FR"},{"@type":"Organization","@id":"https:\/\/www.marbella.gr\/#organization","name":"MarBella","url":"https:\/\/www.marbella.gr\/","logo":{"@type":"ImageObject","inLanguage":"fr-FR","@id":"https:\/\/www.marbella.gr\/#\/schema\/logo\/image\/","url":"https:\/\/www.marbella.gr\/app\/uploads\/2023\/06\/Marbella-collection.png","contentUrl":"https:\/\/www.marbella.gr\/app\/uploads\/2023\/06\/Marbella-collection.png","width":230,"height":75,"caption":"MarBella"},"image":{"@id":"https:\/\/www.marbella.gr\/#\/schema\/logo\/image\/"}}]}},"_links":{"self":[{"href":"https:\/\/www.marbella.gr\/fr\/wp-json\/wp\/v2\/pages\/2090","targetHints":{"allow":["GET"]}}],"collection":[{"href":"https:\/\/www.marbella.gr\/fr\/wp-json\/wp\/v2\/pages"}],"about":[{"href":"https:\/\/www.marbella.gr\/fr\/wp-json\/wp\/v2\/types\/page"}],"author":[{"embeddable":true,"href":"https:\/\/www.marbella.gr\/fr\/wp-json\/wp\/v2\/users\/11"}],"replies":[{"embeddable":true,"href":"https:\/\/www.marbella.gr\/fr\/wp-json\/wp\/v2\/comments?post=2090"}],"version-history":[{"count":21,"href":"https:\/\/www.marbella.gr\/fr\/wp-json\/wp\/v2\/pages\/2090\/revisions"}],"predecessor-version":[{"id":9276,"href":"https:\/\/www.marbella.gr\/fr\/wp-json\/wp\/v2\/pages\/2090\/revisions\/9276"}],"up":[{"embeddable":true,"href":"https:\/\/www.marbella.gr\/fr\/wp-json\/wp\/v2\/pages\/2089"}],"wp:featuredmedia":[{"embeddable":true,"href":"https:\/\/www.marbella.gr\/fr\/wp-json\/wp\/v2\/media\/2813"}],"wp:attachment":[{"href":"https:\/\/www.marbella.gr\/fr\/wp-json\/wp\/v2\/media?parent=2090"}],"curies":[{"name":"wp","href":"https:\/\/api.w.org\/{rel}","templated":true}]}}