{"id":2091,"date":"2023-05-23T07:39:19","date_gmt":"2023-05-23T07:39:19","guid":{"rendered":"https:\/\/www.marbella.gr\/hotels\/marbella-corfu\/experiences\/activities-copy\/"},"modified":"2025-01-27T13:05:27","modified_gmt":"2025-01-27T13:05:27","slug":"fitness","status":"publish","type":"page","link":"https:\/\/www.marbella.gr\/fr\/hotels\/marbella-elix\/experiences\/fitness\/","title":{"rendered":"Fitness"},"content":{"rendered":"<p style=\"text-align: left;\"><strong>Cours de yoga en plein air<\/strong><\/p>\n<p style=\"text-align: left;\">Respirez profond\u00e9ment et profitez de la vue infinie sur la mer tout en pratiquant le yoga dans la nature. Notre nouvelle terrasse de yoga sur l'amphith\u00e9\u00e2tre ext\u00e9rieur est l'endroit id\u00e9al pour saluer le soleil et d\u00e9sintoxiquer le corps et l'esprit.<\/p>\n<p style=\"text-align: left;\"><strong>Acad\u00e9mie de tennis<\/strong><\/p>\n<p style=\"text-align: left;\">Am\u00e9liorez vos comp\u00e9tences en tennis avec l'aide de nos professionnels \u00e0 l'acad\u00e9mie de tennis. Des le\u00e7ons payantes sont disponibles sur demande et tout l'\u00e9quipement n\u00e9cessaire est fourni.<\/p>\n<p style=\"text-align: left;\"><strong>Centre de remise en forme<\/strong><\/p>\n<p style=\"text-align: left;\">Notre centre de remise en forme offre une large gamme d'\u00e9quipements de gymnastique pour tous les niveaux et toutes les capacit\u00e9s, y compris des tapis roulants et des poids. Un programme hebdomadaire d'activit\u00e9s de remise en forme est \u00e9galement propos\u00e9 : pilates, cyclisme, course \u00e0 pied, \u00e9tirements et cours de musculation.<\/p>","protected":false},"excerpt":{"rendered":"<p>Outdoor Yoga Classes Take a deep breath and enjoy the infinite sea views while practicing yoga in nature. Our new Yoga deck on the outdoor Amphitheatre is the place to salute the sun and detox mind and body. Tennis Academy Take your tennis skills to the next level with help from our pros at the [&#8230;]<\/p>\n<p><a class=\"btn btn-secondary understrap-read-more-link\" href=\"https:\/\/www.marbella.gr\/fr\/hotels\/marbella-elix\/experiences\/fitness\/\">Read More&#8230;<span class=\"screen-reader-text\"> from Fitness<\/span><\/a><\/p>\n","protected":false},"author":11,"featured_media":4270,"parent":2089,"menu_order":0,"comment_status":"closed","ping_status":"closed","template":"","meta":{"_acf_changed":false,"footnotes":""},"class_list":["post-2091","page","type-page","status-publish","has-post-thumbnail","hentry"],"acf":[],"yoast_head":"<!-- This site is optimized with the Yoast SEO plugin v27.5 - https:\/\/yoast.com\/product\/yoast-seo-wordpress\/ -->\n<title>Yoga, Tennis, and Fitness | Elix, Mar-Bella Collection<\/title>\n<meta name=\"description\" content=\"Elevate your well-being at Elix with outdoor yoga, tennis, and fitness activities. Discover a holistic approach to active living.\" \/>\n<meta name=\"robots\" content=\"index, follow, max-snippet:-1, max-image-preview:large, max-video-preview:-1\" \/>\n<link rel=\"canonical\" href=\"https:\/\/www.marbella.gr\/fr\/hotels\/marbella-elix\/experiences\/fitness\/\" \/>\n<meta property=\"og:locale\" content=\"fr_FR\" \/>\n<meta property=\"og:type\" content=\"article\" \/>\n<meta property=\"og:title\" content=\"Yoga, Tennis, and Fitness | Elix, Mar-Bella Collection\" \/>\n<meta property=\"og:description\" content=\"Elevate your well-being at Elix with outdoor yoga, tennis, and fitness activities. Discover a holistic approach to active living.\" \/>\n<meta property=\"og:url\" content=\"https:\/\/www.marbella.gr\/fr\/hotels\/marbella-elix\/experiences\/fitness\/\" \/>\n<meta property=\"og:site_name\" content=\"Mar-Bella Collection\" \/>\n<meta property=\"article:modified_time\" content=\"2025-01-27T13:05:27+00:00\" \/>\n<meta property=\"og:image\" content=\"https:\/\/www.marbella.gr\/app\/uploads\/2023\/06\/2.-Yoga-Deck_elix-1062.jpg\" \/>\n\t<meta property=\"og:image:width\" content=\"2500\" \/>\n\t<meta property=\"og:image:height\" content=\"1653\" \/>\n\t<meta property=\"og:image:type\" content=\"image\/jpeg\" \/>\n<meta name=\"twitter:card\" content=\"summary_large_image\" \/>\n<meta name=\"twitter:label1\" content=\"Dur\u00e9e de lecture estim\u00e9e\" \/>\n\t<meta name=\"twitter:data1\" content=\"1 minute\" \/>\n<!-- \/ Yoast SEO plugin. -->","yoast_head_json":{"title":"Yoga, tennis et fitness | Elix, Mar-Bella Collection","description":"Am\u00e9liorez votre bien-\u00eatre \u00e0 Elix gr\u00e2ce au yoga, au tennis et aux activit\u00e9s de remise en forme en plein air. D\u00e9couvrez une approche holistique de la vie active.","robots":{"index":"index","follow":"follow","max-snippet":"max-snippet:-1","max-image-preview":"max-image-preview:large","max-video-preview":"max-video-preview:-1"},"canonical":"https:\/\/www.marbella.gr\/fr\/hotels\/marbella-elix\/experiences\/fitness\/","og_locale":"fr_FR","og_type":"article","og_title":"Yoga, Tennis, and Fitness | Elix, Mar-Bella Collection","og_description":"Elevate your well-being at Elix with outdoor yoga, tennis, and fitness activities. Discover a holistic approach to active living.","og_url":"https:\/\/www.marbella.gr\/fr\/hotels\/marbella-elix\/experiences\/fitness\/","og_site_name":"Mar-Bella Collection","article_modified_time":"2025-01-27T13:05:27+00:00","og_image":[{"width":2500,"height":1653,"url":"https:\/\/www.marbella.gr\/app\/uploads\/2023\/06\/2.-Yoga-Deck_elix-1062.jpg","type":"image\/jpeg"}],"twitter_card":"summary_large_image","twitter_misc":{"Dur\u00e9e de lecture estim\u00e9e":"1 minute"},"schema":{"@context":"https:\/\/schema.org","@graph":[{"@type":"WebPage","@id":"https:\/\/www.marbella.gr\/hotels\/marbella-elix\/experiences\/fitness\/","url":"https:\/\/www.marbella.gr\/hotels\/marbella-elix\/experiences\/fitness\/","name":"Yoga, tennis et fitness | Elix, Mar-Bella Collection","isPartOf":{"@id":"https:\/\/www.marbella.gr\/#website"},"primaryImageOfPage":{"@id":"https:\/\/www.marbella.gr\/hotels\/marbella-elix\/experiences\/fitness\/#primaryimage"},"image":{"@id":"https:\/\/www.marbella.gr\/hotels\/marbella-elix\/experiences\/fitness\/#primaryimage"},"thumbnailUrl":"https:\/\/www.marbella.gr\/app\/uploads\/2023\/06\/2.-Yoga-Deck_elix-1062.jpg","datePublished":"2023-05-23T07:39:19+00:00","dateModified":"2025-01-27T13:05:27+00:00","description":"Am\u00e9liorez votre bien-\u00eatre \u00e0 Elix gr\u00e2ce au yoga, au tennis et aux activit\u00e9s de remise en forme en plein air. D\u00e9couvrez une approche holistique de la vie active.","breadcrumb":{"@id":"https:\/\/www.marbella.gr\/hotels\/marbella-elix\/experiences\/fitness\/#breadcrumb"},"inLanguage":"fr-FR","potentialAction":[{"@type":"ReadAction","target":["https:\/\/www.marbella.gr\/hotels\/marbella-elix\/experiences\/fitness\/"]}]},{"@type":"ImageObject","inLanguage":"fr-FR","@id":"https:\/\/www.marbella.gr\/hotels\/marbella-elix\/experiences\/fitness\/#primaryimage","url":"https:\/\/www.marbella.gr\/app\/uploads\/2023\/06\/2.-Yoga-Deck_elix-1062.jpg","contentUrl":"https:\/\/www.marbella.gr\/app\/uploads\/2023\/06\/2.-Yoga-Deck_elix-1062.jpg","width":2500,"height":1653,"caption":"Discover Mar-Bella Collection - 5 star hotels in Corfu, Parga Greece"},{"@type":"BreadcrumbList","@id":"https:\/\/www.marbella.gr\/hotels\/marbella-elix\/experiences\/fitness\/#breadcrumb","itemListElement":[{"@type":"ListItem","position":1,"name":"Home","item":"https:\/\/www.marbella.gr\/"},{"@type":"ListItem","position":2,"name":"Hotels","item":"https:\/\/www.marbella.gr\/hotels\/"},{"@type":"ListItem","position":3,"name":"Elix","item":"https:\/\/www.marbella.gr\/hotels\/marbella-elix\/"},{"@type":"ListItem","position":4,"name":"Experiences","item":"https:\/\/www.marbella.gr\/hotels\/marbella-elix\/experiences\/"},{"@type":"ListItem","position":5,"name":"Fitness"}]},{"@type":"WebSite","@id":"https:\/\/www.marbella.gr\/#website","url":"https:\/\/www.marbella.gr\/","name":"MarBella","description":"Une famille d'h\u00f4tels vous reliant \u00e0 la magnifique mer Ionienne","publisher":{"@id":"https:\/\/www.marbella.gr\/#organization"},"alternateName":"MarBella","potentialAction":[{"@type":"SearchAction","target":{"@type":"EntryPoint","urlTemplate":"https:\/\/www.marbella.gr\/?s={search_term_string}"},"query-input":{"@type":"PropertyValueSpecification","valueRequired":true,"valueName":"search_term_string"}}],"inLanguage":"fr-FR"},{"@type":"Organization","@id":"https:\/\/www.marbella.gr\/#organization","name":"MarBella","url":"https:\/\/www.marbella.gr\/","logo":{"@type":"ImageObject","inLanguage":"fr-FR","@id":"https:\/\/www.marbella.gr\/#\/schema\/logo\/image\/","url":"https:\/\/www.marbella.gr\/app\/uploads\/2023\/06\/Marbella-collection.png","contentUrl":"https:\/\/www.marbella.gr\/app\/uploads\/2023\/06\/Marbella-collection.png","width":230,"height":75,"caption":"MarBella"},"image":{"@id":"https:\/\/www.marbella.gr\/#\/schema\/logo\/image\/"}}]}},"_links":{"self":[{"href":"https:\/\/www.marbella.gr\/fr\/wp-json\/wp\/v2\/pages\/2091","targetHints":{"allow":["GET"]}}],"collection":[{"href":"https:\/\/www.marbella.gr\/fr\/wp-json\/wp\/v2\/pages"}],"about":[{"href":"https:\/\/www.marbella.gr\/fr\/wp-json\/wp\/v2\/types\/page"}],"author":[{"embeddable":true,"href":"https:\/\/www.marbella.gr\/fr\/wp-json\/wp\/v2\/users\/11"}],"replies":[{"embeddable":true,"href":"https:\/\/www.marbella.gr\/fr\/wp-json\/wp\/v2\/comments?post=2091"}],"version-history":[{"count":28,"href":"https:\/\/www.marbella.gr\/fr\/wp-json\/wp\/v2\/pages\/2091\/revisions"}],"predecessor-version":[{"id":9278,"href":"https:\/\/www.marbella.gr\/fr\/wp-json\/wp\/v2\/pages\/2091\/revisions\/9278"}],"up":[{"embeddable":true,"href":"https:\/\/www.marbella.gr\/fr\/wp-json\/wp\/v2\/pages\/2089"}],"wp:featuredmedia":[{"embeddable":true,"href":"https:\/\/www.marbella.gr\/fr\/wp-json\/wp\/v2\/media\/4270"}],"wp:attachment":[{"href":"https:\/\/www.marbella.gr\/fr\/wp-json\/wp\/v2\/media?parent=2091"}],"curies":[{"name":"wp","href":"https:\/\/api.w.org\/{rel}","templated":true}]}}