{"id":2099,"date":"2023-05-23T07:42:06","date_gmt":"2023-05-23T07:42:06","guid":{"rendered":"https:\/\/www.marbella.gr\/hotels\/marbella-corfu\/kids-copy\/"},"modified":"2025-03-31T11:02:11","modified_gmt":"2025-03-31T11:02:11","slug":"kids-teens","status":"publish","type":"page","link":"https:\/\/www.marbella.gr\/fr\/hotels\/marbella-elix\/experiences\/kids-teens\/","title":{"rendered":"Enfants et adolescents"},"content":{"rendered":"<p style=\"text-align: left;\">\u00c0 Elix, il s'agit de laisser les appareils num\u00e9riques derri\u00e8re soi et de se connecter au monde naturel qui nous entoure. Jouer, cr\u00e9er et apprendre, mais aussi participer \u00e0 des spectacles et \u00e0 de courtes excursions : les enfants plus \u00e2g\u00e9s ont l'embarras du choix. Tout cela est organis\u00e9 en collaboration avec l'un des principaux fournisseurs de services de garde d'enfants au monde, Worldwide Kids.<\/p>\n<p style=\"text-align: left;\">Avec un programme complet d'activit\u00e9s en constante \u00e9volution, il y en a pour tous les go\u00fbts, le tout supervis\u00e9 par un personnel professionnel et exp\u00e9riment\u00e9. Pendant que nous nous occupons d'eux, vous pouvez prendre le temps de faire ce que vous voulez.<\/p>\n<p style=\"text-align: left;\">Toutes les activit\u00e9s sont limit\u00e9es \u00e0 un certain nombre d'enfants, pour la s\u00e9curit\u00e9 et le plaisir de tous. Veillez donc \u00e0 r\u00e9server votre place \u00e0 votre arriv\u00e9e aupr\u00e8s des services d'accueil ou \u00e0 faire une pr\u00e9-r\u00e9servation. <span style=\"text-decoration: underline;\"><a href=\"https:\/\/www.booking.worldwide-kids.com\/\"><strong>ici<\/strong><\/a>.<\/span>\u00a0Les sessions sont gratuites pour les enfants de 4 ans et plus, mais les sessions \u00e0 l'heure du d\u00e9jeuner et certaines activit\u00e9s suppl\u00e9mentaires sont payantes. Pour plus d'informations, cliquez sur <a href=\"https:\/\/online.pubhtml5.com\/wfui\/nbof\/\"><span style=\"text-decoration: underline;\"><strong>ici<\/strong><\/span> <\/a>pour lire nos FAQ et d\u00e9couvrir le programme quotidien <a href=\"https:\/\/online.pubhtml5.com\/wfui\/dqqh\/\"><span style=\"text-decoration: underline;\"><strong>ici<\/strong><\/span><\/a>.<\/p>\n<p style=\"text-align: left;\">Cet \u00e9t\u00e9, nous introduisons \u00e9galement un tout nouveau programme pour les enfants en soir\u00e9e et un programme pour les adolescents.<\/p>\n<p style=\"text-align: left;\">Elix propose \u00e9galement un grand nombre d'activit\u00e9s pour les enfants plus \u00e2g\u00e9s : cours de tennis, randonn\u00e9es p\u00e9destres et cyclistes, ski nautique et wakeboard dans notre centre de sports nautiques Explore the Outside, accr\u00e9dit\u00e9 par le British Waterski and Wakeboard. L'h\u00f4tel propose \u00e9galement 30 minutes par jour de cano\u00eb, de p\u00e9dalo ou de SUP dans le cadre de son programme \"tout compris\", afin de garder les enfants occup\u00e9s et actifs au bord de l'eau tout au long de la journ\u00e9e.<\/p>","protected":false},"excerpt":{"rendered":"<p>At Elix it\u2019s all about leaving the digital devices behind and connecting with the natural world around us. Playing, creating, and learning, as well as taking part in shows and short excursions, are lots of choices for older kids. All organised in conjunction with one of the world\u2019s leading childcare providers, Worldwide Kids. With a [&#8230;]<\/p>\n<p><a class=\"btn btn-secondary understrap-read-more-link\" href=\"https:\/\/www.marbella.gr\/fr\/hotels\/marbella-elix\/experiences\/kids-teens\/\">Read More&#8230;<span class=\"screen-reader-text\"> from Kids &#038; Teens<\/span><\/a><\/p>\n","protected":false},"author":11,"featured_media":5812,"parent":2089,"menu_order":0,"comment_status":"closed","ping_status":"closed","template":"","meta":{"_acf_changed":false,"footnotes":""},"class_list":["post-2099","page","type-page","status-publish","has-post-thumbnail","hentry"],"acf":[],"yoast_head":"<!-- This site is optimized with the Yoast SEO plugin v27.4 - https:\/\/yoast.com\/product\/yoast-seo-wordpress\/ -->\n<title>A Luxury Family-Friendly Hotel for Kids &amp; Teens in Parga - Elix<\/title>\n<meta name=\"description\" content=\"Experience a family getaway at our luxury family-friendly hotel in Parga. We&#039;re ready to take your kids on an exciting adventure full of fun!\" \/>\n<meta name=\"robots\" content=\"index, follow, max-snippet:-1, max-image-preview:large, max-video-preview:-1\" \/>\n<link rel=\"canonical\" href=\"https:\/\/www.marbella.gr\/fr\/hotels\/marbella-elix\/experiences\/kids-teens\/\" \/>\n<meta property=\"og:locale\" content=\"fr_FR\" \/>\n<meta property=\"og:type\" content=\"article\" \/>\n<meta property=\"og:title\" content=\"A Luxury Family-Friendly Hotel for Kids &amp; Teens in Parga - Elix\" \/>\n<meta property=\"og:description\" content=\"Experience a family getaway at our luxury family-friendly hotel in Parga. We&#039;re ready to take your kids on an exciting adventure full of fun!\" \/>\n<meta property=\"og:url\" content=\"https:\/\/www.marbella.gr\/fr\/hotels\/marbella-elix\/experiences\/kids-teens\/\" \/>\n<meta property=\"og:site_name\" content=\"Mar-Bella Collection\" \/>\n<meta property=\"article:modified_time\" content=\"2025-03-31T11:02:11+00:00\" \/>\n<meta property=\"og:image\" content=\"https:\/\/www.marbella.gr\/app\/uploads\/2023\/07\/2-1-scaled.jpg\" \/>\n\t<meta property=\"og:image:width\" content=\"2560\" \/>\n\t<meta property=\"og:image:height\" content=\"1707\" \/>\n\t<meta property=\"og:image:type\" content=\"image\/jpeg\" \/>\n<meta name=\"twitter:card\" content=\"summary_large_image\" \/>\n<meta name=\"twitter:label1\" content=\"Dur\u00e9e de lecture estim\u00e9e\" \/>\n\t<meta name=\"twitter:data1\" content=\"2 minutes\" \/>\n<!-- \/ Yoast SEO plugin. -->","yoast_head_json":{"title":"Un h\u00f4tel familial de luxe pour les enfants et les adolescents \u00e0 Parga - Elix","description":"Faites l'exp\u00e9rience d'une escapade en famille dans notre luxueux h\u00f4tel familial de Parga. Nous sommes pr\u00eats \u00e0 emmener vos enfants dans une aventure passionnante et pleine de plaisir !","robots":{"index":"index","follow":"follow","max-snippet":"max-snippet:-1","max-image-preview":"max-image-preview:large","max-video-preview":"max-video-preview:-1"},"canonical":"https:\/\/www.marbella.gr\/fr\/hotels\/marbella-elix\/experiences\/kids-teens\/","og_locale":"fr_FR","og_type":"article","og_title":"A Luxury Family-Friendly Hotel for Kids & Teens in Parga - Elix","og_description":"Experience a family getaway at our luxury family-friendly hotel in Parga. We're ready to take your kids on an exciting adventure full of fun!","og_url":"https:\/\/www.marbella.gr\/fr\/hotels\/marbella-elix\/experiences\/kids-teens\/","og_site_name":"Mar-Bella Collection","article_modified_time":"2025-03-31T11:02:11+00:00","og_image":[{"width":2560,"height":1707,"url":"https:\/\/www.marbella.gr\/app\/uploads\/2023\/07\/2-1-scaled.jpg","type":"image\/jpeg"}],"twitter_card":"summary_large_image","twitter_misc":{"Dur\u00e9e de lecture estim\u00e9e":"2 minutes"},"schema":{"@context":"https:\/\/schema.org","@graph":[{"@type":"WebPage","@id":"https:\/\/www.marbella.gr\/hotels\/marbella-elix\/experiences\/kids-teens\/","url":"https:\/\/www.marbella.gr\/hotels\/marbella-elix\/experiences\/kids-teens\/","name":"Un h\u00f4tel familial de luxe pour les enfants et les adolescents \u00e0 Parga - Elix","isPartOf":{"@id":"https:\/\/www.marbella.gr\/#website"},"primaryImageOfPage":{"@id":"https:\/\/www.marbella.gr\/hotels\/marbella-elix\/experiences\/kids-teens\/#primaryimage"},"image":{"@id":"https:\/\/www.marbella.gr\/hotels\/marbella-elix\/experiences\/kids-teens\/#primaryimage"},"thumbnailUrl":"https:\/\/www.marbella.gr\/app\/uploads\/2023\/07\/2-1-scaled.jpg","datePublished":"2023-05-23T07:42:06+00:00","dateModified":"2025-03-31T11:02:11+00:00","description":"Faites l'exp\u00e9rience d'une escapade en famille dans notre luxueux h\u00f4tel familial de Parga. Nous sommes pr\u00eats \u00e0 emmener vos enfants dans une aventure passionnante et pleine de plaisir !","breadcrumb":{"@id":"https:\/\/www.marbella.gr\/hotels\/marbella-elix\/experiences\/kids-teens\/#breadcrumb"},"inLanguage":"fr-FR","potentialAction":[{"@type":"ReadAction","target":["https:\/\/www.marbella.gr\/hotels\/marbella-elix\/experiences\/kids-teens\/"]}]},{"@type":"ImageObject","inLanguage":"fr-FR","@id":"https:\/\/www.marbella.gr\/hotels\/marbella-elix\/experiences\/kids-teens\/#primaryimage","url":"https:\/\/www.marbella.gr\/app\/uploads\/2023\/07\/2-1-scaled.jpg","contentUrl":"https:\/\/www.marbella.gr\/app\/uploads\/2023\/07\/2-1-scaled.jpg","width":2560,"height":1707,"caption":"Discover Mar-Bella Collection - 5 star hotels in Corfu, Parga Greece"},{"@type":"BreadcrumbList","@id":"https:\/\/www.marbella.gr\/hotels\/marbella-elix\/experiences\/kids-teens\/#breadcrumb","itemListElement":[{"@type":"ListItem","position":1,"name":"Home","item":"https:\/\/www.marbella.gr\/"},{"@type":"ListItem","position":2,"name":"Hotels","item":"https:\/\/www.marbella.gr\/hotels\/"},{"@type":"ListItem","position":3,"name":"Elix","item":"https:\/\/www.marbella.gr\/hotels\/marbella-elix\/"},{"@type":"ListItem","position":4,"name":"Experiences","item":"https:\/\/www.marbella.gr\/hotels\/marbella-elix\/experiences\/"},{"@type":"ListItem","position":5,"name":"Kids &#038; Teens"}]},{"@type":"WebSite","@id":"https:\/\/www.marbella.gr\/#website","url":"https:\/\/www.marbella.gr\/","name":"MarBella","description":"Une famille d'h\u00f4tels vous reliant \u00e0 la magnifique mer Ionienne","publisher":{"@id":"https:\/\/www.marbella.gr\/#organization"},"alternateName":"MarBella","potentialAction":[{"@type":"SearchAction","target":{"@type":"EntryPoint","urlTemplate":"https:\/\/www.marbella.gr\/?s={search_term_string}"},"query-input":{"@type":"PropertyValueSpecification","valueRequired":true,"valueName":"search_term_string"}}],"inLanguage":"fr-FR"},{"@type":"Organization","@id":"https:\/\/www.marbella.gr\/#organization","name":"MarBella","url":"https:\/\/www.marbella.gr\/","logo":{"@type":"ImageObject","inLanguage":"fr-FR","@id":"https:\/\/www.marbella.gr\/#\/schema\/logo\/image\/","url":"https:\/\/www.marbella.gr\/app\/uploads\/2023\/06\/Marbella-collection.png","contentUrl":"https:\/\/www.marbella.gr\/app\/uploads\/2023\/06\/Marbella-collection.png","width":230,"height":75,"caption":"MarBella"},"image":{"@id":"https:\/\/www.marbella.gr\/#\/schema\/logo\/image\/"}}]}},"_links":{"self":[{"href":"https:\/\/www.marbella.gr\/fr\/wp-json\/wp\/v2\/pages\/2099","targetHints":{"allow":["GET"]}}],"collection":[{"href":"https:\/\/www.marbella.gr\/fr\/wp-json\/wp\/v2\/pages"}],"about":[{"href":"https:\/\/www.marbella.gr\/fr\/wp-json\/wp\/v2\/types\/page"}],"author":[{"embeddable":true,"href":"https:\/\/www.marbella.gr\/fr\/wp-json\/wp\/v2\/users\/11"}],"replies":[{"embeddable":true,"href":"https:\/\/www.marbella.gr\/fr\/wp-json\/wp\/v2\/comments?post=2099"}],"version-history":[{"count":39,"href":"https:\/\/www.marbella.gr\/fr\/wp-json\/wp\/v2\/pages\/2099\/revisions"}],"predecessor-version":[{"id":9957,"href":"https:\/\/www.marbella.gr\/fr\/wp-json\/wp\/v2\/pages\/2099\/revisions\/9957"}],"up":[{"embeddable":true,"href":"https:\/\/www.marbella.gr\/fr\/wp-json\/wp\/v2\/pages\/2089"}],"wp:featuredmedia":[{"embeddable":true,"href":"https:\/\/www.marbella.gr\/fr\/wp-json\/wp\/v2\/media\/5812"}],"wp:attachment":[{"href":"https:\/\/www.marbella.gr\/fr\/wp-json\/wp\/v2\/media?parent=2099"}],"curies":[{"name":"wp","href":"https:\/\/api.w.org\/{rel}","templated":true}]}}