{"id":2112,"date":"2023-05-23T07:57:45","date_gmt":"2023-05-23T07:57:45","guid":{"rendered":"https:\/\/www.marbella.gr\/hotels\/marbella-elix\/gastronomy\/dine-around-copy\/"},"modified":"2025-12-18T16:42:53","modified_gmt":"2025-12-18T14:42:53","slug":"dine-around","status":"publish","type":"page","link":"https:\/\/www.marbella.gr\/fr\/dine-around\/","title":{"rendered":"Dine Around"},"content":{"rendered":"<p>Vous aimerez le choix \u00e9tonnant de menus que chacun de nos restaurants vous propose pendant votre s\u00e9jour, mais vous adorerez le monde de plaisirs culinaires que Dine Around vous promet.<\/p>\n<p>Notre programme culinaire all\u00e9chant vous invite \u00e0 d\u00eener dans l'un de nos restaurants \u00e0 MarBella, Avali ou Nido, quel que soit votre lieu de s\u00e9jour. Choisissez votre cuisine pr\u00e9f\u00e9r\u00e9e ou le cadre id\u00e9al pour toute occasion parmi les six restaurants \u00e0 la carte et les trois buffets. C'est un monde d\u00e9licieux o\u00f9 chaque client peut d\u00e9couvrir de nouvelles saveurs, la cr\u00e9ativit\u00e9 et l'excellence culinaire.<\/p>\n<p>Partez pour un voyage gastronomique dans nos trois destinations de luxe \u00e0 Corfou. Go\u00fbtez aux d\u00e9lices corfiotes au charmant Apaggio, explorez l'all\u00e9chant menu fran\u00e7ais du Celeste et qui ne se laisserait pas tenter par les ar\u00f4mes du grill grec en plein air du Stia ? Enfin, les buffets m\u00e9diterran\u00e9ens et les buffets \u00e0 th\u00e8me de chacun de nos h\u00f4tels vous proposent des plats grecs et internationaux typiques, avec des stations de cuisine en direct et des th\u00e8mes qui changent constamment. Tout est \u00e0 d\u00e9couvrir pendant votre s\u00e9jour.<\/p>\n<p>Transformez une exp\u00e9rience culinaire exceptionnelle en une exp\u00e9rience extraordinaire gr\u00e2ce au programme Dine Around de Mar-Bella Collection.<\/p>","protected":false},"excerpt":{"rendered":"<p>You\u2019ll love the stunning choice of menus each of our restaurants brings you during your stay, but you\u2019ll absolutely adore the world of culinary pleasure that Dine Around promises. Our mouthwatering culinary programme invites you to dine at any of our restaurants across MarBella, Avali or Nido, regardless of where you\u2019re staying. Select your favourite [&#8230;]<\/p>\n<p><a class=\"btn btn-secondary understrap-read-more-link\" href=\"https:\/\/www.marbella.gr\/fr\/dine-around\/\">Read More&#8230;<span class=\"screen-reader-text\"> from Dine Around<\/span><\/a><\/p>\n","protected":false},"author":11,"featured_media":9534,"parent":0,"menu_order":0,"comment_status":"closed","ping_status":"closed","template":"","meta":{"_acf_changed":false,"footnotes":""},"class_list":["post-2112","page","type-page","status-publish","has-post-thumbnail","hentry"],"acf":[],"yoast_head":"<!-- This site is optimized with the Yoast SEO plugin v27.5 - https:\/\/yoast.com\/product\/yoast-seo-wordpress\/ -->\n<title>Dine Around - Mar-Bella Collection<\/title>\n<meta name=\"robots\" content=\"index, follow, max-snippet:-1, max-image-preview:large, max-video-preview:-1\" \/>\n<link rel=\"canonical\" href=\"https:\/\/www.marbella.gr\/fr\/dine-around\/\" \/>\n<meta property=\"og:locale\" content=\"fr_FR\" \/>\n<meta property=\"og:type\" content=\"article\" \/>\n<meta property=\"og:title\" content=\"Dine Around - Mar-Bella Collection\" \/>\n<meta property=\"og:description\" content=\"You\u2019ll love the stunning choice of menus each of our restaurants brings you during your stay, but you\u2019ll absolutely adore the world of culinary pleasure that Dine Around promises. Our mouthwatering culinary programme invites you to dine at any of our restaurants across MarBella, Avali or Nido, regardless of where you\u2019re staying. Select your favourite [...]Read More... from Dine Around\" \/>\n<meta property=\"og:url\" content=\"https:\/\/www.marbella.gr\/fr\/dine-around\/\" \/>\n<meta property=\"og:site_name\" content=\"Mar-Bella Collection\" \/>\n<meta property=\"article:modified_time\" content=\"2025-12-18T14:42:53+00:00\" \/>\n<meta property=\"og:image\" content=\"https:\/\/www.marbella.gr\/app\/uploads\/2025\/02\/Dine-Around-scaled.jpg\" \/>\n\t<meta property=\"og:image:width\" content=\"2560\" \/>\n\t<meta property=\"og:image:height\" content=\"1920\" \/>\n\t<meta property=\"og:image:type\" content=\"image\/jpeg\" \/>\n<meta name=\"twitter:card\" content=\"summary_large_image\" \/>\n<meta name=\"twitter:label1\" content=\"Dur\u00e9e de lecture estim\u00e9e\" \/>\n\t<meta name=\"twitter:data1\" content=\"1 minute\" \/>\n<!-- \/ Yoast SEO plugin. -->","yoast_head_json":{"title":"Diner autour - Collection Mar-Bella","robots":{"index":"index","follow":"follow","max-snippet":"max-snippet:-1","max-image-preview":"max-image-preview:large","max-video-preview":"max-video-preview:-1"},"canonical":"https:\/\/www.marbella.gr\/fr\/dine-around\/","og_locale":"fr_FR","og_type":"article","og_title":"Dine Around - Mar-Bella Collection","og_description":"You\u2019ll love the stunning choice of menus each of our restaurants brings you during your stay, but you\u2019ll absolutely adore the world of culinary pleasure that Dine Around promises. Our mouthwatering culinary programme invites you to dine at any of our restaurants across MarBella, Avali or Nido, regardless of where you\u2019re staying. Select your favourite [...]Read More... from Dine Around","og_url":"https:\/\/www.marbella.gr\/fr\/dine-around\/","og_site_name":"Mar-Bella Collection","article_modified_time":"2025-12-18T14:42:53+00:00","og_image":[{"width":2560,"height":1920,"url":"https:\/\/www.marbella.gr\/app\/uploads\/2025\/02\/Dine-Around-scaled.jpg","type":"image\/jpeg"}],"twitter_card":"summary_large_image","twitter_misc":{"Dur\u00e9e de lecture estim\u00e9e":"1 minute"},"schema":{"@context":"https:\/\/schema.org","@graph":[{"@type":"WebPage","@id":"https:\/\/www.marbella.gr\/dine-around\/","url":"https:\/\/www.marbella.gr\/dine-around\/","name":"Diner autour - Collection Mar-Bella","isPartOf":{"@id":"https:\/\/www.marbella.gr\/#website"},"primaryImageOfPage":{"@id":"https:\/\/www.marbella.gr\/dine-around\/#primaryimage"},"image":{"@id":"https:\/\/www.marbella.gr\/dine-around\/#primaryimage"},"thumbnailUrl":"https:\/\/www.marbella.gr\/app\/uploads\/2025\/02\/Dine-Around-scaled.jpg","datePublished":"2023-05-23T07:57:45+00:00","dateModified":"2025-12-18T14:42:53+00:00","breadcrumb":{"@id":"https:\/\/www.marbella.gr\/dine-around\/#breadcrumb"},"inLanguage":"fr-FR","potentialAction":[{"@type":"ReadAction","target":["https:\/\/www.marbella.gr\/dine-around\/"]}]},{"@type":"ImageObject","inLanguage":"fr-FR","@id":"https:\/\/www.marbella.gr\/dine-around\/#primaryimage","url":"https:\/\/www.marbella.gr\/app\/uploads\/2025\/02\/Dine-Around-scaled.jpg","contentUrl":"https:\/\/www.marbella.gr\/app\/uploads\/2025\/02\/Dine-Around-scaled.jpg","width":2560,"height":1920},{"@type":"BreadcrumbList","@id":"https:\/\/www.marbella.gr\/dine-around\/#breadcrumb","itemListElement":[{"@type":"ListItem","position":1,"name":"Home","item":"https:\/\/www.marbella.gr\/"},{"@type":"ListItem","position":2,"name":"Dine Around"}]},{"@type":"WebSite","@id":"https:\/\/www.marbella.gr\/#website","url":"https:\/\/www.marbella.gr\/","name":"MarBella","description":"Une famille d'h\u00f4tels vous reliant \u00e0 la magnifique mer Ionienne","publisher":{"@id":"https:\/\/www.marbella.gr\/#organization"},"alternateName":"MarBella","potentialAction":[{"@type":"SearchAction","target":{"@type":"EntryPoint","urlTemplate":"https:\/\/www.marbella.gr\/?s={search_term_string}"},"query-input":{"@type":"PropertyValueSpecification","valueRequired":true,"valueName":"search_term_string"}}],"inLanguage":"fr-FR"},{"@type":"Organization","@id":"https:\/\/www.marbella.gr\/#organization","name":"MarBella","url":"https:\/\/www.marbella.gr\/","logo":{"@type":"ImageObject","inLanguage":"fr-FR","@id":"https:\/\/www.marbella.gr\/#\/schema\/logo\/image\/","url":"https:\/\/www.marbella.gr\/app\/uploads\/2023\/06\/Marbella-collection.png","contentUrl":"https:\/\/www.marbella.gr\/app\/uploads\/2023\/06\/Marbella-collection.png","width":230,"height":75,"caption":"MarBella"},"image":{"@id":"https:\/\/www.marbella.gr\/#\/schema\/logo\/image\/"}}]}},"_links":{"self":[{"href":"https:\/\/www.marbella.gr\/fr\/wp-json\/wp\/v2\/pages\/2112","targetHints":{"allow":["GET"]}}],"collection":[{"href":"https:\/\/www.marbella.gr\/fr\/wp-json\/wp\/v2\/pages"}],"about":[{"href":"https:\/\/www.marbella.gr\/fr\/wp-json\/wp\/v2\/types\/page"}],"author":[{"embeddable":true,"href":"https:\/\/www.marbella.gr\/fr\/wp-json\/wp\/v2\/users\/11"}],"replies":[{"embeddable":true,"href":"https:\/\/www.marbella.gr\/fr\/wp-json\/wp\/v2\/comments?post=2112"}],"version-history":[{"count":55,"href":"https:\/\/www.marbella.gr\/fr\/wp-json\/wp\/v2\/pages\/2112\/revisions"}],"predecessor-version":[{"id":11908,"href":"https:\/\/www.marbella.gr\/fr\/wp-json\/wp\/v2\/pages\/2112\/revisions\/11908"}],"wp:featuredmedia":[{"embeddable":true,"href":"https:\/\/www.marbella.gr\/fr\/wp-json\/wp\/v2\/media\/9534"}],"wp:attachment":[{"href":"https:\/\/www.marbella.gr\/fr\/wp-json\/wp\/v2\/media?parent=2112"}],"curies":[{"name":"wp","href":"https:\/\/api.w.org\/{rel}","templated":true}]}}