{"id":2113,"date":"2023-05-23T07:57:55","date_gmt":"2023-05-23T07:57:55","guid":{"rendered":"https:\/\/www.marbella.gr\/hotels\/marbella-elix\/gastronomy\/dining-bars-copy\/"},"modified":"2024-07-03T13:43:24","modified_gmt":"2024-07-03T13:43:24","slug":"dining-bars","status":"publish","type":"page","link":"https:\/\/www.marbella.gr\/fr\/hotels\/marbella-nido\/gastronomy\/dining-bars\/","title":{"rendered":"Restaurants et bars"},"content":{"rendered":"","protected":false},"excerpt":{"rendered":"<p> [&#8230;]<\/p>\n<p><a class=\"btn btn-secondary understrap-read-more-link\" href=\"https:\/\/www.marbella.gr\/fr\/hotels\/marbella-nido\/gastronomy\/dining-bars\/\">Read More&#8230;<span class=\"screen-reader-text\"> from Dining &amp; Bars<\/span><\/a><\/p>\n","protected":false},"author":11,"featured_media":2836,"parent":2111,"menu_order":0,"comment_status":"closed","ping_status":"closed","template":"","meta":{"_acf_changed":false,"footnotes":""},"class_list":["post-2113","page","type-page","status-publish","has-post-thumbnail","hentry"],"acf":[],"yoast_head":"<!-- This site is optimized with the Yoast SEO plugin v27.4 - https:\/\/yoast.com\/product\/yoast-seo-wordpress\/ -->\n<title>Dining &amp; Bars - Nido, Mar-Bella Collection<\/title>\n<meta name=\"description\" content=\"Discover exquisite dining at Nido by Mar-Bella Collection in Corfu. Enjoy elegant bars and gourmet restaurants offering unforgettable flavors and ambiance.\" \/>\n<meta name=\"robots\" content=\"index, follow, max-snippet:-1, max-image-preview:large, max-video-preview:-1\" \/>\n<link rel=\"canonical\" href=\"https:\/\/www.marbella.gr\/fr\/hotels\/marbella-nido\/gastronomy\/dining-bars\/\" \/>\n<meta property=\"og:locale\" content=\"fr_FR\" \/>\n<meta property=\"og:type\" content=\"article\" \/>\n<meta property=\"og:title\" content=\"Dining &amp; Bars - Nido, Mar-Bella Collection\" \/>\n<meta property=\"og:description\" content=\"Discover exquisite dining at Nido by Mar-Bella Collection in Corfu. Enjoy elegant bars and gourmet restaurants offering unforgettable flavors and ambiance.\" \/>\n<meta property=\"og:url\" content=\"https:\/\/www.marbella.gr\/fr\/hotels\/marbella-nido\/gastronomy\/dining-bars\/\" \/>\n<meta property=\"og:site_name\" content=\"Mar-Bella Collection\" \/>\n<meta property=\"article:modified_time\" content=\"2024-07-03T13:43:24+00:00\" \/>\n<meta property=\"og:image\" content=\"https:\/\/www.marbella.gr\/app\/uploads\/2023\/05\/2.apaggio-a-la-carte-gourmet-restaurant_resized.jpg\" \/>\n\t<meta property=\"og:image:width\" content=\"1920\" \/>\n\t<meta property=\"og:image:height\" content=\"1280\" \/>\n\t<meta property=\"og:image:type\" content=\"image\/jpeg\" \/>\n<meta name=\"twitter:card\" content=\"summary_large_image\" \/>\n<meta name=\"twitter:label1\" content=\"Dur\u00e9e de lecture estim\u00e9e\" \/>\n\t<meta name=\"twitter:data1\" content=\"1 minute\" \/>\n<!-- \/ Yoast SEO plugin. -->","yoast_head_json":{"title":"Restaurants et bars - Nido, Mar-Bella Collection","description":"D\u00e9couvrez une cuisine exquise au Nido by Mar-Bella Collection \u00e0 Corfou. Profitez des bars \u00e9l\u00e9gants et des restaurants gastronomiques qui offrent des saveurs et une ambiance inoubliables.","robots":{"index":"index","follow":"follow","max-snippet":"max-snippet:-1","max-image-preview":"max-image-preview:large","max-video-preview":"max-video-preview:-1"},"canonical":"https:\/\/www.marbella.gr\/fr\/hotels\/marbella-nido\/gastronomy\/dining-bars\/","og_locale":"fr_FR","og_type":"article","og_title":"Dining & Bars - Nido, Mar-Bella Collection","og_description":"Discover exquisite dining at Nido by Mar-Bella Collection in Corfu. Enjoy elegant bars and gourmet restaurants offering unforgettable flavors and ambiance.","og_url":"https:\/\/www.marbella.gr\/fr\/hotels\/marbella-nido\/gastronomy\/dining-bars\/","og_site_name":"Mar-Bella Collection","article_modified_time":"2024-07-03T13:43:24+00:00","og_image":[{"width":1920,"height":1280,"url":"https:\/\/www.marbella.gr\/app\/uploads\/2023\/05\/2.apaggio-a-la-carte-gourmet-restaurant_resized.jpg","type":"image\/jpeg"}],"twitter_card":"summary_large_image","twitter_misc":{"Dur\u00e9e de lecture estim\u00e9e":"1 minute"},"schema":{"@context":"https:\/\/schema.org","@graph":[{"@type":"WebPage","@id":"https:\/\/www.marbella.gr\/hotels\/marbella-nido\/gastronomy\/dining-bars\/","url":"https:\/\/www.marbella.gr\/hotels\/marbella-nido\/gastronomy\/dining-bars\/","name":"Restaurants et bars - Nido, Mar-Bella Collection","isPartOf":{"@id":"https:\/\/www.marbella.gr\/#website"},"primaryImageOfPage":{"@id":"https:\/\/www.marbella.gr\/hotels\/marbella-nido\/gastronomy\/dining-bars\/#primaryimage"},"image":{"@id":"https:\/\/www.marbella.gr\/hotels\/marbella-nido\/gastronomy\/dining-bars\/#primaryimage"},"thumbnailUrl":"https:\/\/www.marbella.gr\/app\/uploads\/2023\/05\/2.apaggio-a-la-carte-gourmet-restaurant_resized.jpg","datePublished":"2023-05-23T07:57:55+00:00","dateModified":"2024-07-03T13:43:24+00:00","description":"D\u00e9couvrez une cuisine exquise au Nido by Mar-Bella Collection \u00e0 Corfou. Profitez des bars \u00e9l\u00e9gants et des restaurants gastronomiques qui offrent des saveurs et une ambiance inoubliables.","breadcrumb":{"@id":"https:\/\/www.marbella.gr\/hotels\/marbella-nido\/gastronomy\/dining-bars\/#breadcrumb"},"inLanguage":"fr-FR","potentialAction":[{"@type":"ReadAction","target":["https:\/\/www.marbella.gr\/hotels\/marbella-nido\/gastronomy\/dining-bars\/"]}]},{"@type":"ImageObject","inLanguage":"fr-FR","@id":"https:\/\/www.marbella.gr\/hotels\/marbella-nido\/gastronomy\/dining-bars\/#primaryimage","url":"https:\/\/www.marbella.gr\/app\/uploads\/2023\/05\/2.apaggio-a-la-carte-gourmet-restaurant_resized.jpg","contentUrl":"https:\/\/www.marbella.gr\/app\/uploads\/2023\/05\/2.apaggio-a-la-carte-gourmet-restaurant_resized.jpg","width":1920,"height":1280,"caption":"Discover Mar-Bella Collection - 5 star hotels in Corfu, Parga Greece"},{"@type":"BreadcrumbList","@id":"https:\/\/www.marbella.gr\/hotels\/marbella-nido\/gastronomy\/dining-bars\/#breadcrumb","itemListElement":[{"@type":"ListItem","position":1,"name":"Home","item":"https:\/\/www.marbella.gr\/"},{"@type":"ListItem","position":2,"name":"Hotels","item":"https:\/\/www.marbella.gr\/hotels\/"},{"@type":"ListItem","position":3,"name":"Nido","item":"https:\/\/www.marbella.gr\/hotels\/marbella-nido\/"},{"@type":"ListItem","position":4,"name":"Dine &#038; Drink","item":"https:\/\/www.marbella.gr\/hotels\/marbella-nido\/gastronomy\/"},{"@type":"ListItem","position":5,"name":"Dining &amp; Bars"}]},{"@type":"WebSite","@id":"https:\/\/www.marbella.gr\/#website","url":"https:\/\/www.marbella.gr\/","name":"MarBella","description":"Une famille d'h\u00f4tels vous reliant \u00e0 la magnifique mer Ionienne","publisher":{"@id":"https:\/\/www.marbella.gr\/#organization"},"alternateName":"MarBella","potentialAction":[{"@type":"SearchAction","target":{"@type":"EntryPoint","urlTemplate":"https:\/\/www.marbella.gr\/?s={search_term_string}"},"query-input":{"@type":"PropertyValueSpecification","valueRequired":true,"valueName":"search_term_string"}}],"inLanguage":"fr-FR"},{"@type":"Organization","@id":"https:\/\/www.marbella.gr\/#organization","name":"MarBella","url":"https:\/\/www.marbella.gr\/","logo":{"@type":"ImageObject","inLanguage":"fr-FR","@id":"https:\/\/www.marbella.gr\/#\/schema\/logo\/image\/","url":"https:\/\/www.marbella.gr\/app\/uploads\/2023\/06\/Marbella-collection.png","contentUrl":"https:\/\/www.marbella.gr\/app\/uploads\/2023\/06\/Marbella-collection.png","width":230,"height":75,"caption":"MarBella"},"image":{"@id":"https:\/\/www.marbella.gr\/#\/schema\/logo\/image\/"}}]}},"_links":{"self":[{"href":"https:\/\/www.marbella.gr\/fr\/wp-json\/wp\/v2\/pages\/2113","targetHints":{"allow":["GET"]}}],"collection":[{"href":"https:\/\/www.marbella.gr\/fr\/wp-json\/wp\/v2\/pages"}],"about":[{"href":"https:\/\/www.marbella.gr\/fr\/wp-json\/wp\/v2\/types\/page"}],"author":[{"embeddable":true,"href":"https:\/\/www.marbella.gr\/fr\/wp-json\/wp\/v2\/users\/11"}],"replies":[{"embeddable":true,"href":"https:\/\/www.marbella.gr\/fr\/wp-json\/wp\/v2\/comments?post=2113"}],"version-history":[{"count":12,"href":"https:\/\/www.marbella.gr\/fr\/wp-json\/wp\/v2\/pages\/2113\/revisions"}],"predecessor-version":[{"id":5026,"href":"https:\/\/www.marbella.gr\/fr\/wp-json\/wp\/v2\/pages\/2113\/revisions\/5026"}],"up":[{"embeddable":true,"href":"https:\/\/www.marbella.gr\/fr\/wp-json\/wp\/v2\/pages\/2111"}],"wp:featuredmedia":[{"embeddable":true,"href":"https:\/\/www.marbella.gr\/fr\/wp-json\/wp\/v2\/media\/2836"}],"wp:attachment":[{"href":"https:\/\/www.marbella.gr\/fr\/wp-json\/wp\/v2\/media?parent=2113"}],"curies":[{"name":"wp","href":"https:\/\/api.w.org\/{rel}","templated":true}]}}