{"id":2122,"date":"2023-05-23T08:04:16","date_gmt":"2023-05-23T08:04:16","guid":{"rendered":"https:\/\/www.marbella.gr\/hotels\/marbella-corfu\/experiences\/wellness-copy\/"},"modified":"2025-04-04T14:32:13","modified_gmt":"2025-04-04T14:32:13","slug":"wellness","status":"publish","type":"page","link":"https:\/\/www.marbella.gr\/fr\/hotels\/marbella-nido\/experiences\/wellness\/","title":{"rendered":"Bien-\u00eatre"},"content":{"rendered":"<p style=\"text-align: center;\">C'est l'endroit o\u00f9 vous pouvez laisser derri\u00e8re vous le stress et la monotonie de la vie quotidienne et faire l'exp\u00e9rience de la tranquillit\u00e9, de l'harmonie et de la paix int\u00e9rieure. Revitalisez votre corps, votre esprit et votre \u00e2me en choisissant parmi une large gamme de traitements dispens\u00e9s par nos th\u00e9rapeutes sp\u00e9cialement form\u00e9s et experts. D\u00e9tendez-vous gr\u00e2ce \u00e0 des th\u00e9rapies uniques pour le visage et le corps utilisant les produits SOTHYS inspir\u00e9s par la nature, qui associent une technologie cosm\u00e9tique innovante \u00e0 une exp\u00e9rience \u00e9tonnante pour les cinq sens.<\/p>\n<p style=\"text-align: center;\">","protected":false},"excerpt":{"rendered":"<p>This is the place where you can leave stress and the monotony of daily life behind and have an experience of tranquility, harmony and inner peace. Revitalise your body, mind and soul by choosing from among a wide range of treatments by our specially trained and expert therapists. Relax with unique therapies for face and [&#8230;]<\/p>\n<p><a class=\"btn btn-secondary understrap-read-more-link\" href=\"https:\/\/www.marbella.gr\/fr\/hotels\/marbella-nido\/experiences\/wellness\/\">Read More&#8230;<span class=\"screen-reader-text\"> from Wellness<\/span><\/a><\/p>\n","protected":false},"author":11,"featured_media":5792,"parent":2119,"menu_order":0,"comment_status":"closed","ping_status":"closed","template":"","meta":{"_acf_changed":false,"footnotes":""},"class_list":["post-2122","page","type-page","status-publish","has-post-thumbnail","hentry"],"acf":[],"yoast_head":"<!-- This site is optimized with the Yoast SEO plugin v27.4 - https:\/\/yoast.com\/product\/yoast-seo-wordpress\/ -->\n<title>Corfu Adults Only Resort With Spa | Nido, Mar-Bella Collection<\/title>\n<meta name=\"description\" content=\"Find serenity at Nido, a Corfu adults-only resort with spa. Experience tranquility, revitalizing body, mind &amp; soul on your Corfu holiday.\" \/>\n<meta name=\"robots\" content=\"index, follow, max-snippet:-1, max-image-preview:large, max-video-preview:-1\" \/>\n<link rel=\"canonical\" href=\"https:\/\/www.marbella.gr\/fr\/hotels\/marbella-nido\/experiences\/wellness\/\" \/>\n<meta property=\"og:locale\" content=\"fr_FR\" \/>\n<meta property=\"og:type\" content=\"article\" \/>\n<meta property=\"og:title\" content=\"Corfu Adults Only Resort With Spa | Nido, Mar-Bella Collection\" \/>\n<meta property=\"og:description\" content=\"Find serenity at Nido, a Corfu adults-only resort with spa. Experience tranquility, revitalizing body, mind &amp; soul on your Corfu holiday.\" \/>\n<meta property=\"og:url\" content=\"https:\/\/www.marbella.gr\/fr\/hotels\/marbella-nido\/experiences\/wellness\/\" \/>\n<meta property=\"og:site_name\" content=\"Mar-Bella Collection\" \/>\n<meta property=\"article:modified_time\" content=\"2025-04-04T14:32:13+00:00\" \/>\n<meta property=\"og:image\" content=\"https:\/\/www.marbella.gr\/app\/uploads\/2023\/07\/1-1.jpg\" \/>\n\t<meta property=\"og:image:width\" content=\"1920\" \/>\n\t<meta property=\"og:image:height\" content=\"1281\" \/>\n\t<meta property=\"og:image:type\" content=\"image\/jpeg\" \/>\n<meta name=\"twitter:card\" content=\"summary_large_image\" \/>\n<meta name=\"twitter:label1\" content=\"Dur\u00e9e de lecture estim\u00e9e\" \/>\n\t<meta name=\"twitter:data1\" content=\"1 minute\" \/>\n<!-- \/ Yoast SEO plugin. -->","yoast_head_json":{"title":"Corfu Adults Only Resort With Spa | Nido, Mar-Bella Collection","description":"Retrouvez la s\u00e9r\u00e9nit\u00e9 au Nido, un centre de vill\u00e9giature pour adultes avec spa \u00e0 Corfou. Faites l'exp\u00e9rience de la tranquillit\u00e9, de la revitalisation du corps, de l'esprit et de l'\u00e2me lors de vos vacances \u00e0 Corfou.","robots":{"index":"index","follow":"follow","max-snippet":"max-snippet:-1","max-image-preview":"max-image-preview:large","max-video-preview":"max-video-preview:-1"},"canonical":"https:\/\/www.marbella.gr\/fr\/hotels\/marbella-nido\/experiences\/wellness\/","og_locale":"fr_FR","og_type":"article","og_title":"Corfu Adults Only Resort With Spa | Nido, Mar-Bella Collection","og_description":"Find serenity at Nido, a Corfu adults-only resort with spa. Experience tranquility, revitalizing body, mind & soul on your Corfu holiday.","og_url":"https:\/\/www.marbella.gr\/fr\/hotels\/marbella-nido\/experiences\/wellness\/","og_site_name":"Mar-Bella Collection","article_modified_time":"2025-04-04T14:32:13+00:00","og_image":[{"width":1920,"height":1281,"url":"https:\/\/www.marbella.gr\/app\/uploads\/2023\/07\/1-1.jpg","type":"image\/jpeg"}],"twitter_card":"summary_large_image","twitter_misc":{"Dur\u00e9e de lecture estim\u00e9e":"1 minute"},"schema":{"@context":"https:\/\/schema.org","@graph":[{"@type":"WebPage","@id":"https:\/\/www.marbella.gr\/hotels\/marbella-nido\/experiences\/wellness\/","url":"https:\/\/www.marbella.gr\/hotels\/marbella-nido\/experiences\/wellness\/","name":"Corfu Adults Only Resort With Spa | Nido, Mar-Bella Collection","isPartOf":{"@id":"https:\/\/www.marbella.gr\/#website"},"primaryImageOfPage":{"@id":"https:\/\/www.marbella.gr\/hotels\/marbella-nido\/experiences\/wellness\/#primaryimage"},"image":{"@id":"https:\/\/www.marbella.gr\/hotels\/marbella-nido\/experiences\/wellness\/#primaryimage"},"thumbnailUrl":"https:\/\/www.marbella.gr\/app\/uploads\/2023\/07\/1-1.jpg","datePublished":"2023-05-23T08:04:16+00:00","dateModified":"2025-04-04T14:32:13+00:00","description":"Retrouvez la s\u00e9r\u00e9nit\u00e9 au Nido, un centre de vill\u00e9giature pour adultes avec spa \u00e0 Corfou. Faites l'exp\u00e9rience de la tranquillit\u00e9, de la revitalisation du corps, de l'esprit et de l'\u00e2me lors de vos vacances \u00e0 Corfou.","breadcrumb":{"@id":"https:\/\/www.marbella.gr\/hotels\/marbella-nido\/experiences\/wellness\/#breadcrumb"},"inLanguage":"fr-FR","potentialAction":[{"@type":"ReadAction","target":["https:\/\/www.marbella.gr\/hotels\/marbella-nido\/experiences\/wellness\/"]}]},{"@type":"ImageObject","inLanguage":"fr-FR","@id":"https:\/\/www.marbella.gr\/hotels\/marbella-nido\/experiences\/wellness\/#primaryimage","url":"https:\/\/www.marbella.gr\/app\/uploads\/2023\/07\/1-1.jpg","contentUrl":"https:\/\/www.marbella.gr\/app\/uploads\/2023\/07\/1-1.jpg","width":1920,"height":1281,"caption":"Heinz Troll photoshooting May 2018"},{"@type":"BreadcrumbList","@id":"https:\/\/www.marbella.gr\/hotels\/marbella-nido\/experiences\/wellness\/#breadcrumb","itemListElement":[{"@type":"ListItem","position":1,"name":"Home","item":"https:\/\/www.marbella.gr\/"},{"@type":"ListItem","position":2,"name":"Hotels","item":"https:\/\/www.marbella.gr\/hotels\/"},{"@type":"ListItem","position":3,"name":"Nido","item":"https:\/\/www.marbella.gr\/hotels\/marbella-nido\/"},{"@type":"ListItem","position":4,"name":"Experiences","item":"https:\/\/www.marbella.gr\/hotels\/marbella-nido\/experiences\/"},{"@type":"ListItem","position":5,"name":"Wellness"}]},{"@type":"WebSite","@id":"https:\/\/www.marbella.gr\/#website","url":"https:\/\/www.marbella.gr\/","name":"MarBella","description":"Une famille d'h\u00f4tels vous reliant \u00e0 la magnifique mer Ionienne","publisher":{"@id":"https:\/\/www.marbella.gr\/#organization"},"alternateName":"MarBella","potentialAction":[{"@type":"SearchAction","target":{"@type":"EntryPoint","urlTemplate":"https:\/\/www.marbella.gr\/?s={search_term_string}"},"query-input":{"@type":"PropertyValueSpecification","valueRequired":true,"valueName":"search_term_string"}}],"inLanguage":"fr-FR"},{"@type":"Organization","@id":"https:\/\/www.marbella.gr\/#organization","name":"MarBella","url":"https:\/\/www.marbella.gr\/","logo":{"@type":"ImageObject","inLanguage":"fr-FR","@id":"https:\/\/www.marbella.gr\/#\/schema\/logo\/image\/","url":"https:\/\/www.marbella.gr\/app\/uploads\/2023\/06\/Marbella-collection.png","contentUrl":"https:\/\/www.marbella.gr\/app\/uploads\/2023\/06\/Marbella-collection.png","width":230,"height":75,"caption":"MarBella"},"image":{"@id":"https:\/\/www.marbella.gr\/#\/schema\/logo\/image\/"}}]}},"_links":{"self":[{"href":"https:\/\/www.marbella.gr\/fr\/wp-json\/wp\/v2\/pages\/2122","targetHints":{"allow":["GET"]}}],"collection":[{"href":"https:\/\/www.marbella.gr\/fr\/wp-json\/wp\/v2\/pages"}],"about":[{"href":"https:\/\/www.marbella.gr\/fr\/wp-json\/wp\/v2\/types\/page"}],"author":[{"embeddable":true,"href":"https:\/\/www.marbella.gr\/fr\/wp-json\/wp\/v2\/users\/11"}],"replies":[{"embeddable":true,"href":"https:\/\/www.marbella.gr\/fr\/wp-json\/wp\/v2\/comments?post=2122"}],"version-history":[{"count":19,"href":"https:\/\/www.marbella.gr\/fr\/wp-json\/wp\/v2\/pages\/2122\/revisions"}],"predecessor-version":[{"id":10004,"href":"https:\/\/www.marbella.gr\/fr\/wp-json\/wp\/v2\/pages\/2122\/revisions\/10004"}],"up":[{"embeddable":true,"href":"https:\/\/www.marbella.gr\/fr\/wp-json\/wp\/v2\/pages\/2119"}],"wp:featuredmedia":[{"embeddable":true,"href":"https:\/\/www.marbella.gr\/fr\/wp-json\/wp\/v2\/media\/5792"}],"wp:attachment":[{"href":"https:\/\/www.marbella.gr\/fr\/wp-json\/wp\/v2\/media?parent=2122"}],"curies":[{"name":"wp","href":"https:\/\/api.w.org\/{rel}","templated":true}]}}