{"id":2127,"date":"2023-05-23T08:05:49","date_gmt":"2023-05-23T08:05:49","guid":{"rendered":"https:\/\/www.marbella.gr\/hotels\/marbella-nido\/experiences-copy\/wellness-copy-copy\/"},"modified":"2025-01-27T09:22:17","modified_gmt":"2025-01-27T09:22:17","slug":"honeymoon","status":"publish","type":"page","link":"https:\/\/www.marbella.gr\/fr\/hotels\/marbella-nido\/experiences\/honeymoon\/","title":{"rendered":"Lune de miel"},"content":{"rendered":"<p>Pr\u00e9parez-vous \u00e0 \u00eatre instantan\u00e9ment emport\u00e9 par l'ambiance tranquille de notre propri\u00e9t\u00e9 qui a \u00e9t\u00e9 con\u00e7ue pour cr\u00e9er un monde de vacances r\u00e9serv\u00e9 aux adultes qui tourne autour de vous, et de vous seul. Notre h\u00f4tel pour lune de miel \u00e0 Corfou a \u00e9t\u00e9 enti\u00e8rement con\u00e7u pour vous et votre bien-aim\u00e9(e).<\/p>\n<p>Profitez de notre traitement sp\u00e9cial, gr\u00e2ce \u00e0 une pl\u00e9thore d'exp\u00e9riences uniques soigneusement con\u00e7ues pour vous deux.<\/p>","protected":false},"excerpt":{"rendered":"<p>Prepare to be instantly swept away by the tranquil ambiance of our property that has been designed to create an adults-only holiday world that revolves around you, and you alone. Our Corfu honeymoon hotel is entirely designed with you and your loved one in mind. Enjoy our extra special treatment, through a plethora of uniquely [&#8230;]<\/p>\n<p><a class=\"btn btn-secondary understrap-read-more-link\" href=\"https:\/\/www.marbella.gr\/fr\/hotels\/marbella-nido\/experiences\/honeymoon\/\">Read More&#8230;<span class=\"screen-reader-text\"> from Honeymoon<\/span><\/a><\/p>\n","protected":false},"author":11,"featured_media":8469,"parent":2119,"menu_order":0,"comment_status":"closed","ping_status":"closed","template":"","meta":{"_acf_changed":false,"footnotes":""},"class_list":["post-2127","page","type-page","status-publish","has-post-thumbnail","hentry"],"acf":[],"yoast_head":"<!-- This site is optimized with the Yoast SEO plugin v27.4 - https:\/\/yoast.com\/product\/yoast-seo-wordpress\/ -->\n<title>Corfu Honeymoon Hotel - Memorable Romantic Escapes | Nido<\/title>\n<meta name=\"description\" content=\"Experience elavated romance at Nido, MarBella Collection, a top Corfu honeymoon hotel. Discover unforgettable moments with us.\" \/>\n<meta name=\"robots\" content=\"index, follow, max-snippet:-1, max-image-preview:large, max-video-preview:-1\" \/>\n<link rel=\"canonical\" href=\"https:\/\/www.marbella.gr\/fr\/hotels\/marbella-nido\/experiences\/honeymoon\/\" \/>\n<meta property=\"og:locale\" content=\"fr_FR\" \/>\n<meta property=\"og:type\" content=\"article\" \/>\n<meta property=\"og:title\" content=\"Corfu Honeymoon Hotel - Memorable Romantic Escapes | Nido\" \/>\n<meta property=\"og:description\" content=\"Experience elavated romance at Nido, MarBella Collection, a top Corfu honeymoon hotel. Discover unforgettable moments with us.\" \/>\n<meta property=\"og:url\" content=\"https:\/\/www.marbella.gr\/fr\/hotels\/marbella-nido\/experiences\/honeymoon\/\" \/>\n<meta property=\"og:site_name\" content=\"Mar-Bella Collection\" \/>\n<meta property=\"article:modified_time\" content=\"2025-01-27T09:22:17+00:00\" \/>\n<meta property=\"og:image\" content=\"https:\/\/www.marbella.gr\/app\/uploads\/2024\/11\/Nido_Suite_Life-9-scaled.jpg\" \/>\n\t<meta property=\"og:image:width\" content=\"2560\" \/>\n\t<meta property=\"og:image:height\" content=\"1920\" \/>\n\t<meta property=\"og:image:type\" content=\"image\/jpeg\" \/>\n<meta name=\"twitter:card\" content=\"summary_large_image\" \/>\n<meta name=\"twitter:label1\" content=\"Dur\u00e9e de lecture estim\u00e9e\" \/>\n\t<meta name=\"twitter:data1\" content=\"1 minute\" \/>\n<!-- \/ Yoast SEO plugin. -->","yoast_head_json":{"title":"Corfu Honeymoon Hotel - Escapades romantiques m\u00e9morables | Nido","description":"Vivez une exp\u00e9rience romantique exceptionnelle au Nido, MarBella Collection, l'un des meilleurs h\u00f4tels de Corfou pour une lune de miel. D\u00e9couvrez des moments inoubliables avec nous.","robots":{"index":"index","follow":"follow","max-snippet":"max-snippet:-1","max-image-preview":"max-image-preview:large","max-video-preview":"max-video-preview:-1"},"canonical":"https:\/\/www.marbella.gr\/fr\/hotels\/marbella-nido\/experiences\/honeymoon\/","og_locale":"fr_FR","og_type":"article","og_title":"Corfu Honeymoon Hotel - Memorable Romantic Escapes | Nido","og_description":"Experience elavated romance at Nido, MarBella Collection, a top Corfu honeymoon hotel. Discover unforgettable moments with us.","og_url":"https:\/\/www.marbella.gr\/fr\/hotels\/marbella-nido\/experiences\/honeymoon\/","og_site_name":"Mar-Bella Collection","article_modified_time":"2025-01-27T09:22:17+00:00","og_image":[{"width":2560,"height":1920,"url":"https:\/\/www.marbella.gr\/app\/uploads\/2024\/11\/Nido_Suite_Life-9-scaled.jpg","type":"image\/jpeg"}],"twitter_card":"summary_large_image","twitter_misc":{"Dur\u00e9e de lecture estim\u00e9e":"1 minute"},"schema":{"@context":"https:\/\/schema.org","@graph":[{"@type":"WebPage","@id":"https:\/\/www.marbella.gr\/hotels\/marbella-nido\/experiences\/honeymoon\/","url":"https:\/\/www.marbella.gr\/hotels\/marbella-nido\/experiences\/honeymoon\/","name":"Corfu Honeymoon Hotel - Escapades romantiques m\u00e9morables | Nido","isPartOf":{"@id":"https:\/\/www.marbella.gr\/#website"},"primaryImageOfPage":{"@id":"https:\/\/www.marbella.gr\/hotels\/marbella-nido\/experiences\/honeymoon\/#primaryimage"},"image":{"@id":"https:\/\/www.marbella.gr\/hotels\/marbella-nido\/experiences\/honeymoon\/#primaryimage"},"thumbnailUrl":"https:\/\/www.marbella.gr\/app\/uploads\/2024\/11\/Nido_Suite_Life-9-scaled.jpg","datePublished":"2023-05-23T08:05:49+00:00","dateModified":"2025-01-27T09:22:17+00:00","description":"Vivez une exp\u00e9rience romantique exceptionnelle au Nido, MarBella Collection, l'un des meilleurs h\u00f4tels de Corfou pour une lune de miel. D\u00e9couvrez des moments inoubliables avec nous.","breadcrumb":{"@id":"https:\/\/www.marbella.gr\/hotels\/marbella-nido\/experiences\/honeymoon\/#breadcrumb"},"inLanguage":"fr-FR","potentialAction":[{"@type":"ReadAction","target":["https:\/\/www.marbella.gr\/hotels\/marbella-nido\/experiences\/honeymoon\/"]}]},{"@type":"ImageObject","inLanguage":"fr-FR","@id":"https:\/\/www.marbella.gr\/hotels\/marbella-nido\/experiences\/honeymoon\/#primaryimage","url":"https:\/\/www.marbella.gr\/app\/uploads\/2024\/11\/Nido_Suite_Life-9-scaled.jpg","contentUrl":"https:\/\/www.marbella.gr\/app\/uploads\/2024\/11\/Nido_Suite_Life-9-scaled.jpg","width":2560,"height":1920,"caption":"Discover Mar-Bella Collection - 5 star hotels in Corfu, Parga Greece"},{"@type":"BreadcrumbList","@id":"https:\/\/www.marbella.gr\/hotels\/marbella-nido\/experiences\/honeymoon\/#breadcrumb","itemListElement":[{"@type":"ListItem","position":1,"name":"Home","item":"https:\/\/www.marbella.gr\/"},{"@type":"ListItem","position":2,"name":"Hotels","item":"https:\/\/www.marbella.gr\/hotels\/"},{"@type":"ListItem","position":3,"name":"Nido","item":"https:\/\/www.marbella.gr\/hotels\/marbella-nido\/"},{"@type":"ListItem","position":4,"name":"Experiences","item":"https:\/\/www.marbella.gr\/hotels\/marbella-nido\/experiences\/"},{"@type":"ListItem","position":5,"name":"Honeymoon"}]},{"@type":"WebSite","@id":"https:\/\/www.marbella.gr\/#website","url":"https:\/\/www.marbella.gr\/","name":"MarBella","description":"Une famille d'h\u00f4tels vous reliant \u00e0 la magnifique mer Ionienne","publisher":{"@id":"https:\/\/www.marbella.gr\/#organization"},"alternateName":"MarBella","potentialAction":[{"@type":"SearchAction","target":{"@type":"EntryPoint","urlTemplate":"https:\/\/www.marbella.gr\/?s={search_term_string}"},"query-input":{"@type":"PropertyValueSpecification","valueRequired":true,"valueName":"search_term_string"}}],"inLanguage":"fr-FR"},{"@type":"Organization","@id":"https:\/\/www.marbella.gr\/#organization","name":"MarBella","url":"https:\/\/www.marbella.gr\/","logo":{"@type":"ImageObject","inLanguage":"fr-FR","@id":"https:\/\/www.marbella.gr\/#\/schema\/logo\/image\/","url":"https:\/\/www.marbella.gr\/app\/uploads\/2023\/06\/Marbella-collection.png","contentUrl":"https:\/\/www.marbella.gr\/app\/uploads\/2023\/06\/Marbella-collection.png","width":230,"height":75,"caption":"MarBella"},"image":{"@id":"https:\/\/www.marbella.gr\/#\/schema\/logo\/image\/"}}]}},"_links":{"self":[{"href":"https:\/\/www.marbella.gr\/fr\/wp-json\/wp\/v2\/pages\/2127","targetHints":{"allow":["GET"]}}],"collection":[{"href":"https:\/\/www.marbella.gr\/fr\/wp-json\/wp\/v2\/pages"}],"about":[{"href":"https:\/\/www.marbella.gr\/fr\/wp-json\/wp\/v2\/types\/page"}],"author":[{"embeddable":true,"href":"https:\/\/www.marbella.gr\/fr\/wp-json\/wp\/v2\/users\/11"}],"replies":[{"embeddable":true,"href":"https:\/\/www.marbella.gr\/fr\/wp-json\/wp\/v2\/comments?post=2127"}],"version-history":[{"count":18,"href":"https:\/\/www.marbella.gr\/fr\/wp-json\/wp\/v2\/pages\/2127\/revisions"}],"predecessor-version":[{"id":9264,"href":"https:\/\/www.marbella.gr\/fr\/wp-json\/wp\/v2\/pages\/2127\/revisions\/9264"}],"up":[{"embeddable":true,"href":"https:\/\/www.marbella.gr\/fr\/wp-json\/wp\/v2\/pages\/2119"}],"wp:featuredmedia":[{"embeddable":true,"href":"https:\/\/www.marbella.gr\/fr\/wp-json\/wp\/v2\/media\/8469"}],"wp:attachment":[{"href":"https:\/\/www.marbella.gr\/fr\/wp-json\/wp\/v2\/media?parent=2127"}],"curies":[{"name":"wp","href":"https:\/\/api.w.org\/{rel}","templated":true}]}}