{"id":2139,"date":"2023-05-23T08:07:37","date_gmt":"2023-05-23T08:07:37","guid":{"rendered":"https:\/\/www.marbella.gr\/hotels\/marbella-corfu\/offers-2-copy\/"},"modified":"2025-12-04T13:12:04","modified_gmt":"2025-12-04T11:12:04","slug":"offers","status":"publish","type":"page","link":"https:\/\/www.marbella.gr\/fr\/hotels\/marbella-nido\/offers\/","title":{"rendered":"Offres"},"content":{"rendered":"<p>Les suites Nido, situ\u00e9es dans un cadre sophistiqu\u00e9 et empreintes de romantisme, de style corfiote et de vues \u00e0 couper le souffle, offrent un luxe serein aux adultes uniquement.<\/p>","protected":false},"excerpt":{"rendered":"<p>Indulge in serene adults-only luxury at Nido suites, set in a sophisticated surroundings and filled with romance, Corfiot style and breathtaking views. [&#8230;]<\/p>\n<p><a class=\"btn btn-secondary understrap-read-more-link\" href=\"https:\/\/www.marbella.gr\/fr\/hotels\/marbella-nido\/offers\/\">Read More&#8230;<span class=\"screen-reader-text\"> from Offers<\/span><\/a><\/p>\n","protected":false},"author":11,"featured_media":1944,"parent":795,"menu_order":0,"comment_status":"closed","ping_status":"closed","template":"","meta":{"_acf_changed":false,"footnotes":""},"class_list":["post-2139","page","type-page","status-publish","has-post-thumbnail","hentry"],"acf":[],"yoast_head":"<!-- This site is optimized with the Yoast SEO plugin v27.4 - https:\/\/yoast.com\/product\/yoast-seo-wordpress\/ -->\n<title>Corfu Special Offers Adults-Only | Nido, Mar-Bella Collection<\/title>\n<meta name=\"description\" content=\"Experience a luxurious and relaxing adults-only getaway in Corfu with our special offers at Nido, Mar-Bella Collection.\" \/>\n<meta name=\"robots\" content=\"index, follow, max-snippet:-1, max-image-preview:large, max-video-preview:-1\" \/>\n<link rel=\"canonical\" href=\"https:\/\/www.marbella.gr\/fr\/hotels\/marbella-nido\/offers\/\" \/>\n<meta property=\"og:locale\" content=\"fr_FR\" \/>\n<meta property=\"og:type\" content=\"article\" \/>\n<meta property=\"og:title\" content=\"Corfu Special Offers Adults-Only | Nido, Mar-Bella Collection\" \/>\n<meta property=\"og:description\" content=\"Experience a luxurious and relaxing adults-only getaway in Corfu with our special offers at Nido, Mar-Bella Collection.\" \/>\n<meta property=\"og:url\" content=\"https:\/\/www.marbella.gr\/fr\/hotels\/marbella-nido\/offers\/\" \/>\n<meta property=\"og:site_name\" content=\"Mar-Bella Collection\" \/>\n<meta property=\"article:modified_time\" content=\"2025-12-04T11:12:04+00:00\" \/>\n<meta property=\"og:image\" content=\"https:\/\/www.marbella.gr\/app\/uploads\/2023\/05\/marbellanido17-0250_resized.jpg\" \/>\n\t<meta property=\"og:image:width\" content=\"1920\" \/>\n\t<meta property=\"og:image:height\" content=\"1536\" \/>\n\t<meta property=\"og:image:type\" content=\"image\/jpeg\" \/>\n<meta name=\"twitter:card\" content=\"summary_large_image\" \/>\n<meta name=\"twitter:label1\" content=\"Dur\u00e9e de lecture estim\u00e9e\" \/>\n\t<meta name=\"twitter:data1\" content=\"1 minute\" \/>\n<!-- \/ Yoast SEO plugin. -->","yoast_head_json":{"title":"Corfu Special Offers Adults-Only | Nido, Mar-Bella Collection","description":"Faites l'exp\u00e9rience d'une escapade luxueuse et relaxante pour adultes seulement \u00e0 Corfou gr\u00e2ce \u00e0 nos offres sp\u00e9ciales au Nido, Mar-Bella Collection.","robots":{"index":"index","follow":"follow","max-snippet":"max-snippet:-1","max-image-preview":"max-image-preview:large","max-video-preview":"max-video-preview:-1"},"canonical":"https:\/\/www.marbella.gr\/fr\/hotels\/marbella-nido\/offers\/","og_locale":"fr_FR","og_type":"article","og_title":"Corfu Special Offers Adults-Only | Nido, Mar-Bella Collection","og_description":"Experience a luxurious and relaxing adults-only getaway in Corfu with our special offers at Nido, Mar-Bella Collection.","og_url":"https:\/\/www.marbella.gr\/fr\/hotels\/marbella-nido\/offers\/","og_site_name":"Mar-Bella Collection","article_modified_time":"2025-12-04T11:12:04+00:00","og_image":[{"width":1920,"height":1536,"url":"https:\/\/www.marbella.gr\/app\/uploads\/2023\/05\/marbellanido17-0250_resized.jpg","type":"image\/jpeg"}],"twitter_card":"summary_large_image","twitter_misc":{"Dur\u00e9e de lecture estim\u00e9e":"1 minute"},"schema":{"@context":"https:\/\/schema.org","@graph":[{"@type":"WebPage","@id":"https:\/\/www.marbella.gr\/hotels\/marbella-nido\/offers\/","url":"https:\/\/www.marbella.gr\/hotels\/marbella-nido\/offers\/","name":"Corfu Special Offers Adults-Only | Nido, Mar-Bella Collection","isPartOf":{"@id":"https:\/\/www.marbella.gr\/#website"},"primaryImageOfPage":{"@id":"https:\/\/www.marbella.gr\/hotels\/marbella-nido\/offers\/#primaryimage"},"image":{"@id":"https:\/\/www.marbella.gr\/hotels\/marbella-nido\/offers\/#primaryimage"},"thumbnailUrl":"https:\/\/www.marbella.gr\/app\/uploads\/2023\/05\/marbellanido17-0250_resized.jpg","datePublished":"2023-05-23T08:07:37+00:00","dateModified":"2025-12-04T11:12:04+00:00","description":"Faites l'exp\u00e9rience d'une escapade luxueuse et relaxante pour adultes seulement \u00e0 Corfou gr\u00e2ce \u00e0 nos offres sp\u00e9ciales au Nido, Mar-Bella Collection.","breadcrumb":{"@id":"https:\/\/www.marbella.gr\/hotels\/marbella-nido\/offers\/#breadcrumb"},"inLanguage":"fr-FR","potentialAction":[{"@type":"ReadAction","target":["https:\/\/www.marbella.gr\/hotels\/marbella-nido\/offers\/"]}]},{"@type":"ImageObject","inLanguage":"fr-FR","@id":"https:\/\/www.marbella.gr\/hotels\/marbella-nido\/offers\/#primaryimage","url":"https:\/\/www.marbella.gr\/app\/uploads\/2023\/05\/marbellanido17-0250_resized.jpg","contentUrl":"https:\/\/www.marbella.gr\/app\/uploads\/2023\/05\/marbellanido17-0250_resized.jpg","width":1920,"height":1536,"caption":"Discover Mar-Bella Collection - 5 star hotels in Corfu, Parga Greece"},{"@type":"BreadcrumbList","@id":"https:\/\/www.marbella.gr\/hotels\/marbella-nido\/offers\/#breadcrumb","itemListElement":[{"@type":"ListItem","position":1,"name":"Home","item":"https:\/\/www.marbella.gr\/"},{"@type":"ListItem","position":2,"name":"Hotels","item":"https:\/\/www.marbella.gr\/hotels\/"},{"@type":"ListItem","position":3,"name":"Nido","item":"https:\/\/www.marbella.gr\/hotels\/marbella-nido\/"},{"@type":"ListItem","position":4,"name":"Offers"}]},{"@type":"WebSite","@id":"https:\/\/www.marbella.gr\/#website","url":"https:\/\/www.marbella.gr\/","name":"MarBella","description":"Une famille d'h\u00f4tels vous reliant \u00e0 la magnifique mer Ionienne","publisher":{"@id":"https:\/\/www.marbella.gr\/#organization"},"alternateName":"MarBella","potentialAction":[{"@type":"SearchAction","target":{"@type":"EntryPoint","urlTemplate":"https:\/\/www.marbella.gr\/?s={search_term_string}"},"query-input":{"@type":"PropertyValueSpecification","valueRequired":true,"valueName":"search_term_string"}}],"inLanguage":"fr-FR"},{"@type":"Organization","@id":"https:\/\/www.marbella.gr\/#organization","name":"MarBella","url":"https:\/\/www.marbella.gr\/","logo":{"@type":"ImageObject","inLanguage":"fr-FR","@id":"https:\/\/www.marbella.gr\/#\/schema\/logo\/image\/","url":"https:\/\/www.marbella.gr\/app\/uploads\/2023\/06\/Marbella-collection.png","contentUrl":"https:\/\/www.marbella.gr\/app\/uploads\/2023\/06\/Marbella-collection.png","width":230,"height":75,"caption":"MarBella"},"image":{"@id":"https:\/\/www.marbella.gr\/#\/schema\/logo\/image\/"}}]}},"_links":{"self":[{"href":"https:\/\/www.marbella.gr\/fr\/wp-json\/wp\/v2\/pages\/2139","targetHints":{"allow":["GET"]}}],"collection":[{"href":"https:\/\/www.marbella.gr\/fr\/wp-json\/wp\/v2\/pages"}],"about":[{"href":"https:\/\/www.marbella.gr\/fr\/wp-json\/wp\/v2\/types\/page"}],"author":[{"embeddable":true,"href":"https:\/\/www.marbella.gr\/fr\/wp-json\/wp\/v2\/users\/11"}],"replies":[{"embeddable":true,"href":"https:\/\/www.marbella.gr\/fr\/wp-json\/wp\/v2\/comments?post=2139"}],"version-history":[{"count":24,"href":"https:\/\/www.marbella.gr\/fr\/wp-json\/wp\/v2\/pages\/2139\/revisions"}],"predecessor-version":[{"id":11621,"href":"https:\/\/www.marbella.gr\/fr\/wp-json\/wp\/v2\/pages\/2139\/revisions\/11621"}],"up":[{"embeddable":true,"href":"https:\/\/www.marbella.gr\/fr\/wp-json\/wp\/v2\/pages\/795"}],"wp:featuredmedia":[{"embeddable":true,"href":"https:\/\/www.marbella.gr\/fr\/wp-json\/wp\/v2\/media\/1944"}],"wp:attachment":[{"href":"https:\/\/www.marbella.gr\/fr\/wp-json\/wp\/v2\/media?parent=2139"}],"curies":[{"name":"wp","href":"https:\/\/api.w.org\/{rel}","templated":true}]}}