{"id":2148,"date":"2023-05-23T08:24:17","date_gmt":"2023-05-23T08:24:17","guid":{"rendered":"https:\/\/www.marbella.gr\/our-story-copy\/"},"modified":"2026-04-17T11:48:36","modified_gmt":"2026-04-17T08:48:36","slug":"offers","status":"publish","type":"page","link":"https:\/\/www.marbella.gr\/fr\/offers\/","title":{"rendered":"Offres"},"content":{"rendered":"<p>Chez Mar-Bella Collection, le luxe et le bon rapport qualit\u00e9-prix vont toujours de pair. Et nous aimons vous apporter un petit plus chaque fois que nous le pouvons. Ainsi, qu'il s'agisse de prix pour les r\u00e9servations anticip\u00e9es, d'offres de derni\u00e8re minute dans tous nos h\u00f4tels, de places gratuites pour les enfants de moins de 13 ans \u00e0 MarBella ou de surclassements au Nido et \u00e0 Elix, il y a toujours quelque chose de sp\u00e9cial pour vous aider \u00e0 rester dans les limites de votre budget. D\u00e9couvrez nos derni\u00e8res offres ci-dessous \u03bfr inscrivez-vous <span style=\"text-decoration: underline;\"><strong><a href=\"http:\/\/eepurl.com\/ggL42z\" target=\"_blank\" rel=\"noopener\">ici<\/a><\/strong><\/span> pour les recevoir directement dans votre bo\u00eete de r\u00e9ception.<\/p>","protected":false},"excerpt":{"rendered":"<p>At Mar-Bella Collection luxury and great value always go hand in hand. And we do like to bring you something a little extra whenever we can. So from early bird prices to last minute deals across all our hotels, free places for kids under 13 at MarBella and board upgrades at Nido and Elix, there\u2019s [&#8230;]<\/p>\n<p><a class=\"btn btn-secondary understrap-read-more-link\" href=\"https:\/\/www.marbella.gr\/fr\/offers\/\">Read More&#8230;<span class=\"screen-reader-text\"> from Offers<\/span><\/a><\/p>\n","protected":false},"author":11,"featured_media":8760,"parent":0,"menu_order":0,"comment_status":"closed","ping_status":"closed","template":"page-templates\/offers.php","meta":{"_acf_changed":false,"footnotes":""},"class_list":["post-2148","page","type-page","status-publish","has-post-thumbnail","hentry"],"acf":[],"yoast_head":"<!-- This site is optimized with the Yoast SEO plugin v27.5 - https:\/\/yoast.com\/product\/yoast-seo-wordpress\/ -->\n<title>Corfu &amp; Parga luxury hotel value Offers | Mar-Bella Collection<\/title>\n<meta name=\"description\" content=\"Here is where you will find the Offers of Mar-Bella Collection&#039;s hotels in Corfu island &amp; Parga, Greece for experiencing luxury hospitality with great value.\" \/>\n<meta name=\"robots\" content=\"index, follow, max-snippet:-1, max-image-preview:large, max-video-preview:-1\" \/>\n<link rel=\"canonical\" href=\"https:\/\/www.marbella.gr\/fr\/offers\/\" \/>\n<meta property=\"og:locale\" content=\"fr_FR\" \/>\n<meta property=\"og:type\" content=\"article\" \/>\n<meta property=\"og:title\" content=\"Corfu &amp; Parga luxury hotel value Offers | Mar-Bella Collection\" \/>\n<meta property=\"og:description\" content=\"Here is where you will find the Offers of Mar-Bella Collection&#039;s hotels in Corfu island &amp; Parga, Greece for experiencing luxury hospitality with great value.\" \/>\n<meta property=\"og:url\" content=\"https:\/\/www.marbella.gr\/fr\/offers\/\" \/>\n<meta property=\"og:site_name\" content=\"Mar-Bella Collection\" \/>\n<meta property=\"article:modified_time\" content=\"2026-04-17T08:48:36+00:00\" \/>\n<meta property=\"og:image\" content=\"https:\/\/www.marbella.gr\/app\/uploads\/2024\/11\/hero-Offers.jpg\" \/>\n\t<meta property=\"og:image:width\" content=\"1920\" \/>\n\t<meta property=\"og:image:height\" content=\"1080\" \/>\n\t<meta property=\"og:image:type\" content=\"image\/jpeg\" \/>\n<meta name=\"twitter:card\" content=\"summary_large_image\" \/>\n<meta name=\"twitter:label1\" content=\"Dur\u00e9e de lecture estim\u00e9e\" \/>\n\t<meta name=\"twitter:data1\" content=\"1 minute\" \/>\n<!-- \/ Yoast SEO plugin. -->","yoast_head_json":{"title":"Corfou &amp; Parga h\u00f4tel de luxe Offres de valeur | Mar-Bella Collection","description":"Vous trouverez ici les offres des h\u00f4tels de Mar-Bella Collection \u00e0 Corfou et \u00e0 Parga, en Gr\u00e8ce, qui vous permettront de profiter d'une hospitalit\u00e9 luxueuse \u00e0 un prix avantageux.","robots":{"index":"index","follow":"follow","max-snippet":"max-snippet:-1","max-image-preview":"max-image-preview:large","max-video-preview":"max-video-preview:-1"},"canonical":"https:\/\/www.marbella.gr\/fr\/offers\/","og_locale":"fr_FR","og_type":"article","og_title":"Corfu & Parga luxury hotel value Offers | Mar-Bella Collection","og_description":"Here is where you will find the Offers of Mar-Bella Collection's hotels in Corfu island & Parga, Greece for experiencing luxury hospitality with great value.","og_url":"https:\/\/www.marbella.gr\/fr\/offers\/","og_site_name":"Mar-Bella Collection","article_modified_time":"2026-04-17T08:48:36+00:00","og_image":[{"width":1920,"height":1080,"url":"https:\/\/www.marbella.gr\/app\/uploads\/2024\/11\/hero-Offers.jpg","type":"image\/jpeg"}],"twitter_card":"summary_large_image","twitter_misc":{"Dur\u00e9e de lecture estim\u00e9e":"1 minute"},"schema":{"@context":"https:\/\/schema.org","@graph":[{"@type":"WebPage","@id":"https:\/\/www.marbella.gr\/offers\/","url":"https:\/\/www.marbella.gr\/offers","name":"Corfou &amp; Parga h\u00f4tel de luxe Offres de valeur | Mar-Bella Collection","isPartOf":{"@id":"https:\/\/www.marbella.gr\/#website"},"primaryImageOfPage":{"@id":"https:\/\/www.marbella.gr\/offers#primaryimage"},"image":{"@id":"https:\/\/www.marbella.gr\/offers#primaryimage"},"thumbnailUrl":"https:\/\/www.marbella.gr\/app\/uploads\/2024\/11\/hero-Offers.jpg","datePublished":"2023-05-23T08:24:17+00:00","dateModified":"2026-04-17T08:48:36+00:00","description":"Vous trouverez ici les offres des h\u00f4tels de Mar-Bella Collection \u00e0 Corfou et \u00e0 Parga, en Gr\u00e8ce, qui vous permettront de profiter d'une hospitalit\u00e9 luxueuse \u00e0 un prix avantageux.","breadcrumb":{"@id":"https:\/\/www.marbella.gr\/offers#breadcrumb"},"inLanguage":"fr-FR","potentialAction":[{"@type":"ReadAction","target":["https:\/\/www.marbella.gr\/offers"]}]},{"@type":"ImageObject","inLanguage":"fr-FR","@id":"https:\/\/www.marbella.gr\/offers#primaryimage","url":"https:\/\/www.marbella.gr\/app\/uploads\/2024\/11\/hero-Offers.jpg","contentUrl":"https:\/\/www.marbella.gr\/app\/uploads\/2024\/11\/hero-Offers.jpg","width":1920,"height":1080,"caption":"Discover Mar-Bella Collection - 5 star hotels in Corfu, Parga Greece"},{"@type":"BreadcrumbList","@id":"https:\/\/www.marbella.gr\/offers#breadcrumb","itemListElement":[{"@type":"ListItem","position":1,"name":"Home","item":"https:\/\/www.marbella.gr\/"},{"@type":"ListItem","position":2,"name":"Offers"}]},{"@type":"WebSite","@id":"https:\/\/www.marbella.gr\/#website","url":"https:\/\/www.marbella.gr\/","name":"MarBella","description":"Une famille d'h\u00f4tels vous reliant \u00e0 la magnifique mer Ionienne","publisher":{"@id":"https:\/\/www.marbella.gr\/#organization"},"alternateName":"MarBella","potentialAction":[{"@type":"SearchAction","target":{"@type":"EntryPoint","urlTemplate":"https:\/\/www.marbella.gr\/?s={search_term_string}"},"query-input":{"@type":"PropertyValueSpecification","valueRequired":true,"valueName":"search_term_string"}}],"inLanguage":"fr-FR"},{"@type":"Organization","@id":"https:\/\/www.marbella.gr\/#organization","name":"MarBella","url":"https:\/\/www.marbella.gr\/","logo":{"@type":"ImageObject","inLanguage":"fr-FR","@id":"https:\/\/www.marbella.gr\/#\/schema\/logo\/image\/","url":"https:\/\/www.marbella.gr\/app\/uploads\/2023\/06\/Marbella-collection.png","contentUrl":"https:\/\/www.marbella.gr\/app\/uploads\/2023\/06\/Marbella-collection.png","width":230,"height":75,"caption":"MarBella"},"image":{"@id":"https:\/\/www.marbella.gr\/#\/schema\/logo\/image\/"}}]}},"_links":{"self":[{"href":"https:\/\/www.marbella.gr\/fr\/wp-json\/wp\/v2\/pages\/2148","targetHints":{"allow":["GET"]}}],"collection":[{"href":"https:\/\/www.marbella.gr\/fr\/wp-json\/wp\/v2\/pages"}],"about":[{"href":"https:\/\/www.marbella.gr\/fr\/wp-json\/wp\/v2\/types\/page"}],"author":[{"embeddable":true,"href":"https:\/\/www.marbella.gr\/fr\/wp-json\/wp\/v2\/users\/11"}],"replies":[{"embeddable":true,"href":"https:\/\/www.marbella.gr\/fr\/wp-json\/wp\/v2\/comments?post=2148"}],"version-history":[{"count":97,"href":"https:\/\/www.marbella.gr\/fr\/wp-json\/wp\/v2\/pages\/2148\/revisions"}],"predecessor-version":[{"id":14596,"href":"https:\/\/www.marbella.gr\/fr\/wp-json\/wp\/v2\/pages\/2148\/revisions\/14596"}],"wp:featuredmedia":[{"embeddable":true,"href":"https:\/\/www.marbella.gr\/fr\/wp-json\/wp\/v2\/media\/8760"}],"wp:attachment":[{"href":"https:\/\/www.marbella.gr\/fr\/wp-json\/wp\/v2\/media?parent=2148"}],"curies":[{"name":"wp","href":"https:\/\/api.w.org\/{rel}","templated":true}]}}