{"id":2276,"date":"2023-05-23T12:59:08","date_gmt":"2023-05-23T12:59:08","guid":{"rendered":"https:\/\/www.marbella.gr\/career-copy-copy\/"},"modified":"2024-01-19T16:55:19","modified_gmt":"2024-01-19T16:55:19","slug":"parga","status":"publish","type":"page","link":"https:\/\/www.marbella.gr\/fr\/the-destinations\/parga\/","title":{"rendered":"Parga"},"content":{"rendered":"<p>Outre ses plages magnifiques et ses eaux cristallines, l'\u00c9pire abrite d'innombrables villages pittoresques, comme les splendides Parga et Sivota. C'est aussi une r\u00e9gion charg\u00e9e d'histoire, avec des sites culturels \u00e9tonnants \u00e0 visiter absolument. Explorez-les gr\u00e2ce \u00e0 l'un de nos circuits soigneusement s\u00e9lectionn\u00e9s ou louez un yacht priv\u00e9 pour d\u00e9couvrir son magnifique littoral bord\u00e9 de pins.<\/p>","protected":false},"excerpt":{"rendered":"<p>In addition to stunning beaches and crystal-clear waters, Epirus is home to countless picturesque villages, such as stunning Parga and Sivota. It\u2019s also a region steeped in history with some amazing must-visit cultural sites. Explore them on one of our carefully curated tours or hire a private yacht and discover its beautiful pine-fringed coastline. [&#8230;]<\/p>\n<p><a class=\"btn btn-secondary understrap-read-more-link\" href=\"https:\/\/www.marbella.gr\/fr\/the-destinations\/parga\/\">Read More&#8230;<span class=\"screen-reader-text\"> from Parga<\/span><\/a><\/p>\n","protected":false},"author":11,"featured_media":3048,"parent":843,"menu_order":0,"comment_status":"closed","ping_status":"closed","template":"","meta":{"_acf_changed":false,"footnotes":""},"class_list":["post-2276","page","type-page","status-publish","has-post-thumbnail","hentry"],"acf":[],"yoast_head":"<!-- This site is optimized with the Yoast SEO plugin v27.4 - https:\/\/yoast.com\/product\/yoast-seo-wordpress\/ -->\n<title>Discover Epirus: Parga and Sivota Unveiled | Mar-Bella Collection<\/title>\n<meta name=\"description\" content=\"Discover the enchanting region of Epirus in Greece, with its breathtaking destinations such as Parga and Sivota.\" \/>\n<meta name=\"robots\" content=\"index, follow, max-snippet:-1, max-image-preview:large, max-video-preview:-1\" \/>\n<link rel=\"canonical\" href=\"https:\/\/www.marbella.gr\/fr\/the-destinations\/parga\/\" \/>\n<meta property=\"og:locale\" content=\"fr_FR\" \/>\n<meta property=\"og:type\" content=\"article\" \/>\n<meta property=\"og:title\" content=\"Discover Epirus: Parga and Sivota Unveiled | Mar-Bella Collection\" \/>\n<meta property=\"og:description\" content=\"Discover the enchanting region of Epirus in Greece, with its breathtaking destinations such as Parga and Sivota.\" \/>\n<meta property=\"og:url\" content=\"https:\/\/www.marbella.gr\/fr\/the-destinations\/parga\/\" \/>\n<meta property=\"og:site_name\" content=\"Mar-Bella Collection\" \/>\n<meta property=\"article:modified_time\" content=\"2024-01-19T16:55:19+00:00\" \/>\n<meta property=\"og:image\" content=\"https:\/\/www.marbella.gr\/app\/uploads\/2023\/06\/marbellaelix20-1990-scaled-e1605807191576.jpg\" \/>\n\t<meta property=\"og:image:width\" content=\"1920\" \/>\n\t<meta property=\"og:image:height\" content=\"1262\" \/>\n\t<meta property=\"og:image:type\" content=\"image\/jpeg\" \/>\n<meta name=\"twitter:card\" content=\"summary_large_image\" \/>\n<meta name=\"twitter:label1\" content=\"Dur\u00e9e de lecture estim\u00e9e\" \/>\n\t<meta name=\"twitter:data1\" content=\"1 minute\" \/>\n<!-- \/ Yoast SEO plugin. -->","yoast_head_json":{"title":"D\u00e9couvrez l'\u00c9pire : Parga et Sivota d\u00e9voil\u00e9s | Mar-Bella Collection","description":"D\u00e9couvrez la r\u00e9gion enchanteresse de l'\u00c9pire en Gr\u00e8ce, avec ses destinations \u00e0 couper le souffle telles que Parga et Sivota.","robots":{"index":"index","follow":"follow","max-snippet":"max-snippet:-1","max-image-preview":"max-image-preview:large","max-video-preview":"max-video-preview:-1"},"canonical":"https:\/\/www.marbella.gr\/fr\/the-destinations\/parga\/","og_locale":"fr_FR","og_type":"article","og_title":"Discover Epirus: Parga and Sivota Unveiled | Mar-Bella Collection","og_description":"Discover the enchanting region of Epirus in Greece, with its breathtaking destinations such as Parga and Sivota.","og_url":"https:\/\/www.marbella.gr\/fr\/the-destinations\/parga\/","og_site_name":"Mar-Bella Collection","article_modified_time":"2024-01-19T16:55:19+00:00","og_image":[{"width":1920,"height":1262,"url":"https:\/\/www.marbella.gr\/app\/uploads\/2023\/06\/marbellaelix20-1990-scaled-e1605807191576.jpg","type":"image\/jpeg"}],"twitter_card":"summary_large_image","twitter_misc":{"Dur\u00e9e de lecture estim\u00e9e":"1 minute"},"schema":{"@context":"https:\/\/schema.org","@graph":[{"@type":"WebPage","@id":"https:\/\/www.marbella.gr\/the-destinations\/parga\/","url":"https:\/\/www.marbella.gr\/the-destinations\/parga\/","name":"D\u00e9couvrez l'\u00c9pire : Parga et Sivota d\u00e9voil\u00e9s | Mar-Bella Collection","isPartOf":{"@id":"https:\/\/www.marbella.gr\/#website"},"primaryImageOfPage":{"@id":"https:\/\/www.marbella.gr\/the-destinations\/parga\/#primaryimage"},"image":{"@id":"https:\/\/www.marbella.gr\/the-destinations\/parga\/#primaryimage"},"thumbnailUrl":"https:\/\/www.marbella.gr\/app\/uploads\/2023\/06\/marbellaelix20-1990-scaled-e1605807191576.jpg","datePublished":"2023-05-23T12:59:08+00:00","dateModified":"2024-01-19T16:55:19+00:00","description":"D\u00e9couvrez la r\u00e9gion enchanteresse de l'\u00c9pire en Gr\u00e8ce, avec ses destinations \u00e0 couper le souffle telles que Parga et Sivota.","breadcrumb":{"@id":"https:\/\/www.marbella.gr\/the-destinations\/parga\/#breadcrumb"},"inLanguage":"fr-FR","potentialAction":[{"@type":"ReadAction","target":["https:\/\/www.marbella.gr\/the-destinations\/parga\/"]}]},{"@type":"ImageObject","inLanguage":"fr-FR","@id":"https:\/\/www.marbella.gr\/the-destinations\/parga\/#primaryimage","url":"https:\/\/www.marbella.gr\/app\/uploads\/2023\/06\/marbellaelix20-1990-scaled-e1605807191576.jpg","contentUrl":"https:\/\/www.marbella.gr\/app\/uploads\/2023\/06\/marbellaelix20-1990-scaled-e1605807191576.jpg","width":1920,"height":1262,"caption":"Discover Mar-Bella Collection - 5 star hotels in Corfu, Parga Greece"},{"@type":"BreadcrumbList","@id":"https:\/\/www.marbella.gr\/the-destinations\/parga\/#breadcrumb","itemListElement":[{"@type":"ListItem","position":1,"name":"Home","item":"https:\/\/www.marbella.gr\/"},{"@type":"ListItem","position":2,"name":"The Destinations","item":"https:\/\/www.marbella.gr\/the-destinations\/"},{"@type":"ListItem","position":3,"name":"Parga"}]},{"@type":"WebSite","@id":"https:\/\/www.marbella.gr\/#website","url":"https:\/\/www.marbella.gr\/","name":"MarBella","description":"Une famille d'h\u00f4tels vous reliant \u00e0 la magnifique mer Ionienne","publisher":{"@id":"https:\/\/www.marbella.gr\/#organization"},"alternateName":"MarBella","potentialAction":[{"@type":"SearchAction","target":{"@type":"EntryPoint","urlTemplate":"https:\/\/www.marbella.gr\/?s={search_term_string}"},"query-input":{"@type":"PropertyValueSpecification","valueRequired":true,"valueName":"search_term_string"}}],"inLanguage":"fr-FR"},{"@type":"Organization","@id":"https:\/\/www.marbella.gr\/#organization","name":"MarBella","url":"https:\/\/www.marbella.gr\/","logo":{"@type":"ImageObject","inLanguage":"fr-FR","@id":"https:\/\/www.marbella.gr\/#\/schema\/logo\/image\/","url":"https:\/\/www.marbella.gr\/app\/uploads\/2023\/06\/Marbella-collection.png","contentUrl":"https:\/\/www.marbella.gr\/app\/uploads\/2023\/06\/Marbella-collection.png","width":230,"height":75,"caption":"MarBella"},"image":{"@id":"https:\/\/www.marbella.gr\/#\/schema\/logo\/image\/"}}]}},"_links":{"self":[{"href":"https:\/\/www.marbella.gr\/fr\/wp-json\/wp\/v2\/pages\/2276","targetHints":{"allow":["GET"]}}],"collection":[{"href":"https:\/\/www.marbella.gr\/fr\/wp-json\/wp\/v2\/pages"}],"about":[{"href":"https:\/\/www.marbella.gr\/fr\/wp-json\/wp\/v2\/types\/page"}],"author":[{"embeddable":true,"href":"https:\/\/www.marbella.gr\/fr\/wp-json\/wp\/v2\/users\/11"}],"replies":[{"embeddable":true,"href":"https:\/\/www.marbella.gr\/fr\/wp-json\/wp\/v2\/comments?post=2276"}],"version-history":[{"count":16,"href":"https:\/\/www.marbella.gr\/fr\/wp-json\/wp\/v2\/pages\/2276\/revisions"}],"predecessor-version":[{"id":5803,"href":"https:\/\/www.marbella.gr\/fr\/wp-json\/wp\/v2\/pages\/2276\/revisions\/5803"}],"up":[{"embeddable":true,"href":"https:\/\/www.marbella.gr\/fr\/wp-json\/wp\/v2\/pages\/843"}],"wp:featuredmedia":[{"embeddable":true,"href":"https:\/\/www.marbella.gr\/fr\/wp-json\/wp\/v2\/media\/3048"}],"wp:attachment":[{"href":"https:\/\/www.marbella.gr\/fr\/wp-json\/wp\/v2\/media?parent=2276"}],"curies":[{"name":"wp","href":"https:\/\/api.w.org\/{rel}","templated":true}]}}