{"id":2281,"date":"2023-05-23T13:08:13","date_gmt":"2023-05-23T13:08:13","guid":{"rendered":"https:\/\/www.marbella.gr\/we-care-protocol-copy\/"},"modified":"2026-04-23T23:19:24","modified_gmt":"2026-04-23T20:19:24","slug":"greek-chefs-abroad","status":"publish","type":"page","link":"https:\/\/www.marbella.gr\/fr\/greek-chefs-abroad\/","title":{"rendered":"Chefs grecs \u00e0 l'\u00e9tranger"},"content":{"rendered":"<p>Notre festival culinaire innovant, qui a vu le jour en 2021, est en passe de devenir une tradition gastronomique. Nous savons que nos clients aiment et appr\u00e9cient la cuisine grecque et c'est pourquoi notre objectif avec Greek Chefs Abroad a toujours \u00e9t\u00e9 de c\u00e9l\u00e9brer ce que la cuisine grecque a de meilleur \u00e0 offrir.<\/p>\n<p>Chaque ann\u00e9e, nous r\u00e9unissons des chefs grecs r\u00e9put\u00e9s du monde entier avec nos \u00e9quipes de chefs internes pour cr\u00e9er des menus uniques qui fusionnent les racines grecques et l'h\u00e9ritage gastronomique de nos chefs invit\u00e9s avec les saveurs des pays dans lesquels ils r\u00e9sident actuellement. Il en r\u00e9sulte des menus de d\u00e9gustation app\u00e9tissants, accompagn\u00e9s des meilleurs vins grecs locaux, pour le plus grand plaisir de nos invit\u00e9s.<\/p>\n<p>Cet \u00e9t\u00e9, le festival des chefs grecs \u00e0 l'\u00e9tranger revient pour sa premi\u00e8re \u00e9dition. <strong>sixth year<\/strong> on the stunning shores of the Ionian Sea, bringing you closer to an unforgettable journey through exquisite culinary experiences.<\/p>","protected":false},"excerpt":{"rendered":"<p>Our innovative culinary festival, which started in 2021, is now rapidly becoming a gastronomic tradition. We know our guests love and appreciate Greek food and so our aim with Greek Chefs Abroad has always been to celebrate the best that Greek cuisine has to offer. Each year, we bring acclaimed Greek chefs from around the [&#8230;]<\/p>\n<p><a class=\"btn btn-secondary understrap-read-more-link\" href=\"https:\/\/www.marbella.gr\/fr\/greek-chefs-abroad\/\">Read More&#8230;<span class=\"screen-reader-text\"> from Greek Chefs Abroad<\/span><\/a><\/p>\n","protected":false},"author":11,"featured_media":0,"parent":0,"menu_order":0,"comment_status":"closed","ping_status":"closed","template":"","meta":{"_acf_changed":false,"footnotes":""},"class_list":["post-2281","page","type-page","status-publish","hentry"],"acf":[],"yoast_head":"<!-- This site is optimized with the Yoast SEO plugin v27.5 - https:\/\/yoast.com\/product\/yoast-seo-wordpress\/ -->\n<title>Greek Chefs Abroad Culinary Festival | Mar-Bella Collection<\/title>\n<meta name=\"description\" content=\"Our innovative culinary festival that started in 2021 is now rapidly becoming a gastronomic tradition. We know our guests love and appreciate Greek food and so our aim with Greek Chefs Abroad has always been to celebrate the best that Greek cuisine has to offer.\" \/>\n<meta name=\"robots\" content=\"index, follow, max-snippet:-1, max-image-preview:large, max-video-preview:-1\" \/>\n<link rel=\"canonical\" href=\"https:\/\/www.marbella.gr\/fr\/greek-chefs-abroad\/\" \/>\n<meta property=\"og:locale\" content=\"fr_FR\" \/>\n<meta property=\"og:type\" content=\"article\" \/>\n<meta property=\"og:title\" content=\"Greek Chefs Abroad Culinary Festival | Mar-Bella Collection\" \/>\n<meta property=\"og:description\" content=\"Our innovative culinary festival that started in 2021 is now rapidly becoming a gastronomic tradition. We know our guests love and appreciate Greek food and so our aim with Greek Chefs Abroad has always been to celebrate the best that Greek cuisine has to offer.\" \/>\n<meta property=\"og:url\" content=\"https:\/\/www.marbella.gr\/fr\/greek-chefs-abroad\/\" \/>\n<meta property=\"og:site_name\" content=\"Mar-Bella Collection\" \/>\n<meta property=\"article:modified_time\" content=\"2026-04-23T20:19:24+00:00\" \/>\n<meta property=\"og:image\" content=\"https:\/\/www.marbella.gr\/app\/uploads\/2024\/05\/Elix_Water-Sports-2-scaled.jpg\" \/>\n\t<meta property=\"og:image:width\" content=\"2560\" \/>\n\t<meta property=\"og:image:height\" content=\"1705\" \/>\n\t<meta property=\"og:image:type\" content=\"image\/jpeg\" \/>\n<meta name=\"twitter:card\" content=\"summary_large_image\" \/>\n<meta name=\"twitter:label1\" content=\"Dur\u00e9e de lecture estim\u00e9e\" \/>\n\t<meta name=\"twitter:data1\" content=\"1 minute\" \/>\n<!-- \/ Yoast SEO plugin. -->","yoast_head_json":{"title":"Festival culinaire des chefs grecs \u00e0 l'\u00e9tranger | Mar-Bella Collection","description":"Notre festival culinaire innovant, qui a vu le jour en 2021, est en passe de devenir une tradition gastronomique. Nous savons que nos clients aiment et appr\u00e9cient la cuisine grecque et c'est pourquoi notre objectif avec Greek Chefs Abroad a toujours \u00e9t\u00e9 de c\u00e9l\u00e9brer ce que la cuisine grecque a de meilleur \u00e0 offrir.","robots":{"index":"index","follow":"follow","max-snippet":"max-snippet:-1","max-image-preview":"max-image-preview:large","max-video-preview":"max-video-preview:-1"},"canonical":"https:\/\/www.marbella.gr\/fr\/greek-chefs-abroad\/","og_locale":"fr_FR","og_type":"article","og_title":"Greek Chefs Abroad Culinary Festival | Mar-Bella Collection","og_description":"Our innovative culinary festival that started in 2021 is now rapidly becoming a gastronomic tradition. We know our guests love and appreciate Greek food and so our aim with Greek Chefs Abroad has always been to celebrate the best that Greek cuisine has to offer.","og_url":"https:\/\/www.marbella.gr\/fr\/greek-chefs-abroad\/","og_site_name":"Mar-Bella Collection","article_modified_time":"2026-04-23T20:19:24+00:00","og_image":[{"width":2560,"height":1705,"url":"https:\/\/www.marbella.gr\/app\/uploads\/2024\/05\/Elix_Water-Sports-2-scaled.jpg","type":"image\/jpeg"}],"twitter_card":"summary_large_image","twitter_misc":{"Dur\u00e9e de lecture estim\u00e9e":"1 minute"},"schema":{"@context":"https:\/\/schema.org","@graph":[{"@type":"WebPage","@id":"https:\/\/www.marbella.gr\/greek-chefs-abroad\/","url":"https:\/\/www.marbella.gr\/greek-chefs-abroad\/","name":"Festival culinaire des chefs grecs \u00e0 l'\u00e9tranger | Mar-Bella Collection","isPartOf":{"@id":"https:\/\/www.marbella.gr\/#website"},"datePublished":"2023-05-23T13:08:13+00:00","dateModified":"2026-04-23T20:19:24+00:00","description":"Notre festival culinaire innovant, qui a vu le jour en 2021, est en passe de devenir une tradition gastronomique. Nous savons que nos clients aiment et appr\u00e9cient la cuisine grecque et c'est pourquoi notre objectif avec Greek Chefs Abroad a toujours \u00e9t\u00e9 de c\u00e9l\u00e9brer ce que la cuisine grecque a de meilleur \u00e0 offrir.","breadcrumb":{"@id":"https:\/\/www.marbella.gr\/greek-chefs-abroad\/#breadcrumb"},"inLanguage":"fr-FR","potentialAction":[{"@type":"ReadAction","target":["https:\/\/www.marbella.gr\/greek-chefs-abroad\/"]}]},{"@type":"BreadcrumbList","@id":"https:\/\/www.marbella.gr\/greek-chefs-abroad\/#breadcrumb","itemListElement":[{"@type":"ListItem","position":1,"name":"Home","item":"https:\/\/www.marbella.gr\/"},{"@type":"ListItem","position":2,"name":"Greek Chefs Abroad"}]},{"@type":"WebSite","@id":"https:\/\/www.marbella.gr\/#website","url":"https:\/\/www.marbella.gr\/","name":"MarBella","description":"Une famille d'h\u00f4tels vous reliant \u00e0 la magnifique mer Ionienne","publisher":{"@id":"https:\/\/www.marbella.gr\/#organization"},"alternateName":"MarBella","potentialAction":[{"@type":"SearchAction","target":{"@type":"EntryPoint","urlTemplate":"https:\/\/www.marbella.gr\/?s={search_term_string}"},"query-input":{"@type":"PropertyValueSpecification","valueRequired":true,"valueName":"search_term_string"}}],"inLanguage":"fr-FR"},{"@type":"Organization","@id":"https:\/\/www.marbella.gr\/#organization","name":"MarBella","url":"https:\/\/www.marbella.gr\/","logo":{"@type":"ImageObject","inLanguage":"fr-FR","@id":"https:\/\/www.marbella.gr\/#\/schema\/logo\/image\/","url":"https:\/\/www.marbella.gr\/app\/uploads\/2023\/06\/Marbella-collection.png","contentUrl":"https:\/\/www.marbella.gr\/app\/uploads\/2023\/06\/Marbella-collection.png","width":230,"height":75,"caption":"MarBella"},"image":{"@id":"https:\/\/www.marbella.gr\/#\/schema\/logo\/image\/"}}]}},"_links":{"self":[{"href":"https:\/\/www.marbella.gr\/fr\/wp-json\/wp\/v2\/pages\/2281","targetHints":{"allow":["GET"]}}],"collection":[{"href":"https:\/\/www.marbella.gr\/fr\/wp-json\/wp\/v2\/pages"}],"about":[{"href":"https:\/\/www.marbella.gr\/fr\/wp-json\/wp\/v2\/types\/page"}],"author":[{"embeddable":true,"href":"https:\/\/www.marbella.gr\/fr\/wp-json\/wp\/v2\/users\/11"}],"replies":[{"embeddable":true,"href":"https:\/\/www.marbella.gr\/fr\/wp-json\/wp\/v2\/comments?post=2281"}],"version-history":[{"count":87,"href":"https:\/\/www.marbella.gr\/fr\/wp-json\/wp\/v2\/pages\/2281\/revisions"}],"predecessor-version":[{"id":14721,"href":"https:\/\/www.marbella.gr\/fr\/wp-json\/wp\/v2\/pages\/2281\/revisions\/14721"}],"wp:attachment":[{"href":"https:\/\/www.marbella.gr\/fr\/wp-json\/wp\/v2\/media?parent=2281"}],"curies":[{"name":"wp","href":"https:\/\/api.w.org\/{rel}","templated":true}]}}