{"id":2283,"date":"2023-05-23T13:09:00","date_gmt":"2023-05-23T13:09:00","guid":{"rendered":"https:\/\/www.marbella.gr\/whats-on-copy\/"},"modified":"2026-02-04T12:12:16","modified_gmt":"2026-02-04T10:12:16","slug":"a-taste-of-five-continents","status":"publish","type":"page","link":"https:\/\/www.marbella.gr\/fr\/greek-chefs-abroad\/a-taste-of-five-continents\/","title":{"rendered":"Le go\u00fbt des cinq continents"},"content":{"rendered":"<p>Apr\u00e8s le succ\u00e8s de Greek Chefs Abroad I et Greek Chef Abroad II, nous avons le plaisir de vous pr\u00e9senter Greek Chefs Abroad III - A taste of five continents :<\/p>\n<p>Londres, Miami, Singapour, Melbourne et Duba\u00ef ! Nous sommes ravis de r\u00e9unir cinq chefs tr\u00e8s appr\u00e9ci\u00e9s du monde entier pour la troisi\u00e8me \u00e9dition de Greek Chefs Abroad. Attendez-vous \u00e0 un d\u00e9licieux voyage \u00e0 travers les cinq continents, au cours duquel nos chefs invit\u00e9s pr\u00e9senteront des menus empreints des influences, des ingr\u00e9dients et des saveurs de leur pays d'adoption. Ils travailleront en \u00e9troite collaboration avec les \u00e9quipes talentueuses de nos propres restaurants pour vous offrir un \u00e9t\u00e9 de pop-ups passionnants et d'autres surprises fabuleuses. Alors, rencontrons les chefs...<\/p>\n<p>Voir les temps forts de Greek Chefs Abroad III <a href=\"https:\/\/www.youtube.com\/watch?v=oFVz_As9dZ8&amp;t=1s\"><strong>ici<\/strong><\/a><\/p>","protected":false},"excerpt":{"rendered":"<p>Following the success of Greek Chefs Abroad I and Greek Chef Abroad II, we have the pleasure to present Greek Chefs Abroad III \u2013 A taste of five continents: London, Miami, Singapore, Melbourne and Dubai! We\u2019re excited to bring together five much-loved chefs from across the globe for our third edition of Greek Chefs Abroad. [&#8230;]<\/p>\n<p><a class=\"btn btn-secondary understrap-read-more-link\" href=\"https:\/\/www.marbella.gr\/fr\/greek-chefs-abroad\/a-taste-of-five-continents\/\">Read More&#8230;<span class=\"screen-reader-text\"> from A taste of five continents<\/span><\/a><\/p>\n","protected":false},"author":11,"featured_media":0,"parent":2281,"menu_order":0,"comment_status":"closed","ping_status":"closed","template":"","meta":{"_acf_changed":false,"footnotes":""},"class_list":["post-2283","page","type-page","status-publish","hentry"],"acf":[],"yoast_head":"<!-- This site is optimized with the Yoast SEO plugin v27.5 - https:\/\/yoast.com\/product\/yoast-seo-wordpress\/ -->\n<title>Taste of 5 Continents Greek Chefs Abroad III | Mar-Bella Collection<\/title>\n<meta name=\"description\" content=\"Mar-Bella Collection celebrates talent and hosts gastronomy events that feature Greek chefs who have made it abroad, sharing their culinary identity, vol. III\" \/>\n<meta name=\"robots\" content=\"index, follow, max-snippet:-1, max-image-preview:large, max-video-preview:-1\" \/>\n<link rel=\"canonical\" href=\"https:\/\/www.marbella.gr\/fr\/greek-chefs-abroad\/a-taste-of-five-continents\/\" \/>\n<meta property=\"og:locale\" content=\"fr_FR\" \/>\n<meta property=\"og:type\" content=\"article\" \/>\n<meta property=\"og:title\" content=\"Taste of 5 Continents Greek Chefs Abroad III | Mar-Bella Collection\" \/>\n<meta property=\"og:description\" content=\"Mar-Bella Collection celebrates talent and hosts gastronomy events that feature Greek chefs who have made it abroad, sharing their culinary identity, vol. III\" \/>\n<meta property=\"og:url\" content=\"https:\/\/www.marbella.gr\/fr\/greek-chefs-abroad\/a-taste-of-five-continents\/\" \/>\n<meta property=\"og:site_name\" content=\"Mar-Bella Collection\" \/>\n<meta property=\"article:modified_time\" content=\"2026-02-04T10:12:16+00:00\" \/>\n<meta property=\"og:image\" content=\"https:\/\/www.marbella.gr\/app\/uploads\/2024\/05\/Elix_Water-Sports-2-scaled.jpg\" \/>\n\t<meta property=\"og:image:width\" content=\"2560\" \/>\n\t<meta property=\"og:image:height\" content=\"1705\" \/>\n\t<meta property=\"og:image:type\" content=\"image\/jpeg\" \/>\n<meta name=\"twitter:card\" content=\"summary_large_image\" \/>\n<meta name=\"twitter:label1\" content=\"Dur\u00e9e de lecture estim\u00e9e\" \/>\n\t<meta name=\"twitter:data1\" content=\"1 minute\" \/>\n<!-- \/ Yoast SEO plugin. -->","yoast_head_json":{"title":"Taste of 5 Continents Greek Chefs Abroad III | Mar-Bella Collection","description":"La Mar-Bella Collection c\u00e9l\u00e8bre le talent et accueille des \u00e9v\u00e9nements gastronomiques mettant en vedette des chefs grecs qui ont r\u00e9ussi \u00e0 l'\u00e9tranger et qui partagent leur identit\u00e9 culinaire, vol. III","robots":{"index":"index","follow":"follow","max-snippet":"max-snippet:-1","max-image-preview":"max-image-preview:large","max-video-preview":"max-video-preview:-1"},"canonical":"https:\/\/www.marbella.gr\/fr\/greek-chefs-abroad\/a-taste-of-five-continents\/","og_locale":"fr_FR","og_type":"article","og_title":"Taste of 5 Continents Greek Chefs Abroad III | Mar-Bella Collection","og_description":"Mar-Bella Collection celebrates talent and hosts gastronomy events that feature Greek chefs who have made it abroad, sharing their culinary identity, vol. III","og_url":"https:\/\/www.marbella.gr\/fr\/greek-chefs-abroad\/a-taste-of-five-continents\/","og_site_name":"Mar-Bella Collection","article_modified_time":"2026-02-04T10:12:16+00:00","og_image":[{"width":2560,"height":1705,"url":"https:\/\/www.marbella.gr\/app\/uploads\/2024\/05\/Elix_Water-Sports-2-scaled.jpg","type":"image\/jpeg"}],"twitter_card":"summary_large_image","twitter_misc":{"Dur\u00e9e de lecture estim\u00e9e":"1 minute"},"schema":{"@context":"https:\/\/schema.org","@graph":[{"@type":"WebPage","@id":"https:\/\/www.marbella.gr\/greek-chefs-abroad\/a-taste-of-five-continents\/","url":"https:\/\/www.marbella.gr\/greek-chefs-abroad\/a-taste-of-five-continents\/","name":"Taste of 5 Continents Greek Chefs Abroad III | Mar-Bella Collection","isPartOf":{"@id":"https:\/\/www.marbella.gr\/#website"},"datePublished":"2023-05-23T13:09:00+00:00","dateModified":"2026-02-04T10:12:16+00:00","description":"La Mar-Bella Collection c\u00e9l\u00e8bre le talent et accueille des \u00e9v\u00e9nements gastronomiques mettant en vedette des chefs grecs qui ont r\u00e9ussi \u00e0 l'\u00e9tranger et qui partagent leur identit\u00e9 culinaire, vol. III","breadcrumb":{"@id":"https:\/\/www.marbella.gr\/greek-chefs-abroad\/a-taste-of-five-continents\/#breadcrumb"},"inLanguage":"fr-FR","potentialAction":[{"@type":"ReadAction","target":["https:\/\/www.marbella.gr\/greek-chefs-abroad\/a-taste-of-five-continents\/"]}]},{"@type":"BreadcrumbList","@id":"https:\/\/www.marbella.gr\/greek-chefs-abroad\/a-taste-of-five-continents\/#breadcrumb","itemListElement":[{"@type":"ListItem","position":1,"name":"Home","item":"https:\/\/www.marbella.gr\/"},{"@type":"ListItem","position":2,"name":"Greek Chefs Abroad","item":"https:\/\/www.marbella.gr\/greek-chefs-abroad\/"},{"@type":"ListItem","position":3,"name":"A taste of five continents"}]},{"@type":"WebSite","@id":"https:\/\/www.marbella.gr\/#website","url":"https:\/\/www.marbella.gr\/","name":"MarBella","description":"Une famille d'h\u00f4tels vous reliant \u00e0 la magnifique mer Ionienne","publisher":{"@id":"https:\/\/www.marbella.gr\/#organization"},"alternateName":"MarBella","potentialAction":[{"@type":"SearchAction","target":{"@type":"EntryPoint","urlTemplate":"https:\/\/www.marbella.gr\/?s={search_term_string}"},"query-input":{"@type":"PropertyValueSpecification","valueRequired":true,"valueName":"search_term_string"}}],"inLanguage":"fr-FR"},{"@type":"Organization","@id":"https:\/\/www.marbella.gr\/#organization","name":"MarBella","url":"https:\/\/www.marbella.gr\/","logo":{"@type":"ImageObject","inLanguage":"fr-FR","@id":"https:\/\/www.marbella.gr\/#\/schema\/logo\/image\/","url":"https:\/\/www.marbella.gr\/app\/uploads\/2023\/06\/Marbella-collection.png","contentUrl":"https:\/\/www.marbella.gr\/app\/uploads\/2023\/06\/Marbella-collection.png","width":230,"height":75,"caption":"MarBella"},"image":{"@id":"https:\/\/www.marbella.gr\/#\/schema\/logo\/image\/"}}]}},"_links":{"self":[{"href":"https:\/\/www.marbella.gr\/fr\/wp-json\/wp\/v2\/pages\/2283","targetHints":{"allow":["GET"]}}],"collection":[{"href":"https:\/\/www.marbella.gr\/fr\/wp-json\/wp\/v2\/pages"}],"about":[{"href":"https:\/\/www.marbella.gr\/fr\/wp-json\/wp\/v2\/types\/page"}],"author":[{"embeddable":true,"href":"https:\/\/www.marbella.gr\/fr\/wp-json\/wp\/v2\/users\/11"}],"replies":[{"embeddable":true,"href":"https:\/\/www.marbella.gr\/fr\/wp-json\/wp\/v2\/comments?post=2283"}],"version-history":[{"count":50,"href":"https:\/\/www.marbella.gr\/fr\/wp-json\/wp\/v2\/pages\/2283\/revisions"}],"predecessor-version":[{"id":13564,"href":"https:\/\/www.marbella.gr\/fr\/wp-json\/wp\/v2\/pages\/2283\/revisions\/13564"}],"up":[{"embeddable":true,"href":"https:\/\/www.marbella.gr\/fr\/wp-json\/wp\/v2\/pages\/2281"}],"wp:attachment":[{"href":"https:\/\/www.marbella.gr\/fr\/wp-json\/wp\/v2\/media?parent=2283"}],"curies":[{"name":"wp","href":"https:\/\/api.w.org\/{rel}","templated":true}]}}