{"id":2420,"date":"2023-05-28T08:02:04","date_gmt":"2023-05-28T08:02:04","guid":{"rendered":"https:\/\/www.marbella.gr\/the-destinations\/exclusive-services-copy\/"},"modified":"2025-03-04T09:50:59","modified_gmt":"2025-03-04T09:50:59","slug":"unique-experiences","status":"publish","type":"page","link":"https:\/\/www.marbella.gr\/fr\/exclusive-services\/unique-experiences\/","title":{"rendered":"Des exp\u00e9riences uniques"},"content":{"rendered":"<p style=\"text-align: left;\"><strong>Plage de Karavostasi\/Elix- Paxos<\/strong><\/p>\n<p style=\"text-align: left;\">Croisi\u00e8res en catamaran de la collection Mar-Bella<\/p>\n<p style=\"text-align: left;\">Partez pour une aventure passionnante \u00e0 la d\u00e9couverte d'endroits pr\u00e9serv\u00e9s. C'est le moyen id\u00e9al d'explorer l'impressionnante c\u00f4te rocheuse et les plages de sable blanc uniques en leur genre.<\/p>\n<p style=\"text-align: left;\"><strong>Paxos-Antipaxos-Cavernes bleues<\/strong><\/p>\n<p style=\"text-align: left;\">Partez \u00e0 la d\u00e9couverte des \u00eeles et des grottes \u00e0 bord d'un bateau \u00e0 moteur.<\/p>\n<p style=\"text-align: left;\">Explorez la mer aigue-marine et les plages de galets qu'il faut voir pour le croire ! La plus petite des \u00eeles Ioniennes, Paxos, est une perle rare, bord\u00e9e d'oliviers argent\u00e9s et de falaises de craie d'un blanc tendre qui abritent les fameuses grottes bleues. Nagez dans les c\u00e9l\u00e8bres eaux turquoise d'Antipaxos, dont les criques de sable bleu ont souvent \u00e9t\u00e9 compar\u00e9es aux Cara\u00efbes.<\/p>\n<p style=\"text-align: left;\"><strong>Croisi\u00e8re au coucher du soleil \u00e0 Parga<\/strong><\/p>\n<p style=\"text-align: left;\">Une fin de journ\u00e9e parfaite<\/p>\n<p style=\"text-align: left;\">Rendez-vous en bateau \u00e0 Parga pour admirer le coucher de soleil sur la mer Ionienne. Promenez-vous sur l'embarcad\u00e8re, d\u00eenez en ville ou revenez sur le bateau avec un verre de vin offert. La ville est d'une beaut\u00e9 digne d'une carte postale avec ses maisons aux couleurs vives, ses ruelles \u00e9troites et sa promenade anim\u00e9e bord\u00e9e de bars \u00e0 ouzo et de caf\u00e9s. L'incontournable ch\u00e2teau v\u00e9nitien qui surplombe la ville est l'endroit id\u00e9al pour prendre un verre et admirer les vues incroyables.<\/p>\n<p style=\"text-align: left;\"><strong>Croisi\u00e8re au coucher du soleil \u00e0 Sivota<\/strong><\/p>\n<p style=\"text-align: left;\">Une soir\u00e9e m\u00e9morable vous attend<\/p>\n<p style=\"text-align: left;\">Terminez la journ\u00e9e par une excursion en bateau jusqu'\u00e0 Sivota et admirez le magnifique coucher de soleil sur la mer Ionienne. Promenez-vous sur la jet\u00e9e et d\u00eenez dans l'un des restaurants de la belle marina ou retournez sur le bateau pour un verre de vin avec nos compliments.<\/p>","protected":false},"excerpt":{"rendered":"<p>Karavostasi beach\/Elix- Paxos Mar-Bella Collection Catamaran Cruises Take off in real style on an exciting adventure to discover unspoiled hideaways \u2013 the perfect way to explore the impressive rocky coastline and unique white sandy beaches. Paxos-Antipaxos-Blue caves Take off to the stunning islands and caves in a powerboat Explore aquamarine sea and pebble beaches that [&#8230;]<\/p>\n<p><a class=\"btn btn-secondary understrap-read-more-link\" href=\"https:\/\/www.marbella.gr\/fr\/exclusive-services\/unique-experiences\/\">Read More&#8230;<span class=\"screen-reader-text\"> from Unique Experiences<\/span><\/a><\/p>\n","protected":false},"author":11,"featured_media":2773,"parent":2051,"menu_order":0,"comment_status":"closed","ping_status":"closed","template":"","meta":{"_acf_changed":false,"footnotes":""},"class_list":["post-2420","page","type-page","status-publish","has-post-thumbnail","hentry"],"acf":[],"yoast_head":"<!-- This site is optimized with the Yoast SEO plugin v27.4 - https:\/\/yoast.com\/product\/yoast-seo-wordpress\/ -->\n<title>Our Top featuring Unique Experiences | Mar-Bella Collection<\/title>\n<meta name=\"description\" content=\"MarBella Collection seeks to offer its guests unique experiences that unlock the full magic of Corfu island and Parga, for blissful seascape adventures\" \/>\n<meta name=\"robots\" content=\"index, follow, max-snippet:-1, max-image-preview:large, max-video-preview:-1\" \/>\n<link rel=\"canonical\" href=\"https:\/\/www.marbella.gr\/fr\/exclusive-services\/unique-experiences\/\" \/>\n<meta property=\"og:locale\" content=\"fr_FR\" \/>\n<meta property=\"og:type\" content=\"article\" \/>\n<meta property=\"og:title\" content=\"Our Top featuring Unique Experiences | Mar-Bella Collection\" \/>\n<meta property=\"og:description\" content=\"MarBella Collection seeks to offer its guests unique experiences that unlock the full magic of Corfu island and Parga, for blissful seascape adventures\" \/>\n<meta property=\"og:url\" content=\"https:\/\/www.marbella.gr\/fr\/exclusive-services\/unique-experiences\/\" \/>\n<meta property=\"og:site_name\" content=\"Mar-Bella Collection\" \/>\n<meta property=\"article:modified_time\" content=\"2025-03-04T09:50:59+00:00\" \/>\n<meta property=\"og:image\" content=\"https:\/\/www.marbella.gr\/app\/uploads\/2023\/05\/nisi-gtx-55-16-1300x700-1.jpg\" \/>\n\t<meta property=\"og:image:width\" content=\"1300\" \/>\n\t<meta property=\"og:image:height\" content=\"700\" \/>\n\t<meta property=\"og:image:type\" content=\"image\/jpeg\" \/>\n<meta name=\"twitter:card\" content=\"summary_large_image\" \/>\n<meta name=\"twitter:label1\" content=\"Dur\u00e9e de lecture estim\u00e9e\" \/>\n\t<meta name=\"twitter:data1\" content=\"2 minutes\" \/>\n<!-- \/ Yoast SEO plugin. -->","yoast_head_json":{"title":"Nos exp\u00e9riences uniques les plus marquantes | Mar-Bella Collection","description":"La MarBella Collection cherche \u00e0 offrir \u00e0 ses h\u00f4tes des exp\u00e9riences uniques qui d\u00e9voilent toute la magie de l'\u00eele de Corfou et de Parga, pour des aventures marines enivrantes.","robots":{"index":"index","follow":"follow","max-snippet":"max-snippet:-1","max-image-preview":"max-image-preview:large","max-video-preview":"max-video-preview:-1"},"canonical":"https:\/\/www.marbella.gr\/fr\/exclusive-services\/unique-experiences\/","og_locale":"fr_FR","og_type":"article","og_title":"Our Top featuring Unique Experiences | Mar-Bella Collection","og_description":"MarBella Collection seeks to offer its guests unique experiences that unlock the full magic of Corfu island and Parga, for blissful seascape adventures","og_url":"https:\/\/www.marbella.gr\/fr\/exclusive-services\/unique-experiences\/","og_site_name":"Mar-Bella Collection","article_modified_time":"2025-03-04T09:50:59+00:00","og_image":[{"width":1300,"height":700,"url":"https:\/\/www.marbella.gr\/app\/uploads\/2023\/05\/nisi-gtx-55-16-1300x700-1.jpg","type":"image\/jpeg"}],"twitter_card":"summary_large_image","twitter_misc":{"Dur\u00e9e de lecture estim\u00e9e":"2 minutes"},"schema":{"@context":"https:\/\/schema.org","@graph":[{"@type":"WebPage","@id":"https:\/\/www.marbella.gr\/exclusive-services\/unique-experiences\/","url":"https:\/\/www.marbella.gr\/exclusive-services\/unique-experiences\/","name":"Nos exp\u00e9riences uniques les plus marquantes | Mar-Bella Collection","isPartOf":{"@id":"https:\/\/www.marbella.gr\/#website"},"primaryImageOfPage":{"@id":"https:\/\/www.marbella.gr\/exclusive-services\/unique-experiences\/#primaryimage"},"image":{"@id":"https:\/\/www.marbella.gr\/exclusive-services\/unique-experiences\/#primaryimage"},"thumbnailUrl":"https:\/\/www.marbella.gr\/app\/uploads\/2023\/05\/nisi-gtx-55-16-1300x700-1.jpg","datePublished":"2023-05-28T08:02:04+00:00","dateModified":"2025-03-04T09:50:59+00:00","description":"La MarBella Collection cherche \u00e0 offrir \u00e0 ses h\u00f4tes des exp\u00e9riences uniques qui d\u00e9voilent toute la magie de l'\u00eele de Corfou et de Parga, pour des aventures marines enivrantes.","breadcrumb":{"@id":"https:\/\/www.marbella.gr\/exclusive-services\/unique-experiences\/#breadcrumb"},"inLanguage":"fr-FR","potentialAction":[{"@type":"ReadAction","target":["https:\/\/www.marbella.gr\/exclusive-services\/unique-experiences\/"]}]},{"@type":"ImageObject","inLanguage":"fr-FR","@id":"https:\/\/www.marbella.gr\/exclusive-services\/unique-experiences\/#primaryimage","url":"https:\/\/www.marbella.gr\/app\/uploads\/2023\/05\/nisi-gtx-55-16-1300x700-1.jpg","contentUrl":"https:\/\/www.marbella.gr\/app\/uploads\/2023\/05\/nisi-gtx-55-16-1300x700-1.jpg","width":1300,"height":700,"caption":"Discover Mar-Bella Collection - 5 star hotels in Corfu, Parga Greece"},{"@type":"BreadcrumbList","@id":"https:\/\/www.marbella.gr\/exclusive-services\/unique-experiences\/#breadcrumb","itemListElement":[{"@type":"ListItem","position":1,"name":"Home","item":"https:\/\/www.marbella.gr\/"},{"@type":"ListItem","position":2,"name":"Exclusive services","item":"https:\/\/www.marbella.gr\/exclusive-services\/"},{"@type":"ListItem","position":3,"name":"Unique Experiences"}]},{"@type":"WebSite","@id":"https:\/\/www.marbella.gr\/#website","url":"https:\/\/www.marbella.gr\/","name":"MarBella","description":"Une famille d'h\u00f4tels vous reliant \u00e0 la magnifique mer Ionienne","publisher":{"@id":"https:\/\/www.marbella.gr\/#organization"},"alternateName":"MarBella","potentialAction":[{"@type":"SearchAction","target":{"@type":"EntryPoint","urlTemplate":"https:\/\/www.marbella.gr\/?s={search_term_string}"},"query-input":{"@type":"PropertyValueSpecification","valueRequired":true,"valueName":"search_term_string"}}],"inLanguage":"fr-FR"},{"@type":"Organization","@id":"https:\/\/www.marbella.gr\/#organization","name":"MarBella","url":"https:\/\/www.marbella.gr\/","logo":{"@type":"ImageObject","inLanguage":"fr-FR","@id":"https:\/\/www.marbella.gr\/#\/schema\/logo\/image\/","url":"https:\/\/www.marbella.gr\/app\/uploads\/2023\/06\/Marbella-collection.png","contentUrl":"https:\/\/www.marbella.gr\/app\/uploads\/2023\/06\/Marbella-collection.png","width":230,"height":75,"caption":"MarBella"},"image":{"@id":"https:\/\/www.marbella.gr\/#\/schema\/logo\/image\/"}}]}},"_links":{"self":[{"href":"https:\/\/www.marbella.gr\/fr\/wp-json\/wp\/v2\/pages\/2420","targetHints":{"allow":["GET"]}}],"collection":[{"href":"https:\/\/www.marbella.gr\/fr\/wp-json\/wp\/v2\/pages"}],"about":[{"href":"https:\/\/www.marbella.gr\/fr\/wp-json\/wp\/v2\/types\/page"}],"author":[{"embeddable":true,"href":"https:\/\/www.marbella.gr\/fr\/wp-json\/wp\/v2\/users\/11"}],"replies":[{"embeddable":true,"href":"https:\/\/www.marbella.gr\/fr\/wp-json\/wp\/v2\/comments?post=2420"}],"version-history":[{"count":21,"href":"https:\/\/www.marbella.gr\/fr\/wp-json\/wp\/v2\/pages\/2420\/revisions"}],"predecessor-version":[{"id":9832,"href":"https:\/\/www.marbella.gr\/fr\/wp-json\/wp\/v2\/pages\/2420\/revisions\/9832"}],"up":[{"embeddable":true,"href":"https:\/\/www.marbella.gr\/fr\/wp-json\/wp\/v2\/pages\/2051"}],"wp:featuredmedia":[{"embeddable":true,"href":"https:\/\/www.marbella.gr\/fr\/wp-json\/wp\/v2\/media\/2773"}],"wp:attachment":[{"href":"https:\/\/www.marbella.gr\/fr\/wp-json\/wp\/v2\/media?parent=2420"}],"curies":[{"name":"wp","href":"https:\/\/api.w.org\/{rel}","templated":true}]}}