{"id":2423,"date":"2023-05-28T08:02:17","date_gmt":"2023-05-28T08:02:17","guid":{"rendered":"https:\/\/www.marbella.gr\/the-destinations\/exclusive-services-copy-copy-copy-copy\/"},"modified":"2025-01-27T14:20:07","modified_gmt":"2025-01-27T14:20:07","slug":"private-excursions","status":"publish","type":"page","link":"https:\/\/www.marbella.gr\/fr\/exclusive-services\/private-excursions\/","title":{"rendered":"Excursions priv\u00e9es"},"content":{"rendered":"<h3 style=\"text-align: left;\">De MarBella et Nido<\/h3>\n<p style=\"text-align: left;\"><strong>Explorez l'\u00eele de Corfou gr\u00e2ce \u00e0 nos excursions priv\u00e9es.<\/strong><\/p>\n<p style=\"text-align: left;\">Commencez par un trajet pittoresque jusqu'\u00e0 la magnifique baie de Paleokastritsa - la Capri de la Gr\u00e8ce - pour visiter le monast\u00e8re byzantin de la Vierge et son petit mus\u00e9e, qui abrite une collection unique d'ic\u00f4nes byzantines. Revitalisez-vous avec une baignade rapide dans les eaux bleues cristallines avant de continuer vers le village pittoresque de Lakones situ\u00e9 sur les pentes des montagnes, offrant des vues panoramiques sur la baie.<\/p>\n<p style=\"text-align: left;\">Il est temps d'explorer les charmes byzantins de la vieille ville de Perithia, construite au XIVe si\u00e8cle, \u00e0 400 m\u00e8tres d'altitude sur les flancs nord du mont Pantokrator. Le voyage vous emm\u00e8ne le long de la route c\u00f4ti\u00e8re du nord-est, avec la c\u00f4te albanaise en face \u00e0 seulement 2 miles nautiques - en passant par les beaux villages et les stations baln\u00e9aires avant d'arriver \u00e0 temps pour le d\u00eener.<\/p>\n<p style=\"text-align: left;\"><strong>Sites et monuments historiques de Corfou<\/strong><\/p>\n<p style=\"text-align: left;\">Longez le littoral pour vous rendre au mus\u00e9e arch\u00e9ologique de Corfou, install\u00e9 depuis 1967 dans un b\u00e2timent moderne de deux \u00e9tages, dans le beau quartier de Garitsa. Il abrite des antiquit\u00e9s provenant de l'ancienne ville de Corfou et du reste de l'\u00eele.<\/p>\n<p style=\"text-align: left;\">Ensuite, direction le vieux quartier de la ville de Corfou, en commen\u00e7ant par l'ancienne forteresse v\u00e9nitienne, class\u00e9e au patrimoine mondial de l'UNESCO, avant d'explorer le labyrinthe de ruelles \u00e9troites et pav\u00e9es connues sous le nom de Kandounia et certains des quartiers les plus charmants de cette ville construite \u00e0 l'\u00e9poque v\u00e9nitienne.<\/p>\n<p style=\"text-align: left;\">Profitez des anciens terrains de cricket laiss\u00e9s par les Britanniques, de l'imposant palais royal de Saint-Georges et Saint-Michel et de la place Liston - avant de vous rendre au c\u0153ur de la vieille ville pour voir l'\u00e9glise de Saint-Spiridon, vieille de 300 ans, l'ancien march\u00e9 aux puces, l'ancien h\u00f4tel de ville et le quartier commer\u00e7ant tr\u00e8s anim\u00e9.<\/p>\n<p style=\"text-align: left;\">Avant de rentrer, visitez Kanoni pour profiter de la vue magnifique sur le couvent de Vlacherna et l'\u00eele pittoresque de Mouse pour vivre l'\u00e9motion du d\u00e9collage et de l'atterrissage des avions \u00e0 proximit\u00e9 de l'a\u00e9roport.<\/p>\n<p style=\"text-align: left;\"><strong>Les points forts de Corfou<\/strong><\/p>\n<p style=\"text-align: left;\">Situ\u00e9e \u00e0 environ 3 km de la ville de Corfou, Kanoni \u00e9tait autrefois la capitale et le c\u0153ur de Corfou, riche en nature, en histoire et en culture. Le nom Kanoni (canon) est d\u00e9riv\u00e9 des canons qui prot\u00e9geaient la ville \u00e0 l'entr\u00e9e de la lagune. Aujourd'hui, Kanoni est un quartier de la ville de Corfou qui offre des vues incroyables sur deux des sites les plus populaires de Corfou : l'\u00e9glise blanchie \u00e0 la chaux de Vlacherna et l'embl\u00e8me de Corfou, l'\u00eele de la souris !<\/p>\n<p style=\"text-align: left;\">Reli\u00e9e \u00e0 Kanoni par une chauss\u00e9e, se trouve la belle \u00e9glise de Vlacherna, datant du XVIIe si\u00e8cle, qui n'est ouverte aux visiteurs qu'une fois par an, le 6 ao\u00fbt, \u00e0 l'occasion d'une c\u00e9l\u00e9bration religieuse. De cette chauss\u00e9e, de petits bateaux partent r\u00e9guli\u00e8rement pour l'\u00eele de la Souris. L'\u00eele de la Souris est une \u00eele minuscule, avec de belles touffes d'arbres verts, qui abrite la petite \u00e9glise de Pantokrator, datant du 13e si\u00e8cle. La l\u00e9gende raconte que cette petite \u00eele s'est form\u00e9e lorsque le navire qui ramenait Ulysse \u00e0 Ithaque, son port d'attache, a \u00e9t\u00e9 transform\u00e9 en pierre par Pos\u00e9idon, le dieu de la mer, furieux d'avoir \u00e9t\u00e9 d\u00e9fi\u00e9 par les Ph\u00e9aciens.<\/p>\n<p style=\"text-align: left;\"><strong>Club de golf de Corfou<\/strong><\/p>\n<p style=\"text-align: left;\">Souvent d\u00e9crit comme une oasis naturelle au milieu de Corfou, le Corfu Golf Club est un \u00e9cosyst\u00e8me en soi auquel on peut acc\u00e9der facilement depuis diff\u00e9rentes parties de l'\u00eele. Con\u00e7u en 1969 par le c\u00e9l\u00e8bre architecte de golf Donald Harradine, qui a su allier les ressources naturelles de la vall\u00e9e de Ropa aux obstacles d'eau cr\u00e9\u00e9s par l'homme. Le parcours de 18 trous, agr\u00e9able pour toutes les cat\u00e9gories de golfeurs, comprend la rivi\u00e8re o\u00f9, selon le mythe, Ulysse a \u00e9t\u00e9 sauv\u00e9 par la princesse Nafsika \u00e0 sa sortie sur la plage d'Ermones, qui se trouve \u00e0 moins d'un kilom\u00e8tre de l\u00e0. Les greens larges et int\u00e9ressants, les all\u00e9es bord\u00e9es d'arbres et les bunkers, combin\u00e9s aux lacs, cr\u00e9ent un parcours de golf unique pour le joueur professionnel ou amateur, sur fond de collines et de montagnes.<\/p>\n<p style=\"text-align: left;\"><strong>Oliveraie priv\u00e9e<\/strong><\/p>\n<p style=\"text-align: left;\">Si vous souhaitez vous faire plaisir pendant vos vacances \u00e0 Corfou, nous vous proposons une d\u00e9gustation priv\u00e9e d'huile d'olive suivie d'un d\u00e9licieux repas (moyennant un suppl\u00e9ment). Go\u00fbtez et apprenez tout sur l'huile d'olive et devenez vous-m\u00eame un expert en huile d'olive.<\/p>\n<p style=\"text-align: left;\"><b>Safari<\/b><\/p>\n<p style=\"text-align: left;\">Explorez la partie nord-ouest de Corfou avec des vues panoramiques lors d'une excursion safari haut de gamme pour un maximum de 6 personnes par v\u00e9hicule ! D\u00e9couvrez et appr\u00e9ciez les endroits les plus charmants de Corfou vus d'en haut et apprenez tout sur l'histoire et le mode de vie locaux. Cette excursion est id\u00e9ale pour tous ceux qui recherchent une exp\u00e9rience hors du commun.<\/p>","protected":false},"excerpt":{"rendered":"<p>From MarBella &amp; Nido Explore Corfu island with our private excursions. Begin with a scenic drive to the beautiful bay of Paleokastritsa \u2013 the Capri of Greece \u2013 to visit the Byzantine Monastery of the Virgin and its small museum, housing a unique collection of Byzantine icons. Revitalize with a quick swim in the crystal [&#8230;]<\/p>\n<p><a class=\"btn btn-secondary understrap-read-more-link\" href=\"https:\/\/www.marbella.gr\/fr\/exclusive-services\/private-excursions\/\">Read More&#8230;<span class=\"screen-reader-text\"> from Private excursions<\/span><\/a><\/p>\n","protected":false},"author":11,"featured_media":2776,"parent":2051,"menu_order":0,"comment_status":"closed","ping_status":"closed","template":"","meta":{"_acf_changed":false,"footnotes":""},"class_list":["post-2423","page","type-page","status-publish","has-post-thumbnail","hentry"],"acf":[],"yoast_head":"<!-- This site is optimized with the Yoast SEO plugin v27.5 - https:\/\/yoast.com\/product\/yoast-seo-wordpress\/ -->\n<title>Discover Our Top Private Excursions in Corfu | Mar-Bella Collection<\/title>\n<meta name=\"description\" content=\"Mar-Bella Collection provides guests with a variety of private excursions on Corfu Island, featuring top landmarks, thrilling adventures, and indulgent experiences.\" \/>\n<meta name=\"robots\" content=\"index, follow, max-snippet:-1, max-image-preview:large, max-video-preview:-1\" \/>\n<link rel=\"canonical\" href=\"https:\/\/www.marbella.gr\/fr\/exclusive-services\/private-excursions\/\" \/>\n<meta property=\"og:locale\" content=\"fr_FR\" \/>\n<meta property=\"og:type\" content=\"article\" \/>\n<meta property=\"og:title\" content=\"Discover Our Top Private Excursions in Corfu | Mar-Bella Collection\" \/>\n<meta property=\"og:description\" content=\"Mar-Bella Collection provides guests with a variety of private excursions on Corfu Island, featuring top landmarks, thrilling adventures, and indulgent experiences.\" \/>\n<meta property=\"og:url\" content=\"https:\/\/www.marbella.gr\/fr\/exclusive-services\/private-excursions\/\" \/>\n<meta property=\"og:site_name\" content=\"Mar-Bella Collection\" \/>\n<meta property=\"article:modified_time\" content=\"2025-01-27T14:20:07+00:00\" \/>\n<meta property=\"og:image\" content=\"https:\/\/www.marbella.gr\/app\/uploads\/2023\/05\/shutterstock_1321808537.png\" \/>\n\t<meta property=\"og:image:width\" content=\"800\" \/>\n\t<meta property=\"og:image:height\" content=\"600\" \/>\n\t<meta property=\"og:image:type\" content=\"image\/png\" \/>\n<meta name=\"twitter:card\" content=\"summary_large_image\" \/>\n<meta name=\"twitter:label1\" content=\"Dur\u00e9e de lecture estim\u00e9e\" \/>\n\t<meta name=\"twitter:data1\" content=\"4 minutes\" \/>\n<!-- \/ Yoast SEO plugin. -->","yoast_head_json":{"title":"D\u00e9couvrez nos meilleures excursions priv\u00e9es \u00e0 Corfou | Mar-Bella Collection","description":"La Mar-Bella Collection propose \u00e0 ses clients une vari\u00e9t\u00e9 d'excursions priv\u00e9es sur l'\u00eele de Corfou, avec des points d'int\u00e9r\u00eat majeurs, des aventures palpitantes et des exp\u00e9riences indulgentes.","robots":{"index":"index","follow":"follow","max-snippet":"max-snippet:-1","max-image-preview":"max-image-preview:large","max-video-preview":"max-video-preview:-1"},"canonical":"https:\/\/www.marbella.gr\/fr\/exclusive-services\/private-excursions\/","og_locale":"fr_FR","og_type":"article","og_title":"Discover Our Top Private Excursions in Corfu | Mar-Bella Collection","og_description":"Mar-Bella Collection provides guests with a variety of private excursions on Corfu Island, featuring top landmarks, thrilling adventures, and indulgent experiences.","og_url":"https:\/\/www.marbella.gr\/fr\/exclusive-services\/private-excursions\/","og_site_name":"Mar-Bella Collection","article_modified_time":"2025-01-27T14:20:07+00:00","og_image":[{"width":800,"height":600,"url":"https:\/\/www.marbella.gr\/app\/uploads\/2023\/05\/shutterstock_1321808537.png","type":"image\/png"}],"twitter_card":"summary_large_image","twitter_misc":{"Dur\u00e9e de lecture estim\u00e9e":"4 minutes"},"schema":{"@context":"https:\/\/schema.org","@graph":[{"@type":"WebPage","@id":"https:\/\/www.marbella.gr\/exclusive-services\/private-excursions\/","url":"https:\/\/www.marbella.gr\/exclusive-services\/private-excursions\/","name":"D\u00e9couvrez nos meilleures excursions priv\u00e9es \u00e0 Corfou | Mar-Bella Collection","isPartOf":{"@id":"https:\/\/www.marbella.gr\/#website"},"primaryImageOfPage":{"@id":"https:\/\/www.marbella.gr\/exclusive-services\/private-excursions\/#primaryimage"},"image":{"@id":"https:\/\/www.marbella.gr\/exclusive-services\/private-excursions\/#primaryimage"},"thumbnailUrl":"https:\/\/www.marbella.gr\/app\/uploads\/2023\/05\/shutterstock_1321808537.png","datePublished":"2023-05-28T08:02:17+00:00","dateModified":"2025-01-27T14:20:07+00:00","description":"La Mar-Bella Collection propose \u00e0 ses clients une vari\u00e9t\u00e9 d'excursions priv\u00e9es sur l'\u00eele de Corfou, avec des points d'int\u00e9r\u00eat majeurs, des aventures palpitantes et des exp\u00e9riences indulgentes.","breadcrumb":{"@id":"https:\/\/www.marbella.gr\/exclusive-services\/private-excursions\/#breadcrumb"},"inLanguage":"fr-FR","potentialAction":[{"@type":"ReadAction","target":["https:\/\/www.marbella.gr\/exclusive-services\/private-excursions\/"]}]},{"@type":"ImageObject","inLanguage":"fr-FR","@id":"https:\/\/www.marbella.gr\/exclusive-services\/private-excursions\/#primaryimage","url":"https:\/\/www.marbella.gr\/app\/uploads\/2023\/05\/shutterstock_1321808537.png","contentUrl":"https:\/\/www.marbella.gr\/app\/uploads\/2023\/05\/shutterstock_1321808537.png","width":800,"height":600,"caption":"Discover Mar-Bella Collection - 5 star hotels in Corfu, Parga Greece"},{"@type":"BreadcrumbList","@id":"https:\/\/www.marbella.gr\/exclusive-services\/private-excursions\/#breadcrumb","itemListElement":[{"@type":"ListItem","position":1,"name":"Home","item":"https:\/\/www.marbella.gr\/"},{"@type":"ListItem","position":2,"name":"Exclusive services","item":"https:\/\/www.marbella.gr\/exclusive-services\/"},{"@type":"ListItem","position":3,"name":"Private excursions"}]},{"@type":"WebSite","@id":"https:\/\/www.marbella.gr\/#website","url":"https:\/\/www.marbella.gr\/","name":"MarBella","description":"Une famille d'h\u00f4tels vous reliant \u00e0 la magnifique mer Ionienne","publisher":{"@id":"https:\/\/www.marbella.gr\/#organization"},"alternateName":"MarBella","potentialAction":[{"@type":"SearchAction","target":{"@type":"EntryPoint","urlTemplate":"https:\/\/www.marbella.gr\/?s={search_term_string}"},"query-input":{"@type":"PropertyValueSpecification","valueRequired":true,"valueName":"search_term_string"}}],"inLanguage":"fr-FR"},{"@type":"Organization","@id":"https:\/\/www.marbella.gr\/#organization","name":"MarBella","url":"https:\/\/www.marbella.gr\/","logo":{"@type":"ImageObject","inLanguage":"fr-FR","@id":"https:\/\/www.marbella.gr\/#\/schema\/logo\/image\/","url":"https:\/\/www.marbella.gr\/app\/uploads\/2023\/06\/Marbella-collection.png","contentUrl":"https:\/\/www.marbella.gr\/app\/uploads\/2023\/06\/Marbella-collection.png","width":230,"height":75,"caption":"MarBella"},"image":{"@id":"https:\/\/www.marbella.gr\/#\/schema\/logo\/image\/"}}]}},"_links":{"self":[{"href":"https:\/\/www.marbella.gr\/fr\/wp-json\/wp\/v2\/pages\/2423","targetHints":{"allow":["GET"]}}],"collection":[{"href":"https:\/\/www.marbella.gr\/fr\/wp-json\/wp\/v2\/pages"}],"about":[{"href":"https:\/\/www.marbella.gr\/fr\/wp-json\/wp\/v2\/types\/page"}],"author":[{"embeddable":true,"href":"https:\/\/www.marbella.gr\/fr\/wp-json\/wp\/v2\/users\/11"}],"replies":[{"embeddable":true,"href":"https:\/\/www.marbella.gr\/fr\/wp-json\/wp\/v2\/comments?post=2423"}],"version-history":[{"count":27,"href":"https:\/\/www.marbella.gr\/fr\/wp-json\/wp\/v2\/pages\/2423\/revisions"}],"predecessor-version":[{"id":9301,"href":"https:\/\/www.marbella.gr\/fr\/wp-json\/wp\/v2\/pages\/2423\/revisions\/9301"}],"up":[{"embeddable":true,"href":"https:\/\/www.marbella.gr\/fr\/wp-json\/wp\/v2\/pages\/2051"}],"wp:featuredmedia":[{"embeddable":true,"href":"https:\/\/www.marbella.gr\/fr\/wp-json\/wp\/v2\/media\/2776"}],"wp:attachment":[{"href":"https:\/\/www.marbella.gr\/fr\/wp-json\/wp\/v2\/media?parent=2423"}],"curies":[{"name":"wp","href":"https:\/\/api.w.org\/{rel}","templated":true}]}}